{"id":9851,"date":"2025-05-16T04:28:42","date_gmt":"2025-05-16T04:28:42","guid":{"rendered":"https:\/\/harmoniaelements.com\/product\/auringonkukat-pyyhe\/"},"modified":"2025-05-16T04:59:19","modified_gmt":"2025-05-16T04:59:19","slug":"auringonkukat-pyyhe","status":"publish","type":"product","link":"https:\/\/harmoniaelements.com\/en\/product\/auringonkukat-pyyhe\/","title":{"rendered":"Auringonkukat pyyhe"},"content":{"rendered":"<p>Kukkakuosinen pyyhe<br \/>\nKoko:<\/p>\n<p>76 \u00d7 152 cm<\/p>\n<p>Tuo raikkautta ja v\u00e4ri\u00e4 kylpyhuoneeseen kukkakuosisella Auringonkukat pyyhkeell\u00e4, joka yhdist\u00e4\u00e4 kauniit kukkakuosit ja k\u00e4yt\u00e4nn\u00f6llisyyden. T\u00e4m\u00e4 pyyhe on valmistettu 50 % puuvillasta ja 50 % polyesterist\u00e4, mik\u00e4 takaa pehme\u00e4n ja kest\u00e4v\u00e4n k\u00e4yt\u00f6n. Kukkakuosi on painettu yhdelle puolelle, ja toinen puoli on valmistettu terrykankaasta, joka lis\u00e4\u00e4 pyyhkeen vedenimukyky\u00e4 ja tekee siit\u00e4 erinomaisen valinnan p\u00e4ivitt\u00e4iseen k\u00e4ytt\u00f6\u00f6n. Pyyhe on t\u00e4ydellinen valinta, joka lis\u00e4\u00e4 v\u00e4ri\u00e4 ja tyyli\u00e4 kylpyhuoneeseen tai kylpyl\u00e4hetkiin.<\/p>\n<p>Lue lis\u00e4\u00e4 kukkien k\u00e4yt\u00f6st\u00e4 sisustamisessa: <a href=\"https:\/\/harmoniaelements.com\/en\/kukat-feng-shuissa\/\">Kukat Feng shuissa<\/a><\/p>\n<p>Ominaisuudet:<\/p>\n<p>Kangas: 50 % puuvillaa, 50 % polyesteri\u00e4<\/p>\n<p>Kankaan paino: 11.8 oz.\/yd\u00b2 (400 g\/m\u00b2)<\/p>\n<p>Koko: 76 \u00d7 152 \u00d7 0.7 cm<\/p>\n<p>Painatus: Painettu yhdelle puolelle<\/p>\n<p>Toinen puoli: Terry-pintaa (terrykangas), joka parantaa pyyhkeen vedenimukyky\u00e4<\/p>\n<p>Alkuper\u00e4: Tyhj\u00e4 tuote on per\u00e4isin Kiinasta<\/p>","protected":false},"excerpt":{"rendered":"<p><strong data-start=\"936\" data-end=\"959\">Kukkakuosinen pyyhe<\/strong> tuo v\u00e4ri\u00e4 ja iloa kylpyhuoneeseen. T\u00e4m\u00e4 kaunis ja k\u00e4yt\u00e4nn\u00f6llinen pyyhe on t\u00e4ydellinen arkeen tai hemmotteluhetkiin.<\/p>","protected":false},"featured_media":9852,"template":"","meta":{"_monsterinsights_skip_tracking":false,"_monsterinsights_sitenote_active":false,"_monsterinsights_sitenote_note":"","_monsterinsights_sitenote_category":0,"_uf_show_specific_survey":0,"_uf_disable_surveys":false,"neve_meta_sidebar":"","neve_meta_container":"","neve_meta_enable_content_width":"off","neve_meta_content_width":100,"neve_meta_title_alignment":"","neve_meta_author_avatar":"","neve_post_elements_order":"","neve_meta_disable_header":"","neve_meta_disable_footer":"","neve_meta_disable_title":"","_themeisle_gutenberg_block_has_review":false},"product_brand":[],"product_cat":[217,226],"product_tag":[230,231,229,228,121,131],"class_list":{"0":"post-9851","1":"product","2":"type-product","3":"status-publish","4":"has-post-thumbnail","6":"product_cat-kukat","7":"product_cat-kukkakuosi-pyyhkeet","8":"product_tag-auringonkukka","9":"product_tag-keltainen","10":"product_tag-kukat","11":"product_tag-kukka","12":"product_tag-puuelementti","13":"product_tag-tulielementti","15":"first","16":"instock","17":"taxable","18":"shipping-taxable","19":"purchasable","20":"product-type-simple"},"yoast_head":"<!-- This site is optimized with the Yoast SEO plugin v27.4 - https:\/\/yoast.com\/product\/yoast-seo-wordpress\/ -->\n<title>Auringonkukat pyyhe | Pehme\u00e4 kylpypyyhe | Harmonia Elements<\/title>\n<meta name=\"description\" content=\"Kukkakuosinen Auringonkukat pyyhe tuo v\u00e4ri\u00e4 ja raikkautta kylpyhuoneeseen. Pehme\u00e4, imukykyinen ja k\u00e4yt\u00e4nn\u00f6llinen valinta arkeen tai lahjaksi.\" \/>\n<meta name=\"robots\" content=\"index, follow, max-snippet:-1, max-image-preview:large, max-video-preview:-1\" \/>\n<link rel=\"canonical\" href=\"https:\/\/harmoniaelements.com\/en\/product\/auringonkukat-pyyhe\/\" \/>\n<meta property=\"og:locale\" content=\"en_GB\" \/>\n<meta property=\"og:type\" content=\"article\" \/>\n<meta property=\"og:title\" content=\"Auringonkukat pyyhe | Pehme\u00e4 kylpypyyhe | Harmonia Elements\" \/>\n<meta property=\"og:description\" content=\"Kukkakuosinen Auringonkukat pyyhe tuo v\u00e4ri\u00e4 ja raikkautta kylpyhuoneeseen. Pehme\u00e4, imukykyinen ja k\u00e4yt\u00e4nn\u00f6llinen valinta arkeen tai lahjaksi.\" \/>\n<meta property=\"og:url\" content=\"https:\/\/harmoniaelements.com\/en\/product\/auringonkukat-pyyhe\/\" \/>\n<meta property=\"og:site_name\" content=\"Harmonia Elements\" \/>\n<meta property=\"article:modified_time\" content=\"2025-05-16T04:59:19+00:00\" \/>\n<meta property=\"og:image\" content=\"https:\/\/harmoniaelements.com\/wp-content\/uploads\/2025\/05\/sublimated-towel-white-30x60-flat-6826bef55485d.jpg\" \/>\n\t<meta property=\"og:image:width\" content=\"1000\" \/>\n\t<meta property=\"og:image:height\" content=\"1000\" \/>\n\t<meta property=\"og:image:type\" content=\"image\/jpeg\" \/>\n<meta name=\"twitter:card\" content=\"summary_large_image\" \/>\n<meta name=\"twitter:label1\" content=\"Estimated reading time\" \/>\n\t<meta name=\"twitter:data1\" content=\"1 minute\" \/>\n<script type=\"application\/ld+json\" class=\"yoast-schema-graph\">{\"@context\":\"https:\\\/\\\/schema.org\",\"@graph\":[{\"@type\":\"WebPage\",\"@id\":\"https:\\\/\\\/harmoniaelements.com\\\/product\\\/auringonkukat-pyyhe\\\/\",\"url\":\"https:\\\/\\\/harmoniaelements.com\\\/product\\\/auringonkukat-pyyhe\\\/\",\"name\":\"Auringonkukat pyyhe | Pehme\u00e4 kylpypyyhe | Harmonia Elements\",\"isPartOf\":{\"@id\":\"https:\\\/\\\/harmoniaelements.com\\\/#website\"},\"primaryImageOfPage\":{\"@id\":\"https:\\\/\\\/harmoniaelements.com\\\/product\\\/auringonkukat-pyyhe\\\/#primaryimage\"},\"image\":{\"@id\":\"https:\\\/\\\/harmoniaelements.com\\\/product\\\/auringonkukat-pyyhe\\\/#primaryimage\"},\"thumbnailUrl\":\"https:\\\/\\\/harmoniaelements.com\\\/wp-content\\\/uploads\\\/2025\\\/05\\\/sublimated-towel-white-30x60-flat-6826bef55485d.jpg\",\"datePublished\":\"2025-05-16T04:28:42+00:00\",\"dateModified\":\"2025-05-16T04:59:19+00:00\",\"description\":\"Kukkakuosinen Auringonkukat pyyhe tuo v\u00e4ri\u00e4 ja raikkautta kylpyhuoneeseen. Pehme\u00e4, imukykyinen ja k\u00e4yt\u00e4nn\u00f6llinen valinta arkeen tai lahjaksi.\",\"breadcrumb\":{\"@id\":\"https:\\\/\\\/harmoniaelements.com\\\/product\\\/auringonkukat-pyyhe\\\/#breadcrumb\"},\"inLanguage\":\"en-GB\",\"potentialAction\":[{\"@type\":\"ReadAction\",\"target\":[\"https:\\\/\\\/harmoniaelements.com\\\/product\\\/auringonkukat-pyyhe\\\/\"]}]},{\"@type\":\"ImageObject\",\"inLanguage\":\"en-GB\",\"@id\":\"https:\\\/\\\/harmoniaelements.com\\\/product\\\/auringonkukat-pyyhe\\\/#primaryimage\",\"url\":\"https:\\\/\\\/harmoniaelements.com\\\/wp-content\\\/uploads\\\/2025\\\/05\\\/sublimated-towel-white-30x60-flat-6826bef55485d.jpg\",\"contentUrl\":\"https:\\\/\\\/harmoniaelements.com\\\/wp-content\\\/uploads\\\/2025\\\/05\\\/sublimated-towel-white-30x60-flat-6826bef55485d.jpg\",\"width\":1000,\"height\":1000},{\"@type\":\"BreadcrumbList\",\"@id\":\"https:\\\/\\\/harmoniaelements.com\\\/product\\\/auringonkukat-pyyhe\\\/#breadcrumb\",\"itemListElement\":[{\"@type\":\"ListItem\",\"position\":1,\"name\":\"Etusivu\",\"item\":\"https:\\\/\\\/harmoniaelements.com\\\/\"},{\"@type\":\"ListItem\",\"position\":2,\"name\":\"Kauppa\",\"item\":\"https:\\\/\\\/harmoniaelements.com\\\/kauppa\\\/\"},{\"@type\":\"ListItem\",\"position\":3,\"name\":\"Auringonkukat pyyhe\"}]},{\"@type\":\"WebSite\",\"@id\":\"https:\\\/\\\/harmoniaelements.com\\\/#website\",\"url\":\"https:\\\/\\\/harmoniaelements.com\\\/\",\"name\":\"Harmonia Elements\",\"description\":\"Feng Shui kohtaa suomalaisen sisustuksen\",\"publisher\":{\"@id\":\"https:\\\/\\\/harmoniaelements.com\\\/#organization\"},\"potentialAction\":[{\"@type\":\"SearchAction\",\"target\":{\"@type\":\"EntryPoint\",\"urlTemplate\":\"https:\\\/\\\/harmoniaelements.com\\\/?s={search_term_string}\"},\"query-input\":{\"@type\":\"PropertyValueSpecification\",\"valueRequired\":true,\"valueName\":\"search_term_string\"}}],\"inLanguage\":\"en-GB\"},{\"@type\":\"Organization\",\"@id\":\"https:\\\/\\\/harmoniaelements.com\\\/#organization\",\"name\":\"Harmonia Elements\",\"url\":\"https:\\\/\\\/harmoniaelements.com\\\/\",\"logo\":{\"@type\":\"ImageObject\",\"inLanguage\":\"en-GB\",\"@id\":\"https:\\\/\\\/harmoniaelements.com\\\/#\\\/schema\\\/logo\\\/image\\\/\",\"url\":\"https:\\\/\\\/harmoniaelements.com\\\/wp-content\\\/uploads\\\/2025\\\/01\\\/2.png\",\"contentUrl\":\"https:\\\/\\\/harmoniaelements.com\\\/wp-content\\\/uploads\\\/2025\\\/01\\\/2.png\",\"width\":500,\"height\":500,\"caption\":\"Harmonia Elements\"},\"image\":{\"@id\":\"https:\\\/\\\/harmoniaelements.com\\\/#\\\/schema\\\/logo\\\/image\\\/\"}}]}<\/script>\n<!-- \/ Yoast SEO plugin. -->","yoast_head_json":{"title":"Auringonkukat pyyhe | Pehme\u00e4 kylpypyyhe | Harmonia Elements","description":"Kukkakuosinen Auringonkukat pyyhe tuo v\u00e4ri\u00e4 ja raikkautta kylpyhuoneeseen. Pehme\u00e4, imukykyinen ja k\u00e4yt\u00e4nn\u00f6llinen valinta arkeen tai lahjaksi.","robots":{"index":"index","follow":"follow","max-snippet":"max-snippet:-1","max-image-preview":"max-image-preview:large","max-video-preview":"max-video-preview:-1"},"canonical":"https:\/\/harmoniaelements.com\/en\/product\/auringonkukat-pyyhe\/","og_locale":"en_GB","og_type":"article","og_title":"Auringonkukat pyyhe | Pehme\u00e4 kylpypyyhe | Harmonia Elements","og_description":"Kukkakuosinen Auringonkukat pyyhe tuo v\u00e4ri\u00e4 ja raikkautta kylpyhuoneeseen. Pehme\u00e4, imukykyinen ja k\u00e4yt\u00e4nn\u00f6llinen valinta arkeen tai lahjaksi.","og_url":"https:\/\/harmoniaelements.com\/en\/product\/auringonkukat-pyyhe\/","og_site_name":"Harmonia Elements","article_modified_time":"2025-05-16T04:59:19+00:00","og_image":[{"width":1000,"height":1000,"url":"https:\/\/harmoniaelements.com\/wp-content\/uploads\/2025\/05\/sublimated-towel-white-30x60-flat-6826bef55485d.jpg","type":"image\/jpeg"}],"twitter_card":"summary_large_image","twitter_misc":{"Estimated reading time":"1 minute"},"schema":{"@context":"https:\/\/schema.org","@graph":[{"@type":"WebPage","@id":"https:\/\/harmoniaelements.com\/product\/auringonkukat-pyyhe\/","url":"https:\/\/harmoniaelements.com\/product\/auringonkukat-pyyhe\/","name":"Auringonkukat pyyhe | Pehme\u00e4 kylpypyyhe | Harmonia Elements","isPartOf":{"@id":"https:\/\/harmoniaelements.com\/#website"},"primaryImageOfPage":{"@id":"https:\/\/harmoniaelements.com\/product\/auringonkukat-pyyhe\/#primaryimage"},"image":{"@id":"https:\/\/harmoniaelements.com\/product\/auringonkukat-pyyhe\/#primaryimage"},"thumbnailUrl":"https:\/\/harmoniaelements.com\/wp-content\/uploads\/2025\/05\/sublimated-towel-white-30x60-flat-6826bef55485d.jpg","datePublished":"2025-05-16T04:28:42+00:00","dateModified":"2025-05-16T04:59:19+00:00","description":"Kukkakuosinen Auringonkukat pyyhe tuo v\u00e4ri\u00e4 ja raikkautta kylpyhuoneeseen. Pehme\u00e4, imukykyinen ja k\u00e4yt\u00e4nn\u00f6llinen valinta arkeen tai lahjaksi.","breadcrumb":{"@id":"https:\/\/harmoniaelements.com\/product\/auringonkukat-pyyhe\/#breadcrumb"},"inLanguage":"en-GB","potentialAction":[{"@type":"ReadAction","target":["https:\/\/harmoniaelements.com\/product\/auringonkukat-pyyhe\/"]}]},{"@type":"ImageObject","inLanguage":"en-GB","@id":"https:\/\/harmoniaelements.com\/product\/auringonkukat-pyyhe\/#primaryimage","url":"https:\/\/harmoniaelements.com\/wp-content\/uploads\/2025\/05\/sublimated-towel-white-30x60-flat-6826bef55485d.jpg","contentUrl":"https:\/\/harmoniaelements.com\/wp-content\/uploads\/2025\/05\/sublimated-towel-white-30x60-flat-6826bef55485d.jpg","width":1000,"height":1000},{"@type":"BreadcrumbList","@id":"https:\/\/harmoniaelements.com\/product\/auringonkukat-pyyhe\/#breadcrumb","itemListElement":[{"@type":"ListItem","position":1,"name":"Etusivu","item":"https:\/\/harmoniaelements.com\/"},{"@type":"ListItem","position":2,"name":"Kauppa","item":"https:\/\/harmoniaelements.com\/kauppa\/"},{"@type":"ListItem","position":3,"name":"Auringonkukat pyyhe"}]},{"@type":"WebSite","@id":"https:\/\/harmoniaelements.com\/#website","url":"https:\/\/harmoniaelements.com\/","name":"Harmonia Elements","description":"Feng Shui kohtaa suomalaisen sisustuksen","publisher":{"@id":"https:\/\/harmoniaelements.com\/#organization"},"potentialAction":[{"@type":"SearchAction","target":{"@type":"EntryPoint","urlTemplate":"https:\/\/harmoniaelements.com\/?s={search_term_string}"},"query-input":{"@type":"PropertyValueSpecification","valueRequired":true,"valueName":"search_term_string"}}],"inLanguage":"en-GB"},{"@type":"Organization","@id":"https:\/\/harmoniaelements.com\/#organization","name":"Harmonia Elements","url":"https:\/\/harmoniaelements.com\/","logo":{"@type":"ImageObject","inLanguage":"en-GB","@id":"https:\/\/harmoniaelements.com\/#\/schema\/logo\/image\/","url":"https:\/\/harmoniaelements.com\/wp-content\/uploads\/2025\/01\/2.png","contentUrl":"https:\/\/harmoniaelements.com\/wp-content\/uploads\/2025\/01\/2.png","width":500,"height":500,"caption":"Harmonia Elements"},"image":{"@id":"https:\/\/harmoniaelements.com\/#\/schema\/logo\/image\/"}}]}},"jetpack_sharing_enabled":true,"_links":{"self":[{"href":"https:\/\/harmoniaelements.com\/en\/wp-json\/wp\/v2\/product\/9851","targetHints":{"allow":["GET"]}}],"collection":[{"href":"https:\/\/harmoniaelements.com\/en\/wp-json\/wp\/v2\/product"}],"about":[{"href":"https:\/\/harmoniaelements.com\/en\/wp-json\/wp\/v2\/types\/product"}],"wp:featuredmedia":[{"embeddable":true,"href":"https:\/\/harmoniaelements.com\/en\/wp-json\/wp\/v2\/media\/9852"}],"wp:attachment":[{"href":"https:\/\/harmoniaelements.com\/en\/wp-json\/wp\/v2\/media?parent=9851"}],"wp:term":[{"taxonomy":"product_brand","embeddable":true,"href":"https:\/\/harmoniaelements.com\/en\/wp-json\/wp\/v2\/product_brand?post=9851"},{"taxonomy":"product_cat","embeddable":true,"href":"https:\/\/harmoniaelements.com\/en\/wp-json\/wp\/v2\/product_cat?post=9851"},{"taxonomy":"product_tag","embeddable":true,"href":"https:\/\/harmoniaelements.com\/en\/wp-json\/wp\/v2\/product_tag?post=9851"}],"curies":[{"name":"wp","href":"https:\/\/api.w.org\/{rel}","templated":true}]}}