{"id":9849,"date":"2025-05-16T04:27:44","date_gmt":"2025-05-16T04:27:44","guid":{"rendered":"https:\/\/harmoniaelements.com\/product\/lotus-pyyhe\/"},"modified":"2025-05-16T04:27:55","modified_gmt":"2025-05-16T04:27:55","slug":"lotus-pyyhe","status":"publish","type":"product","link":"https:\/\/harmoniaelements.com\/en\/product\/lotus-pyyhe\/","title":{"rendered":"Lotus pyyhe"},"content":{"rendered":"<p>Kukkakuosinen pyyhe<br \/>\nKoko:<\/p>\n<p>76 \u00d7 152 cm<\/p>\n<p>Tuo raikkautta ja v\u00e4ri\u00e4 kylpyhuoneeseen kukkakuosisella pyyhkeell\u00e4, joka yhdist\u00e4\u00e4 kauniit kukkakuosit ja k\u00e4yt\u00e4nn\u00f6llisyyden. T\u00e4m\u00e4 pyyhe on valmistettu 50 % puuvillasta ja 50 % polyesterist\u00e4, mik\u00e4 takaa pehme\u00e4n ja kest\u00e4v\u00e4n k\u00e4yt\u00f6n. Kukkakuosi on painettu yhdelle puolelle, ja toinen puoli on valmistettu terrykankaasta, joka lis\u00e4\u00e4 pyyhkeen vedenimukyky\u00e4 ja tekee siit\u00e4 erinomaisen valinnan p\u00e4ivitt\u00e4iseen k\u00e4ytt\u00f6\u00f6n. Pyyhe on t\u00e4ydellinen valinta, joka lis\u00e4\u00e4 v\u00e4ri\u00e4 ja tyyli\u00e4 kylpyhuoneeseen tai kylpyl\u00e4hetkiin.<\/p>\n<p>Ominaisuudet:<\/p>\n<p>Kangas: 50 % puuvillaa, 50 % polyesteri\u00e4<\/p>\n<p>Kankaan paino: 11.8 oz.\/yd\u00b2 (400 g\/m\u00b2)<\/p>\n<p>Koko: 76 \u00d7 152 \u00d7 0.7 cm<\/p>\n<p>Painatus: Painettu yhdelle puolelle<\/p>\n<p>Toinen puoli: Terry-pintaa (terrykangas), joka parantaa pyyhkeen vedenimukyky\u00e4<\/p>\n<p>Alkuper\u00e4: Tyhj\u00e4 tuote on per\u00e4isin Kiinasta<\/p>","protected":false},"excerpt":{"rendered":"<p>Kukkakuosinen pyyhe Koko: 76 \u00d7 152 cm Tuo raikkautta ja v\u00e4ri\u00e4 kylpyhuoneeseen kukkakuosisella pyyhkeell\u00e4, joka yhdist\u00e4\u00e4 kauniit kukkakuosit ja k\u00e4yt\u00e4nn\u00f6llisyyden. T\u00e4m\u00e4 pyyhe on valmistettu 50 % puuvillasta ja 50 % polyesterist\u00e4, mik\u00e4 takaa pehme\u00e4n ja kest\u00e4v\u00e4n k\u00e4yt\u00f6n. Kukkakuosi on painettu yhdelle puolelle, ja toinen puoli on valmistettu terrykankaasta, joka lis\u00e4\u00e4 pyyhkeen vedenimukyky\u00e4 ja tekee siit\u00e4&hellip;&nbsp;<a href=\"https:\/\/harmoniaelements.com\/en\/product\/lotus-pyyhe\/\" rel=\"bookmark\">Read More &raquo;<span class=\"screen-reader-text\">Lotus pyyhe<\/span><\/a><\/p>","protected":false},"featured_media":9850,"template":"","meta":{"_monsterinsights_skip_tracking":false,"_monsterinsights_sitenote_active":false,"_monsterinsights_sitenote_note":"","_monsterinsights_sitenote_category":0,"_uf_show_specific_survey":0,"_uf_disable_surveys":false,"neve_meta_sidebar":"","neve_meta_container":"","neve_meta_enable_content_width":"","neve_meta_content_width":0,"neve_meta_title_alignment":"","neve_meta_author_avatar":"","neve_post_elements_order":"","neve_meta_disable_header":"","neve_meta_disable_footer":"","neve_meta_disable_title":"","_themeisle_gutenberg_block_has_review":false},"product_brand":[],"product_cat":[217,226],"product_tag":[],"class_list":{"0":"post-9849","1":"product","2":"type-product","3":"status-publish","4":"has-post-thumbnail","6":"product_cat-kukat","7":"product_cat-kukkakuosi-pyyhkeet","9":"first","10":"instock","11":"taxable","12":"shipping-taxable","13":"purchasable","14":"product-type-simple"},"yoast_head":"<!-- This site is optimized with the Yoast SEO plugin v27.4 - https:\/\/yoast.com\/product\/yoast-seo-wordpress\/ -->\n<title>Lotus pyyhe - Harmonia Elements<\/title>\n<meta name=\"robots\" content=\"index, follow, max-snippet:-1, max-image-preview:large, max-video-preview:-1\" \/>\n<link rel=\"canonical\" href=\"https:\/\/harmoniaelements.com\/en\/product\/lotus-pyyhe\/\" \/>\n<meta property=\"og:locale\" content=\"en_GB\" \/>\n<meta property=\"og:type\" content=\"article\" \/>\n<meta property=\"og:title\" content=\"Lotus pyyhe - Harmonia Elements\" \/>\n<meta property=\"og:description\" content=\"Kukkakuosinen pyyhe Koko: 76 \u00d7 152 cm Tuo raikkautta ja v\u00e4ri\u00e4 kylpyhuoneeseen kukkakuosisella pyyhkeell\u00e4, joka yhdist\u00e4\u00e4 kauniit kukkakuosit ja k\u00e4yt\u00e4nn\u00f6llisyyden. T\u00e4m\u00e4 pyyhe on valmistettu 50 % puuvillasta ja 50 % polyesterist\u00e4, mik\u00e4 takaa pehme\u00e4n ja kest\u00e4v\u00e4n k\u00e4yt\u00f6n. Kukkakuosi on painettu yhdelle puolelle, ja toinen puoli on valmistettu terrykankaasta, joka lis\u00e4\u00e4 pyyhkeen vedenimukyky\u00e4 ja tekee siit\u00e4&hellip;&nbsp;Read More &raquo;Lotus pyyhe\" \/>\n<meta property=\"og:url\" content=\"https:\/\/harmoniaelements.com\/en\/product\/lotus-pyyhe\/\" \/>\n<meta property=\"og:site_name\" content=\"Harmonia Elements\" \/>\n<meta property=\"article:modified_time\" content=\"2025-05-16T04:27:55+00:00\" \/>\n<meta property=\"og:image\" content=\"https:\/\/harmoniaelements.com\/wp-content\/uploads\/2025\/05\/sublimated-towel-white-30x60-flat-6826bebc01447.jpg\" \/>\n\t<meta property=\"og:image:width\" content=\"1000\" \/>\n\t<meta property=\"og:image:height\" content=\"1000\" \/>\n\t<meta property=\"og:image:type\" content=\"image\/jpeg\" \/>\n<meta name=\"twitter:card\" content=\"summary_large_image\" \/>\n<meta name=\"twitter:label1\" content=\"Estimated reading time\" \/>\n\t<meta name=\"twitter:data1\" content=\"1 minute\" \/>\n<script type=\"application\/ld+json\" class=\"yoast-schema-graph\">{\"@context\":\"https:\\\/\\\/schema.org\",\"@graph\":[{\"@type\":\"WebPage\",\"@id\":\"https:\\\/\\\/harmoniaelements.com\\\/product\\\/lotus-pyyhe\\\/\",\"url\":\"https:\\\/\\\/harmoniaelements.com\\\/product\\\/lotus-pyyhe\\\/\",\"name\":\"Lotus pyyhe - Harmonia Elements\",\"isPartOf\":{\"@id\":\"https:\\\/\\\/harmoniaelements.com\\\/#website\"},\"primaryImageOfPage\":{\"@id\":\"https:\\\/\\\/harmoniaelements.com\\\/product\\\/lotus-pyyhe\\\/#primaryimage\"},\"image\":{\"@id\":\"https:\\\/\\\/harmoniaelements.com\\\/product\\\/lotus-pyyhe\\\/#primaryimage\"},\"thumbnailUrl\":\"https:\\\/\\\/harmoniaelements.com\\\/wp-content\\\/uploads\\\/2025\\\/05\\\/sublimated-towel-white-30x60-flat-6826bebc01447.jpg\",\"datePublished\":\"2025-05-16T04:27:44+00:00\",\"dateModified\":\"2025-05-16T04:27:55+00:00\",\"breadcrumb\":{\"@id\":\"https:\\\/\\\/harmoniaelements.com\\\/product\\\/lotus-pyyhe\\\/#breadcrumb\"},\"inLanguage\":\"en-GB\",\"potentialAction\":[{\"@type\":\"ReadAction\",\"target\":[\"https:\\\/\\\/harmoniaelements.com\\\/product\\\/lotus-pyyhe\\\/\"]}]},{\"@type\":\"ImageObject\",\"inLanguage\":\"en-GB\",\"@id\":\"https:\\\/\\\/harmoniaelements.com\\\/product\\\/lotus-pyyhe\\\/#primaryimage\",\"url\":\"https:\\\/\\\/harmoniaelements.com\\\/wp-content\\\/uploads\\\/2025\\\/05\\\/sublimated-towel-white-30x60-flat-6826bebc01447.jpg\",\"contentUrl\":\"https:\\\/\\\/harmoniaelements.com\\\/wp-content\\\/uploads\\\/2025\\\/05\\\/sublimated-towel-white-30x60-flat-6826bebc01447.jpg\",\"width\":1000,\"height\":1000},{\"@type\":\"BreadcrumbList\",\"@id\":\"https:\\\/\\\/harmoniaelements.com\\\/product\\\/lotus-pyyhe\\\/#breadcrumb\",\"itemListElement\":[{\"@type\":\"ListItem\",\"position\":1,\"name\":\"Etusivu\",\"item\":\"https:\\\/\\\/harmoniaelements.com\\\/\"},{\"@type\":\"ListItem\",\"position\":2,\"name\":\"Kauppa\",\"item\":\"https:\\\/\\\/harmoniaelements.com\\\/kauppa\\\/\"},{\"@type\":\"ListItem\",\"position\":3,\"name\":\"Lotus pyyhe\"}]},{\"@type\":\"WebSite\",\"@id\":\"https:\\\/\\\/harmoniaelements.com\\\/#website\",\"url\":\"https:\\\/\\\/harmoniaelements.com\\\/\",\"name\":\"Harmonia Elements\",\"description\":\"Feng Shui kohtaa suomalaisen sisustuksen\",\"publisher\":{\"@id\":\"https:\\\/\\\/harmoniaelements.com\\\/#organization\"},\"potentialAction\":[{\"@type\":\"SearchAction\",\"target\":{\"@type\":\"EntryPoint\",\"urlTemplate\":\"https:\\\/\\\/harmoniaelements.com\\\/?s={search_term_string}\"},\"query-input\":{\"@type\":\"PropertyValueSpecification\",\"valueRequired\":true,\"valueName\":\"search_term_string\"}}],\"inLanguage\":\"en-GB\"},{\"@type\":\"Organization\",\"@id\":\"https:\\\/\\\/harmoniaelements.com\\\/#organization\",\"name\":\"Harmonia Elements\",\"url\":\"https:\\\/\\\/harmoniaelements.com\\\/\",\"logo\":{\"@type\":\"ImageObject\",\"inLanguage\":\"en-GB\",\"@id\":\"https:\\\/\\\/harmoniaelements.com\\\/#\\\/schema\\\/logo\\\/image\\\/\",\"url\":\"https:\\\/\\\/harmoniaelements.com\\\/wp-content\\\/uploads\\\/2025\\\/01\\\/2.png\",\"contentUrl\":\"https:\\\/\\\/harmoniaelements.com\\\/wp-content\\\/uploads\\\/2025\\\/01\\\/2.png\",\"width\":500,\"height\":500,\"caption\":\"Harmonia Elements\"},\"image\":{\"@id\":\"https:\\\/\\\/harmoniaelements.com\\\/#\\\/schema\\\/logo\\\/image\\\/\"}}]}<\/script>\n<!-- \/ Yoast SEO plugin. -->","yoast_head_json":{"title":"Lotus pyyhe - Harmonia Elements","robots":{"index":"index","follow":"follow","max-snippet":"max-snippet:-1","max-image-preview":"max-image-preview:large","max-video-preview":"max-video-preview:-1"},"canonical":"https:\/\/harmoniaelements.com\/en\/product\/lotus-pyyhe\/","og_locale":"en_GB","og_type":"article","og_title":"Lotus pyyhe - Harmonia Elements","og_description":"Kukkakuosinen pyyhe Koko: 76 \u00d7 152 cm Tuo raikkautta ja v\u00e4ri\u00e4 kylpyhuoneeseen kukkakuosisella pyyhkeell\u00e4, joka yhdist\u00e4\u00e4 kauniit kukkakuosit ja k\u00e4yt\u00e4nn\u00f6llisyyden. T\u00e4m\u00e4 pyyhe on valmistettu 50 % puuvillasta ja 50 % polyesterist\u00e4, mik\u00e4 takaa pehme\u00e4n ja kest\u00e4v\u00e4n k\u00e4yt\u00f6n. Kukkakuosi on painettu yhdelle puolelle, ja toinen puoli on valmistettu terrykankaasta, joka lis\u00e4\u00e4 pyyhkeen vedenimukyky\u00e4 ja tekee siit\u00e4&hellip;&nbsp;Read More &raquo;Lotus pyyhe","og_url":"https:\/\/harmoniaelements.com\/en\/product\/lotus-pyyhe\/","og_site_name":"Harmonia Elements","article_modified_time":"2025-05-16T04:27:55+00:00","og_image":[{"width":1000,"height":1000,"url":"https:\/\/harmoniaelements.com\/wp-content\/uploads\/2025\/05\/sublimated-towel-white-30x60-flat-6826bebc01447.jpg","type":"image\/jpeg"}],"twitter_card":"summary_large_image","twitter_misc":{"Estimated reading time":"1 minute"},"schema":{"@context":"https:\/\/schema.org","@graph":[{"@type":"WebPage","@id":"https:\/\/harmoniaelements.com\/product\/lotus-pyyhe\/","url":"https:\/\/harmoniaelements.com\/product\/lotus-pyyhe\/","name":"Lotus pyyhe - Harmonia Elements","isPartOf":{"@id":"https:\/\/harmoniaelements.com\/#website"},"primaryImageOfPage":{"@id":"https:\/\/harmoniaelements.com\/product\/lotus-pyyhe\/#primaryimage"},"image":{"@id":"https:\/\/harmoniaelements.com\/product\/lotus-pyyhe\/#primaryimage"},"thumbnailUrl":"https:\/\/harmoniaelements.com\/wp-content\/uploads\/2025\/05\/sublimated-towel-white-30x60-flat-6826bebc01447.jpg","datePublished":"2025-05-16T04:27:44+00:00","dateModified":"2025-05-16T04:27:55+00:00","breadcrumb":{"@id":"https:\/\/harmoniaelements.com\/product\/lotus-pyyhe\/#breadcrumb"},"inLanguage":"en-GB","potentialAction":[{"@type":"ReadAction","target":["https:\/\/harmoniaelements.com\/product\/lotus-pyyhe\/"]}]},{"@type":"ImageObject","inLanguage":"en-GB","@id":"https:\/\/harmoniaelements.com\/product\/lotus-pyyhe\/#primaryimage","url":"https:\/\/harmoniaelements.com\/wp-content\/uploads\/2025\/05\/sublimated-towel-white-30x60-flat-6826bebc01447.jpg","contentUrl":"https:\/\/harmoniaelements.com\/wp-content\/uploads\/2025\/05\/sublimated-towel-white-30x60-flat-6826bebc01447.jpg","width":1000,"height":1000},{"@type":"BreadcrumbList","@id":"https:\/\/harmoniaelements.com\/product\/lotus-pyyhe\/#breadcrumb","itemListElement":[{"@type":"ListItem","position":1,"name":"Etusivu","item":"https:\/\/harmoniaelements.com\/"},{"@type":"ListItem","position":2,"name":"Kauppa","item":"https:\/\/harmoniaelements.com\/kauppa\/"},{"@type":"ListItem","position":3,"name":"Lotus pyyhe"}]},{"@type":"WebSite","@id":"https:\/\/harmoniaelements.com\/#website","url":"https:\/\/harmoniaelements.com\/","name":"Harmonia Elements","description":"Feng Shui kohtaa suomalaisen sisustuksen","publisher":{"@id":"https:\/\/harmoniaelements.com\/#organization"},"potentialAction":[{"@type":"SearchAction","target":{"@type":"EntryPoint","urlTemplate":"https:\/\/harmoniaelements.com\/?s={search_term_string}"},"query-input":{"@type":"PropertyValueSpecification","valueRequired":true,"valueName":"search_term_string"}}],"inLanguage":"en-GB"},{"@type":"Organization","@id":"https:\/\/harmoniaelements.com\/#organization","name":"Harmonia Elements","url":"https:\/\/harmoniaelements.com\/","logo":{"@type":"ImageObject","inLanguage":"en-GB","@id":"https:\/\/harmoniaelements.com\/#\/schema\/logo\/image\/","url":"https:\/\/harmoniaelements.com\/wp-content\/uploads\/2025\/01\/2.png","contentUrl":"https:\/\/harmoniaelements.com\/wp-content\/uploads\/2025\/01\/2.png","width":500,"height":500,"caption":"Harmonia Elements"},"image":{"@id":"https:\/\/harmoniaelements.com\/#\/schema\/logo\/image\/"}}]}},"jetpack_sharing_enabled":true,"_links":{"self":[{"href":"https:\/\/harmoniaelements.com\/en\/wp-json\/wp\/v2\/product\/9849","targetHints":{"allow":["GET"]}}],"collection":[{"href":"https:\/\/harmoniaelements.com\/en\/wp-json\/wp\/v2\/product"}],"about":[{"href":"https:\/\/harmoniaelements.com\/en\/wp-json\/wp\/v2\/types\/product"}],"wp:featuredmedia":[{"embeddable":true,"href":"https:\/\/harmoniaelements.com\/en\/wp-json\/wp\/v2\/media\/9850"}],"wp:attachment":[{"href":"https:\/\/harmoniaelements.com\/en\/wp-json\/wp\/v2\/media?parent=9849"}],"wp:term":[{"taxonomy":"product_brand","embeddable":true,"href":"https:\/\/harmoniaelements.com\/en\/wp-json\/wp\/v2\/product_brand?post=9849"},{"taxonomy":"product_cat","embeddable":true,"href":"https:\/\/harmoniaelements.com\/en\/wp-json\/wp\/v2\/product_cat?post=9849"},{"taxonomy":"product_tag","embeddable":true,"href":"https:\/\/harmoniaelements.com\/en\/wp-json\/wp\/v2\/product_tag?post=9849"}],"curies":[{"name":"wp","href":"https:\/\/api.w.org\/{rel}","templated":true}]}}