{"id":9739,"date":"2025-05-14T06:46:27","date_gmt":"2025-05-14T06:46:27","guid":{"rendered":"https:\/\/harmoniaelements.com\/product\/tulppaanit-koristetyyny\/"},"modified":"2025-05-14T06:47:17","modified_gmt":"2025-05-14T06:47:17","slug":"tulppaanit-koristetyyny","status":"publish","type":"product","link":"https:\/\/harmoniaelements.com\/en\/product\/tulppaanit-koristetyyny\/","title":{"rendered":"Tulppaanit koristetyyny"},"content":{"rendered":"<p>Kukka-aiheiset koristetyynyt<br \/>\nT\u00e4ydellinen lis\u00e4 pohjoismaiseen sisustukseen! N\u00e4m\u00e4 kukka-aiheiset koristetyynyt luovat kodin ilmeeseen raikkaan ja el\u00e4v\u00e4n tunnelman. Tyynyt on valmistettu 100 % polyesterist\u00e4, ja niiss\u00e4 on kauniita kukkakuoseja, jotka tuovat huoneeseen v\u00e4ri\u00e4 ja persoonallisuutta. Piilotettu vetoketju mahdollistaa p\u00e4\u00e4llisen helpon pesemisen, ja muotonsa s\u00e4ilytt\u00e4v\u00e4 sisus varmistaa, ett\u00e4 tyyny pysyy t\u00e4ydellisesti paikoillaan. Olipa kyseess\u00e4 sohva, s\u00e4nky tai nojatuoli, n\u00e4m\u00e4 tyynyt lis\u00e4\u00e4v\u00e4t tyyli\u00e4 ja mukavuutta mihin tahansa tilaan.<\/p>\n<p>Koot:<\/p>\n<p>18\u2033 x 18\u2033 \u2248 noin 45,7 x 45,7 cm<\/p>\n<p>20\u2033 x 20\u2033 \u2248 noin 50,8 x 50,8 cm<\/p>\n<p>12\u2033 x 20\u2033 \u2248 noin 30,5 x 50,8 cm<\/p>\n<p>Ominaisuudet:<\/p>\n<p>100 % polyesterip\u00e4\u00e4llinen ja -sisus<\/p>\n<p>Piilotettu vetoketju<\/p>\n<p>Konepest\u00e4v\u00e4 p\u00e4\u00e4llinen<\/p>\n<p>Muotonsa s\u00e4ilytt\u00e4v\u00e4 polyesterisisus (vain k\u00e4sinpesu)<\/p>\n<p>Tuotekomponentit Yhdysvalloissa: Kiinasta ja Meksikosta<\/p>\n<p>Tuotekomponentit EU:ssa: Kiinasta ja Puolasta<\/p>\n<p>Tuotannon vaiheet:<\/p>\n<p>Valmistus: Kiina, Meksiko, Puola<\/p>\n<p>Materiaalit ja turvallisuus:<\/p>\n<p>100 % polyesteri<\/p>\n<p>Konepest\u00e4v\u00e4 p\u00e4\u00e4llinen<\/p>\n<p>Sis\u00e4tyyny vain k\u00e4sinpesu<\/p>\n<p>Ik\u00e4rajoitus: Tuote on tarkoitettu aikuisille.<\/p>\n<p>Takuu EU:ssa:<\/p>\n<p>2 vuotta<\/p>","protected":false},"excerpt":{"rendered":"<p>Kukka-aiheiset koristetyynyt T\u00e4ydellinen lis\u00e4 pohjoismaiseen sisustukseen! N\u00e4m\u00e4 kukka-aiheiset koristetyynyt luovat kodin ilmeeseen raikkaan ja el\u00e4v\u00e4n tunnelman. Tyynyt on valmistettu 100 % polyesterist\u00e4, ja niiss\u00e4 on kauniita kukkakuoseja, jotka tuovat huoneeseen v\u00e4ri\u00e4 ja persoonallisuutta. Piilotettu vetoketju mahdollistaa p\u00e4\u00e4llisen helpon pesemisen, ja muotonsa s\u00e4ilytt\u00e4v\u00e4 sisus varmistaa, ett\u00e4 tyyny pysyy t\u00e4ydellisesti paikoillaan. Olipa kyseess\u00e4 sohva, s\u00e4nky tai nojatuoli,&hellip;&nbsp;<a href=\"https:\/\/harmoniaelements.com\/en\/product\/tulppaanit-koristetyyny\/\" rel=\"bookmark\">Read More &raquo;<span class=\"screen-reader-text\">Tulppaanit koristetyyny<\/span><\/a><\/p>","protected":false},"featured_media":9743,"template":"","meta":{"_monsterinsights_skip_tracking":false,"_monsterinsights_sitenote_active":false,"_monsterinsights_sitenote_note":"","_monsterinsights_sitenote_category":0,"_uf_show_specific_survey":0,"_uf_disable_surveys":false,"neve_meta_sidebar":"","neve_meta_container":"","neve_meta_enable_content_width":"","neve_meta_content_width":0,"neve_meta_title_alignment":"","neve_meta_author_avatar":"","neve_post_elements_order":"","neve_meta_disable_header":"","neve_meta_disable_footer":"","neve_meta_disable_title":"","_themeisle_gutenberg_block_has_review":false},"product_brand":[],"product_cat":[217,221],"product_tag":[],"class_list":{"0":"post-9739","1":"product","2":"type-product","3":"status-publish","4":"has-post-thumbnail","6":"product_cat-kukat","7":"product_cat-kukkakuosi-koristetyynyt","9":"first","10":"instock","11":"taxable","12":"shipping-taxable","13":"purchasable","14":"product-type-variable"},"yoast_head":"<!-- This site is optimized with the Yoast SEO plugin v27.4 - https:\/\/yoast.com\/product\/yoast-seo-wordpress\/ -->\n<title>Tulppaanit koristetyyny - Harmonia Elements<\/title>\n<meta name=\"robots\" content=\"index, follow, max-snippet:-1, max-image-preview:large, max-video-preview:-1\" \/>\n<link rel=\"canonical\" href=\"https:\/\/harmoniaelements.com\/en\/product\/tulppaanit-koristetyyny\/\" \/>\n<meta property=\"og:locale\" content=\"en_GB\" \/>\n<meta property=\"og:type\" content=\"article\" \/>\n<meta property=\"og:title\" content=\"Tulppaanit koristetyyny - Harmonia Elements\" \/>\n<meta property=\"og:description\" content=\"Kukka-aiheiset koristetyynyt T\u00e4ydellinen lis\u00e4 pohjoismaiseen sisustukseen! N\u00e4m\u00e4 kukka-aiheiset koristetyynyt luovat kodin ilmeeseen raikkaan ja el\u00e4v\u00e4n tunnelman. Tyynyt on valmistettu 100 % polyesterist\u00e4, ja niiss\u00e4 on kauniita kukkakuoseja, jotka tuovat huoneeseen v\u00e4ri\u00e4 ja persoonallisuutta. Piilotettu vetoketju mahdollistaa p\u00e4\u00e4llisen helpon pesemisen, ja muotonsa s\u00e4ilytt\u00e4v\u00e4 sisus varmistaa, ett\u00e4 tyyny pysyy t\u00e4ydellisesti paikoillaan. Olipa kyseess\u00e4 sohva, s\u00e4nky tai nojatuoli,&hellip;&nbsp;Read More &raquo;Tulppaanit koristetyyny\" \/>\n<meta property=\"og:url\" content=\"https:\/\/harmoniaelements.com\/en\/product\/tulppaanit-koristetyyny\/\" \/>\n<meta property=\"og:site_name\" content=\"Harmonia Elements\" \/>\n<meta property=\"article:modified_time\" content=\"2025-05-14T06:47:17+00:00\" \/>\n<meta property=\"og:image\" content=\"https:\/\/harmoniaelements.com\/wp-content\/uploads\/2025\/05\/all-over-print-basic-pillow-18x18-front-68243c21f2444.jpg\" \/>\n\t<meta property=\"og:image:width\" content=\"2000\" \/>\n\t<meta property=\"og:image:height\" content=\"2000\" \/>\n\t<meta property=\"og:image:type\" content=\"image\/jpeg\" \/>\n<meta name=\"twitter:card\" content=\"summary_large_image\" \/>\n<meta name=\"twitter:label1\" content=\"Estimated reading time\" \/>\n\t<meta name=\"twitter:data1\" content=\"1 minute\" \/>\n<script type=\"application\/ld+json\" class=\"yoast-schema-graph\">{\"@context\":\"https:\\\/\\\/schema.org\",\"@graph\":[{\"@type\":\"WebPage\",\"@id\":\"https:\\\/\\\/harmoniaelements.com\\\/product\\\/tulppaanit-koristetyyny\\\/\",\"url\":\"https:\\\/\\\/harmoniaelements.com\\\/product\\\/tulppaanit-koristetyyny\\\/\",\"name\":\"Tulppaanit koristetyyny - Harmonia Elements\",\"isPartOf\":{\"@id\":\"https:\\\/\\\/harmoniaelements.com\\\/#website\"},\"primaryImageOfPage\":{\"@id\":\"https:\\\/\\\/harmoniaelements.com\\\/product\\\/tulppaanit-koristetyyny\\\/#primaryimage\"},\"image\":{\"@id\":\"https:\\\/\\\/harmoniaelements.com\\\/product\\\/tulppaanit-koristetyyny\\\/#primaryimage\"},\"thumbnailUrl\":\"https:\\\/\\\/harmoniaelements.com\\\/wp-content\\\/uploads\\\/2025\\\/05\\\/all-over-print-basic-pillow-18x18-front-68243c21f2444.jpg\",\"datePublished\":\"2025-05-14T06:46:27+00:00\",\"dateModified\":\"2025-05-14T06:47:17+00:00\",\"breadcrumb\":{\"@id\":\"https:\\\/\\\/harmoniaelements.com\\\/product\\\/tulppaanit-koristetyyny\\\/#breadcrumb\"},\"inLanguage\":\"en-GB\",\"potentialAction\":[{\"@type\":\"ReadAction\",\"target\":[\"https:\\\/\\\/harmoniaelements.com\\\/product\\\/tulppaanit-koristetyyny\\\/\"]}]},{\"@type\":\"ImageObject\",\"inLanguage\":\"en-GB\",\"@id\":\"https:\\\/\\\/harmoniaelements.com\\\/product\\\/tulppaanit-koristetyyny\\\/#primaryimage\",\"url\":\"https:\\\/\\\/harmoniaelements.com\\\/wp-content\\\/uploads\\\/2025\\\/05\\\/all-over-print-basic-pillow-18x18-front-68243c21f2444.jpg\",\"contentUrl\":\"https:\\\/\\\/harmoniaelements.com\\\/wp-content\\\/uploads\\\/2025\\\/05\\\/all-over-print-basic-pillow-18x18-front-68243c21f2444.jpg\",\"width\":2000,\"height\":2000},{\"@type\":\"BreadcrumbList\",\"@id\":\"https:\\\/\\\/harmoniaelements.com\\\/product\\\/tulppaanit-koristetyyny\\\/#breadcrumb\",\"itemListElement\":[{\"@type\":\"ListItem\",\"position\":1,\"name\":\"Etusivu\",\"item\":\"https:\\\/\\\/harmoniaelements.com\\\/\"},{\"@type\":\"ListItem\",\"position\":2,\"name\":\"Kauppa\",\"item\":\"https:\\\/\\\/harmoniaelements.com\\\/kauppa\\\/\"},{\"@type\":\"ListItem\",\"position\":3,\"name\":\"Tulppaanit koristetyyny\"}]},{\"@type\":\"WebSite\",\"@id\":\"https:\\\/\\\/harmoniaelements.com\\\/#website\",\"url\":\"https:\\\/\\\/harmoniaelements.com\\\/\",\"name\":\"Harmonia Elements\",\"description\":\"Feng Shui kohtaa suomalaisen sisustuksen\",\"publisher\":{\"@id\":\"https:\\\/\\\/harmoniaelements.com\\\/#organization\"},\"potentialAction\":[{\"@type\":\"SearchAction\",\"target\":{\"@type\":\"EntryPoint\",\"urlTemplate\":\"https:\\\/\\\/harmoniaelements.com\\\/?s={search_term_string}\"},\"query-input\":{\"@type\":\"PropertyValueSpecification\",\"valueRequired\":true,\"valueName\":\"search_term_string\"}}],\"inLanguage\":\"en-GB\"},{\"@type\":\"Organization\",\"@id\":\"https:\\\/\\\/harmoniaelements.com\\\/#organization\",\"name\":\"Harmonia Elements\",\"url\":\"https:\\\/\\\/harmoniaelements.com\\\/\",\"logo\":{\"@type\":\"ImageObject\",\"inLanguage\":\"en-GB\",\"@id\":\"https:\\\/\\\/harmoniaelements.com\\\/#\\\/schema\\\/logo\\\/image\\\/\",\"url\":\"https:\\\/\\\/harmoniaelements.com\\\/wp-content\\\/uploads\\\/2025\\\/01\\\/2.png\",\"contentUrl\":\"https:\\\/\\\/harmoniaelements.com\\\/wp-content\\\/uploads\\\/2025\\\/01\\\/2.png\",\"width\":500,\"height\":500,\"caption\":\"Harmonia Elements\"},\"image\":{\"@id\":\"https:\\\/\\\/harmoniaelements.com\\\/#\\\/schema\\\/logo\\\/image\\\/\"}}]}<\/script>\n<!-- \/ Yoast SEO plugin. -->","yoast_head_json":{"title":"Tulppaanit koristetyyny - Harmonia Elements","robots":{"index":"index","follow":"follow","max-snippet":"max-snippet:-1","max-image-preview":"max-image-preview:large","max-video-preview":"max-video-preview:-1"},"canonical":"https:\/\/harmoniaelements.com\/en\/product\/tulppaanit-koristetyyny\/","og_locale":"en_GB","og_type":"article","og_title":"Tulppaanit koristetyyny - Harmonia Elements","og_description":"Kukka-aiheiset koristetyynyt T\u00e4ydellinen lis\u00e4 pohjoismaiseen sisustukseen! N\u00e4m\u00e4 kukka-aiheiset koristetyynyt luovat kodin ilmeeseen raikkaan ja el\u00e4v\u00e4n tunnelman. Tyynyt on valmistettu 100 % polyesterist\u00e4, ja niiss\u00e4 on kauniita kukkakuoseja, jotka tuovat huoneeseen v\u00e4ri\u00e4 ja persoonallisuutta. Piilotettu vetoketju mahdollistaa p\u00e4\u00e4llisen helpon pesemisen, ja muotonsa s\u00e4ilytt\u00e4v\u00e4 sisus varmistaa, ett\u00e4 tyyny pysyy t\u00e4ydellisesti paikoillaan. Olipa kyseess\u00e4 sohva, s\u00e4nky tai nojatuoli,&hellip;&nbsp;Read More &raquo;Tulppaanit koristetyyny","og_url":"https:\/\/harmoniaelements.com\/en\/product\/tulppaanit-koristetyyny\/","og_site_name":"Harmonia Elements","article_modified_time":"2025-05-14T06:47:17+00:00","og_image":[{"width":2000,"height":2000,"url":"https:\/\/harmoniaelements.com\/wp-content\/uploads\/2025\/05\/all-over-print-basic-pillow-18x18-front-68243c21f2444.jpg","type":"image\/jpeg"}],"twitter_card":"summary_large_image","twitter_misc":{"Estimated reading time":"1 minute"},"schema":{"@context":"https:\/\/schema.org","@graph":[{"@type":"WebPage","@id":"https:\/\/harmoniaelements.com\/product\/tulppaanit-koristetyyny\/","url":"https:\/\/harmoniaelements.com\/product\/tulppaanit-koristetyyny\/","name":"Tulppaanit koristetyyny - Harmonia Elements","isPartOf":{"@id":"https:\/\/harmoniaelements.com\/#website"},"primaryImageOfPage":{"@id":"https:\/\/harmoniaelements.com\/product\/tulppaanit-koristetyyny\/#primaryimage"},"image":{"@id":"https:\/\/harmoniaelements.com\/product\/tulppaanit-koristetyyny\/#primaryimage"},"thumbnailUrl":"https:\/\/harmoniaelements.com\/wp-content\/uploads\/2025\/05\/all-over-print-basic-pillow-18x18-front-68243c21f2444.jpg","datePublished":"2025-05-14T06:46:27+00:00","dateModified":"2025-05-14T06:47:17+00:00","breadcrumb":{"@id":"https:\/\/harmoniaelements.com\/product\/tulppaanit-koristetyyny\/#breadcrumb"},"inLanguage":"en-GB","potentialAction":[{"@type":"ReadAction","target":["https:\/\/harmoniaelements.com\/product\/tulppaanit-koristetyyny\/"]}]},{"@type":"ImageObject","inLanguage":"en-GB","@id":"https:\/\/harmoniaelements.com\/product\/tulppaanit-koristetyyny\/#primaryimage","url":"https:\/\/harmoniaelements.com\/wp-content\/uploads\/2025\/05\/all-over-print-basic-pillow-18x18-front-68243c21f2444.jpg","contentUrl":"https:\/\/harmoniaelements.com\/wp-content\/uploads\/2025\/05\/all-over-print-basic-pillow-18x18-front-68243c21f2444.jpg","width":2000,"height":2000},{"@type":"BreadcrumbList","@id":"https:\/\/harmoniaelements.com\/product\/tulppaanit-koristetyyny\/#breadcrumb","itemListElement":[{"@type":"ListItem","position":1,"name":"Etusivu","item":"https:\/\/harmoniaelements.com\/"},{"@type":"ListItem","position":2,"name":"Kauppa","item":"https:\/\/harmoniaelements.com\/kauppa\/"},{"@type":"ListItem","position":3,"name":"Tulppaanit koristetyyny"}]},{"@type":"WebSite","@id":"https:\/\/harmoniaelements.com\/#website","url":"https:\/\/harmoniaelements.com\/","name":"Harmonia Elements","description":"Feng Shui kohtaa suomalaisen sisustuksen","publisher":{"@id":"https:\/\/harmoniaelements.com\/#organization"},"potentialAction":[{"@type":"SearchAction","target":{"@type":"EntryPoint","urlTemplate":"https:\/\/harmoniaelements.com\/?s={search_term_string}"},"query-input":{"@type":"PropertyValueSpecification","valueRequired":true,"valueName":"search_term_string"}}],"inLanguage":"en-GB"},{"@type":"Organization","@id":"https:\/\/harmoniaelements.com\/#organization","name":"Harmonia Elements","url":"https:\/\/harmoniaelements.com\/","logo":{"@type":"ImageObject","inLanguage":"en-GB","@id":"https:\/\/harmoniaelements.com\/#\/schema\/logo\/image\/","url":"https:\/\/harmoniaelements.com\/wp-content\/uploads\/2025\/01\/2.png","contentUrl":"https:\/\/harmoniaelements.com\/wp-content\/uploads\/2025\/01\/2.png","width":500,"height":500,"caption":"Harmonia Elements"},"image":{"@id":"https:\/\/harmoniaelements.com\/#\/schema\/logo\/image\/"}}]}},"jetpack_sharing_enabled":true,"_links":{"self":[{"href":"https:\/\/harmoniaelements.com\/en\/wp-json\/wp\/v2\/product\/9739","targetHints":{"allow":["GET"]}}],"collection":[{"href":"https:\/\/harmoniaelements.com\/en\/wp-json\/wp\/v2\/product"}],"about":[{"href":"https:\/\/harmoniaelements.com\/en\/wp-json\/wp\/v2\/types\/product"}],"wp:featuredmedia":[{"embeddable":true,"href":"https:\/\/harmoniaelements.com\/en\/wp-json\/wp\/v2\/media\/9743"}],"wp:attachment":[{"href":"https:\/\/harmoniaelements.com\/en\/wp-json\/wp\/v2\/media?parent=9739"}],"wp:term":[{"taxonomy":"product_brand","embeddable":true,"href":"https:\/\/harmoniaelements.com\/en\/wp-json\/wp\/v2\/product_brand?post=9739"},{"taxonomy":"product_cat","embeddable":true,"href":"https:\/\/harmoniaelements.com\/en\/wp-json\/wp\/v2\/product_cat?post=9739"},{"taxonomy":"product_tag","embeddable":true,"href":"https:\/\/harmoniaelements.com\/en\/wp-json\/wp\/v2\/product_tag?post=9739"}],"curies":[{"name":"wp","href":"https:\/\/api.w.org\/{rel}","templated":true}]}}