{"id":9702,"date":"2025-05-14T04:53:33","date_gmt":"2025-05-14T04:53:33","guid":{"rendered":"https:\/\/harmoniaelements.com\/product\/horsmat-auringonlaskussa-sherpa-viltti\/"},"modified":"2025-05-14T04:54:10","modified_gmt":"2025-05-14T04:54:10","slug":"horsmat-auringonlaskussa-sherpa-viltti","status":"publish","type":"product","link":"https:\/\/harmoniaelements.com\/en\/product\/horsmat-auringonlaskussa-sherpa-viltti\/","title":{"rendered":"Horsmat auringonlaskussa sherpa viltti"},"content":{"rendered":"<p>Sherpa-peitto<br \/>\nKoot:<\/p>\n<p>37\u00d757\u201d \u2248 94\u00d7145 cm<\/p>\n<p>50\u00d760\u201d \u2248 127\u00d7152 cm<\/p>\n<p>Huom! Peittojen kuvitus voi vaihdella hieman eri kokojen v\u00e4lill\u00e4. Eri kokoisissa malleissa kuvien asettelu tai mittasuhteet voivat poiketa toisistaan tuotantoteknisist\u00e4 syist\u00e4.<\/p>\n<p>Tuo kodin sisustukseen l\u00e4mp\u00f6\u00e4 ja tyyli\u00e4 t\u00e4ll\u00e4 ylellisell\u00e4 Sherpa-peitolla! T\u00e4m\u00e4 pehme\u00e4 ja l\u00e4mmin peitto on valmistettu korkealaatuisista materiaaleista, jotka tarjoavat erinomaisen l\u00e4mm\u00f6n ja mukavuuden. Peiton kuviointi tuo modernin ja luonnonl\u00e4heisen elementin pohjoismaiseen sisustukseen. Sherpa-vuori tarjoaa lis\u00e4l\u00e4mp\u00f6\u00e4, ja sile\u00e4 pinta tuo designiin lis\u00e4\u00e4 hienostuneisuutta. T\u00e4m\u00e4 peitto on t\u00e4ydellinen valinta sohvalle, s\u00e4ngylle tai mihin tahansa tilaan, jossa kaivataan mukavuutta ja tyylikkyytt\u00e4.<\/p>\n<p>\ud83d\udce6 TUOTETIEDOT<\/p>\n<p>Kokonaiskoostumus: 100 % polyesterikuituja<\/p>\n<p>Kangas: 100 % polyesteri (51,5 % pintakangasta, 48,5 % sherpa-vuori)<\/p>\n<p>Sile\u00e4 pinta: 220 g\/m\u00b2, sherpa-vuori: 240 g\/m\u00b2<\/p>\n<p>Valmistus: Peitto valmistetaan tilauksesta ja toimitetaan suoraan tilaajalle yhteisty\u00f6kumppaniltamme Latviasta.<\/p>\n<p>Tyhj\u00e4 tuoteosat EU:ssa: valmistettu Kiinassa<\/p>","protected":false},"excerpt":{"rendered":"<p>Sherpa-peitto Koot: 37\u00d757\u201d \u2248 94\u00d7145 cm 50\u00d760\u201d \u2248 127\u00d7152 cm Huom! Peittojen kuvitus voi vaihdella hieman eri kokojen v\u00e4lill\u00e4. Eri kokoisissa malleissa kuvien asettelu tai mittasuhteet voivat poiketa toisistaan tuotantoteknisist\u00e4 syist\u00e4. Tuo kodin sisustukseen l\u00e4mp\u00f6\u00e4 ja tyyli\u00e4 t\u00e4ll\u00e4 ylellisell\u00e4 Sherpa-peitolla! T\u00e4m\u00e4 pehme\u00e4 ja l\u00e4mmin peitto on valmistettu korkealaatuisista materiaaleista, jotka tarjoavat erinomaisen l\u00e4mm\u00f6n ja mukavuuden.&hellip;&nbsp;<a href=\"https:\/\/harmoniaelements.com\/en\/product\/horsmat-auringonlaskussa-sherpa-viltti\/\" rel=\"bookmark\">Read More &raquo;<span class=\"screen-reader-text\">Horsmat auringonlaskussa sherpa viltti<\/span><\/a><\/p>","protected":false},"featured_media":9705,"template":"","meta":{"_monsterinsights_skip_tracking":false,"_monsterinsights_sitenote_active":false,"_monsterinsights_sitenote_note":"","_monsterinsights_sitenote_category":0,"_uf_show_specific_survey":0,"_uf_disable_surveys":false,"neve_meta_sidebar":"","neve_meta_container":"","neve_meta_enable_content_width":"","neve_meta_content_width":0,"neve_meta_title_alignment":"","neve_meta_author_avatar":"","neve_post_elements_order":"","neve_meta_disable_header":"","neve_meta_disable_footer":"","neve_meta_disable_title":"","_themeisle_gutenberg_block_has_review":false},"product_brand":[],"product_cat":[217,220],"product_tag":[],"class_list":{"0":"post-9702","1":"product","2":"type-product","3":"status-publish","4":"has-post-thumbnail","6":"product_cat-kukat","7":"product_cat-sherpa-torkkuviltit","9":"first","10":"instock","11":"taxable","12":"shipping-taxable","13":"purchasable","14":"product-type-variable"},"yoast_head":"<!-- This site is optimized with the Yoast SEO plugin v27.4 - https:\/\/yoast.com\/product\/yoast-seo-wordpress\/ -->\n<title>Horsmat auringonlaskussa sherpa viltti - Harmonia Elements<\/title>\n<meta name=\"robots\" content=\"index, follow, max-snippet:-1, max-image-preview:large, max-video-preview:-1\" \/>\n<link rel=\"canonical\" href=\"https:\/\/harmoniaelements.com\/en\/product\/horsmat-auringonlaskussa-sherpa-viltti\/\" \/>\n<meta property=\"og:locale\" content=\"en_GB\" \/>\n<meta property=\"og:type\" content=\"article\" \/>\n<meta property=\"og:title\" content=\"Horsmat auringonlaskussa sherpa viltti - Harmonia Elements\" \/>\n<meta property=\"og:description\" content=\"Sherpa-peitto Koot: 37\u00d757\u201d \u2248 94\u00d7145 cm 50\u00d760\u201d \u2248 127\u00d7152 cm Huom! Peittojen kuvitus voi vaihdella hieman eri kokojen v\u00e4lill\u00e4. Eri kokoisissa malleissa kuvien asettelu tai mittasuhteet voivat poiketa toisistaan tuotantoteknisist\u00e4 syist\u00e4. Tuo kodin sisustukseen l\u00e4mp\u00f6\u00e4 ja tyyli\u00e4 t\u00e4ll\u00e4 ylellisell\u00e4 Sherpa-peitolla! T\u00e4m\u00e4 pehme\u00e4 ja l\u00e4mmin peitto on valmistettu korkealaatuisista materiaaleista, jotka tarjoavat erinomaisen l\u00e4mm\u00f6n ja mukavuuden.&hellip;&nbsp;Read More &raquo;Horsmat auringonlaskussa sherpa viltti\" \/>\n<meta property=\"og:url\" content=\"https:\/\/harmoniaelements.com\/en\/product\/horsmat-auringonlaskussa-sherpa-viltti\/\" \/>\n<meta property=\"og:site_name\" content=\"Harmonia Elements\" \/>\n<meta property=\"article:modified_time\" content=\"2025-05-14T04:54:10+00:00\" \/>\n<meta property=\"og:image\" content=\"https:\/\/harmoniaelements.com\/wp-content\/uploads\/2025\/05\/sublimated-sherpa-blanket-tan-50x60-front-682421c10dbe1.jpg\" \/>\n\t<meta property=\"og:image:width\" content=\"2000\" \/>\n\t<meta property=\"og:image:height\" content=\"2000\" \/>\n\t<meta property=\"og:image:type\" content=\"image\/jpeg\" \/>\n<meta name=\"twitter:card\" content=\"summary_large_image\" \/>\n<meta name=\"twitter:label1\" content=\"Estimated reading time\" \/>\n\t<meta name=\"twitter:data1\" content=\"1 minute\" \/>\n<script type=\"application\/ld+json\" class=\"yoast-schema-graph\">{\"@context\":\"https:\\\/\\\/schema.org\",\"@graph\":[{\"@type\":\"WebPage\",\"@id\":\"https:\\\/\\\/harmoniaelements.com\\\/product\\\/horsmat-auringonlaskussa-sherpa-viltti\\\/\",\"url\":\"https:\\\/\\\/harmoniaelements.com\\\/product\\\/horsmat-auringonlaskussa-sherpa-viltti\\\/\",\"name\":\"Horsmat auringonlaskussa sherpa viltti - Harmonia Elements\",\"isPartOf\":{\"@id\":\"https:\\\/\\\/harmoniaelements.com\\\/#website\"},\"primaryImageOfPage\":{\"@id\":\"https:\\\/\\\/harmoniaelements.com\\\/product\\\/horsmat-auringonlaskussa-sherpa-viltti\\\/#primaryimage\"},\"image\":{\"@id\":\"https:\\\/\\\/harmoniaelements.com\\\/product\\\/horsmat-auringonlaskussa-sherpa-viltti\\\/#primaryimage\"},\"thumbnailUrl\":\"https:\\\/\\\/harmoniaelements.com\\\/wp-content\\\/uploads\\\/2025\\\/05\\\/sublimated-sherpa-blanket-tan-50x60-front-682421c10dbe1.jpg\",\"datePublished\":\"2025-05-14T04:53:33+00:00\",\"dateModified\":\"2025-05-14T04:54:10+00:00\",\"breadcrumb\":{\"@id\":\"https:\\\/\\\/harmoniaelements.com\\\/product\\\/horsmat-auringonlaskussa-sherpa-viltti\\\/#breadcrumb\"},\"inLanguage\":\"en-GB\",\"potentialAction\":[{\"@type\":\"ReadAction\",\"target\":[\"https:\\\/\\\/harmoniaelements.com\\\/product\\\/horsmat-auringonlaskussa-sherpa-viltti\\\/\"]}]},{\"@type\":\"ImageObject\",\"inLanguage\":\"en-GB\",\"@id\":\"https:\\\/\\\/harmoniaelements.com\\\/product\\\/horsmat-auringonlaskussa-sherpa-viltti\\\/#primaryimage\",\"url\":\"https:\\\/\\\/harmoniaelements.com\\\/wp-content\\\/uploads\\\/2025\\\/05\\\/sublimated-sherpa-blanket-tan-50x60-front-682421c10dbe1.jpg\",\"contentUrl\":\"https:\\\/\\\/harmoniaelements.com\\\/wp-content\\\/uploads\\\/2025\\\/05\\\/sublimated-sherpa-blanket-tan-50x60-front-682421c10dbe1.jpg\",\"width\":2000,\"height\":2000},{\"@type\":\"BreadcrumbList\",\"@id\":\"https:\\\/\\\/harmoniaelements.com\\\/product\\\/horsmat-auringonlaskussa-sherpa-viltti\\\/#breadcrumb\",\"itemListElement\":[{\"@type\":\"ListItem\",\"position\":1,\"name\":\"Etusivu\",\"item\":\"https:\\\/\\\/harmoniaelements.com\\\/\"},{\"@type\":\"ListItem\",\"position\":2,\"name\":\"Kauppa\",\"item\":\"https:\\\/\\\/harmoniaelements.com\\\/kauppa\\\/\"},{\"@type\":\"ListItem\",\"position\":3,\"name\":\"Horsmat auringonlaskussa sherpa viltti\"}]},{\"@type\":\"WebSite\",\"@id\":\"https:\\\/\\\/harmoniaelements.com\\\/#website\",\"url\":\"https:\\\/\\\/harmoniaelements.com\\\/\",\"name\":\"Harmonia Elements\",\"description\":\"Feng Shui kohtaa suomalaisen sisustuksen\",\"publisher\":{\"@id\":\"https:\\\/\\\/harmoniaelements.com\\\/#organization\"},\"potentialAction\":[{\"@type\":\"SearchAction\",\"target\":{\"@type\":\"EntryPoint\",\"urlTemplate\":\"https:\\\/\\\/harmoniaelements.com\\\/?s={search_term_string}\"},\"query-input\":{\"@type\":\"PropertyValueSpecification\",\"valueRequired\":true,\"valueName\":\"search_term_string\"}}],\"inLanguage\":\"en-GB\"},{\"@type\":\"Organization\",\"@id\":\"https:\\\/\\\/harmoniaelements.com\\\/#organization\",\"name\":\"Harmonia Elements\",\"url\":\"https:\\\/\\\/harmoniaelements.com\\\/\",\"logo\":{\"@type\":\"ImageObject\",\"inLanguage\":\"en-GB\",\"@id\":\"https:\\\/\\\/harmoniaelements.com\\\/#\\\/schema\\\/logo\\\/image\\\/\",\"url\":\"https:\\\/\\\/harmoniaelements.com\\\/wp-content\\\/uploads\\\/2025\\\/01\\\/2.png\",\"contentUrl\":\"https:\\\/\\\/harmoniaelements.com\\\/wp-content\\\/uploads\\\/2025\\\/01\\\/2.png\",\"width\":500,\"height\":500,\"caption\":\"Harmonia Elements\"},\"image\":{\"@id\":\"https:\\\/\\\/harmoniaelements.com\\\/#\\\/schema\\\/logo\\\/image\\\/\"}}]}<\/script>\n<!-- \/ Yoast SEO plugin. -->","yoast_head_json":{"title":"Horsmat auringonlaskussa sherpa viltti - Harmonia Elements","robots":{"index":"index","follow":"follow","max-snippet":"max-snippet:-1","max-image-preview":"max-image-preview:large","max-video-preview":"max-video-preview:-1"},"canonical":"https:\/\/harmoniaelements.com\/en\/product\/horsmat-auringonlaskussa-sherpa-viltti\/","og_locale":"en_GB","og_type":"article","og_title":"Horsmat auringonlaskussa sherpa viltti - Harmonia Elements","og_description":"Sherpa-peitto Koot: 37\u00d757\u201d \u2248 94\u00d7145 cm 50\u00d760\u201d \u2248 127\u00d7152 cm Huom! Peittojen kuvitus voi vaihdella hieman eri kokojen v\u00e4lill\u00e4. Eri kokoisissa malleissa kuvien asettelu tai mittasuhteet voivat poiketa toisistaan tuotantoteknisist\u00e4 syist\u00e4. Tuo kodin sisustukseen l\u00e4mp\u00f6\u00e4 ja tyyli\u00e4 t\u00e4ll\u00e4 ylellisell\u00e4 Sherpa-peitolla! T\u00e4m\u00e4 pehme\u00e4 ja l\u00e4mmin peitto on valmistettu korkealaatuisista materiaaleista, jotka tarjoavat erinomaisen l\u00e4mm\u00f6n ja mukavuuden.&hellip;&nbsp;Read More &raquo;Horsmat auringonlaskussa sherpa viltti","og_url":"https:\/\/harmoniaelements.com\/en\/product\/horsmat-auringonlaskussa-sherpa-viltti\/","og_site_name":"Harmonia Elements","article_modified_time":"2025-05-14T04:54:10+00:00","og_image":[{"width":2000,"height":2000,"url":"https:\/\/harmoniaelements.com\/wp-content\/uploads\/2025\/05\/sublimated-sherpa-blanket-tan-50x60-front-682421c10dbe1.jpg","type":"image\/jpeg"}],"twitter_card":"summary_large_image","twitter_misc":{"Estimated reading time":"1 minute"},"schema":{"@context":"https:\/\/schema.org","@graph":[{"@type":"WebPage","@id":"https:\/\/harmoniaelements.com\/product\/horsmat-auringonlaskussa-sherpa-viltti\/","url":"https:\/\/harmoniaelements.com\/product\/horsmat-auringonlaskussa-sherpa-viltti\/","name":"Horsmat auringonlaskussa sherpa viltti - Harmonia Elements","isPartOf":{"@id":"https:\/\/harmoniaelements.com\/#website"},"primaryImageOfPage":{"@id":"https:\/\/harmoniaelements.com\/product\/horsmat-auringonlaskussa-sherpa-viltti\/#primaryimage"},"image":{"@id":"https:\/\/harmoniaelements.com\/product\/horsmat-auringonlaskussa-sherpa-viltti\/#primaryimage"},"thumbnailUrl":"https:\/\/harmoniaelements.com\/wp-content\/uploads\/2025\/05\/sublimated-sherpa-blanket-tan-50x60-front-682421c10dbe1.jpg","datePublished":"2025-05-14T04:53:33+00:00","dateModified":"2025-05-14T04:54:10+00:00","breadcrumb":{"@id":"https:\/\/harmoniaelements.com\/product\/horsmat-auringonlaskussa-sherpa-viltti\/#breadcrumb"},"inLanguage":"en-GB","potentialAction":[{"@type":"ReadAction","target":["https:\/\/harmoniaelements.com\/product\/horsmat-auringonlaskussa-sherpa-viltti\/"]}]},{"@type":"ImageObject","inLanguage":"en-GB","@id":"https:\/\/harmoniaelements.com\/product\/horsmat-auringonlaskussa-sherpa-viltti\/#primaryimage","url":"https:\/\/harmoniaelements.com\/wp-content\/uploads\/2025\/05\/sublimated-sherpa-blanket-tan-50x60-front-682421c10dbe1.jpg","contentUrl":"https:\/\/harmoniaelements.com\/wp-content\/uploads\/2025\/05\/sublimated-sherpa-blanket-tan-50x60-front-682421c10dbe1.jpg","width":2000,"height":2000},{"@type":"BreadcrumbList","@id":"https:\/\/harmoniaelements.com\/product\/horsmat-auringonlaskussa-sherpa-viltti\/#breadcrumb","itemListElement":[{"@type":"ListItem","position":1,"name":"Etusivu","item":"https:\/\/harmoniaelements.com\/"},{"@type":"ListItem","position":2,"name":"Kauppa","item":"https:\/\/harmoniaelements.com\/kauppa\/"},{"@type":"ListItem","position":3,"name":"Horsmat auringonlaskussa sherpa viltti"}]},{"@type":"WebSite","@id":"https:\/\/harmoniaelements.com\/#website","url":"https:\/\/harmoniaelements.com\/","name":"Harmonia Elements","description":"Feng Shui kohtaa suomalaisen sisustuksen","publisher":{"@id":"https:\/\/harmoniaelements.com\/#organization"},"potentialAction":[{"@type":"SearchAction","target":{"@type":"EntryPoint","urlTemplate":"https:\/\/harmoniaelements.com\/?s={search_term_string}"},"query-input":{"@type":"PropertyValueSpecification","valueRequired":true,"valueName":"search_term_string"}}],"inLanguage":"en-GB"},{"@type":"Organization","@id":"https:\/\/harmoniaelements.com\/#organization","name":"Harmonia Elements","url":"https:\/\/harmoniaelements.com\/","logo":{"@type":"ImageObject","inLanguage":"en-GB","@id":"https:\/\/harmoniaelements.com\/#\/schema\/logo\/image\/","url":"https:\/\/harmoniaelements.com\/wp-content\/uploads\/2025\/01\/2.png","contentUrl":"https:\/\/harmoniaelements.com\/wp-content\/uploads\/2025\/01\/2.png","width":500,"height":500,"caption":"Harmonia Elements"},"image":{"@id":"https:\/\/harmoniaelements.com\/#\/schema\/logo\/image\/"}}]}},"jetpack_sharing_enabled":true,"_links":{"self":[{"href":"https:\/\/harmoniaelements.com\/en\/wp-json\/wp\/v2\/product\/9702","targetHints":{"allow":["GET"]}}],"collection":[{"href":"https:\/\/harmoniaelements.com\/en\/wp-json\/wp\/v2\/product"}],"about":[{"href":"https:\/\/harmoniaelements.com\/en\/wp-json\/wp\/v2\/types\/product"}],"wp:featuredmedia":[{"embeddable":true,"href":"https:\/\/harmoniaelements.com\/en\/wp-json\/wp\/v2\/media\/9705"}],"wp:attachment":[{"href":"https:\/\/harmoniaelements.com\/en\/wp-json\/wp\/v2\/media?parent=9702"}],"wp:term":[{"taxonomy":"product_brand","embeddable":true,"href":"https:\/\/harmoniaelements.com\/en\/wp-json\/wp\/v2\/product_brand?post=9702"},{"taxonomy":"product_cat","embeddable":true,"href":"https:\/\/harmoniaelements.com\/en\/wp-json\/wp\/v2\/product_cat?post=9702"},{"taxonomy":"product_tag","embeddable":true,"href":"https:\/\/harmoniaelements.com\/en\/wp-json\/wp\/v2\/product_tag?post=9702"}],"curies":[{"name":"wp","href":"https:\/\/api.w.org\/{rel}","templated":true}]}}