{"id":9615,"date":"2025-05-13T11:07:15","date_gmt":"2025-05-13T11:07:15","guid":{"rendered":"https:\/\/harmoniaelements.com\/product\/tulppaanit-kierrevihko\/"},"modified":"2025-05-13T11:07:39","modified_gmt":"2025-05-13T11:07:39","slug":"tulppaanit-kierrevihko","status":"publish","type":"product","link":"https:\/\/harmoniaelements.com\/en\/product\/tulppaanit-kierrevihko\/","title":{"rendered":"Tulppaanit kierrevihko"},"content":{"rendered":"<p>HUOM! Koot:<br \/>\nEU:ssa painetut vihot: noin 14,5 \u00d7 21 cm (5.7\u2033 \u00d7 8.5\u2033)<\/p>\n<p>Inspiroidu arjen keskell\u00e4 tyylikk\u00e4\u00e4ll\u00e4 kierreviholla, joka kulkee mukanasi kaikkialle! Harmonia Elementsin kierrevihkot yhdist\u00e4v\u00e4t harmonisen designin ja k\u00e4yt\u00e4nn\u00f6llisyyden, tuoden yhteen kivikuvioiden estetiikan, feng shuin elementit ja pohjoismaisen raikkaan tyylin.<\/p>\n<p>Pehme\u00e4pintainen kansi ja metallinen kierresidonta tekev\u00e4t vihkosta kest\u00e4v\u00e4n ja miellytt\u00e4v\u00e4n k\u00e4ytt\u00e4\u00e4. 140 pisteytetty\u00e4 sivua tarjoaa runsaasti tilaa muistiinpanoille, luonnoksille, ideoille tai unelmalistauksille \u2013 miss\u00e4 ikin\u00e4 inspiraatio iskeek\u00e4\u00e4n.<\/p>\n<p>Kierrevihkot valmistetaan tilauksesta Euroopassa (Latviassa), mik\u00e4 takaa laadukkaan ja vastuullisen tuotannon. T\u00e4ydellinen valinta opiskeluun, ty\u00f6p\u00e4ivien tueksi, luovaan kirjoittamiseen tai vaikka lahjaksi.<\/p>\n<p>Ominaisuudet:<br \/>\n\u2022 Pehme\u00e4 kosketuspintainen kansi (Soft-touch)<br \/>\n\u2022 Kannet: 352 g\/m\u00b2<br \/>\n\u2022 Sivut: 89 g\/m\u00b2 pisteytetty paperi<br \/>\n\u2022 140 pisteytetty\u00e4 sivua<br \/>\n\u2022 Metallinen kierresidonta<br \/>\n\u2022 Valmistetaan tilauksesta Latviassa<br \/>\n\u2022 Tyylik\u00e4s ja kevyt kuljettaa mukana<\/p>","protected":false},"excerpt":{"rendered":"<p>HUOM! Koot: EU:ssa painetut vihot: noin 14,5 \u00d7 21 cm (5.7\u2033 \u00d7 8.5\u2033) Inspiroidu arjen keskell\u00e4 tyylikk\u00e4\u00e4ll\u00e4 kierreviholla, joka kulkee mukanasi kaikkialle! Harmonia Elementsin kierrevihkot yhdist\u00e4v\u00e4t harmonisen designin ja k\u00e4yt\u00e4nn\u00f6llisyyden, tuoden yhteen kivikuvioiden estetiikan, feng shuin elementit ja pohjoismaisen raikkaan tyylin. Pehme\u00e4pintainen kansi ja metallinen kierresidonta tekev\u00e4t vihkosta kest\u00e4v\u00e4n ja miellytt\u00e4v\u00e4n k\u00e4ytt\u00e4\u00e4. 140 pisteytetty\u00e4 sivua&hellip;&nbsp;<a href=\"https:\/\/harmoniaelements.com\/en\/product\/tulppaanit-kierrevihko\/\" rel=\"bookmark\">Read More &raquo;<span class=\"screen-reader-text\">Tulppaanit kierrevihko<\/span><\/a><\/p>","protected":false},"featured_media":9616,"template":"","meta":{"_monsterinsights_skip_tracking":false,"_monsterinsights_sitenote_active":false,"_monsterinsights_sitenote_note":"","_monsterinsights_sitenote_category":0,"_uf_show_specific_survey":0,"_uf_disable_surveys":false,"neve_meta_sidebar":"","neve_meta_container":"","neve_meta_enable_content_width":"","neve_meta_content_width":0,"neve_meta_title_alignment":"","neve_meta_author_avatar":"","neve_post_elements_order":"","neve_meta_disable_header":"","neve_meta_disable_footer":"","neve_meta_disable_title":"","_themeisle_gutenberg_block_has_review":false},"product_brand":[],"product_cat":[174,217],"product_tag":[],"class_list":{"0":"post-9615","1":"product","2":"type-product","3":"status-publish","4":"has-post-thumbnail","6":"product_cat-kierrevihkot","7":"product_cat-kukat","9":"first","10":"instock","11":"taxable","12":"shipping-taxable","13":"purchasable","14":"product-type-simple"},"yoast_head":"<!-- This site is optimized with the Yoast SEO plugin v27.4 - https:\/\/yoast.com\/product\/yoast-seo-wordpress\/ -->\n<title>Tulppaanit kierrevihko - Harmonia Elements<\/title>\n<meta name=\"robots\" content=\"index, follow, max-snippet:-1, max-image-preview:large, max-video-preview:-1\" \/>\n<link rel=\"canonical\" href=\"https:\/\/harmoniaelements.com\/en\/product\/tulppaanit-kierrevihko\/\" \/>\n<meta property=\"og:locale\" content=\"en_GB\" \/>\n<meta property=\"og:type\" content=\"article\" \/>\n<meta property=\"og:title\" content=\"Tulppaanit kierrevihko - Harmonia Elements\" \/>\n<meta property=\"og:description\" content=\"HUOM! Koot: EU:ssa painetut vihot: noin 14,5 \u00d7 21 cm (5.7\u2033 \u00d7 8.5\u2033) Inspiroidu arjen keskell\u00e4 tyylikk\u00e4\u00e4ll\u00e4 kierreviholla, joka kulkee mukanasi kaikkialle! Harmonia Elementsin kierrevihkot yhdist\u00e4v\u00e4t harmonisen designin ja k\u00e4yt\u00e4nn\u00f6llisyyden, tuoden yhteen kivikuvioiden estetiikan, feng shuin elementit ja pohjoismaisen raikkaan tyylin. Pehme\u00e4pintainen kansi ja metallinen kierresidonta tekev\u00e4t vihkosta kest\u00e4v\u00e4n ja miellytt\u00e4v\u00e4n k\u00e4ytt\u00e4\u00e4. 140 pisteytetty\u00e4 sivua&hellip;&nbsp;Read More &raquo;Tulppaanit kierrevihko\" \/>\n<meta property=\"og:url\" content=\"https:\/\/harmoniaelements.com\/en\/product\/tulppaanit-kierrevihko\/\" \/>\n<meta property=\"og:site_name\" content=\"Harmonia Elements\" \/>\n<meta property=\"article:modified_time\" content=\"2025-05-13T11:07:39+00:00\" \/>\n<meta property=\"og:image\" content=\"https:\/\/harmoniaelements.com\/wp-content\/uploads\/2025\/05\/spiral-notebook-white-front-682327db972a9.jpg\" \/>\n\t<meta property=\"og:image:width\" content=\"2000\" \/>\n\t<meta property=\"og:image:height\" content=\"2000\" \/>\n\t<meta property=\"og:image:type\" content=\"image\/jpeg\" \/>\n<meta name=\"twitter:card\" content=\"summary_large_image\" \/>\n<meta name=\"twitter:label1\" content=\"Estimated reading time\" \/>\n\t<meta name=\"twitter:data1\" content=\"1 minute\" \/>\n<script type=\"application\/ld+json\" class=\"yoast-schema-graph\">{\"@context\":\"https:\\\/\\\/schema.org\",\"@graph\":[{\"@type\":\"WebPage\",\"@id\":\"https:\\\/\\\/harmoniaelements.com\\\/product\\\/tulppaanit-kierrevihko\\\/\",\"url\":\"https:\\\/\\\/harmoniaelements.com\\\/product\\\/tulppaanit-kierrevihko\\\/\",\"name\":\"Tulppaanit kierrevihko - Harmonia Elements\",\"isPartOf\":{\"@id\":\"https:\\\/\\\/harmoniaelements.com\\\/#website\"},\"primaryImageOfPage\":{\"@id\":\"https:\\\/\\\/harmoniaelements.com\\\/product\\\/tulppaanit-kierrevihko\\\/#primaryimage\"},\"image\":{\"@id\":\"https:\\\/\\\/harmoniaelements.com\\\/product\\\/tulppaanit-kierrevihko\\\/#primaryimage\"},\"thumbnailUrl\":\"https:\\\/\\\/harmoniaelements.com\\\/wp-content\\\/uploads\\\/2025\\\/05\\\/spiral-notebook-white-front-682327db972a9.jpg\",\"datePublished\":\"2025-05-13T11:07:15+00:00\",\"dateModified\":\"2025-05-13T11:07:39+00:00\",\"breadcrumb\":{\"@id\":\"https:\\\/\\\/harmoniaelements.com\\\/product\\\/tulppaanit-kierrevihko\\\/#breadcrumb\"},\"inLanguage\":\"en-GB\",\"potentialAction\":[{\"@type\":\"ReadAction\",\"target\":[\"https:\\\/\\\/harmoniaelements.com\\\/product\\\/tulppaanit-kierrevihko\\\/\"]}]},{\"@type\":\"ImageObject\",\"inLanguage\":\"en-GB\",\"@id\":\"https:\\\/\\\/harmoniaelements.com\\\/product\\\/tulppaanit-kierrevihko\\\/#primaryimage\",\"url\":\"https:\\\/\\\/harmoniaelements.com\\\/wp-content\\\/uploads\\\/2025\\\/05\\\/spiral-notebook-white-front-682327db972a9.jpg\",\"contentUrl\":\"https:\\\/\\\/harmoniaelements.com\\\/wp-content\\\/uploads\\\/2025\\\/05\\\/spiral-notebook-white-front-682327db972a9.jpg\",\"width\":2000,\"height\":2000},{\"@type\":\"BreadcrumbList\",\"@id\":\"https:\\\/\\\/harmoniaelements.com\\\/product\\\/tulppaanit-kierrevihko\\\/#breadcrumb\",\"itemListElement\":[{\"@type\":\"ListItem\",\"position\":1,\"name\":\"Etusivu\",\"item\":\"https:\\\/\\\/harmoniaelements.com\\\/\"},{\"@type\":\"ListItem\",\"position\":2,\"name\":\"Kauppa\",\"item\":\"https:\\\/\\\/harmoniaelements.com\\\/kauppa\\\/\"},{\"@type\":\"ListItem\",\"position\":3,\"name\":\"Tulppaanit kierrevihko\"}]},{\"@type\":\"WebSite\",\"@id\":\"https:\\\/\\\/harmoniaelements.com\\\/#website\",\"url\":\"https:\\\/\\\/harmoniaelements.com\\\/\",\"name\":\"Harmonia Elements\",\"description\":\"Feng Shui kohtaa suomalaisen sisustuksen\",\"publisher\":{\"@id\":\"https:\\\/\\\/harmoniaelements.com\\\/#organization\"},\"potentialAction\":[{\"@type\":\"SearchAction\",\"target\":{\"@type\":\"EntryPoint\",\"urlTemplate\":\"https:\\\/\\\/harmoniaelements.com\\\/?s={search_term_string}\"},\"query-input\":{\"@type\":\"PropertyValueSpecification\",\"valueRequired\":true,\"valueName\":\"search_term_string\"}}],\"inLanguage\":\"en-GB\"},{\"@type\":\"Organization\",\"@id\":\"https:\\\/\\\/harmoniaelements.com\\\/#organization\",\"name\":\"Harmonia Elements\",\"url\":\"https:\\\/\\\/harmoniaelements.com\\\/\",\"logo\":{\"@type\":\"ImageObject\",\"inLanguage\":\"en-GB\",\"@id\":\"https:\\\/\\\/harmoniaelements.com\\\/#\\\/schema\\\/logo\\\/image\\\/\",\"url\":\"https:\\\/\\\/harmoniaelements.com\\\/wp-content\\\/uploads\\\/2025\\\/01\\\/2.png\",\"contentUrl\":\"https:\\\/\\\/harmoniaelements.com\\\/wp-content\\\/uploads\\\/2025\\\/01\\\/2.png\",\"width\":500,\"height\":500,\"caption\":\"Harmonia Elements\"},\"image\":{\"@id\":\"https:\\\/\\\/harmoniaelements.com\\\/#\\\/schema\\\/logo\\\/image\\\/\"}}]}<\/script>\n<!-- \/ Yoast SEO plugin. -->","yoast_head_json":{"title":"Tulppaanit kierrevihko - Harmonia Elements","robots":{"index":"index","follow":"follow","max-snippet":"max-snippet:-1","max-image-preview":"max-image-preview:large","max-video-preview":"max-video-preview:-1"},"canonical":"https:\/\/harmoniaelements.com\/en\/product\/tulppaanit-kierrevihko\/","og_locale":"en_GB","og_type":"article","og_title":"Tulppaanit kierrevihko - Harmonia Elements","og_description":"HUOM! Koot: EU:ssa painetut vihot: noin 14,5 \u00d7 21 cm (5.7\u2033 \u00d7 8.5\u2033) Inspiroidu arjen keskell\u00e4 tyylikk\u00e4\u00e4ll\u00e4 kierreviholla, joka kulkee mukanasi kaikkialle! Harmonia Elementsin kierrevihkot yhdist\u00e4v\u00e4t harmonisen designin ja k\u00e4yt\u00e4nn\u00f6llisyyden, tuoden yhteen kivikuvioiden estetiikan, feng shuin elementit ja pohjoismaisen raikkaan tyylin. Pehme\u00e4pintainen kansi ja metallinen kierresidonta tekev\u00e4t vihkosta kest\u00e4v\u00e4n ja miellytt\u00e4v\u00e4n k\u00e4ytt\u00e4\u00e4. 140 pisteytetty\u00e4 sivua&hellip;&nbsp;Read More &raquo;Tulppaanit kierrevihko","og_url":"https:\/\/harmoniaelements.com\/en\/product\/tulppaanit-kierrevihko\/","og_site_name":"Harmonia Elements","article_modified_time":"2025-05-13T11:07:39+00:00","og_image":[{"width":2000,"height":2000,"url":"https:\/\/harmoniaelements.com\/wp-content\/uploads\/2025\/05\/spiral-notebook-white-front-682327db972a9.jpg","type":"image\/jpeg"}],"twitter_card":"summary_large_image","twitter_misc":{"Estimated reading time":"1 minute"},"schema":{"@context":"https:\/\/schema.org","@graph":[{"@type":"WebPage","@id":"https:\/\/harmoniaelements.com\/product\/tulppaanit-kierrevihko\/","url":"https:\/\/harmoniaelements.com\/product\/tulppaanit-kierrevihko\/","name":"Tulppaanit kierrevihko - Harmonia Elements","isPartOf":{"@id":"https:\/\/harmoniaelements.com\/#website"},"primaryImageOfPage":{"@id":"https:\/\/harmoniaelements.com\/product\/tulppaanit-kierrevihko\/#primaryimage"},"image":{"@id":"https:\/\/harmoniaelements.com\/product\/tulppaanit-kierrevihko\/#primaryimage"},"thumbnailUrl":"https:\/\/harmoniaelements.com\/wp-content\/uploads\/2025\/05\/spiral-notebook-white-front-682327db972a9.jpg","datePublished":"2025-05-13T11:07:15+00:00","dateModified":"2025-05-13T11:07:39+00:00","breadcrumb":{"@id":"https:\/\/harmoniaelements.com\/product\/tulppaanit-kierrevihko\/#breadcrumb"},"inLanguage":"en-GB","potentialAction":[{"@type":"ReadAction","target":["https:\/\/harmoniaelements.com\/product\/tulppaanit-kierrevihko\/"]}]},{"@type":"ImageObject","inLanguage":"en-GB","@id":"https:\/\/harmoniaelements.com\/product\/tulppaanit-kierrevihko\/#primaryimage","url":"https:\/\/harmoniaelements.com\/wp-content\/uploads\/2025\/05\/spiral-notebook-white-front-682327db972a9.jpg","contentUrl":"https:\/\/harmoniaelements.com\/wp-content\/uploads\/2025\/05\/spiral-notebook-white-front-682327db972a9.jpg","width":2000,"height":2000},{"@type":"BreadcrumbList","@id":"https:\/\/harmoniaelements.com\/product\/tulppaanit-kierrevihko\/#breadcrumb","itemListElement":[{"@type":"ListItem","position":1,"name":"Etusivu","item":"https:\/\/harmoniaelements.com\/"},{"@type":"ListItem","position":2,"name":"Kauppa","item":"https:\/\/harmoniaelements.com\/kauppa\/"},{"@type":"ListItem","position":3,"name":"Tulppaanit kierrevihko"}]},{"@type":"WebSite","@id":"https:\/\/harmoniaelements.com\/#website","url":"https:\/\/harmoniaelements.com\/","name":"Harmonia Elements","description":"Feng Shui kohtaa suomalaisen sisustuksen","publisher":{"@id":"https:\/\/harmoniaelements.com\/#organization"},"potentialAction":[{"@type":"SearchAction","target":{"@type":"EntryPoint","urlTemplate":"https:\/\/harmoniaelements.com\/?s={search_term_string}"},"query-input":{"@type":"PropertyValueSpecification","valueRequired":true,"valueName":"search_term_string"}}],"inLanguage":"en-GB"},{"@type":"Organization","@id":"https:\/\/harmoniaelements.com\/#organization","name":"Harmonia Elements","url":"https:\/\/harmoniaelements.com\/","logo":{"@type":"ImageObject","inLanguage":"en-GB","@id":"https:\/\/harmoniaelements.com\/#\/schema\/logo\/image\/","url":"https:\/\/harmoniaelements.com\/wp-content\/uploads\/2025\/01\/2.png","contentUrl":"https:\/\/harmoniaelements.com\/wp-content\/uploads\/2025\/01\/2.png","width":500,"height":500,"caption":"Harmonia Elements"},"image":{"@id":"https:\/\/harmoniaelements.com\/#\/schema\/logo\/image\/"}}]}},"jetpack_sharing_enabled":true,"_links":{"self":[{"href":"https:\/\/harmoniaelements.com\/en\/wp-json\/wp\/v2\/product\/9615","targetHints":{"allow":["GET"]}}],"collection":[{"href":"https:\/\/harmoniaelements.com\/en\/wp-json\/wp\/v2\/product"}],"about":[{"href":"https:\/\/harmoniaelements.com\/en\/wp-json\/wp\/v2\/types\/product"}],"wp:featuredmedia":[{"embeddable":true,"href":"https:\/\/harmoniaelements.com\/en\/wp-json\/wp\/v2\/media\/9616"}],"wp:attachment":[{"href":"https:\/\/harmoniaelements.com\/en\/wp-json\/wp\/v2\/media?parent=9615"}],"wp:term":[{"taxonomy":"product_brand","embeddable":true,"href":"https:\/\/harmoniaelements.com\/en\/wp-json\/wp\/v2\/product_brand?post=9615"},{"taxonomy":"product_cat","embeddable":true,"href":"https:\/\/harmoniaelements.com\/en\/wp-json\/wp\/v2\/product_cat?post=9615"},{"taxonomy":"product_tag","embeddable":true,"href":"https:\/\/harmoniaelements.com\/en\/wp-json\/wp\/v2\/product_tag?post=9615"}],"curies":[{"name":"wp","href":"https:\/\/api.w.org\/{rel}","templated":true}]}}