{"id":9445,"date":"2025-05-06T20:02:36","date_gmt":"2025-05-06T20:02:36","guid":{"rendered":"https:\/\/harmoniaelements.com\/product\/amazoniitti-sherpa-torkkupeitto-2\/"},"modified":"2025-05-10T03:07:19","modified_gmt":"2025-05-10T03:07:19","slug":"amazoniitti-sherpa-torkkupeitto-2","status":"publish","type":"product","link":"https:\/\/harmoniaelements.com\/en\/product\/amazoniitti-sherpa-torkkupeitto-2\/","title":{"rendered":"Amazoniitti sherpa torkkupeitto 2"},"content":{"rendered":"<p>TUOTEKUVAUS: Korukivien inspiroima Sherpa-peitto<br \/>\nHuom! Koot ilmoitetaan tuumissa.<br \/>\n37\u00d757\u201d \u2248 94\u00d7145 cm<br \/>\n50\u00d760\u201d \u2248 127\u00d7152 cm<\/p>\n<p>Huomaathan my\u00f6s: Peittojen kuvitus voi vaihdella hieman eri kokojen v\u00e4lill\u00e4. Eri kokoisissa malleissa kuvien asettelu tai mittasuhteet voivat poiketa toisistaan tuotantoteknisist\u00e4 syist\u00e4.<\/p>\n<p>Kietoudu pehmeyteen ja symboliseen rauhaan Sherpa-peitolla, jonka kuvitus perustuu tarkoin valittujen korukivien merkityksiin. T\u00e4m\u00e4 peitto on t\u00e4ydellinen kumppani rentoutumiseen \u2013 niin meditaatioon, joogatunnille mukaan, iltalukemisen hetkiin kuin lahjaksi l\u00e4heiselle, jolla on oma lempikivi tai syntym\u00e4kivi.<\/p>\n<p>Jokainen peitto on Harmonia Elementsin suunnittelema, ja kuvioiden inspiraationa ovat erilaiset kivien ominaisuudet ja feng shuin elementit. Yleisesti n\u00e4m\u00e4 peitot ilment\u00e4v\u00e4t maan elementti\u00e4, joka tuo vakautta, tukea ja rauhaa tilaan \u2013 mutta jokaisella kivell\u00e4 on oma erityinen energiansa, joka voi tukea juuri sinun hetke\u00e4si tai tunnetilaasi.<\/p>\n<p>Peitto on t\u00e4ydellinen lis\u00e4 kodin sisustukseen tai henkil\u00f6kohtaiseksi voimatekstiiliksi. Voit valita sen intuitiivisesti, el\u00e4m\u00e4ntilanteen mukaan \u2013 tai antaa lahjaksi merkityksellisen\u00e4 eleen\u00e4. N\u00e4m\u00e4 peitot ovat ainutlaatuisia eik\u00e4 niit\u00e4 ole saatavilla mist\u00e4\u00e4n muualta.<\/p>\n<p>\ud83d\udc8e KIVIEN MERKITYKSET<br \/>\nAkaatti (Agate) \u2013 Edist\u00e4\u00e4 sis\u00e4ist\u00e4 rauhaa ja vakautta.<\/p>\n<p>Akvamariini (Aquamarine) \u2013 Rauhoittaa mielt\u00e4 ja tuo selkeytt\u00e4 ajatuksiin.<\/p>\n<p>Amazoniitti (Amazonite) \u2013 Tuo tasapainoa tunteisiin ja rohkaisee itseluottamusta.<\/p>\n<p>Aragoniitti (Aragonite) \u2013 Vahvistaa maadoittumista ja kest\u00e4vyytt\u00e4.<\/p>\n<p>Dolomiitti (Dolomite) \u2013 Auttaa rentoutumaan ja v\u00e4hent\u00e4\u00e4 stressi\u00e4.<\/p>\n<p>Emeraldi (Emerald) \u2013 Liitet\u00e4\u00e4n rakkauteen ja uudistumiseen.<\/p>\n<p>Ametisti (Amethyst) \u2013 Rauhoittaa mielt\u00e4 ja edist\u00e4\u00e4 hengellist\u00e4 kasvua.<\/p>\n<p>Fuksiitti (Fuchsite) \u2013 Auttaa palautumaan stressist\u00e4 ja uupumuksesta.<\/p>\n<p>Granaatti (Garnet) \u2013 Antaa energiaa ja intohimoa.<\/p>\n<p>Graniitti (Granite) \u2013 Vahvistaa kest\u00e4vyytt\u00e4 ja joustavuutta el\u00e4m\u00e4ss\u00e4.<\/p>\n<p>Helmi (Pearl) \u2013 Symboloi puhtautta ja viattomuutta.<\/p>\n<p>Hematiitti (Hematite) \u2013 Tukee maadoittumista ja suojaa negatiivisilta energioilta.<\/p>\n<p>Jade (Jade) \u2013 Liitet\u00e4\u00e4n menestykseen ja vaurauteen.<\/p>\n<p>Jaspi (Jasper) \u2013 Tukee kest\u00e4vyytt\u00e4 ja sis\u00e4ist\u00e4 voimaa.<\/p>\n<p>Karnelian (Carnelian) \u2013 Antaa rohkeutta ja elinvoimaa.<\/p>\n<p>Kvartsi (Quartz) \u2013 Puhdistaa ja vahvistaa energiakentt\u00e4\u00e4.<\/p>\n<p>Labradoriitti (Labradorite) \u2013 Suojaa negatiivisuudelta ja avaa intuition.<\/p>\n<p>Lapis lazuli (Lapis Lazuli) \u2013 Edist\u00e4\u00e4 viisautta ja itseilmaisua.<\/p>\n<p>Malakiitti (Malachite) \u2013 Liitet\u00e4\u00e4n muutokseen ja kasvamiseen.<\/p>\n<p>Timantti (Diamond) \u2013 Symboloi puhtautta ja kest\u00e4vyytt\u00e4.<\/p>\n<p>\ud83d\udce6 TUOTETIEDOT<br \/>\nKokonaiskoostumus: 100 % polyesterikuituja<\/p>\n<p>Kangas: 100 % polyesteri (51,5 % pintakangasta, 48,5 % sherpa-vuori)<\/p>\n<p>Sile\u00e4 pinta: 220 g\/m\u00b2, sherpa-vuori: 240 g\/m\u00b2<\/p>\n<p>Valmistus: Peitto valmistetaan tilauksesta ja toimitetaan suoraan tilaajalle yhteisty\u00f6kumppaniltamme Latviasta<\/p>\n<p>Tyhj\u00e4 tuoteosat EU:ssa: valmistettu Kiinassa<\/p>","protected":false},"excerpt":{"rendered":"<p>Ylellinen Sherpa-peitto korukivien symboliikalla \u2013 t\u00e4ydellinen sekoitus pehmeytt\u00e4, merkityksellisyytt\u00e4 ja kodin l\u00e4mp\u00f6\u00e4.<\/p>","protected":false},"featured_media":9448,"template":"","meta":{"_monsterinsights_skip_tracking":false,"_monsterinsights_sitenote_active":false,"_monsterinsights_sitenote_note":"","_monsterinsights_sitenote_category":0,"_uf_show_specific_survey":0,"_uf_disable_surveys":false,"neve_meta_sidebar":"","neve_meta_container":"","neve_meta_enable_content_width":"off","neve_meta_content_width":100,"neve_meta_title_alignment":"","neve_meta_author_avatar":"","neve_post_elements_order":"","neve_meta_disable_header":"","neve_meta_disable_footer":"","neve_meta_disable_title":"","_themeisle_gutenberg_block_has_review":false},"product_brand":[],"product_cat":[155,157],"product_tag":[179],"class_list":{"0":"post-9445","1":"product","2":"type-product","3":"status-publish","4":"has-post-thumbnail","6":"product_cat-korukivi-sherpa-peitot","7":"product_cat-korukivi-ja-kristalli-sherpa-peitot","8":"product_tag-amazoniitti","10":"first","11":"instock","12":"taxable","13":"shipping-taxable","14":"purchasable","15":"product-type-variable"},"yoast_head":"<!-- This site is optimized with the Yoast SEO plugin v27.4 - https:\/\/yoast.com\/product\/yoast-seo-wordpress\/ -->\n<title>Amazoniitti sherpa torkkupeitto 2 - Harmonia Elements<\/title>\n<meta name=\"description\" content=\"Pehme\u00e4 ja l\u00e4mmin Sherpa-peitto, jossa korukivien inspiroima kuvitus. T\u00e4ydellinen lahjaksi, rentoutumiseen tai osaksi harmonista sisustusta.\" \/>\n<meta name=\"robots\" content=\"index, follow, max-snippet:-1, max-image-preview:large, max-video-preview:-1\" \/>\n<link rel=\"canonical\" href=\"https:\/\/harmoniaelements.com\/en\/product\/amazoniitti-sherpa-torkkupeitto-2\/\" \/>\n<meta property=\"og:locale\" content=\"en_GB\" \/>\n<meta property=\"og:type\" content=\"article\" \/>\n<meta property=\"og:title\" content=\"Amazoniitti sherpa torkkupeitto 2 - Harmonia Elements\" \/>\n<meta property=\"og:description\" content=\"Pehme\u00e4 ja l\u00e4mmin Sherpa-peitto, jossa korukivien inspiroima kuvitus. T\u00e4ydellinen lahjaksi, rentoutumiseen tai osaksi harmonista sisustusta.\" \/>\n<meta property=\"og:url\" content=\"https:\/\/harmoniaelements.com\/en\/product\/amazoniitti-sherpa-torkkupeitto-2\/\" \/>\n<meta property=\"og:site_name\" content=\"Harmonia Elements\" \/>\n<meta property=\"article:modified_time\" content=\"2025-05-10T03:07:19+00:00\" \/>\n<meta property=\"og:image\" content=\"https:\/\/harmoniaelements.com\/wp-content\/uploads\/2025\/05\/sublimated-sherpa-blanket-tan-50x60-front-681a6ad038ac6.jpg\" \/>\n\t<meta property=\"og:image:width\" content=\"2000\" \/>\n\t<meta property=\"og:image:height\" content=\"2000\" \/>\n\t<meta property=\"og:image:type\" content=\"image\/jpeg\" \/>\n<meta name=\"twitter:card\" content=\"summary_large_image\" \/>\n<meta name=\"twitter:label1\" content=\"Estimated reading time\" \/>\n\t<meta name=\"twitter:data1\" content=\"3 minutes\" \/>\n<script type=\"application\/ld+json\" class=\"yoast-schema-graph\">{\"@context\":\"https:\\\/\\\/schema.org\",\"@graph\":[{\"@type\":\"WebPage\",\"@id\":\"https:\\\/\\\/harmoniaelements.com\\\/product\\\/amazoniitti-sherpa-torkkupeitto-2\\\/\",\"url\":\"https:\\\/\\\/harmoniaelements.com\\\/product\\\/amazoniitti-sherpa-torkkupeitto-2\\\/\",\"name\":\"Amazoniitti sherpa torkkupeitto 2 - Harmonia Elements\",\"isPartOf\":{\"@id\":\"https:\\\/\\\/harmoniaelements.com\\\/#website\"},\"primaryImageOfPage\":{\"@id\":\"https:\\\/\\\/harmoniaelements.com\\\/product\\\/amazoniitti-sherpa-torkkupeitto-2\\\/#primaryimage\"},\"image\":{\"@id\":\"https:\\\/\\\/harmoniaelements.com\\\/product\\\/amazoniitti-sherpa-torkkupeitto-2\\\/#primaryimage\"},\"thumbnailUrl\":\"https:\\\/\\\/harmoniaelements.com\\\/wp-content\\\/uploads\\\/2025\\\/05\\\/sublimated-sherpa-blanket-tan-50x60-front-681a6ad038ac6.jpg\",\"datePublished\":\"2025-05-06T20:02:36+00:00\",\"dateModified\":\"2025-05-10T03:07:19+00:00\",\"description\":\"Pehme\u00e4 ja l\u00e4mmin Sherpa-peitto, jossa korukivien inspiroima kuvitus. T\u00e4ydellinen lahjaksi, rentoutumiseen tai osaksi harmonista sisustusta.\",\"breadcrumb\":{\"@id\":\"https:\\\/\\\/harmoniaelements.com\\\/product\\\/amazoniitti-sherpa-torkkupeitto-2\\\/#breadcrumb\"},\"inLanguage\":\"en-GB\",\"potentialAction\":[{\"@type\":\"ReadAction\",\"target\":[\"https:\\\/\\\/harmoniaelements.com\\\/product\\\/amazoniitti-sherpa-torkkupeitto-2\\\/\"]}]},{\"@type\":\"ImageObject\",\"inLanguage\":\"en-GB\",\"@id\":\"https:\\\/\\\/harmoniaelements.com\\\/product\\\/amazoniitti-sherpa-torkkupeitto-2\\\/#primaryimage\",\"url\":\"https:\\\/\\\/harmoniaelements.com\\\/wp-content\\\/uploads\\\/2025\\\/05\\\/sublimated-sherpa-blanket-tan-50x60-front-681a6ad038ac6.jpg\",\"contentUrl\":\"https:\\\/\\\/harmoniaelements.com\\\/wp-content\\\/uploads\\\/2025\\\/05\\\/sublimated-sherpa-blanket-tan-50x60-front-681a6ad038ac6.jpg\",\"width\":2000,\"height\":2000},{\"@type\":\"BreadcrumbList\",\"@id\":\"https:\\\/\\\/harmoniaelements.com\\\/product\\\/amazoniitti-sherpa-torkkupeitto-2\\\/#breadcrumb\",\"itemListElement\":[{\"@type\":\"ListItem\",\"position\":1,\"name\":\"Etusivu\",\"item\":\"https:\\\/\\\/harmoniaelements.com\\\/\"},{\"@type\":\"ListItem\",\"position\":2,\"name\":\"Kauppa\",\"item\":\"https:\\\/\\\/harmoniaelements.com\\\/kauppa\\\/\"},{\"@type\":\"ListItem\",\"position\":3,\"name\":\"Amazoniitti sherpa torkkupeitto 2\"}]},{\"@type\":\"WebSite\",\"@id\":\"https:\\\/\\\/harmoniaelements.com\\\/#website\",\"url\":\"https:\\\/\\\/harmoniaelements.com\\\/\",\"name\":\"Harmonia Elements\",\"description\":\"Feng Shui kohtaa suomalaisen sisustuksen\",\"publisher\":{\"@id\":\"https:\\\/\\\/harmoniaelements.com\\\/#organization\"},\"potentialAction\":[{\"@type\":\"SearchAction\",\"target\":{\"@type\":\"EntryPoint\",\"urlTemplate\":\"https:\\\/\\\/harmoniaelements.com\\\/?s={search_term_string}\"},\"query-input\":{\"@type\":\"PropertyValueSpecification\",\"valueRequired\":true,\"valueName\":\"search_term_string\"}}],\"inLanguage\":\"en-GB\"},{\"@type\":\"Organization\",\"@id\":\"https:\\\/\\\/harmoniaelements.com\\\/#organization\",\"name\":\"Harmonia Elements\",\"url\":\"https:\\\/\\\/harmoniaelements.com\\\/\",\"logo\":{\"@type\":\"ImageObject\",\"inLanguage\":\"en-GB\",\"@id\":\"https:\\\/\\\/harmoniaelements.com\\\/#\\\/schema\\\/logo\\\/image\\\/\",\"url\":\"https:\\\/\\\/harmoniaelements.com\\\/wp-content\\\/uploads\\\/2025\\\/01\\\/2.png\",\"contentUrl\":\"https:\\\/\\\/harmoniaelements.com\\\/wp-content\\\/uploads\\\/2025\\\/01\\\/2.png\",\"width\":500,\"height\":500,\"caption\":\"Harmonia Elements\"},\"image\":{\"@id\":\"https:\\\/\\\/harmoniaelements.com\\\/#\\\/schema\\\/logo\\\/image\\\/\"}}]}<\/script>\n<!-- \/ Yoast SEO plugin. -->","yoast_head_json":{"title":"Amazoniitti sherpa torkkupeitto 2 - Harmonia Elements","description":"Pehme\u00e4 ja l\u00e4mmin Sherpa-peitto, jossa korukivien inspiroima kuvitus. T\u00e4ydellinen lahjaksi, rentoutumiseen tai osaksi harmonista sisustusta.","robots":{"index":"index","follow":"follow","max-snippet":"max-snippet:-1","max-image-preview":"max-image-preview:large","max-video-preview":"max-video-preview:-1"},"canonical":"https:\/\/harmoniaelements.com\/en\/product\/amazoniitti-sherpa-torkkupeitto-2\/","og_locale":"en_GB","og_type":"article","og_title":"Amazoniitti sherpa torkkupeitto 2 - Harmonia Elements","og_description":"Pehme\u00e4 ja l\u00e4mmin Sherpa-peitto, jossa korukivien inspiroima kuvitus. T\u00e4ydellinen lahjaksi, rentoutumiseen tai osaksi harmonista sisustusta.","og_url":"https:\/\/harmoniaelements.com\/en\/product\/amazoniitti-sherpa-torkkupeitto-2\/","og_site_name":"Harmonia Elements","article_modified_time":"2025-05-10T03:07:19+00:00","og_image":[{"width":2000,"height":2000,"url":"https:\/\/harmoniaelements.com\/wp-content\/uploads\/2025\/05\/sublimated-sherpa-blanket-tan-50x60-front-681a6ad038ac6.jpg","type":"image\/jpeg"}],"twitter_card":"summary_large_image","twitter_misc":{"Estimated reading time":"3 minutes"},"schema":{"@context":"https:\/\/schema.org","@graph":[{"@type":"WebPage","@id":"https:\/\/harmoniaelements.com\/product\/amazoniitti-sherpa-torkkupeitto-2\/","url":"https:\/\/harmoniaelements.com\/product\/amazoniitti-sherpa-torkkupeitto-2\/","name":"Amazoniitti sherpa torkkupeitto 2 - Harmonia Elements","isPartOf":{"@id":"https:\/\/harmoniaelements.com\/#website"},"primaryImageOfPage":{"@id":"https:\/\/harmoniaelements.com\/product\/amazoniitti-sherpa-torkkupeitto-2\/#primaryimage"},"image":{"@id":"https:\/\/harmoniaelements.com\/product\/amazoniitti-sherpa-torkkupeitto-2\/#primaryimage"},"thumbnailUrl":"https:\/\/harmoniaelements.com\/wp-content\/uploads\/2025\/05\/sublimated-sherpa-blanket-tan-50x60-front-681a6ad038ac6.jpg","datePublished":"2025-05-06T20:02:36+00:00","dateModified":"2025-05-10T03:07:19+00:00","description":"Pehme\u00e4 ja l\u00e4mmin Sherpa-peitto, jossa korukivien inspiroima kuvitus. T\u00e4ydellinen lahjaksi, rentoutumiseen tai osaksi harmonista sisustusta.","breadcrumb":{"@id":"https:\/\/harmoniaelements.com\/product\/amazoniitti-sherpa-torkkupeitto-2\/#breadcrumb"},"inLanguage":"en-GB","potentialAction":[{"@type":"ReadAction","target":["https:\/\/harmoniaelements.com\/product\/amazoniitti-sherpa-torkkupeitto-2\/"]}]},{"@type":"ImageObject","inLanguage":"en-GB","@id":"https:\/\/harmoniaelements.com\/product\/amazoniitti-sherpa-torkkupeitto-2\/#primaryimage","url":"https:\/\/harmoniaelements.com\/wp-content\/uploads\/2025\/05\/sublimated-sherpa-blanket-tan-50x60-front-681a6ad038ac6.jpg","contentUrl":"https:\/\/harmoniaelements.com\/wp-content\/uploads\/2025\/05\/sublimated-sherpa-blanket-tan-50x60-front-681a6ad038ac6.jpg","width":2000,"height":2000},{"@type":"BreadcrumbList","@id":"https:\/\/harmoniaelements.com\/product\/amazoniitti-sherpa-torkkupeitto-2\/#breadcrumb","itemListElement":[{"@type":"ListItem","position":1,"name":"Etusivu","item":"https:\/\/harmoniaelements.com\/"},{"@type":"ListItem","position":2,"name":"Kauppa","item":"https:\/\/harmoniaelements.com\/kauppa\/"},{"@type":"ListItem","position":3,"name":"Amazoniitti sherpa torkkupeitto 2"}]},{"@type":"WebSite","@id":"https:\/\/harmoniaelements.com\/#website","url":"https:\/\/harmoniaelements.com\/","name":"Harmonia Elements","description":"Feng Shui kohtaa suomalaisen sisustuksen","publisher":{"@id":"https:\/\/harmoniaelements.com\/#organization"},"potentialAction":[{"@type":"SearchAction","target":{"@type":"EntryPoint","urlTemplate":"https:\/\/harmoniaelements.com\/?s={search_term_string}"},"query-input":{"@type":"PropertyValueSpecification","valueRequired":true,"valueName":"search_term_string"}}],"inLanguage":"en-GB"},{"@type":"Organization","@id":"https:\/\/harmoniaelements.com\/#organization","name":"Harmonia Elements","url":"https:\/\/harmoniaelements.com\/","logo":{"@type":"ImageObject","inLanguage":"en-GB","@id":"https:\/\/harmoniaelements.com\/#\/schema\/logo\/image\/","url":"https:\/\/harmoniaelements.com\/wp-content\/uploads\/2025\/01\/2.png","contentUrl":"https:\/\/harmoniaelements.com\/wp-content\/uploads\/2025\/01\/2.png","width":500,"height":500,"caption":"Harmonia Elements"},"image":{"@id":"https:\/\/harmoniaelements.com\/#\/schema\/logo\/image\/"}}]}},"jetpack_sharing_enabled":true,"_links":{"self":[{"href":"https:\/\/harmoniaelements.com\/en\/wp-json\/wp\/v2\/product\/9445","targetHints":{"allow":["GET"]}}],"collection":[{"href":"https:\/\/harmoniaelements.com\/en\/wp-json\/wp\/v2\/product"}],"about":[{"href":"https:\/\/harmoniaelements.com\/en\/wp-json\/wp\/v2\/types\/product"}],"wp:featuredmedia":[{"embeddable":true,"href":"https:\/\/harmoniaelements.com\/en\/wp-json\/wp\/v2\/media\/9448"}],"wp:attachment":[{"href":"https:\/\/harmoniaelements.com\/en\/wp-json\/wp\/v2\/media?parent=9445"}],"wp:term":[{"taxonomy":"product_brand","embeddable":true,"href":"https:\/\/harmoniaelements.com\/en\/wp-json\/wp\/v2\/product_brand?post=9445"},{"taxonomy":"product_cat","embeddable":true,"href":"https:\/\/harmoniaelements.com\/en\/wp-json\/wp\/v2\/product_cat?post=9445"},{"taxonomy":"product_tag","embeddable":true,"href":"https:\/\/harmoniaelements.com\/en\/wp-json\/wp\/v2\/product_tag?post=9445"}],"curies":[{"name":"wp","href":"https:\/\/api.w.org\/{rel}","templated":true}]}}