{"id":882,"date":"2025-01-17T11:32:40","date_gmt":"2025-01-17T11:32:40","guid":{"rendered":"https:\/\/harmoniaelements.com\/product\/dont-mess-with-my-qi-t-paita\/"},"modified":"2025-01-17T11:41:02","modified_gmt":"2025-01-17T11:41:02","slug":"dont-mess-with-my-qi-t-paita","status":"publish","type":"product","link":"https:\/\/harmoniaelements.com\/en\/product\/dont-mess-with-my-qi-t-paita\/","title":{"rendered":"Don&#8217;t Mess With My Qi T-paita"},"content":{"rendered":"<p data-pm-slice=\"1 1 []\">Saatavilla eri kokoja ja v\u00e4rej\u00e4.<\/p>\n<p>T\u00e4m\u00e4 t-paita on kaikki, mist\u00e4 olet koskaan haaveillut \u2013 ja enemm\u00e4n. Se tuntuu pehme\u00e4lt\u00e4 ja kevyelt\u00e4, juuri oikealla m\u00e4\u00e4r\u00e4ll\u00e4 joustoa. Mukava ja imarteleva unisex-malli sopii kaikille ja tarjoaa ylivertaista mukavuutta niin arkeen kuin vapaa-aikaan.<\/p>\n<p><strong>Toimitus:<\/strong> T-paita painetaan ja toimitetaan suoraan yhteisty\u00f6kumppaniltamme Latviassa, varmistaen nopean ja luotettavan palvelun Euroopan asiakkaille.<\/p>\n<p><strong>Ominaisuudet:<\/strong><\/p>\n<ul data-spread=\"false\">\n<li>100 % puuvillaa (Heather-s\u00e4vyt sis\u00e4lt\u00e4v\u00e4t polyesteri\u00e4)<\/li>\n<li>Kankaan paino: 142 g\/m\u00b2 (4.2 oz.\/yd.\u00b2)<\/li>\n<li>Esikutistettu kangas<\/li>\n<li>Sivusaumainen rakenne<\/li>\n<li>Vahvistetut saumat olkap\u00e4ill\u00e4<\/li>\n<li>Paita ennen painokuvaa hankittu Nicaraguasta, Meksikosta, Hondurasista tai Yhdysvalloista<\/li>\n<\/ul>\n<p><strong>Tuotannon vaiheet:<\/strong><\/p>\n<ul data-spread=\"false\">\n<li>Kudonta: Intia, Etel\u00e4-Korea<\/li>\n<li>V\u00e4rj\u00e4ys: El Salvador, Kalifornia<\/li>\n<li>Valmistus: Nicaragua, Meksiko, Honduras tai Yhdysvallat<\/li>\n<\/ul>\n<p><strong>Materiaalit ja turvallisuus:<\/strong><\/p>\n<ul data-spread=\"false\">\n<li>Sis\u00e4lt\u00e4\u00e4 0 % kierr\u00e4tetty\u00e4 materiaaleja<\/li>\n<li>Sis\u00e4lt\u00e4\u00e4 0 % vaarallisia aineita<\/li>\n<\/ul>\n<p><strong>Ik\u00e4rajoitus:<\/strong> Tuote on tarkoitettu aikuisille.<\/p>\n<p><strong>Takuu EU:ssa:<\/strong> 2 vuotta<\/p>\n<div>\n<hr \/>\n<\/div>\n<p>&nbsp;<\/p>","protected":false},"excerpt":{"rendered":"<p>Saatavilla eri kokoja ja v\u00e4rej\u00e4. T\u00e4m\u00e4 t-paita on kaikki, mist\u00e4 olet koskaan haaveillut \u2013 ja enemm\u00e4n. Se tuntuu pehme\u00e4lt\u00e4 ja kevyelt\u00e4, juuri oikealla m\u00e4\u00e4r\u00e4ll\u00e4 joustoa. Mukava ja imarteleva unisex-malli sopii kaikille ja tarjoaa ylivertaista mukavuutta niin arkeen kuin vapaa-aikaan. Toimitus: T-paita painetaan ja toimitetaan suoraan yhteisty\u00f6kumppaniltamme Latviassa, varmistaen nopean ja luotettavan palvelun Euroopan asiakkaille. Ominaisuudet:&hellip;&nbsp;<a href=\"https:\/\/harmoniaelements.com\/en\/product\/dont-mess-with-my-qi-t-paita\/\" rel=\"bookmark\">Read More &raquo;<span class=\"screen-reader-text\">Don&#8217;t Mess With My Qi T-paita<\/span><\/a><\/p>","protected":false},"featured_media":927,"template":"","meta":{"_monsterinsights_skip_tracking":false,"_monsterinsights_sitenote_active":false,"_monsterinsights_sitenote_note":"","_monsterinsights_sitenote_category":0,"_uf_show_specific_survey":0,"_uf_disable_surveys":false,"neve_meta_sidebar":"","neve_meta_container":"","neve_meta_enable_content_width":"off","neve_meta_content_width":100,"neve_meta_title_alignment":"","neve_meta_author_avatar":"","neve_post_elements_order":"","neve_meta_disable_header":"","neve_meta_disable_footer":"","neve_meta_disable_title":"","_themeisle_gutenberg_block_has_review":false},"product_brand":[],"product_cat":[59,58],"product_tag":[],"class_list":{"0":"post-882","1":"product","2":"type-product","3":"status-publish","4":"has-post-thumbnail","6":"product_cat-t-paidat","7":"product_cat-vaatteet","9":"first","10":"instock","11":"taxable","12":"shipping-taxable","13":"purchasable","14":"product-type-variable"},"yoast_head":"<!-- This site is optimized with the Yoast SEO plugin v27.4 - https:\/\/yoast.com\/product\/yoast-seo-wordpress\/ -->\n<title>Don&#039;t Mess With My Qi T-paita - Harmonia Elements<\/title>\n<meta name=\"description\" content=\"Unisex t-paita, pehme\u00e4 ja kevyt 100 % puuvillasta. Mukava malli arkeen ja vapaa-aikaan Feng Shui teemalla. Tilaa omasi nyt!\" \/>\n<meta name=\"robots\" content=\"index, follow, max-snippet:-1, max-image-preview:large, max-video-preview:-1\" \/>\n<link rel=\"canonical\" href=\"https:\/\/harmoniaelements.com\/en\/product\/dont-mess-with-my-qi-t-paita\/\" \/>\n<meta property=\"og:locale\" content=\"en_GB\" \/>\n<meta property=\"og:type\" content=\"article\" \/>\n<meta property=\"og:title\" content=\"Don&#039;t Mess With My Qi T-paita - Harmonia Elements\" \/>\n<meta property=\"og:description\" content=\"Unisex t-paita, pehme\u00e4 ja kevyt 100 % puuvillasta. Mukava malli arkeen ja vapaa-aikaan Feng Shui teemalla. Tilaa omasi nyt!\" \/>\n<meta property=\"og:url\" content=\"https:\/\/harmoniaelements.com\/en\/product\/dont-mess-with-my-qi-t-paita\/\" \/>\n<meta property=\"og:site_name\" content=\"Harmonia Elements\" \/>\n<meta property=\"article:modified_time\" content=\"2025-01-17T11:41:02+00:00\" \/>\n<meta property=\"og:image\" content=\"https:\/\/harmoniaelements.com\/wp-content\/uploads\/2025\/01\/unisex-classic-tee-natural-front-678a3fc65a7d6.jpg\" \/>\n\t<meta property=\"og:image:width\" content=\"2000\" \/>\n\t<meta property=\"og:image:height\" content=\"2000\" \/>\n\t<meta property=\"og:image:type\" content=\"image\/jpeg\" \/>\n<meta name=\"twitter:card\" content=\"summary_large_image\" \/>\n<meta name=\"twitter:label1\" content=\"Estimated reading time\" \/>\n\t<meta name=\"twitter:data1\" content=\"1 minute\" \/>\n<script type=\"application\/ld+json\" class=\"yoast-schema-graph\">{\"@context\":\"https:\\\/\\\/schema.org\",\"@graph\":[{\"@type\":\"WebPage\",\"@id\":\"https:\\\/\\\/harmoniaelements.com\\\/product\\\/dont-mess-with-my-qi-t-paita\\\/\",\"url\":\"https:\\\/\\\/harmoniaelements.com\\\/product\\\/dont-mess-with-my-qi-t-paita\\\/\",\"name\":\"Don't Mess With My Qi T-paita - Harmonia Elements\",\"isPartOf\":{\"@id\":\"https:\\\/\\\/harmoniaelements.com\\\/#website\"},\"primaryImageOfPage\":{\"@id\":\"https:\\\/\\\/harmoniaelements.com\\\/product\\\/dont-mess-with-my-qi-t-paita\\\/#primaryimage\"},\"image\":{\"@id\":\"https:\\\/\\\/harmoniaelements.com\\\/product\\\/dont-mess-with-my-qi-t-paita\\\/#primaryimage\"},\"thumbnailUrl\":\"https:\\\/\\\/harmoniaelements.com\\\/wp-content\\\/uploads\\\/2025\\\/01\\\/unisex-classic-tee-natural-front-678a3fc65a7d6.jpg\",\"datePublished\":\"2025-01-17T11:32:40+00:00\",\"dateModified\":\"2025-01-17T11:41:02+00:00\",\"description\":\"Unisex t-paita, pehme\u00e4 ja kevyt 100 % puuvillasta. Mukava malli arkeen ja vapaa-aikaan Feng Shui teemalla. Tilaa omasi nyt!\",\"breadcrumb\":{\"@id\":\"https:\\\/\\\/harmoniaelements.com\\\/product\\\/dont-mess-with-my-qi-t-paita\\\/#breadcrumb\"},\"inLanguage\":\"en-GB\",\"potentialAction\":[{\"@type\":\"ReadAction\",\"target\":[\"https:\\\/\\\/harmoniaelements.com\\\/product\\\/dont-mess-with-my-qi-t-paita\\\/\"]}]},{\"@type\":\"ImageObject\",\"inLanguage\":\"en-GB\",\"@id\":\"https:\\\/\\\/harmoniaelements.com\\\/product\\\/dont-mess-with-my-qi-t-paita\\\/#primaryimage\",\"url\":\"https:\\\/\\\/harmoniaelements.com\\\/wp-content\\\/uploads\\\/2025\\\/01\\\/unisex-classic-tee-natural-front-678a3fc65a7d6.jpg\",\"contentUrl\":\"https:\\\/\\\/harmoniaelements.com\\\/wp-content\\\/uploads\\\/2025\\\/01\\\/unisex-classic-tee-natural-front-678a3fc65a7d6.jpg\",\"width\":2000,\"height\":2000},{\"@type\":\"BreadcrumbList\",\"@id\":\"https:\\\/\\\/harmoniaelements.com\\\/product\\\/dont-mess-with-my-qi-t-paita\\\/#breadcrumb\",\"itemListElement\":[{\"@type\":\"ListItem\",\"position\":1,\"name\":\"Etusivu\",\"item\":\"https:\\\/\\\/harmoniaelements.com\\\/\"},{\"@type\":\"ListItem\",\"position\":2,\"name\":\"Kauppa\",\"item\":\"https:\\\/\\\/harmoniaelements.com\\\/kauppa\\\/\"},{\"@type\":\"ListItem\",\"position\":3,\"name\":\"Don&#8217;t Mess With My Qi T-paita\"}]},{\"@type\":\"WebSite\",\"@id\":\"https:\\\/\\\/harmoniaelements.com\\\/#website\",\"url\":\"https:\\\/\\\/harmoniaelements.com\\\/\",\"name\":\"Harmonia Elements\",\"description\":\"Feng Shui kohtaa suomalaisen sisustuksen\",\"publisher\":{\"@id\":\"https:\\\/\\\/harmoniaelements.com\\\/#organization\"},\"potentialAction\":[{\"@type\":\"SearchAction\",\"target\":{\"@type\":\"EntryPoint\",\"urlTemplate\":\"https:\\\/\\\/harmoniaelements.com\\\/?s={search_term_string}\"},\"query-input\":{\"@type\":\"PropertyValueSpecification\",\"valueRequired\":true,\"valueName\":\"search_term_string\"}}],\"inLanguage\":\"en-GB\"},{\"@type\":\"Organization\",\"@id\":\"https:\\\/\\\/harmoniaelements.com\\\/#organization\",\"name\":\"Harmonia Elements\",\"url\":\"https:\\\/\\\/harmoniaelements.com\\\/\",\"logo\":{\"@type\":\"ImageObject\",\"inLanguage\":\"en-GB\",\"@id\":\"https:\\\/\\\/harmoniaelements.com\\\/#\\\/schema\\\/logo\\\/image\\\/\",\"url\":\"https:\\\/\\\/harmoniaelements.com\\\/wp-content\\\/uploads\\\/2025\\\/01\\\/2.png\",\"contentUrl\":\"https:\\\/\\\/harmoniaelements.com\\\/wp-content\\\/uploads\\\/2025\\\/01\\\/2.png\",\"width\":500,\"height\":500,\"caption\":\"Harmonia Elements\"},\"image\":{\"@id\":\"https:\\\/\\\/harmoniaelements.com\\\/#\\\/schema\\\/logo\\\/image\\\/\"}}]}<\/script>\n<!-- \/ Yoast SEO plugin. -->","yoast_head_json":{"title":"Don't Mess With My Qi T-paita - Harmonia Elements","description":"Unisex t-paita, pehme\u00e4 ja kevyt 100 % puuvillasta. Mukava malli arkeen ja vapaa-aikaan Feng Shui teemalla. Tilaa omasi nyt!","robots":{"index":"index","follow":"follow","max-snippet":"max-snippet:-1","max-image-preview":"max-image-preview:large","max-video-preview":"max-video-preview:-1"},"canonical":"https:\/\/harmoniaelements.com\/en\/product\/dont-mess-with-my-qi-t-paita\/","og_locale":"en_GB","og_type":"article","og_title":"Don't Mess With My Qi T-paita - Harmonia Elements","og_description":"Unisex t-paita, pehme\u00e4 ja kevyt 100 % puuvillasta. Mukava malli arkeen ja vapaa-aikaan Feng Shui teemalla. Tilaa omasi nyt!","og_url":"https:\/\/harmoniaelements.com\/en\/product\/dont-mess-with-my-qi-t-paita\/","og_site_name":"Harmonia Elements","article_modified_time":"2025-01-17T11:41:02+00:00","og_image":[{"width":2000,"height":2000,"url":"https:\/\/harmoniaelements.com\/wp-content\/uploads\/2025\/01\/unisex-classic-tee-natural-front-678a3fc65a7d6.jpg","type":"image\/jpeg"}],"twitter_card":"summary_large_image","twitter_misc":{"Estimated reading time":"1 minute"},"schema":{"@context":"https:\/\/schema.org","@graph":[{"@type":"WebPage","@id":"https:\/\/harmoniaelements.com\/product\/dont-mess-with-my-qi-t-paita\/","url":"https:\/\/harmoniaelements.com\/product\/dont-mess-with-my-qi-t-paita\/","name":"Don't Mess With My Qi T-paita - Harmonia Elements","isPartOf":{"@id":"https:\/\/harmoniaelements.com\/#website"},"primaryImageOfPage":{"@id":"https:\/\/harmoniaelements.com\/product\/dont-mess-with-my-qi-t-paita\/#primaryimage"},"image":{"@id":"https:\/\/harmoniaelements.com\/product\/dont-mess-with-my-qi-t-paita\/#primaryimage"},"thumbnailUrl":"https:\/\/harmoniaelements.com\/wp-content\/uploads\/2025\/01\/unisex-classic-tee-natural-front-678a3fc65a7d6.jpg","datePublished":"2025-01-17T11:32:40+00:00","dateModified":"2025-01-17T11:41:02+00:00","description":"Unisex t-paita, pehme\u00e4 ja kevyt 100 % puuvillasta. Mukava malli arkeen ja vapaa-aikaan Feng Shui teemalla. Tilaa omasi nyt!","breadcrumb":{"@id":"https:\/\/harmoniaelements.com\/product\/dont-mess-with-my-qi-t-paita\/#breadcrumb"},"inLanguage":"en-GB","potentialAction":[{"@type":"ReadAction","target":["https:\/\/harmoniaelements.com\/product\/dont-mess-with-my-qi-t-paita\/"]}]},{"@type":"ImageObject","inLanguage":"en-GB","@id":"https:\/\/harmoniaelements.com\/product\/dont-mess-with-my-qi-t-paita\/#primaryimage","url":"https:\/\/harmoniaelements.com\/wp-content\/uploads\/2025\/01\/unisex-classic-tee-natural-front-678a3fc65a7d6.jpg","contentUrl":"https:\/\/harmoniaelements.com\/wp-content\/uploads\/2025\/01\/unisex-classic-tee-natural-front-678a3fc65a7d6.jpg","width":2000,"height":2000},{"@type":"BreadcrumbList","@id":"https:\/\/harmoniaelements.com\/product\/dont-mess-with-my-qi-t-paita\/#breadcrumb","itemListElement":[{"@type":"ListItem","position":1,"name":"Etusivu","item":"https:\/\/harmoniaelements.com\/"},{"@type":"ListItem","position":2,"name":"Kauppa","item":"https:\/\/harmoniaelements.com\/kauppa\/"},{"@type":"ListItem","position":3,"name":"Don&#8217;t Mess With My Qi T-paita"}]},{"@type":"WebSite","@id":"https:\/\/harmoniaelements.com\/#website","url":"https:\/\/harmoniaelements.com\/","name":"Harmonia Elements","description":"Feng Shui kohtaa suomalaisen sisustuksen","publisher":{"@id":"https:\/\/harmoniaelements.com\/#organization"},"potentialAction":[{"@type":"SearchAction","target":{"@type":"EntryPoint","urlTemplate":"https:\/\/harmoniaelements.com\/?s={search_term_string}"},"query-input":{"@type":"PropertyValueSpecification","valueRequired":true,"valueName":"search_term_string"}}],"inLanguage":"en-GB"},{"@type":"Organization","@id":"https:\/\/harmoniaelements.com\/#organization","name":"Harmonia Elements","url":"https:\/\/harmoniaelements.com\/","logo":{"@type":"ImageObject","inLanguage":"en-GB","@id":"https:\/\/harmoniaelements.com\/#\/schema\/logo\/image\/","url":"https:\/\/harmoniaelements.com\/wp-content\/uploads\/2025\/01\/2.png","contentUrl":"https:\/\/harmoniaelements.com\/wp-content\/uploads\/2025\/01\/2.png","width":500,"height":500,"caption":"Harmonia Elements"},"image":{"@id":"https:\/\/harmoniaelements.com\/#\/schema\/logo\/image\/"}}]}},"jetpack_sharing_enabled":true,"_links":{"self":[{"href":"https:\/\/harmoniaelements.com\/en\/wp-json\/wp\/v2\/product\/882","targetHints":{"allow":["GET"]}}],"collection":[{"href":"https:\/\/harmoniaelements.com\/en\/wp-json\/wp\/v2\/product"}],"about":[{"href":"https:\/\/harmoniaelements.com\/en\/wp-json\/wp\/v2\/types\/product"}],"wp:featuredmedia":[{"embeddable":true,"href":"https:\/\/harmoniaelements.com\/en\/wp-json\/wp\/v2\/media\/927"}],"wp:attachment":[{"href":"https:\/\/harmoniaelements.com\/en\/wp-json\/wp\/v2\/media?parent=882"}],"wp:term":[{"taxonomy":"product_brand","embeddable":true,"href":"https:\/\/harmoniaelements.com\/en\/wp-json\/wp\/v2\/product_brand?post=882"},{"taxonomy":"product_cat","embeddable":true,"href":"https:\/\/harmoniaelements.com\/en\/wp-json\/wp\/v2\/product_cat?post=882"},{"taxonomy":"product_tag","embeddable":true,"href":"https:\/\/harmoniaelements.com\/en\/wp-json\/wp\/v2\/product_tag?post=882"}],"curies":[{"name":"wp","href":"https:\/\/api.w.org\/{rel}","templated":true}]}}