{"id":8673,"date":"2025-04-29T06:28:11","date_gmt":"2025-04-29T06:28:11","guid":{"rendered":"https:\/\/harmoniaelements.com\/product\/seepra-abstrakti-canvastaulu\/"},"modified":"2025-05-13T10:24:54","modified_gmt":"2025-05-13T10:24:54","slug":"seepra-abstrakti-canvastaulu","status":"publish","type":"product","link":"https:\/\/harmoniaelements.com\/en\/product\/seepra-abstrakti-canvastaulu\/","title":{"rendered":"Seepra abstrakti canvastaulu"},"content":{"rendered":"<p>HUOM! Koot ilmoitettu tuumina \u2013 vastaavat senttikoot:<br \/>\n11&#215;14&#8243; (n. 28\u00d736 cm), 16&#215;20&#8243; (n. 40\u00d750 cm), 24&#215;36&#8243; (n. 60\u00d790 cm), 30&#215;40&#8243; (n. 76\u00d7102 cm), 40&#215;60&#8243; (n. 102\u00d7152 cm)<\/p>\n<p>Tuo kotiisi ripaus harmoniaa ja pohjoismaista tyyli\u00e4 korkealaatuisella canvastaululla. Harmonia Elementsin canvaskokoelma tarjoaa valikoiman taideteoksia, jotka yhdist\u00e4v\u00e4t feng shuin viisi elementti\u00e4 (puu, maa, tuli, metalli ja vesi), kiinalaiset horoskoopit, korukivien estetiikan sek\u00e4 luonnon ja pohjoismaisen minimalismin parhaat puolet.<\/p>\n<p>Canvas-taulut valmistetaan tilauksesta ja ne tuotetaan Euroopassa (Latviassa) varmistaen laadukkaan ja vastuullisen valmistuksen. Jokainen taulu on k\u00e4sin pingotettu tukevan massiivipuisen kehyksen p\u00e4\u00e4lle ja varustettu valmiilla kiinnitystarvikkeilla helppoa ripustamista varten. Haalistumaton tulostus ja luonnon inspiroimat kuviot tuovat kest\u00e4v\u00e4\u00e4 kauneutta kodin jokaiseen huoneeseen.<\/p>\n<p>Ominaisuudet:<br \/>\n\u2022 1,25\u2033 (3,18 cm) paksu poly-puuvillasekoitecanvas<br \/>\n\u2022 Kankaan paino: n. 344 g\/m\u00b2<br \/>\n\u2022 Haalistumaton v\u00e4ritulostus<br \/>\n\u2022 K\u00e4sin pingotettu massiivipuisille tukikehyksille<br \/>\n\u2022 Valmiit kiinnitystarvikkeet mukana<br \/>\n\u2022 Valmistetaan tilauksesta Latviassa (Eurooppa)<\/p>","protected":false},"excerpt":{"rendered":"<p>HUOM! Koot ilmoitettu tuumina \u2013 vastaavat senttikoot: 11&#215;14&#8243; (n. 28\u00d736 cm), 16&#215;20&#8243; (n. 40\u00d750 cm), 24&#215;36&#8243; (n. 60\u00d790 cm), 30&#215;40&#8243; (n. 76\u00d7102 cm), 40&#215;60&#8243; (n. 102\u00d7152 cm) Tuo kotiisi ripaus harmoniaa ja pohjoismaista tyyli\u00e4 korkealaatuisella canvastaululla. Harmonia Elementsin canvaskokoelma tarjoaa valikoiman taideteoksia, jotka yhdist\u00e4v\u00e4t feng shuin viisi elementti\u00e4 (puu, maa, tuli, metalli ja vesi), kiinalaiset&hellip;&nbsp;<a href=\"https:\/\/harmoniaelements.com\/en\/product\/seepra-abstrakti-canvastaulu\/\" rel=\"bookmark\">Read More &raquo;<span class=\"screen-reader-text\">Seepra abstrakti canvastaulu<\/span><\/a><\/p>","protected":false},"featured_media":8679,"template":"","meta":{"_monsterinsights_skip_tracking":false,"_monsterinsights_sitenote_active":false,"_monsterinsights_sitenote_note":"","_monsterinsights_sitenote_category":0,"_uf_show_specific_survey":0,"_uf_disable_surveys":false,"neve_meta_sidebar":"","neve_meta_container":"","neve_meta_enable_content_width":"","neve_meta_content_width":0,"neve_meta_title_alignment":"","neve_meta_author_avatar":"","neve_post_elements_order":"","neve_meta_disable_header":"","neve_meta_disable_footer":"","neve_meta_disable_title":"","_themeisle_gutenberg_block_has_review":false},"product_brand":[],"product_cat":[171],"product_tag":[],"class_list":{"0":"post-8673","1":"product","2":"type-product","3":"status-publish","4":"has-post-thumbnail","6":"product_cat-canvastaulut","8":"first","9":"instock","10":"taxable","11":"shipping-taxable","12":"purchasable","13":"product-type-variable"},"yoast_head":"<!-- This site is optimized with the Yoast SEO plugin v27.4 - https:\/\/yoast.com\/product\/yoast-seo-wordpress\/ -->\n<title>Seepra abstrakti canvastaulu - Harmonia Elements<\/title>\n<meta name=\"robots\" content=\"index, follow, max-snippet:-1, max-image-preview:large, max-video-preview:-1\" \/>\n<link rel=\"canonical\" href=\"https:\/\/harmoniaelements.com\/en\/product\/seepra-abstrakti-canvastaulu\/\" \/>\n<meta property=\"og:locale\" content=\"en_GB\" \/>\n<meta property=\"og:type\" content=\"article\" \/>\n<meta property=\"og:title\" content=\"Seepra abstrakti canvastaulu - Harmonia Elements\" \/>\n<meta property=\"og:description\" content=\"HUOM! Koot ilmoitettu tuumina \u2013 vastaavat senttikoot: 11&#215;14&#8243; (n. 28\u00d736 cm), 16&#215;20&#8243; (n. 40\u00d750 cm), 24&#215;36&#8243; (n. 60\u00d790 cm), 30&#215;40&#8243; (n. 76\u00d7102 cm), 40&#215;60&#8243; (n. 102\u00d7152 cm) Tuo kotiisi ripaus harmoniaa ja pohjoismaista tyyli\u00e4 korkealaatuisella canvastaululla. Harmonia Elementsin canvaskokoelma tarjoaa valikoiman taideteoksia, jotka yhdist\u00e4v\u00e4t feng shuin viisi elementti\u00e4 (puu, maa, tuli, metalli ja vesi), kiinalaiset&hellip;&nbsp;Read More &raquo;Seepra abstrakti canvastaulu\" \/>\n<meta property=\"og:url\" content=\"https:\/\/harmoniaelements.com\/en\/product\/seepra-abstrakti-canvastaulu\/\" \/>\n<meta property=\"og:site_name\" content=\"Harmonia Elements\" \/>\n<meta property=\"article:modified_time\" content=\"2025-05-13T10:24:54+00:00\" \/>\n<meta property=\"og:image\" content=\"https:\/\/harmoniaelements.com\/wp-content\/uploads\/2025\/04\/canvas-in-40x60-wall-68107170aac6c.jpg\" \/>\n\t<meta property=\"og:image:width\" content=\"2000\" \/>\n\t<meta property=\"og:image:height\" content=\"2000\" \/>\n\t<meta property=\"og:image:type\" content=\"image\/jpeg\" \/>\n<meta name=\"twitter:card\" content=\"summary_large_image\" \/>\n<meta name=\"twitter:label1\" content=\"Estimated reading time\" \/>\n\t<meta name=\"twitter:data1\" content=\"1 minute\" \/>\n<script type=\"application\/ld+json\" class=\"yoast-schema-graph\">{\"@context\":\"https:\\\/\\\/schema.org\",\"@graph\":[{\"@type\":\"WebPage\",\"@id\":\"https:\\\/\\\/harmoniaelements.com\\\/product\\\/seepra-abstrakti-canvastaulu\\\/\",\"url\":\"https:\\\/\\\/harmoniaelements.com\\\/product\\\/seepra-abstrakti-canvastaulu\\\/\",\"name\":\"Seepra abstrakti canvastaulu - Harmonia Elements\",\"isPartOf\":{\"@id\":\"https:\\\/\\\/harmoniaelements.com\\\/#website\"},\"primaryImageOfPage\":{\"@id\":\"https:\\\/\\\/harmoniaelements.com\\\/product\\\/seepra-abstrakti-canvastaulu\\\/#primaryimage\"},\"image\":{\"@id\":\"https:\\\/\\\/harmoniaelements.com\\\/product\\\/seepra-abstrakti-canvastaulu\\\/#primaryimage\"},\"thumbnailUrl\":\"https:\\\/\\\/harmoniaelements.com\\\/wp-content\\\/uploads\\\/2025\\\/04\\\/canvas-in-40x60-wall-68107170aac6c.jpg\",\"datePublished\":\"2025-04-29T06:28:11+00:00\",\"dateModified\":\"2025-05-13T10:24:54+00:00\",\"breadcrumb\":{\"@id\":\"https:\\\/\\\/harmoniaelements.com\\\/product\\\/seepra-abstrakti-canvastaulu\\\/#breadcrumb\"},\"inLanguage\":\"en-GB\",\"potentialAction\":[{\"@type\":\"ReadAction\",\"target\":[\"https:\\\/\\\/harmoniaelements.com\\\/product\\\/seepra-abstrakti-canvastaulu\\\/\"]}]},{\"@type\":\"ImageObject\",\"inLanguage\":\"en-GB\",\"@id\":\"https:\\\/\\\/harmoniaelements.com\\\/product\\\/seepra-abstrakti-canvastaulu\\\/#primaryimage\",\"url\":\"https:\\\/\\\/harmoniaelements.com\\\/wp-content\\\/uploads\\\/2025\\\/04\\\/canvas-in-40x60-wall-68107170aac6c.jpg\",\"contentUrl\":\"https:\\\/\\\/harmoniaelements.com\\\/wp-content\\\/uploads\\\/2025\\\/04\\\/canvas-in-40x60-wall-68107170aac6c.jpg\",\"width\":2000,\"height\":2000},{\"@type\":\"BreadcrumbList\",\"@id\":\"https:\\\/\\\/harmoniaelements.com\\\/product\\\/seepra-abstrakti-canvastaulu\\\/#breadcrumb\",\"itemListElement\":[{\"@type\":\"ListItem\",\"position\":1,\"name\":\"Etusivu\",\"item\":\"https:\\\/\\\/harmoniaelements.com\\\/\"},{\"@type\":\"ListItem\",\"position\":2,\"name\":\"Kauppa\",\"item\":\"https:\\\/\\\/harmoniaelements.com\\\/kauppa\\\/\"},{\"@type\":\"ListItem\",\"position\":3,\"name\":\"Seepra abstrakti canvastaulu\"}]},{\"@type\":\"WebSite\",\"@id\":\"https:\\\/\\\/harmoniaelements.com\\\/#website\",\"url\":\"https:\\\/\\\/harmoniaelements.com\\\/\",\"name\":\"Harmonia Elements\",\"description\":\"Feng Shui kohtaa suomalaisen sisustuksen\",\"publisher\":{\"@id\":\"https:\\\/\\\/harmoniaelements.com\\\/#organization\"},\"potentialAction\":[{\"@type\":\"SearchAction\",\"target\":{\"@type\":\"EntryPoint\",\"urlTemplate\":\"https:\\\/\\\/harmoniaelements.com\\\/?s={search_term_string}\"},\"query-input\":{\"@type\":\"PropertyValueSpecification\",\"valueRequired\":true,\"valueName\":\"search_term_string\"}}],\"inLanguage\":\"en-GB\"},{\"@type\":\"Organization\",\"@id\":\"https:\\\/\\\/harmoniaelements.com\\\/#organization\",\"name\":\"Harmonia Elements\",\"url\":\"https:\\\/\\\/harmoniaelements.com\\\/\",\"logo\":{\"@type\":\"ImageObject\",\"inLanguage\":\"en-GB\",\"@id\":\"https:\\\/\\\/harmoniaelements.com\\\/#\\\/schema\\\/logo\\\/image\\\/\",\"url\":\"https:\\\/\\\/harmoniaelements.com\\\/wp-content\\\/uploads\\\/2025\\\/01\\\/2.png\",\"contentUrl\":\"https:\\\/\\\/harmoniaelements.com\\\/wp-content\\\/uploads\\\/2025\\\/01\\\/2.png\",\"width\":500,\"height\":500,\"caption\":\"Harmonia Elements\"},\"image\":{\"@id\":\"https:\\\/\\\/harmoniaelements.com\\\/#\\\/schema\\\/logo\\\/image\\\/\"}}]}<\/script>\n<!-- \/ Yoast SEO plugin. -->","yoast_head_json":{"title":"Seepra abstrakti canvastaulu - Harmonia Elements","robots":{"index":"index","follow":"follow","max-snippet":"max-snippet:-1","max-image-preview":"max-image-preview:large","max-video-preview":"max-video-preview:-1"},"canonical":"https:\/\/harmoniaelements.com\/en\/product\/seepra-abstrakti-canvastaulu\/","og_locale":"en_GB","og_type":"article","og_title":"Seepra abstrakti canvastaulu - Harmonia Elements","og_description":"HUOM! Koot ilmoitettu tuumina \u2013 vastaavat senttikoot: 11&#215;14&#8243; (n. 28\u00d736 cm), 16&#215;20&#8243; (n. 40\u00d750 cm), 24&#215;36&#8243; (n. 60\u00d790 cm), 30&#215;40&#8243; (n. 76\u00d7102 cm), 40&#215;60&#8243; (n. 102\u00d7152 cm) Tuo kotiisi ripaus harmoniaa ja pohjoismaista tyyli\u00e4 korkealaatuisella canvastaululla. Harmonia Elementsin canvaskokoelma tarjoaa valikoiman taideteoksia, jotka yhdist\u00e4v\u00e4t feng shuin viisi elementti\u00e4 (puu, maa, tuli, metalli ja vesi), kiinalaiset&hellip;&nbsp;Read More &raquo;Seepra abstrakti canvastaulu","og_url":"https:\/\/harmoniaelements.com\/en\/product\/seepra-abstrakti-canvastaulu\/","og_site_name":"Harmonia Elements","article_modified_time":"2025-05-13T10:24:54+00:00","og_image":[{"width":2000,"height":2000,"url":"https:\/\/harmoniaelements.com\/wp-content\/uploads\/2025\/04\/canvas-in-40x60-wall-68107170aac6c.jpg","type":"image\/jpeg"}],"twitter_card":"summary_large_image","twitter_misc":{"Estimated reading time":"1 minute"},"schema":{"@context":"https:\/\/schema.org","@graph":[{"@type":"WebPage","@id":"https:\/\/harmoniaelements.com\/product\/seepra-abstrakti-canvastaulu\/","url":"https:\/\/harmoniaelements.com\/product\/seepra-abstrakti-canvastaulu\/","name":"Seepra abstrakti canvastaulu - Harmonia Elements","isPartOf":{"@id":"https:\/\/harmoniaelements.com\/#website"},"primaryImageOfPage":{"@id":"https:\/\/harmoniaelements.com\/product\/seepra-abstrakti-canvastaulu\/#primaryimage"},"image":{"@id":"https:\/\/harmoniaelements.com\/product\/seepra-abstrakti-canvastaulu\/#primaryimage"},"thumbnailUrl":"https:\/\/harmoniaelements.com\/wp-content\/uploads\/2025\/04\/canvas-in-40x60-wall-68107170aac6c.jpg","datePublished":"2025-04-29T06:28:11+00:00","dateModified":"2025-05-13T10:24:54+00:00","breadcrumb":{"@id":"https:\/\/harmoniaelements.com\/product\/seepra-abstrakti-canvastaulu\/#breadcrumb"},"inLanguage":"en-GB","potentialAction":[{"@type":"ReadAction","target":["https:\/\/harmoniaelements.com\/product\/seepra-abstrakti-canvastaulu\/"]}]},{"@type":"ImageObject","inLanguage":"en-GB","@id":"https:\/\/harmoniaelements.com\/product\/seepra-abstrakti-canvastaulu\/#primaryimage","url":"https:\/\/harmoniaelements.com\/wp-content\/uploads\/2025\/04\/canvas-in-40x60-wall-68107170aac6c.jpg","contentUrl":"https:\/\/harmoniaelements.com\/wp-content\/uploads\/2025\/04\/canvas-in-40x60-wall-68107170aac6c.jpg","width":2000,"height":2000},{"@type":"BreadcrumbList","@id":"https:\/\/harmoniaelements.com\/product\/seepra-abstrakti-canvastaulu\/#breadcrumb","itemListElement":[{"@type":"ListItem","position":1,"name":"Etusivu","item":"https:\/\/harmoniaelements.com\/"},{"@type":"ListItem","position":2,"name":"Kauppa","item":"https:\/\/harmoniaelements.com\/kauppa\/"},{"@type":"ListItem","position":3,"name":"Seepra abstrakti canvastaulu"}]},{"@type":"WebSite","@id":"https:\/\/harmoniaelements.com\/#website","url":"https:\/\/harmoniaelements.com\/","name":"Harmonia Elements","description":"Feng Shui kohtaa suomalaisen sisustuksen","publisher":{"@id":"https:\/\/harmoniaelements.com\/#organization"},"potentialAction":[{"@type":"SearchAction","target":{"@type":"EntryPoint","urlTemplate":"https:\/\/harmoniaelements.com\/?s={search_term_string}"},"query-input":{"@type":"PropertyValueSpecification","valueRequired":true,"valueName":"search_term_string"}}],"inLanguage":"en-GB"},{"@type":"Organization","@id":"https:\/\/harmoniaelements.com\/#organization","name":"Harmonia Elements","url":"https:\/\/harmoniaelements.com\/","logo":{"@type":"ImageObject","inLanguage":"en-GB","@id":"https:\/\/harmoniaelements.com\/#\/schema\/logo\/image\/","url":"https:\/\/harmoniaelements.com\/wp-content\/uploads\/2025\/01\/2.png","contentUrl":"https:\/\/harmoniaelements.com\/wp-content\/uploads\/2025\/01\/2.png","width":500,"height":500,"caption":"Harmonia Elements"},"image":{"@id":"https:\/\/harmoniaelements.com\/#\/schema\/logo\/image\/"}}]}},"jetpack_sharing_enabled":true,"_links":{"self":[{"href":"https:\/\/harmoniaelements.com\/en\/wp-json\/wp\/v2\/product\/8673","targetHints":{"allow":["GET"]}}],"collection":[{"href":"https:\/\/harmoniaelements.com\/en\/wp-json\/wp\/v2\/product"}],"about":[{"href":"https:\/\/harmoniaelements.com\/en\/wp-json\/wp\/v2\/types\/product"}],"wp:featuredmedia":[{"embeddable":true,"href":"https:\/\/harmoniaelements.com\/en\/wp-json\/wp\/v2\/media\/8679"}],"wp:attachment":[{"href":"https:\/\/harmoniaelements.com\/en\/wp-json\/wp\/v2\/media?parent=8673"}],"wp:term":[{"taxonomy":"product_brand","embeddable":true,"href":"https:\/\/harmoniaelements.com\/en\/wp-json\/wp\/v2\/product_brand?post=8673"},{"taxonomy":"product_cat","embeddable":true,"href":"https:\/\/harmoniaelements.com\/en\/wp-json\/wp\/v2\/product_cat?post=8673"},{"taxonomy":"product_tag","embeddable":true,"href":"https:\/\/harmoniaelements.com\/en\/wp-json\/wp\/v2\/product_tag?post=8673"}],"curies":[{"name":"wp","href":"https:\/\/api.w.org\/{rel}","templated":true}]}}