{"id":8430,"date":"2025-04-29T03:25:26","date_gmt":"2025-04-29T03:25:26","guid":{"rendered":"https:\/\/harmoniaelements.com\/product\/jade-ja-kulta-koristetyyny\/"},"modified":"2025-04-29T03:26:18","modified_gmt":"2025-04-29T03:26:18","slug":"jade-ja-kulta-koristetyyny","status":"publish","type":"product","link":"https:\/\/harmoniaelements.com\/en\/product\/jade-ja-kulta-koristetyyny\/","title":{"rendered":"Jade ja kulta koristetyyny"},"content":{"rendered":"<p>Harmonia Elementsin korukivikoristetyynyt tuovat kotiin luonnon kauneutta ja ajatonta symboliikkaa. Tyynyjen kuvitukset on saanut inspiraationsa korukivist\u00e4, mineraaleista, kivilajeista ja jalokivist\u00e4, joita eri kulttuureissa on liitetty erilaisiin teemoihin ja merkityksiin.<\/p>\n<p>Huom! Koot ilmoitettu tuumina:<\/p>\n<p>18\u2033 x 18\u2033 \u2248 noin 45,7 x 45,7 cm<\/p>\n<p>20\u2033 x 20\u2033 \u2248 noin 50,8 x 50,8 cm<\/p>\n<p>12\u2033 x 20\u2033 \u2248 noin 30,5 x 50,8 cm<\/p>\n<p>Korukivikoristetyynyt sopivat monenlaiseen sisustukseen ja tuovat huoneeseen persoonallisen ja luonnonl\u00e4heisen yksityiskohdan. Ne ovat harkittuja valintoja esimerkiksi lahjaksi, olohuoneen tai makuuhuoneen somistukseen, tai tuomaan kerroksellisuutta ja pehmeytt\u00e4 kodin ilmeeseen.<\/p>\n<p>Tyynyiss\u00e4 on sama kuvitus molemmilla puolilla.<\/p>\n<p>\ud83c\udf1f KIVIEN MERKITYKSET<br \/>\nAkaatti (Agate) \u2013 Edist\u00e4\u00e4 sis\u00e4ist\u00e4 rauhaa ja vakautta.<\/p>\n<p>Akvamariini (Aquamarine) \u2013 Rauhoittaa mielt\u00e4 ja tuo selkeytt\u00e4 ajatuksiin.<\/p>\n<p>Amazoniitti (Amazonite) \u2013 Tuo tasapainoa tunteisiin ja rohkaisee itseluottamusta.<\/p>\n<p>Aragoniitti (Aragonite) \u2013 Vahvistaa maadoittumista ja kest\u00e4vyytt\u00e4.<\/p>\n<p>Dolomiitti (Dolomite) \u2013 Auttaa rentoutumaan ja v\u00e4hent\u00e4\u00e4 stressi\u00e4.<\/p>\n<p>Emeraldi (Emerald) \u2013 Liitet\u00e4\u00e4n rakkauteen ja uudistumiseen.<\/p>\n<p>Ametisti (Amethyst) \u2013 Rauhoittaa mielt\u00e4 ja edist\u00e4\u00e4 hengellist\u00e4 kasvua.<\/p>\n<p>Fuksiitti (Fuchsite) \u2013 Auttaa palautumaan stressist\u00e4 ja uupumuksesta.<\/p>\n<p>Granaatti (Garnet) \u2013 Antaa energiaa ja intohimoa.<\/p>\n<p>Graniitti (Granite) \u2013 Vahvistaa kest\u00e4vyytt\u00e4 ja joustavuutta el\u00e4m\u00e4ss\u00e4.<\/p>\n<p>Helmi (Pearl) \u2013 Symboloi puhtautta ja viattomuutta.<\/p>\n<p>Hematiitti (Hematite) \u2013 Tukee maadoittumista ja suojaa negatiivisilta energioilta.<\/p>\n<p>Jade (Jade) \u2013 Liitet\u00e4\u00e4n menestykseen ja vaurauteen.<\/p>\n<p>Jaspi (Jasper) \u2013 Tukee kest\u00e4vyytt\u00e4 ja sis\u00e4ist\u00e4 voimaa.<\/p>\n<p>Karnelian (Carnelian) \u2013 Antaa rohkeutta ja elinvoimaa.<\/p>\n<p>Kvartsi (Quartz) \u2013 Puhdistaa ja vahvistaa energiakentt\u00e4\u00e4.<\/p>\n<p>Labradoriitti (Labradorite) \u2013 Suojaa negatiivisuudelta ja avaa intuition.<\/p>\n<p>Lapis lazuli (Lapis Lazuli) \u2013 Edist\u00e4\u00e4 viisautta ja itseilmaisua.<\/p>\n<p>Malakiitti (Malachite) \u2013 Liitet\u00e4\u00e4n muutokseen ja kasvamiseen.<\/p>\n<p>Timantti (Diamond) \u2013 Symboloi puhtautta ja kest\u00e4vyytt\u00e4.<\/p>\n<p>\ud83d\udce6 Tuotetiedot:<br \/>\n100 % polyesterip\u00e4\u00e4llinen ja -sisus<\/p>\n<p>Piilotettu vetoketju<\/p>\n<p>Konepest\u00e4v\u00e4 p\u00e4\u00e4llinen<\/p>\n<p>Muotonsa s\u00e4ilytt\u00e4v\u00e4 polyesterisisus (vain k\u00e4sinpesu)<\/p>\n<p>Kuvitus molemmilla puolilla (ei valkoista taustaa)<\/p>\n<p>Toimitus:<br \/>\nPainetaan ja toimitetaan yhteisty\u00f6kumppaniltamme Latviassa, varmistaen nopean ja luotettavan palvelun Euroopan asiakkaille.<\/p>\n<p>Tuotekomponenttien alkuper\u00e4 EU:ssa:<\/p>\n<p>Kiinasta ja Puolasta<\/p>\n<p>Materiaalit ja huolto-ohjeet:<\/p>\n<p>100 % polyesteri<\/p>\n<p>Konepest\u00e4v\u00e4 p\u00e4\u00e4llinen<\/p>\n<p>Sis\u00e4tyyny vain k\u00e4sinpesu<\/p>\n<p>Ik\u00e4rajoitus:<br \/>\nTuote on tarkoitettu aikuisille.<\/p>\n<p>Takuu EU:ssa:<br \/>\n2 vuotta<\/p>","protected":false},"excerpt":{"rendered":"<p>Harmonia Elementsin korukivikoristetyynyt tuovat kotiin luonnon kauneutta ja ajatonta symboliikkaa. Tyynyjen kuvitukset on saanut inspiraationsa korukivist\u00e4, mineraaleista, kivilajeista ja jalokivist\u00e4, joita eri kulttuureissa on liitetty erilaisiin teemoihin ja merkityksiin. Huom! Koot ilmoitettu tuumina: 18\u2033 x 18\u2033 \u2248 noin 45,7 x 45,7 cm 20\u2033 x 20\u2033 \u2248 noin 50,8 x 50,8 cm 12\u2033 x 20\u2033 \u2248&hellip;&nbsp;<a href=\"https:\/\/harmoniaelements.com\/en\/product\/jade-ja-kulta-koristetyyny\/\" rel=\"bookmark\">Read More &raquo;<span class=\"screen-reader-text\">Jade ja kulta koristetyyny<\/span><\/a><\/p>","protected":false},"featured_media":8434,"template":"","meta":{"_monsterinsights_skip_tracking":false,"_monsterinsights_sitenote_active":false,"_monsterinsights_sitenote_note":"","_monsterinsights_sitenote_category":0,"_uf_show_specific_survey":0,"_uf_disable_surveys":false,"neve_meta_sidebar":"","neve_meta_container":"","neve_meta_enable_content_width":"","neve_meta_content_width":0,"neve_meta_title_alignment":"","neve_meta_author_avatar":"","neve_post_elements_order":"","neve_meta_disable_header":"","neve_meta_disable_footer":"","neve_meta_disable_title":"","_themeisle_gutenberg_block_has_review":false},"product_brand":[],"product_cat":[162,163],"product_tag":[],"class_list":{"0":"post-8430","1":"product","2":"type-product","3":"status-publish","4":"has-post-thumbnail","6":"product_cat-korukivikoristetyynyt","7":"product_cat-korukivikoristetyynyt-korukivet-ja-kristallit","9":"first","10":"instock","11":"taxable","12":"shipping-taxable","13":"purchasable","14":"product-type-variable"},"yoast_head":"<!-- This site is optimized with the Yoast SEO plugin v27.4 - https:\/\/yoast.com\/product\/yoast-seo-wordpress\/ -->\n<title>Jade ja kulta koristetyyny - Harmonia Elements<\/title>\n<meta name=\"robots\" content=\"index, follow, max-snippet:-1, max-image-preview:large, max-video-preview:-1\" \/>\n<link rel=\"canonical\" href=\"https:\/\/harmoniaelements.com\/en\/product\/jade-ja-kulta-koristetyyny\/\" \/>\n<meta property=\"og:locale\" content=\"en_GB\" \/>\n<meta property=\"og:type\" content=\"article\" \/>\n<meta property=\"og:title\" content=\"Jade ja kulta koristetyyny - Harmonia Elements\" \/>\n<meta property=\"og:description\" content=\"Harmonia Elementsin korukivikoristetyynyt tuovat kotiin luonnon kauneutta ja ajatonta symboliikkaa. Tyynyjen kuvitukset on saanut inspiraationsa korukivist\u00e4, mineraaleista, kivilajeista ja jalokivist\u00e4, joita eri kulttuureissa on liitetty erilaisiin teemoihin ja merkityksiin. Huom! Koot ilmoitettu tuumina: 18\u2033 x 18\u2033 \u2248 noin 45,7 x 45,7 cm 20\u2033 x 20\u2033 \u2248 noin 50,8 x 50,8 cm 12\u2033 x 20\u2033 \u2248&hellip;&nbsp;Read More &raquo;Jade ja kulta koristetyyny\" \/>\n<meta property=\"og:url\" content=\"https:\/\/harmoniaelements.com\/en\/product\/jade-ja-kulta-koristetyyny\/\" \/>\n<meta property=\"og:site_name\" content=\"Harmonia Elements\" \/>\n<meta property=\"article:modified_time\" content=\"2025-04-29T03:26:18+00:00\" \/>\n<meta property=\"og:image\" content=\"https:\/\/harmoniaelements.com\/wp-content\/uploads\/2025\/04\/all-over-print-basic-pillow-22x22-back-68104696115af.jpg\" \/>\n\t<meta property=\"og:image:width\" content=\"2000\" \/>\n\t<meta property=\"og:image:height\" content=\"2000\" \/>\n\t<meta property=\"og:image:type\" content=\"image\/jpeg\" \/>\n<meta name=\"twitter:card\" content=\"summary_large_image\" \/>\n<meta name=\"twitter:label1\" content=\"Estimated reading time\" \/>\n\t<meta name=\"twitter:data1\" content=\"1 minute\" \/>\n<script type=\"application\/ld+json\" class=\"yoast-schema-graph\">{\"@context\":\"https:\\\/\\\/schema.org\",\"@graph\":[{\"@type\":\"WebPage\",\"@id\":\"https:\\\/\\\/harmoniaelements.com\\\/product\\\/jade-ja-kulta-koristetyyny\\\/\",\"url\":\"https:\\\/\\\/harmoniaelements.com\\\/product\\\/jade-ja-kulta-koristetyyny\\\/\",\"name\":\"Jade ja kulta koristetyyny - Harmonia Elements\",\"isPartOf\":{\"@id\":\"https:\\\/\\\/harmoniaelements.com\\\/#website\"},\"primaryImageOfPage\":{\"@id\":\"https:\\\/\\\/harmoniaelements.com\\\/product\\\/jade-ja-kulta-koristetyyny\\\/#primaryimage\"},\"image\":{\"@id\":\"https:\\\/\\\/harmoniaelements.com\\\/product\\\/jade-ja-kulta-koristetyyny\\\/#primaryimage\"},\"thumbnailUrl\":\"https:\\\/\\\/harmoniaelements.com\\\/wp-content\\\/uploads\\\/2025\\\/04\\\/all-over-print-basic-pillow-22x22-back-68104696115af.jpg\",\"datePublished\":\"2025-04-29T03:25:26+00:00\",\"dateModified\":\"2025-04-29T03:26:18+00:00\",\"breadcrumb\":{\"@id\":\"https:\\\/\\\/harmoniaelements.com\\\/product\\\/jade-ja-kulta-koristetyyny\\\/#breadcrumb\"},\"inLanguage\":\"en-GB\",\"potentialAction\":[{\"@type\":\"ReadAction\",\"target\":[\"https:\\\/\\\/harmoniaelements.com\\\/product\\\/jade-ja-kulta-koristetyyny\\\/\"]}]},{\"@type\":\"ImageObject\",\"inLanguage\":\"en-GB\",\"@id\":\"https:\\\/\\\/harmoniaelements.com\\\/product\\\/jade-ja-kulta-koristetyyny\\\/#primaryimage\",\"url\":\"https:\\\/\\\/harmoniaelements.com\\\/wp-content\\\/uploads\\\/2025\\\/04\\\/all-over-print-basic-pillow-22x22-back-68104696115af.jpg\",\"contentUrl\":\"https:\\\/\\\/harmoniaelements.com\\\/wp-content\\\/uploads\\\/2025\\\/04\\\/all-over-print-basic-pillow-22x22-back-68104696115af.jpg\",\"width\":2000,\"height\":2000},{\"@type\":\"BreadcrumbList\",\"@id\":\"https:\\\/\\\/harmoniaelements.com\\\/product\\\/jade-ja-kulta-koristetyyny\\\/#breadcrumb\",\"itemListElement\":[{\"@type\":\"ListItem\",\"position\":1,\"name\":\"Etusivu\",\"item\":\"https:\\\/\\\/harmoniaelements.com\\\/\"},{\"@type\":\"ListItem\",\"position\":2,\"name\":\"Kauppa\",\"item\":\"https:\\\/\\\/harmoniaelements.com\\\/kauppa\\\/\"},{\"@type\":\"ListItem\",\"position\":3,\"name\":\"Jade ja kulta koristetyyny\"}]},{\"@type\":\"WebSite\",\"@id\":\"https:\\\/\\\/harmoniaelements.com\\\/#website\",\"url\":\"https:\\\/\\\/harmoniaelements.com\\\/\",\"name\":\"Harmonia Elements\",\"description\":\"Feng Shui kohtaa suomalaisen sisustuksen\",\"publisher\":{\"@id\":\"https:\\\/\\\/harmoniaelements.com\\\/#organization\"},\"potentialAction\":[{\"@type\":\"SearchAction\",\"target\":{\"@type\":\"EntryPoint\",\"urlTemplate\":\"https:\\\/\\\/harmoniaelements.com\\\/?s={search_term_string}\"},\"query-input\":{\"@type\":\"PropertyValueSpecification\",\"valueRequired\":true,\"valueName\":\"search_term_string\"}}],\"inLanguage\":\"en-GB\"},{\"@type\":\"Organization\",\"@id\":\"https:\\\/\\\/harmoniaelements.com\\\/#organization\",\"name\":\"Harmonia Elements\",\"url\":\"https:\\\/\\\/harmoniaelements.com\\\/\",\"logo\":{\"@type\":\"ImageObject\",\"inLanguage\":\"en-GB\",\"@id\":\"https:\\\/\\\/harmoniaelements.com\\\/#\\\/schema\\\/logo\\\/image\\\/\",\"url\":\"https:\\\/\\\/harmoniaelements.com\\\/wp-content\\\/uploads\\\/2025\\\/01\\\/2.png\",\"contentUrl\":\"https:\\\/\\\/harmoniaelements.com\\\/wp-content\\\/uploads\\\/2025\\\/01\\\/2.png\",\"width\":500,\"height\":500,\"caption\":\"Harmonia Elements\"},\"image\":{\"@id\":\"https:\\\/\\\/harmoniaelements.com\\\/#\\\/schema\\\/logo\\\/image\\\/\"}}]}<\/script>\n<!-- \/ Yoast SEO plugin. -->","yoast_head_json":{"title":"Jade ja kulta koristetyyny - Harmonia Elements","robots":{"index":"index","follow":"follow","max-snippet":"max-snippet:-1","max-image-preview":"max-image-preview:large","max-video-preview":"max-video-preview:-1"},"canonical":"https:\/\/harmoniaelements.com\/en\/product\/jade-ja-kulta-koristetyyny\/","og_locale":"en_GB","og_type":"article","og_title":"Jade ja kulta koristetyyny - Harmonia Elements","og_description":"Harmonia Elementsin korukivikoristetyynyt tuovat kotiin luonnon kauneutta ja ajatonta symboliikkaa. Tyynyjen kuvitukset on saanut inspiraationsa korukivist\u00e4, mineraaleista, kivilajeista ja jalokivist\u00e4, joita eri kulttuureissa on liitetty erilaisiin teemoihin ja merkityksiin. Huom! Koot ilmoitettu tuumina: 18\u2033 x 18\u2033 \u2248 noin 45,7 x 45,7 cm 20\u2033 x 20\u2033 \u2248 noin 50,8 x 50,8 cm 12\u2033 x 20\u2033 \u2248&hellip;&nbsp;Read More &raquo;Jade ja kulta koristetyyny","og_url":"https:\/\/harmoniaelements.com\/en\/product\/jade-ja-kulta-koristetyyny\/","og_site_name":"Harmonia Elements","article_modified_time":"2025-04-29T03:26:18+00:00","og_image":[{"width":2000,"height":2000,"url":"https:\/\/harmoniaelements.com\/wp-content\/uploads\/2025\/04\/all-over-print-basic-pillow-22x22-back-68104696115af.jpg","type":"image\/jpeg"}],"twitter_card":"summary_large_image","twitter_misc":{"Estimated reading time":"1 minute"},"schema":{"@context":"https:\/\/schema.org","@graph":[{"@type":"WebPage","@id":"https:\/\/harmoniaelements.com\/product\/jade-ja-kulta-koristetyyny\/","url":"https:\/\/harmoniaelements.com\/product\/jade-ja-kulta-koristetyyny\/","name":"Jade ja kulta koristetyyny - Harmonia Elements","isPartOf":{"@id":"https:\/\/harmoniaelements.com\/#website"},"primaryImageOfPage":{"@id":"https:\/\/harmoniaelements.com\/product\/jade-ja-kulta-koristetyyny\/#primaryimage"},"image":{"@id":"https:\/\/harmoniaelements.com\/product\/jade-ja-kulta-koristetyyny\/#primaryimage"},"thumbnailUrl":"https:\/\/harmoniaelements.com\/wp-content\/uploads\/2025\/04\/all-over-print-basic-pillow-22x22-back-68104696115af.jpg","datePublished":"2025-04-29T03:25:26+00:00","dateModified":"2025-04-29T03:26:18+00:00","breadcrumb":{"@id":"https:\/\/harmoniaelements.com\/product\/jade-ja-kulta-koristetyyny\/#breadcrumb"},"inLanguage":"en-GB","potentialAction":[{"@type":"ReadAction","target":["https:\/\/harmoniaelements.com\/product\/jade-ja-kulta-koristetyyny\/"]}]},{"@type":"ImageObject","inLanguage":"en-GB","@id":"https:\/\/harmoniaelements.com\/product\/jade-ja-kulta-koristetyyny\/#primaryimage","url":"https:\/\/harmoniaelements.com\/wp-content\/uploads\/2025\/04\/all-over-print-basic-pillow-22x22-back-68104696115af.jpg","contentUrl":"https:\/\/harmoniaelements.com\/wp-content\/uploads\/2025\/04\/all-over-print-basic-pillow-22x22-back-68104696115af.jpg","width":2000,"height":2000},{"@type":"BreadcrumbList","@id":"https:\/\/harmoniaelements.com\/product\/jade-ja-kulta-koristetyyny\/#breadcrumb","itemListElement":[{"@type":"ListItem","position":1,"name":"Etusivu","item":"https:\/\/harmoniaelements.com\/"},{"@type":"ListItem","position":2,"name":"Kauppa","item":"https:\/\/harmoniaelements.com\/kauppa\/"},{"@type":"ListItem","position":3,"name":"Jade ja kulta koristetyyny"}]},{"@type":"WebSite","@id":"https:\/\/harmoniaelements.com\/#website","url":"https:\/\/harmoniaelements.com\/","name":"Harmonia Elements","description":"Feng Shui kohtaa suomalaisen sisustuksen","publisher":{"@id":"https:\/\/harmoniaelements.com\/#organization"},"potentialAction":[{"@type":"SearchAction","target":{"@type":"EntryPoint","urlTemplate":"https:\/\/harmoniaelements.com\/?s={search_term_string}"},"query-input":{"@type":"PropertyValueSpecification","valueRequired":true,"valueName":"search_term_string"}}],"inLanguage":"en-GB"},{"@type":"Organization","@id":"https:\/\/harmoniaelements.com\/#organization","name":"Harmonia Elements","url":"https:\/\/harmoniaelements.com\/","logo":{"@type":"ImageObject","inLanguage":"en-GB","@id":"https:\/\/harmoniaelements.com\/#\/schema\/logo\/image\/","url":"https:\/\/harmoniaelements.com\/wp-content\/uploads\/2025\/01\/2.png","contentUrl":"https:\/\/harmoniaelements.com\/wp-content\/uploads\/2025\/01\/2.png","width":500,"height":500,"caption":"Harmonia Elements"},"image":{"@id":"https:\/\/harmoniaelements.com\/#\/schema\/logo\/image\/"}}]}},"jetpack_sharing_enabled":true,"_links":{"self":[{"href":"https:\/\/harmoniaelements.com\/en\/wp-json\/wp\/v2\/product\/8430","targetHints":{"allow":["GET"]}}],"collection":[{"href":"https:\/\/harmoniaelements.com\/en\/wp-json\/wp\/v2\/product"}],"about":[{"href":"https:\/\/harmoniaelements.com\/en\/wp-json\/wp\/v2\/types\/product"}],"wp:featuredmedia":[{"embeddable":true,"href":"https:\/\/harmoniaelements.com\/en\/wp-json\/wp\/v2\/media\/8434"}],"wp:attachment":[{"href":"https:\/\/harmoniaelements.com\/en\/wp-json\/wp\/v2\/media?parent=8430"}],"wp:term":[{"taxonomy":"product_brand","embeddable":true,"href":"https:\/\/harmoniaelements.com\/en\/wp-json\/wp\/v2\/product_brand?post=8430"},{"taxonomy":"product_cat","embeddable":true,"href":"https:\/\/harmoniaelements.com\/en\/wp-json\/wp\/v2\/product_cat?post=8430"},{"taxonomy":"product_tag","embeddable":true,"href":"https:\/\/harmoniaelements.com\/en\/wp-json\/wp\/v2\/product_tag?post=8430"}],"curies":[{"name":"wp","href":"https:\/\/api.w.org\/{rel}","templated":true}]}}