{"id":7933,"date":"2025-04-20T21:41:54","date_gmt":"2025-04-20T21:41:54","guid":{"rendered":"https:\/\/harmoniaelements.com\/product\/syksyn-lehdet-viltti\/"},"modified":"2025-05-14T03:56:36","modified_gmt":"2025-05-14T03:56:36","slug":"syksyn-lehdet-viltti","status":"publish","type":"product","link":"https:\/\/harmoniaelements.com\/en\/product\/syksyn-lehdet-viltti\/","title":{"rendered":"Syksyn lehdet viltti"},"content":{"rendered":"<p>Tuntuuko silt\u00e4, ett\u00e4 kodistasi puuttuu jokin pieni, mutta vaikuttava sisustuselementti? T\u00e4ss\u00e4 osastossa esittelemme pehme\u00e4t ja tyylikk\u00e4\u00e4t viltit, jotka tuovat l\u00e4mp\u00f6\u00e4, v\u00e4ri\u00e4 ja kerroksellisuutta kotiisi.<\/p>\n<p>Silkkisen tuntuiset, kevyet peitot sopivat t\u00e4ydellisesti sohvalle, nojatuoliin tai s\u00e4ngyn p\u00e4\u00e4lle. Ne ovat k\u00e4yt\u00e4nn\u00f6llisi\u00e4 mutta my\u00f6s kauniita \u2013 visuaalisia yksityiskohtia, jotka viimeistelev\u00e4t tilan tunnelman.<\/p>\n<p>Olitpa etsim\u00e4ss\u00e4 viltti\u00e4 l\u00e4mminhenkiseksi lahjaksi, sisustuksen viimeistelev\u00e4ksi kerrokseksi tai vaikka mukavaksi seuralaiseksi viileisiin iltoihin, l\u00f6yd\u00e4t t\u00e4\u00e4lt\u00e4 harmonisia ja helposti yhdistelt\u00e4vi\u00e4 vaihtoehtoja.<\/p>","protected":false},"excerpt":{"rendered":"<p>Tuntuuko silt\u00e4, ett\u00e4 kodistasi puuttuu jokin pieni, mutta vaikuttava sisustuselementti? T\u00e4ss\u00e4 osastossa esittelemme pehme\u00e4t ja tyylikk\u00e4\u00e4t viltit, jotka tuovat l\u00e4mp\u00f6\u00e4, v\u00e4ri\u00e4 ja kerroksellisuutta kotiisi. Silkkisen tuntuiset, kevyet peitot sopivat t\u00e4ydellisesti sohvalle, nojatuoliin tai s\u00e4ngyn p\u00e4\u00e4lle. Ne ovat k\u00e4yt\u00e4nn\u00f6llisi\u00e4 mutta my\u00f6s kauniita \u2013 visuaalisia yksityiskohtia, jotka viimeistelev\u00e4t tilan tunnelman. Olitpa etsim\u00e4ss\u00e4 viltti\u00e4 l\u00e4mminhenkiseksi lahjaksi, sisustuksen viimeistelev\u00e4ksi&hellip;&nbsp;<a href=\"https:\/\/harmoniaelements.com\/en\/product\/syksyn-lehdet-viltti\/\" rel=\"bookmark\">Read More &raquo;<span class=\"screen-reader-text\">Syksyn lehdet viltti<\/span><\/a><\/p>","protected":false},"featured_media":7936,"template":"","meta":{"_monsterinsights_skip_tracking":false,"_monsterinsights_sitenote_active":false,"_monsterinsights_sitenote_note":"","_monsterinsights_sitenote_category":0,"_uf_show_specific_survey":0,"_uf_disable_surveys":false,"neve_meta_sidebar":"","neve_meta_container":"","neve_meta_enable_content_width":"off","neve_meta_content_width":100,"neve_meta_title_alignment":"","neve_meta_author_avatar":"","neve_post_elements_order":"","neve_meta_disable_header":"","neve_meta_disable_footer":"","neve_meta_disable_title":"","_themeisle_gutenberg_block_has_review":false},"product_brand":[],"product_cat":[219,138,161],"product_tag":[],"class_list":{"0":"post-7933","1":"product","2":"type-product","3":"status-publish","4":"has-post-thumbnail","6":"product_cat-puu","7":"product_cat-puuelementti","8":"product_cat-viltit","10":"first","11":"instock","12":"taxable","13":"shipping-taxable","14":"purchasable","15":"product-type-variable"},"yoast_head":"<!-- This site is optimized with the Yoast SEO plugin v27.4 - https:\/\/yoast.com\/product\/yoast-seo-wordpress\/ -->\n<title>Syksyn lehdet viltti - Harmonia Elements<\/title>\n<meta name=\"description\" content=\"Kevyet syksyn lehti sisustusviltit, joissa yhdistyv\u00e4t feng shuin harmonia ja pohjoismainen tyyli. Luo kotiin l\u00e4mp\u00f6\u00e4, v\u00e4ri\u00e4, rauhallista tunnelmaa helposti.\" \/>\n<meta name=\"robots\" content=\"index, follow, max-snippet:-1, max-image-preview:large, max-video-preview:-1\" \/>\n<link rel=\"canonical\" href=\"https:\/\/harmoniaelements.com\/en\/product\/syksyn-lehdet-viltti\/\" \/>\n<meta property=\"og:locale\" content=\"en_GB\" \/>\n<meta property=\"og:type\" content=\"article\" \/>\n<meta property=\"og:title\" content=\"Syksyn lehdet viltti - Harmonia Elements\" \/>\n<meta property=\"og:description\" content=\"Kevyet syksyn lehti sisustusviltit, joissa yhdistyv\u00e4t feng shuin harmonia ja pohjoismainen tyyli. Luo kotiin l\u00e4mp\u00f6\u00e4, v\u00e4ri\u00e4, rauhallista tunnelmaa helposti.\" \/>\n<meta property=\"og:url\" content=\"https:\/\/harmoniaelements.com\/en\/product\/syksyn-lehdet-viltti\/\" \/>\n<meta property=\"og:site_name\" content=\"Harmonia Elements\" \/>\n<meta property=\"article:modified_time\" content=\"2025-05-14T03:56:36+00:00\" \/>\n<meta property=\"og:image\" content=\"https:\/\/harmoniaelements.com\/wp-content\/uploads\/2025\/04\/throw-blanket-50x60-front-68056a17debd5.jpg\" \/>\n\t<meta property=\"og:image:width\" content=\"2000\" \/>\n\t<meta property=\"og:image:height\" content=\"2000\" \/>\n\t<meta property=\"og:image:type\" content=\"image\/jpeg\" \/>\n<meta name=\"twitter:card\" content=\"summary_large_image\" \/>\n<meta name=\"twitter:label1\" content=\"Estimated reading time\" \/>\n\t<meta name=\"twitter:data1\" content=\"1 minute\" \/>\n<script type=\"application\/ld+json\" class=\"yoast-schema-graph\">{\"@context\":\"https:\\\/\\\/schema.org\",\"@graph\":[{\"@type\":\"WebPage\",\"@id\":\"https:\\\/\\\/harmoniaelements.com\\\/product\\\/syksyn-lehdet-viltti\\\/\",\"url\":\"https:\\\/\\\/harmoniaelements.com\\\/product\\\/syksyn-lehdet-viltti\\\/\",\"name\":\"Syksyn lehdet viltti - Harmonia Elements\",\"isPartOf\":{\"@id\":\"https:\\\/\\\/harmoniaelements.com\\\/#website\"},\"primaryImageOfPage\":{\"@id\":\"https:\\\/\\\/harmoniaelements.com\\\/product\\\/syksyn-lehdet-viltti\\\/#primaryimage\"},\"image\":{\"@id\":\"https:\\\/\\\/harmoniaelements.com\\\/product\\\/syksyn-lehdet-viltti\\\/#primaryimage\"},\"thumbnailUrl\":\"https:\\\/\\\/harmoniaelements.com\\\/wp-content\\\/uploads\\\/2025\\\/04\\\/throw-blanket-50x60-front-68056a17debd5.jpg\",\"datePublished\":\"2025-04-20T21:41:54+00:00\",\"dateModified\":\"2025-05-14T03:56:36+00:00\",\"description\":\"Kevyet syksyn lehti sisustusviltit, joissa yhdistyv\u00e4t feng shuin harmonia ja pohjoismainen tyyli. Luo kotiin l\u00e4mp\u00f6\u00e4, v\u00e4ri\u00e4, rauhallista tunnelmaa helposti.\",\"breadcrumb\":{\"@id\":\"https:\\\/\\\/harmoniaelements.com\\\/product\\\/syksyn-lehdet-viltti\\\/#breadcrumb\"},\"inLanguage\":\"en-GB\",\"potentialAction\":[{\"@type\":\"ReadAction\",\"target\":[\"https:\\\/\\\/harmoniaelements.com\\\/product\\\/syksyn-lehdet-viltti\\\/\"]}]},{\"@type\":\"ImageObject\",\"inLanguage\":\"en-GB\",\"@id\":\"https:\\\/\\\/harmoniaelements.com\\\/product\\\/syksyn-lehdet-viltti\\\/#primaryimage\",\"url\":\"https:\\\/\\\/harmoniaelements.com\\\/wp-content\\\/uploads\\\/2025\\\/04\\\/throw-blanket-50x60-front-68056a17debd5.jpg\",\"contentUrl\":\"https:\\\/\\\/harmoniaelements.com\\\/wp-content\\\/uploads\\\/2025\\\/04\\\/throw-blanket-50x60-front-68056a17debd5.jpg\",\"width\":2000,\"height\":2000},{\"@type\":\"BreadcrumbList\",\"@id\":\"https:\\\/\\\/harmoniaelements.com\\\/product\\\/syksyn-lehdet-viltti\\\/#breadcrumb\",\"itemListElement\":[{\"@type\":\"ListItem\",\"position\":1,\"name\":\"Etusivu\",\"item\":\"https:\\\/\\\/harmoniaelements.com\\\/\"},{\"@type\":\"ListItem\",\"position\":2,\"name\":\"Kauppa\",\"item\":\"https:\\\/\\\/harmoniaelements.com\\\/kauppa\\\/\"},{\"@type\":\"ListItem\",\"position\":3,\"name\":\"Syksyn lehdet viltti\"}]},{\"@type\":\"WebSite\",\"@id\":\"https:\\\/\\\/harmoniaelements.com\\\/#website\",\"url\":\"https:\\\/\\\/harmoniaelements.com\\\/\",\"name\":\"Harmonia Elements\",\"description\":\"Feng Shui kohtaa suomalaisen sisustuksen\",\"publisher\":{\"@id\":\"https:\\\/\\\/harmoniaelements.com\\\/#organization\"},\"potentialAction\":[{\"@type\":\"SearchAction\",\"target\":{\"@type\":\"EntryPoint\",\"urlTemplate\":\"https:\\\/\\\/harmoniaelements.com\\\/?s={search_term_string}\"},\"query-input\":{\"@type\":\"PropertyValueSpecification\",\"valueRequired\":true,\"valueName\":\"search_term_string\"}}],\"inLanguage\":\"en-GB\"},{\"@type\":\"Organization\",\"@id\":\"https:\\\/\\\/harmoniaelements.com\\\/#organization\",\"name\":\"Harmonia Elements\",\"url\":\"https:\\\/\\\/harmoniaelements.com\\\/\",\"logo\":{\"@type\":\"ImageObject\",\"inLanguage\":\"en-GB\",\"@id\":\"https:\\\/\\\/harmoniaelements.com\\\/#\\\/schema\\\/logo\\\/image\\\/\",\"url\":\"https:\\\/\\\/harmoniaelements.com\\\/wp-content\\\/uploads\\\/2025\\\/01\\\/2.png\",\"contentUrl\":\"https:\\\/\\\/harmoniaelements.com\\\/wp-content\\\/uploads\\\/2025\\\/01\\\/2.png\",\"width\":500,\"height\":500,\"caption\":\"Harmonia Elements\"},\"image\":{\"@id\":\"https:\\\/\\\/harmoniaelements.com\\\/#\\\/schema\\\/logo\\\/image\\\/\"}}]}<\/script>\n<!-- \/ Yoast SEO plugin. -->","yoast_head_json":{"title":"Syksyn lehdet viltti - Harmonia Elements","description":"Kevyet syksyn lehti sisustusviltit, joissa yhdistyv\u00e4t feng shuin harmonia ja pohjoismainen tyyli. Luo kotiin l\u00e4mp\u00f6\u00e4, v\u00e4ri\u00e4, rauhallista tunnelmaa helposti.","robots":{"index":"index","follow":"follow","max-snippet":"max-snippet:-1","max-image-preview":"max-image-preview:large","max-video-preview":"max-video-preview:-1"},"canonical":"https:\/\/harmoniaelements.com\/en\/product\/syksyn-lehdet-viltti\/","og_locale":"en_GB","og_type":"article","og_title":"Syksyn lehdet viltti - Harmonia Elements","og_description":"Kevyet syksyn lehti sisustusviltit, joissa yhdistyv\u00e4t feng shuin harmonia ja pohjoismainen tyyli. Luo kotiin l\u00e4mp\u00f6\u00e4, v\u00e4ri\u00e4, rauhallista tunnelmaa helposti.","og_url":"https:\/\/harmoniaelements.com\/en\/product\/syksyn-lehdet-viltti\/","og_site_name":"Harmonia Elements","article_modified_time":"2025-05-14T03:56:36+00:00","og_image":[{"width":2000,"height":2000,"url":"https:\/\/harmoniaelements.com\/wp-content\/uploads\/2025\/04\/throw-blanket-50x60-front-68056a17debd5.jpg","type":"image\/jpeg"}],"twitter_card":"summary_large_image","twitter_misc":{"Estimated reading time":"1 minute"},"schema":{"@context":"https:\/\/schema.org","@graph":[{"@type":"WebPage","@id":"https:\/\/harmoniaelements.com\/product\/syksyn-lehdet-viltti\/","url":"https:\/\/harmoniaelements.com\/product\/syksyn-lehdet-viltti\/","name":"Syksyn lehdet viltti - Harmonia Elements","isPartOf":{"@id":"https:\/\/harmoniaelements.com\/#website"},"primaryImageOfPage":{"@id":"https:\/\/harmoniaelements.com\/product\/syksyn-lehdet-viltti\/#primaryimage"},"image":{"@id":"https:\/\/harmoniaelements.com\/product\/syksyn-lehdet-viltti\/#primaryimage"},"thumbnailUrl":"https:\/\/harmoniaelements.com\/wp-content\/uploads\/2025\/04\/throw-blanket-50x60-front-68056a17debd5.jpg","datePublished":"2025-04-20T21:41:54+00:00","dateModified":"2025-05-14T03:56:36+00:00","description":"Kevyet syksyn lehti sisustusviltit, joissa yhdistyv\u00e4t feng shuin harmonia ja pohjoismainen tyyli. Luo kotiin l\u00e4mp\u00f6\u00e4, v\u00e4ri\u00e4, rauhallista tunnelmaa helposti.","breadcrumb":{"@id":"https:\/\/harmoniaelements.com\/product\/syksyn-lehdet-viltti\/#breadcrumb"},"inLanguage":"en-GB","potentialAction":[{"@type":"ReadAction","target":["https:\/\/harmoniaelements.com\/product\/syksyn-lehdet-viltti\/"]}]},{"@type":"ImageObject","inLanguage":"en-GB","@id":"https:\/\/harmoniaelements.com\/product\/syksyn-lehdet-viltti\/#primaryimage","url":"https:\/\/harmoniaelements.com\/wp-content\/uploads\/2025\/04\/throw-blanket-50x60-front-68056a17debd5.jpg","contentUrl":"https:\/\/harmoniaelements.com\/wp-content\/uploads\/2025\/04\/throw-blanket-50x60-front-68056a17debd5.jpg","width":2000,"height":2000},{"@type":"BreadcrumbList","@id":"https:\/\/harmoniaelements.com\/product\/syksyn-lehdet-viltti\/#breadcrumb","itemListElement":[{"@type":"ListItem","position":1,"name":"Etusivu","item":"https:\/\/harmoniaelements.com\/"},{"@type":"ListItem","position":2,"name":"Kauppa","item":"https:\/\/harmoniaelements.com\/kauppa\/"},{"@type":"ListItem","position":3,"name":"Syksyn lehdet viltti"}]},{"@type":"WebSite","@id":"https:\/\/harmoniaelements.com\/#website","url":"https:\/\/harmoniaelements.com\/","name":"Harmonia Elements","description":"Feng Shui kohtaa suomalaisen sisustuksen","publisher":{"@id":"https:\/\/harmoniaelements.com\/#organization"},"potentialAction":[{"@type":"SearchAction","target":{"@type":"EntryPoint","urlTemplate":"https:\/\/harmoniaelements.com\/?s={search_term_string}"},"query-input":{"@type":"PropertyValueSpecification","valueRequired":true,"valueName":"search_term_string"}}],"inLanguage":"en-GB"},{"@type":"Organization","@id":"https:\/\/harmoniaelements.com\/#organization","name":"Harmonia Elements","url":"https:\/\/harmoniaelements.com\/","logo":{"@type":"ImageObject","inLanguage":"en-GB","@id":"https:\/\/harmoniaelements.com\/#\/schema\/logo\/image\/","url":"https:\/\/harmoniaelements.com\/wp-content\/uploads\/2025\/01\/2.png","contentUrl":"https:\/\/harmoniaelements.com\/wp-content\/uploads\/2025\/01\/2.png","width":500,"height":500,"caption":"Harmonia Elements"},"image":{"@id":"https:\/\/harmoniaelements.com\/#\/schema\/logo\/image\/"}}]}},"jetpack_sharing_enabled":true,"_links":{"self":[{"href":"https:\/\/harmoniaelements.com\/en\/wp-json\/wp\/v2\/product\/7933","targetHints":{"allow":["GET"]}}],"collection":[{"href":"https:\/\/harmoniaelements.com\/en\/wp-json\/wp\/v2\/product"}],"about":[{"href":"https:\/\/harmoniaelements.com\/en\/wp-json\/wp\/v2\/types\/product"}],"wp:featuredmedia":[{"embeddable":true,"href":"https:\/\/harmoniaelements.com\/en\/wp-json\/wp\/v2\/media\/7936"}],"wp:attachment":[{"href":"https:\/\/harmoniaelements.com\/en\/wp-json\/wp\/v2\/media?parent=7933"}],"wp:term":[{"taxonomy":"product_brand","embeddable":true,"href":"https:\/\/harmoniaelements.com\/en\/wp-json\/wp\/v2\/product_brand?post=7933"},{"taxonomy":"product_cat","embeddable":true,"href":"https:\/\/harmoniaelements.com\/en\/wp-json\/wp\/v2\/product_cat?post=7933"},{"taxonomy":"product_tag","embeddable":true,"href":"https:\/\/harmoniaelements.com\/en\/wp-json\/wp\/v2\/product_tag?post=7933"}],"curies":[{"name":"wp","href":"https:\/\/api.w.org\/{rel}","templated":true}]}}