{"id":7883,"date":"2025-04-20T21:29:08","date_gmt":"2025-04-20T21:29:08","guid":{"rendered":"https:\/\/harmoniaelements.com\/product\/maamineraalit-viltti\/"},"modified":"2025-04-25T19:53:59","modified_gmt":"2025-04-25T19:53:59","slug":"maamineraalit-viltti","status":"publish","type":"product","link":"https:\/\/harmoniaelements.com\/en\/product\/maamineraalit-viltti\/","title":{"rendered":"Maamineraalit viltti"},"content":{"rendered":"<p class=\"\" data-start=\"432\" data-end=\"701\"><strong data-start=\"432\" data-end=\"514\">Tuntuuko silt\u00e4, ett\u00e4 kodistasi puuttuu jokin pieni mutta vaikuttava elementti?<\/strong> Harmonia Elementsin viltit tuovat kotiin l\u00e4mp\u00f6\u00e4, v\u00e4ri\u00e4 ja feng shuin mukaista harmoniaa. Ne ovat silkkisen tuntuisia, kevyit\u00e4 ja kauniisti kuvioituja \u2013 juuri sinun kotiisi suunniteltuja.<\/p>\n<p class=\"\" data-start=\"703\" data-end=\"971\">Viltit sopivat t\u00e4ydellisesti sohvalle, nojatuoliin tai s\u00e4ngyn p\u00e4\u00e4lle. Niit\u00e4 voi k\u00e4ytt\u00e4\u00e4 my\u00f6s meditaation tukena, rentoutumiseen tai osana tietoisempaa sisustusta. Jokaisen peiton kuvitus pohjautuu feng shuin symboleihin, luonnon rytmiin ja pohjoismaiseen estetiikkaan.<\/p>\n<ul data-start=\"973\" data-end=\"1130\">\n<li class=\"\" data-start=\"973\" data-end=\"1073\">\n<p class=\"\" data-start=\"975\" data-end=\"1073\">Koot ilmoitettu tuumina:<br data-start=\"999\" data-end=\"1002\" \/>\u2022 50&#8243; x 60&#8243; = noin 127 x 152 cm<br data-start=\"1035\" data-end=\"1038\" \/>\u2022 60&#8243; x 80&#8243; = noin 152 x 203 cm<\/p>\n<\/li>\n<li class=\"\" data-start=\"1074\" data-end=\"1103\">\n<p class=\"\" data-start=\"1076\" data-end=\"1103\">Toinen puoli on valkoinen<\/p>\n<\/li>\n<li class=\"\" data-start=\"1104\" data-end=\"1130\">\n<p class=\"\" data-start=\"1106\" data-end=\"1130\">Kevyt, pehme\u00e4 materiaali<\/p>\n<\/li>\n<\/ul>\n<p class=\"\" data-start=\"1132\" data-end=\"1235\">Luo kotiin kerroksellisuutta ja rauhaa \u2013 viltti, joka on yht\u00e4 aikaa k\u00e4yt\u00e4nn\u00f6llinen ja merkityksellinen.<\/p>","protected":false},"excerpt":{"rendered":"<p>Tuntuuko silt\u00e4, ett\u00e4 kodistasi puuttuu jokin pieni mutta vaikuttava elementti? Harmonia Elementsin viltit tuovat kotiin l\u00e4mp\u00f6\u00e4, v\u00e4ri\u00e4 ja feng shuin mukaista harmoniaa. Ne ovat silkkisen tuntuisia, kevyit\u00e4 ja kauniisti kuvioituja \u2013 juuri sinun kotiisi suunniteltuja. Viltit sopivat t\u00e4ydellisesti sohvalle, nojatuoliin tai s\u00e4ngyn p\u00e4\u00e4lle. Niit\u00e4 voi k\u00e4ytt\u00e4\u00e4 my\u00f6s meditaation tukena, rentoutumiseen tai osana tietoisempaa sisustusta. Jokaisen&hellip;&nbsp;<a href=\"https:\/\/harmoniaelements.com\/en\/product\/maamineraalit-viltti\/\" rel=\"bookmark\">Read More &raquo;<span class=\"screen-reader-text\">Maamineraalit viltti<\/span><\/a><\/p>","protected":false},"featured_media":7886,"template":"","meta":{"_monsterinsights_skip_tracking":false,"_monsterinsights_sitenote_active":false,"_monsterinsights_sitenote_note":"","_monsterinsights_sitenote_category":0,"_uf_show_specific_survey":0,"_uf_disable_surveys":false,"neve_meta_sidebar":"","neve_meta_container":"","neve_meta_enable_content_width":"off","neve_meta_content_width":100,"neve_meta_title_alignment":"","neve_meta_author_avatar":"","neve_post_elements_order":"","neve_meta_disable_header":"","neve_meta_disable_footer":"","neve_meta_disable_title":"","_themeisle_gutenberg_block_has_review":false},"product_brand":[],"product_cat":[136,161],"product_tag":[],"class_list":{"0":"post-7883","1":"product","2":"type-product","3":"status-publish","4":"has-post-thumbnail","6":"product_cat-maaelementti","7":"product_cat-viltit","9":"first","10":"instock","11":"taxable","12":"shipping-taxable","13":"purchasable","14":"product-type-variable"},"yoast_head":"<!-- This site is optimized with the Yoast SEO plugin v27.4 - https:\/\/yoast.com\/product\/yoast-seo-wordpress\/ -->\n<title>Maamineraalit viltti - Harmonia Elements<\/title>\n<meta name=\"description\" content=\"Kevyet Maamineraalit sisustusviltit, joissa yhdistyv\u00e4t feng shuin harmonia ja pohjoismainen tyyli. Luo kotiin l\u00e4mp\u00f6\u00e4, v\u00e4ri\u00e4 ja tunnelmaa helposti.\" \/>\n<meta name=\"robots\" content=\"index, follow, max-snippet:-1, max-image-preview:large, max-video-preview:-1\" \/>\n<link rel=\"canonical\" href=\"https:\/\/harmoniaelements.com\/en\/product\/maamineraalit-viltti\/\" \/>\n<meta property=\"og:locale\" content=\"en_GB\" \/>\n<meta property=\"og:type\" content=\"article\" \/>\n<meta property=\"og:title\" content=\"Maamineraalit viltti - Harmonia Elements\" \/>\n<meta property=\"og:description\" content=\"Kevyet Maamineraalit sisustusviltit, joissa yhdistyv\u00e4t feng shuin harmonia ja pohjoismainen tyyli. Luo kotiin l\u00e4mp\u00f6\u00e4, v\u00e4ri\u00e4 ja tunnelmaa helposti.\" \/>\n<meta property=\"og:url\" content=\"https:\/\/harmoniaelements.com\/en\/product\/maamineraalit-viltti\/\" \/>\n<meta property=\"og:site_name\" content=\"Harmonia Elements\" \/>\n<meta property=\"article:modified_time\" content=\"2025-04-25T19:53:59+00:00\" \/>\n<meta property=\"og:image\" content=\"https:\/\/harmoniaelements.com\/wp-content\/uploads\/2025\/04\/throw-blanket-50x60-front-68056719835ca.jpg\" \/>\n\t<meta property=\"og:image:width\" content=\"2000\" \/>\n\t<meta property=\"og:image:height\" content=\"2000\" \/>\n\t<meta property=\"og:image:type\" content=\"image\/jpeg\" \/>\n<meta name=\"twitter:card\" content=\"summary_large_image\" \/>\n<meta name=\"twitter:label1\" content=\"Estimated reading time\" \/>\n\t<meta name=\"twitter:data1\" content=\"1 minute\" \/>\n<script type=\"application\/ld+json\" class=\"yoast-schema-graph\">{\"@context\":\"https:\\\/\\\/schema.org\",\"@graph\":[{\"@type\":\"WebPage\",\"@id\":\"https:\\\/\\\/harmoniaelements.com\\\/product\\\/maamineraalit-viltti\\\/\",\"url\":\"https:\\\/\\\/harmoniaelements.com\\\/product\\\/maamineraalit-viltti\\\/\",\"name\":\"Maamineraalit viltti - Harmonia Elements\",\"isPartOf\":{\"@id\":\"https:\\\/\\\/harmoniaelements.com\\\/#website\"},\"primaryImageOfPage\":{\"@id\":\"https:\\\/\\\/harmoniaelements.com\\\/product\\\/maamineraalit-viltti\\\/#primaryimage\"},\"image\":{\"@id\":\"https:\\\/\\\/harmoniaelements.com\\\/product\\\/maamineraalit-viltti\\\/#primaryimage\"},\"thumbnailUrl\":\"https:\\\/\\\/harmoniaelements.com\\\/wp-content\\\/uploads\\\/2025\\\/04\\\/throw-blanket-50x60-front-68056719835ca.jpg\",\"datePublished\":\"2025-04-20T21:29:08+00:00\",\"dateModified\":\"2025-04-25T19:53:59+00:00\",\"description\":\"Kevyet Maamineraalit sisustusviltit, joissa yhdistyv\u00e4t feng shuin harmonia ja pohjoismainen tyyli. Luo kotiin l\u00e4mp\u00f6\u00e4, v\u00e4ri\u00e4 ja tunnelmaa helposti.\",\"breadcrumb\":{\"@id\":\"https:\\\/\\\/harmoniaelements.com\\\/product\\\/maamineraalit-viltti\\\/#breadcrumb\"},\"inLanguage\":\"en-GB\",\"potentialAction\":[{\"@type\":\"ReadAction\",\"target\":[\"https:\\\/\\\/harmoniaelements.com\\\/product\\\/maamineraalit-viltti\\\/\"]}]},{\"@type\":\"ImageObject\",\"inLanguage\":\"en-GB\",\"@id\":\"https:\\\/\\\/harmoniaelements.com\\\/product\\\/maamineraalit-viltti\\\/#primaryimage\",\"url\":\"https:\\\/\\\/harmoniaelements.com\\\/wp-content\\\/uploads\\\/2025\\\/04\\\/throw-blanket-50x60-front-68056719835ca.jpg\",\"contentUrl\":\"https:\\\/\\\/harmoniaelements.com\\\/wp-content\\\/uploads\\\/2025\\\/04\\\/throw-blanket-50x60-front-68056719835ca.jpg\",\"width\":2000,\"height\":2000},{\"@type\":\"BreadcrumbList\",\"@id\":\"https:\\\/\\\/harmoniaelements.com\\\/product\\\/maamineraalit-viltti\\\/#breadcrumb\",\"itemListElement\":[{\"@type\":\"ListItem\",\"position\":1,\"name\":\"Etusivu\",\"item\":\"https:\\\/\\\/harmoniaelements.com\\\/\"},{\"@type\":\"ListItem\",\"position\":2,\"name\":\"Kauppa\",\"item\":\"https:\\\/\\\/harmoniaelements.com\\\/kauppa\\\/\"},{\"@type\":\"ListItem\",\"position\":3,\"name\":\"Maamineraalit viltti\"}]},{\"@type\":\"WebSite\",\"@id\":\"https:\\\/\\\/harmoniaelements.com\\\/#website\",\"url\":\"https:\\\/\\\/harmoniaelements.com\\\/\",\"name\":\"Harmonia Elements\",\"description\":\"Feng Shui kohtaa suomalaisen sisustuksen\",\"publisher\":{\"@id\":\"https:\\\/\\\/harmoniaelements.com\\\/#organization\"},\"potentialAction\":[{\"@type\":\"SearchAction\",\"target\":{\"@type\":\"EntryPoint\",\"urlTemplate\":\"https:\\\/\\\/harmoniaelements.com\\\/?s={search_term_string}\"},\"query-input\":{\"@type\":\"PropertyValueSpecification\",\"valueRequired\":true,\"valueName\":\"search_term_string\"}}],\"inLanguage\":\"en-GB\"},{\"@type\":\"Organization\",\"@id\":\"https:\\\/\\\/harmoniaelements.com\\\/#organization\",\"name\":\"Harmonia Elements\",\"url\":\"https:\\\/\\\/harmoniaelements.com\\\/\",\"logo\":{\"@type\":\"ImageObject\",\"inLanguage\":\"en-GB\",\"@id\":\"https:\\\/\\\/harmoniaelements.com\\\/#\\\/schema\\\/logo\\\/image\\\/\",\"url\":\"https:\\\/\\\/harmoniaelements.com\\\/wp-content\\\/uploads\\\/2025\\\/01\\\/2.png\",\"contentUrl\":\"https:\\\/\\\/harmoniaelements.com\\\/wp-content\\\/uploads\\\/2025\\\/01\\\/2.png\",\"width\":500,\"height\":500,\"caption\":\"Harmonia Elements\"},\"image\":{\"@id\":\"https:\\\/\\\/harmoniaelements.com\\\/#\\\/schema\\\/logo\\\/image\\\/\"}}]}<\/script>\n<!-- \/ Yoast SEO plugin. -->","yoast_head_json":{"title":"Maamineraalit viltti - Harmonia Elements","description":"Kevyet Maamineraalit sisustusviltit, joissa yhdistyv\u00e4t feng shuin harmonia ja pohjoismainen tyyli. Luo kotiin l\u00e4mp\u00f6\u00e4, v\u00e4ri\u00e4 ja tunnelmaa helposti.","robots":{"index":"index","follow":"follow","max-snippet":"max-snippet:-1","max-image-preview":"max-image-preview:large","max-video-preview":"max-video-preview:-1"},"canonical":"https:\/\/harmoniaelements.com\/en\/product\/maamineraalit-viltti\/","og_locale":"en_GB","og_type":"article","og_title":"Maamineraalit viltti - Harmonia Elements","og_description":"Kevyet Maamineraalit sisustusviltit, joissa yhdistyv\u00e4t feng shuin harmonia ja pohjoismainen tyyli. Luo kotiin l\u00e4mp\u00f6\u00e4, v\u00e4ri\u00e4 ja tunnelmaa helposti.","og_url":"https:\/\/harmoniaelements.com\/en\/product\/maamineraalit-viltti\/","og_site_name":"Harmonia Elements","article_modified_time":"2025-04-25T19:53:59+00:00","og_image":[{"width":2000,"height":2000,"url":"https:\/\/harmoniaelements.com\/wp-content\/uploads\/2025\/04\/throw-blanket-50x60-front-68056719835ca.jpg","type":"image\/jpeg"}],"twitter_card":"summary_large_image","twitter_misc":{"Estimated reading time":"1 minute"},"schema":{"@context":"https:\/\/schema.org","@graph":[{"@type":"WebPage","@id":"https:\/\/harmoniaelements.com\/product\/maamineraalit-viltti\/","url":"https:\/\/harmoniaelements.com\/product\/maamineraalit-viltti\/","name":"Maamineraalit viltti - Harmonia Elements","isPartOf":{"@id":"https:\/\/harmoniaelements.com\/#website"},"primaryImageOfPage":{"@id":"https:\/\/harmoniaelements.com\/product\/maamineraalit-viltti\/#primaryimage"},"image":{"@id":"https:\/\/harmoniaelements.com\/product\/maamineraalit-viltti\/#primaryimage"},"thumbnailUrl":"https:\/\/harmoniaelements.com\/wp-content\/uploads\/2025\/04\/throw-blanket-50x60-front-68056719835ca.jpg","datePublished":"2025-04-20T21:29:08+00:00","dateModified":"2025-04-25T19:53:59+00:00","description":"Kevyet Maamineraalit sisustusviltit, joissa yhdistyv\u00e4t feng shuin harmonia ja pohjoismainen tyyli. Luo kotiin l\u00e4mp\u00f6\u00e4, v\u00e4ri\u00e4 ja tunnelmaa helposti.","breadcrumb":{"@id":"https:\/\/harmoniaelements.com\/product\/maamineraalit-viltti\/#breadcrumb"},"inLanguage":"en-GB","potentialAction":[{"@type":"ReadAction","target":["https:\/\/harmoniaelements.com\/product\/maamineraalit-viltti\/"]}]},{"@type":"ImageObject","inLanguage":"en-GB","@id":"https:\/\/harmoniaelements.com\/product\/maamineraalit-viltti\/#primaryimage","url":"https:\/\/harmoniaelements.com\/wp-content\/uploads\/2025\/04\/throw-blanket-50x60-front-68056719835ca.jpg","contentUrl":"https:\/\/harmoniaelements.com\/wp-content\/uploads\/2025\/04\/throw-blanket-50x60-front-68056719835ca.jpg","width":2000,"height":2000},{"@type":"BreadcrumbList","@id":"https:\/\/harmoniaelements.com\/product\/maamineraalit-viltti\/#breadcrumb","itemListElement":[{"@type":"ListItem","position":1,"name":"Etusivu","item":"https:\/\/harmoniaelements.com\/"},{"@type":"ListItem","position":2,"name":"Kauppa","item":"https:\/\/harmoniaelements.com\/kauppa\/"},{"@type":"ListItem","position":3,"name":"Maamineraalit viltti"}]},{"@type":"WebSite","@id":"https:\/\/harmoniaelements.com\/#website","url":"https:\/\/harmoniaelements.com\/","name":"Harmonia Elements","description":"Feng Shui kohtaa suomalaisen sisustuksen","publisher":{"@id":"https:\/\/harmoniaelements.com\/#organization"},"potentialAction":[{"@type":"SearchAction","target":{"@type":"EntryPoint","urlTemplate":"https:\/\/harmoniaelements.com\/?s={search_term_string}"},"query-input":{"@type":"PropertyValueSpecification","valueRequired":true,"valueName":"search_term_string"}}],"inLanguage":"en-GB"},{"@type":"Organization","@id":"https:\/\/harmoniaelements.com\/#organization","name":"Harmonia Elements","url":"https:\/\/harmoniaelements.com\/","logo":{"@type":"ImageObject","inLanguage":"en-GB","@id":"https:\/\/harmoniaelements.com\/#\/schema\/logo\/image\/","url":"https:\/\/harmoniaelements.com\/wp-content\/uploads\/2025\/01\/2.png","contentUrl":"https:\/\/harmoniaelements.com\/wp-content\/uploads\/2025\/01\/2.png","width":500,"height":500,"caption":"Harmonia Elements"},"image":{"@id":"https:\/\/harmoniaelements.com\/#\/schema\/logo\/image\/"}}]}},"jetpack_sharing_enabled":true,"_links":{"self":[{"href":"https:\/\/harmoniaelements.com\/en\/wp-json\/wp\/v2\/product\/7883","targetHints":{"allow":["GET"]}}],"collection":[{"href":"https:\/\/harmoniaelements.com\/en\/wp-json\/wp\/v2\/product"}],"about":[{"href":"https:\/\/harmoniaelements.com\/en\/wp-json\/wp\/v2\/types\/product"}],"wp:featuredmedia":[{"embeddable":true,"href":"https:\/\/harmoniaelements.com\/en\/wp-json\/wp\/v2\/media\/7886"}],"wp:attachment":[{"href":"https:\/\/harmoniaelements.com\/en\/wp-json\/wp\/v2\/media?parent=7883"}],"wp:term":[{"taxonomy":"product_brand","embeddable":true,"href":"https:\/\/harmoniaelements.com\/en\/wp-json\/wp\/v2\/product_brand?post=7883"},{"taxonomy":"product_cat","embeddable":true,"href":"https:\/\/harmoniaelements.com\/en\/wp-json\/wp\/v2\/product_cat?post=7883"},{"taxonomy":"product_tag","embeddable":true,"href":"https:\/\/harmoniaelements.com\/en\/wp-json\/wp\/v2\/product_tag?post=7883"}],"curies":[{"name":"wp","href":"https:\/\/api.w.org\/{rel}","templated":true}]}}