{"id":7753,"date":"2025-04-19T07:00:16","date_gmt":"2025-04-19T07:00:16","guid":{"rendered":"https:\/\/harmoniaelements.com\/product\/helmi-sherpa-torkkupeitto\/"},"modified":"2025-05-06T17:54:56","modified_gmt":"2025-05-06T17:54:56","slug":"helmi-sherpa-torkkupeitto","status":"publish","type":"product","link":"https:\/\/harmoniaelements.com\/en\/product\/helmi-sherpa-torkkupeitto\/","title":{"rendered":"Helmi Sherpa (geometrinen kuvio) torkkupeitto"},"content":{"rendered":"<h2 class=\"\" data-start=\"145\" data-end=\"204\"><strong data-start=\"152\" data-end=\"204\">TUOTEKUVAUS: Korukivien inspiroima Sherpa-peitto<\/strong><\/h2>\n<p class=\"\" data-start=\"206\" data-end=\"293\"><strong data-start=\"206\" data-end=\"242\">Huom! Koot ilmoitetaan tuumissa.<\/strong><br data-start=\"242\" data-end=\"245\" \/>37\u00d757\u201d \u2248 <strong data-start=\"254\" data-end=\"267\">94\u00d7145 cm<\/strong><br data-start=\"267\" data-end=\"270\" \/>50\u00d760\u201d \u2248 <strong data-start=\"279\" data-end=\"293\">127\u00d7152 cm<\/strong><\/p>\n<p class=\"\" data-start=\"295\" data-end=\"486\"><strong data-start=\"295\" data-end=\"315\">Huomaathan my\u00f6s:<\/strong> Peittojen kuvitus voi vaihdella hieman eri kokojen v\u00e4lill\u00e4. Eri kokoisissa malleissa kuvien asettelu tai mittasuhteet voivat poiketa toisistaan tuotantoteknisist\u00e4 syist\u00e4.<\/p>\n<p class=\"\" data-start=\"488\" data-end=\"796\">Kietoudu pehmeyteen ja symboliseen rauhaan Sherpa-peitolla, jonka kuvitus perustuu tarkoin valittujen korukivien merkityksiin. T\u00e4m\u00e4 peitto on t\u00e4ydellinen kumppani rentoutumiseen \u2013 niin meditaatioon, joogatunnille mukaan, iltalukemisen hetkiin kuin lahjaksi l\u00e4heiselle, jolla on oma lempikivi tai syntym\u00e4kivi.<\/p>\n<p class=\"\" data-start=\"798\" data-end=\"1152\">Jokainen peitto on <strong data-start=\"817\" data-end=\"854\">Harmonia Elementsin suunnittelema<\/strong>, ja kuvioiden inspiraationa ovat <strong data-start=\"888\" data-end=\"945\">erilaiset kivien ominaisuudet ja feng shuin elementit<\/strong>. Yleisesti n\u00e4m\u00e4 peitot ilment\u00e4v\u00e4t <strong data-start=\"980\" data-end=\"999\">maan elementti\u00e4<\/strong>, joka tuo vakautta, tukea ja rauhaa tilaan \u2013 mutta jokaisella kivell\u00e4 on oma erityinen energiansa, joka voi tukea juuri sinun hetke\u00e4si tai tunnetilaasi.<\/p>\n<p class=\"\" data-start=\"1154\" data-end=\"1423\">Peitto on t\u00e4ydellinen lis\u00e4 kodin sisustukseen tai henkil\u00f6kohtaiseksi voimatekstiiliksi. Voit valita sen intuitiivisesti, el\u00e4m\u00e4ntilanteen mukaan \u2013 tai antaa lahjaksi merkityksellisen\u00e4 eleen\u00e4. N\u00e4m\u00e4 peitot ovat <strong data-start=\"1362\" data-end=\"1423\">ainutlaatuisia eik\u00e4 niit\u00e4 ole saatavilla mist\u00e4\u00e4n muualta.<\/strong><\/p>\n<hr class=\"\" data-start=\"1130\" data-end=\"1133\" \/>\n<h2 class=\"\" data-start=\"1135\" data-end=\"1163\">\ud83d\udc8e <strong data-start=\"1141\" data-end=\"1163\">KIVIEN MERKITYKSET<\/strong><\/h2>\n<ul data-start=\"1165\" data-end=\"2599\">\n<li class=\"\" data-start=\"1165\" data-end=\"1227\">\n<p class=\"\" data-start=\"1167\" data-end=\"1227\"><strong data-start=\"1167\" data-end=\"1186\">Akaatti (Agate)<\/strong> \u2013 Edist\u00e4\u00e4 sis\u00e4ist\u00e4 rauhaa ja vakautta.<\/p>\n<\/li>\n<li class=\"\" data-start=\"1228\" data-end=\"1309\">\n<p class=\"\" data-start=\"1230\" data-end=\"1309\"><strong data-start=\"1230\" data-end=\"1258\">Akvamariini (Aquamarine)<\/strong> \u2013 Rauhoittaa mielt\u00e4 ja tuo selkeytt\u00e4 ajatuksiin.<\/p>\n<\/li>\n<li class=\"\" data-start=\"1310\" data-end=\"1399\">\n<p class=\"\" data-start=\"1312\" data-end=\"1399\"><strong data-start=\"1312\" data-end=\"1339\">Amazoniitti (Amazonite)<\/strong> \u2013 Tuo tasapainoa tunteisiin ja rohkaisee itseluottamusta.<\/p>\n<\/li>\n<li class=\"\" data-start=\"1400\" data-end=\"1474\">\n<p class=\"\" data-start=\"1402\" data-end=\"1474\"><strong data-start=\"1402\" data-end=\"1429\">Aragoniitti (Aragonite)<\/strong> \u2013 Vahvistaa maadoittumista ja kest\u00e4vyytt\u00e4.<\/p>\n<\/li>\n<li class=\"\" data-start=\"1475\" data-end=\"1548\">\n<p class=\"\" data-start=\"1477\" data-end=\"1548\"><strong data-start=\"1477\" data-end=\"1502\">Dolomiitti (Dolomite)<\/strong> \u2013 Auttaa rentoutumaan ja v\u00e4hent\u00e4\u00e4 stressi\u00e4.<\/p>\n<\/li>\n<li class=\"\" data-start=\"1549\" data-end=\"1616\">\n<p class=\"\" data-start=\"1551\" data-end=\"1616\"><strong data-start=\"1551\" data-end=\"1573\">Emeraldi (Emerald)<\/strong> \u2013 Liitet\u00e4\u00e4n rakkauteen ja uudistumiseen.<\/p>\n<\/li>\n<li class=\"\" data-start=\"1617\" data-end=\"1695\">\n<p class=\"\" data-start=\"1619\" data-end=\"1695\"><strong data-start=\"1619\" data-end=\"1642\">Ametisti (Amethyst)<\/strong> \u2013 Rauhoittaa mielt\u00e4 ja edist\u00e4\u00e4 hengellist\u00e4 kasvua.<\/p>\n<\/li>\n<li class=\"\" data-start=\"1696\" data-end=\"1773\">\n<p class=\"\" data-start=\"1698\" data-end=\"1773\"><strong data-start=\"1698\" data-end=\"1722\">Fuksiitti (Fuchsite)<\/strong> \u2013 Auttaa palautumaan stressist\u00e4 ja uupumuksesta.<\/p>\n<\/li>\n<li class=\"\" data-start=\"1774\" data-end=\"1831\">\n<p class=\"\" data-start=\"1776\" data-end=\"1831\"><strong data-start=\"1776\" data-end=\"1798\">Granaatti (Garnet)<\/strong> \u2013 Antaa energiaa ja intohimoa.<\/p>\n<\/li>\n<li class=\"\" data-start=\"1832\" data-end=\"1909\">\n<p class=\"\" data-start=\"1834\" data-end=\"1909\"><strong data-start=\"1834\" data-end=\"1857\">Graniitti (Granite)<\/strong> \u2013 Vahvistaa kest\u00e4vyytt\u00e4 ja joustavuutta el\u00e4m\u00e4ss\u00e4.<\/p>\n<\/li>\n<li class=\"\" data-start=\"1910\" data-end=\"1969\">\n<p class=\"\" data-start=\"1912\" data-end=\"1969\"><strong data-start=\"1912\" data-end=\"1929\">Helmi (Pearl)<\/strong> \u2013 Symboloi puhtautta ja viattomuutta.<\/p>\n<\/li>\n<li class=\"\" data-start=\"1970\" data-end=\"2060\">\n<p class=\"\" data-start=\"1972\" data-end=\"2060\"><strong data-start=\"1972\" data-end=\"1997\">Hematiitti (Hematite)<\/strong> \u2013 Tukee maadoittumista ja suojaa negatiivisilta energioilta.<\/p>\n<\/li>\n<li class=\"\" data-start=\"2061\" data-end=\"2120\">\n<p class=\"\" data-start=\"2063\" data-end=\"2120\"><strong data-start=\"2063\" data-end=\"2078\">Jade (Jade)<\/strong> \u2013 Liitet\u00e4\u00e4n menestykseen ja vaurauteen.<\/p>\n<\/li>\n<li class=\"\" data-start=\"2121\" data-end=\"2183\">\n<p class=\"\" data-start=\"2123\" data-end=\"2183\"><strong data-start=\"2123\" data-end=\"2141\">Jaspi (Jasper)<\/strong> \u2013 Tukee kest\u00e4vyytt\u00e4 ja sis\u00e4ist\u00e4 voimaa.<\/p>\n<\/li>\n<li class=\"\" data-start=\"2184\" data-end=\"2246\">\n<p class=\"\" data-start=\"2186\" data-end=\"2246\"><strong data-start=\"2186\" data-end=\"2211\">Karnelian (Carnelian)<\/strong> \u2013 Antaa rohkeutta ja elinvoimaa.<\/p>\n<\/li>\n<li class=\"\" data-start=\"2247\" data-end=\"2312\">\n<p class=\"\" data-start=\"2249\" data-end=\"2312\"><strong data-start=\"2249\" data-end=\"2269\">Kvartsi (Quartz)<\/strong> \u2013 Puhdistaa ja vahvistaa energiakentt\u00e4\u00e4.<\/p>\n<\/li>\n<li class=\"\" data-start=\"2313\" data-end=\"2394\">\n<p class=\"\" data-start=\"2315\" data-end=\"2394\"><strong data-start=\"2315\" data-end=\"2346\">Labradoriitti (Labradorite)<\/strong> \u2013 Suojaa negatiivisuudelta ja avaa intuition.<\/p>\n<\/li>\n<li class=\"\" data-start=\"2395\" data-end=\"2467\">\n<p class=\"\" data-start=\"2397\" data-end=\"2467\"><strong data-start=\"2397\" data-end=\"2428\">Lapis lazuli (Lapis Lazuli)<\/strong> \u2013 Edist\u00e4\u00e4 viisautta ja itseilmaisua.<\/p>\n<\/li>\n<li class=\"\" data-start=\"2468\" data-end=\"2537\">\n<p class=\"\" data-start=\"2470\" data-end=\"2537\"><strong data-start=\"2470\" data-end=\"2496\">Malakiitti (Malachite)<\/strong> \u2013 Liitet\u00e4\u00e4n muutokseen ja kasvamiseen.<\/p>\n<\/li>\n<li class=\"\" data-start=\"2538\" data-end=\"2599\">\n<p class=\"\" data-start=\"2540\" data-end=\"2599\"><strong data-start=\"2540\" data-end=\"2562\">Timantti (Diamond)<\/strong> \u2013 Symboloi puhtautta ja kest\u00e4vyytt\u00e4.<\/p>\n<\/li>\n<\/ul>\n<hr class=\"\" data-start=\"2601\" data-end=\"2604\" \/>\n<h2 class=\"\" data-start=\"2606\" data-end=\"2627\">\ud83d\udce6 <strong data-start=\"2612\" data-end=\"2627\">TUOTETIEDOT<\/strong><\/h2>\n<ul data-start=\"2629\" data-end=\"2980\">\n<li class=\"\" data-start=\"2629\" data-end=\"2679\">\n<p class=\"\" data-start=\"2631\" data-end=\"2679\"><strong data-start=\"2631\" data-end=\"2653\">Kokonaiskoostumus:<\/strong> 100 % polyesterikuituja<\/p>\n<\/li>\n<li class=\"\" data-start=\"2680\" data-end=\"2756\">\n<p class=\"\" data-start=\"2682\" data-end=\"2756\"><strong data-start=\"2682\" data-end=\"2693\">Kangas:<\/strong> 100 % polyesteri (51,5 % pintakangasta, 48,5 % sherpa-vuori)<\/p>\n<\/li>\n<li class=\"\" data-start=\"2757\" data-end=\"2810\">\n<p class=\"\" data-start=\"2759\" data-end=\"2810\"><strong data-start=\"2759\" data-end=\"2775\">Sile\u00e4 pinta:<\/strong> 220 g\/m\u00b2, sherpa-vuori: 240 g\/m\u00b2<\/p>\n<\/li>\n<li class=\"\" data-start=\"2811\" data-end=\"2929\">\n<p class=\"\" data-start=\"2813\" data-end=\"2929\"><strong data-start=\"2813\" data-end=\"2827\">Valmistus:<\/strong> Peitto valmistetaan tilauksesta ja toimitetaan suoraan tilaajalle yhteisty\u00f6kumppaniltamme Latviasta<\/p>\n<\/li>\n<li class=\"\" data-start=\"2930\" data-end=\"2980\">\n<p class=\"\" data-start=\"2932\" data-end=\"2980\"><strong data-start=\"2932\" data-end=\"2959\">Tyhj\u00e4 tuoteosat EU:ssa:<\/strong> valmistettu Kiinassa<\/p>\n<\/li>\n<\/ul>","protected":false},"excerpt":{"rendered":"<p>Pehme\u00e4 ja l\u00e4mmin sherpa-torkkupeitto, jossa kivien ja kristallien inspiroima kuosi tuo sisustukseen ylellisyytt\u00e4 ja symboliikkaa. T\u00e4ydellinen lahjaksi, rentoutumiseen tai sisustuksen viimeistelyyn.<\/p>","protected":false},"featured_media":7756,"template":"","meta":{"_monsterinsights_skip_tracking":false,"_monsterinsights_sitenote_active":false,"_monsterinsights_sitenote_note":"","_monsterinsights_sitenote_category":0,"_uf_show_specific_survey":0,"_uf_disable_surveys":false,"neve_meta_sidebar":"","neve_meta_container":"","neve_meta_enable_content_width":"off","neve_meta_content_width":100,"neve_meta_title_alignment":"","neve_meta_author_avatar":"","neve_post_elements_order":"","neve_meta_disable_header":"","neve_meta_disable_footer":"","neve_meta_disable_title":"","_themeisle_gutenberg_block_has_review":false},"product_brand":[],"product_cat":[155,157],"product_tag":[187,132],"class_list":{"0":"post-7753","1":"product","2":"type-product","3":"status-publish","4":"has-post-thumbnail","6":"product_cat-korukivi-sherpa-peitot","7":"product_cat-korukivi-ja-kristalli-sherpa-peitot","8":"product_tag-helmi","9":"product_tag-maaelementti","11":"first","12":"instock","13":"taxable","14":"shipping-taxable","15":"purchasable","16":"product-type-variable"},"yoast_head":"<!-- This site is optimized with the Yoast SEO plugin v27.4 - https:\/\/yoast.com\/product\/yoast-seo-wordpress\/ -->\n<title>Helmi Sherpa (geometrinen kuvio) torkkupeitto - Harmonia Elements<\/title>\n<meta name=\"description\" content=\"Valitse oma kivikuvioinen Sherpa-peittosi \u2013 t\u00e4ydellinen lahjaksi, meditaatiohetkiin tai sisustukseen. Ainutlaatuinen design ja pehmeys yhdess\u00e4.\" \/>\n<meta name=\"robots\" content=\"index, follow, max-snippet:-1, max-image-preview:large, max-video-preview:-1\" \/>\n<link rel=\"canonical\" href=\"https:\/\/harmoniaelements.com\/en\/product\/helmi-sherpa-torkkupeitto\/\" \/>\n<meta property=\"og:locale\" content=\"en_GB\" \/>\n<meta property=\"og:type\" content=\"article\" \/>\n<meta property=\"og:title\" content=\"Helmi Sherpa (geometrinen kuvio) torkkupeitto - Harmonia Elements\" \/>\n<meta property=\"og:description\" content=\"Valitse oma kivikuvioinen Sherpa-peittosi \u2013 t\u00e4ydellinen lahjaksi, meditaatiohetkiin tai sisustukseen. Ainutlaatuinen design ja pehmeys yhdess\u00e4.\" \/>\n<meta property=\"og:url\" content=\"https:\/\/harmoniaelements.com\/en\/product\/helmi-sherpa-torkkupeitto\/\" \/>\n<meta property=\"og:site_name\" content=\"Harmonia Elements\" \/>\n<meta property=\"article:modified_time\" content=\"2025-05-06T17:54:56+00:00\" \/>\n<meta property=\"og:image\" content=\"https:\/\/harmoniaelements.com\/wp-content\/uploads\/2025\/04\/sublimated-sherpa-blanket-tan-37x57-front-680349f54c303.jpg\" \/>\n\t<meta property=\"og:image:width\" content=\"2000\" \/>\n\t<meta property=\"og:image:height\" content=\"2000\" \/>\n\t<meta property=\"og:image:type\" content=\"image\/jpeg\" \/>\n<meta name=\"twitter:card\" content=\"summary_large_image\" \/>\n<meta name=\"twitter:label1\" content=\"Estimated reading time\" \/>\n\t<meta name=\"twitter:data1\" content=\"3 minutes\" \/>\n<script type=\"application\/ld+json\" class=\"yoast-schema-graph\">{\"@context\":\"https:\\\/\\\/schema.org\",\"@graph\":[{\"@type\":\"WebPage\",\"@id\":\"https:\\\/\\\/harmoniaelements.com\\\/product\\\/helmi-sherpa-torkkupeitto\\\/\",\"url\":\"https:\\\/\\\/harmoniaelements.com\\\/product\\\/helmi-sherpa-torkkupeitto\\\/\",\"name\":\"Helmi Sherpa (geometrinen kuvio) torkkupeitto - Harmonia Elements\",\"isPartOf\":{\"@id\":\"https:\\\/\\\/harmoniaelements.com\\\/#website\"},\"primaryImageOfPage\":{\"@id\":\"https:\\\/\\\/harmoniaelements.com\\\/product\\\/helmi-sherpa-torkkupeitto\\\/#primaryimage\"},\"image\":{\"@id\":\"https:\\\/\\\/harmoniaelements.com\\\/product\\\/helmi-sherpa-torkkupeitto\\\/#primaryimage\"},\"thumbnailUrl\":\"https:\\\/\\\/harmoniaelements.com\\\/wp-content\\\/uploads\\\/2025\\\/04\\\/sublimated-sherpa-blanket-tan-37x57-front-680349f54c303.jpg\",\"datePublished\":\"2025-04-19T07:00:16+00:00\",\"dateModified\":\"2025-05-06T17:54:56+00:00\",\"description\":\"Valitse oma kivikuvioinen Sherpa-peittosi \u2013 t\u00e4ydellinen lahjaksi, meditaatiohetkiin tai sisustukseen. Ainutlaatuinen design ja pehmeys yhdess\u00e4.\",\"breadcrumb\":{\"@id\":\"https:\\\/\\\/harmoniaelements.com\\\/product\\\/helmi-sherpa-torkkupeitto\\\/#breadcrumb\"},\"inLanguage\":\"en-GB\",\"potentialAction\":[{\"@type\":\"ReadAction\",\"target\":[\"https:\\\/\\\/harmoniaelements.com\\\/product\\\/helmi-sherpa-torkkupeitto\\\/\"]}]},{\"@type\":\"ImageObject\",\"inLanguage\":\"en-GB\",\"@id\":\"https:\\\/\\\/harmoniaelements.com\\\/product\\\/helmi-sherpa-torkkupeitto\\\/#primaryimage\",\"url\":\"https:\\\/\\\/harmoniaelements.com\\\/wp-content\\\/uploads\\\/2025\\\/04\\\/sublimated-sherpa-blanket-tan-37x57-front-680349f54c303.jpg\",\"contentUrl\":\"https:\\\/\\\/harmoniaelements.com\\\/wp-content\\\/uploads\\\/2025\\\/04\\\/sublimated-sherpa-blanket-tan-37x57-front-680349f54c303.jpg\",\"width\":2000,\"height\":2000},{\"@type\":\"BreadcrumbList\",\"@id\":\"https:\\\/\\\/harmoniaelements.com\\\/product\\\/helmi-sherpa-torkkupeitto\\\/#breadcrumb\",\"itemListElement\":[{\"@type\":\"ListItem\",\"position\":1,\"name\":\"Etusivu\",\"item\":\"https:\\\/\\\/harmoniaelements.com\\\/\"},{\"@type\":\"ListItem\",\"position\":2,\"name\":\"Kauppa\",\"item\":\"https:\\\/\\\/harmoniaelements.com\\\/kauppa\\\/\"},{\"@type\":\"ListItem\",\"position\":3,\"name\":\"Helmi Sherpa (geometrinen kuvio) torkkupeitto\"}]},{\"@type\":\"WebSite\",\"@id\":\"https:\\\/\\\/harmoniaelements.com\\\/#website\",\"url\":\"https:\\\/\\\/harmoniaelements.com\\\/\",\"name\":\"Harmonia Elements\",\"description\":\"Feng Shui kohtaa suomalaisen sisustuksen\",\"publisher\":{\"@id\":\"https:\\\/\\\/harmoniaelements.com\\\/#organization\"},\"potentialAction\":[{\"@type\":\"SearchAction\",\"target\":{\"@type\":\"EntryPoint\",\"urlTemplate\":\"https:\\\/\\\/harmoniaelements.com\\\/?s={search_term_string}\"},\"query-input\":{\"@type\":\"PropertyValueSpecification\",\"valueRequired\":true,\"valueName\":\"search_term_string\"}}],\"inLanguage\":\"en-GB\"},{\"@type\":\"Organization\",\"@id\":\"https:\\\/\\\/harmoniaelements.com\\\/#organization\",\"name\":\"Harmonia Elements\",\"url\":\"https:\\\/\\\/harmoniaelements.com\\\/\",\"logo\":{\"@type\":\"ImageObject\",\"inLanguage\":\"en-GB\",\"@id\":\"https:\\\/\\\/harmoniaelements.com\\\/#\\\/schema\\\/logo\\\/image\\\/\",\"url\":\"https:\\\/\\\/harmoniaelements.com\\\/wp-content\\\/uploads\\\/2025\\\/01\\\/2.png\",\"contentUrl\":\"https:\\\/\\\/harmoniaelements.com\\\/wp-content\\\/uploads\\\/2025\\\/01\\\/2.png\",\"width\":500,\"height\":500,\"caption\":\"Harmonia Elements\"},\"image\":{\"@id\":\"https:\\\/\\\/harmoniaelements.com\\\/#\\\/schema\\\/logo\\\/image\\\/\"}}]}<\/script>\n<!-- \/ Yoast SEO plugin. -->","yoast_head_json":{"title":"Helmi Sherpa (geometrinen kuvio) torkkupeitto - Harmonia Elements","description":"Valitse oma kivikuvioinen Sherpa-peittosi \u2013 t\u00e4ydellinen lahjaksi, meditaatiohetkiin tai sisustukseen. Ainutlaatuinen design ja pehmeys yhdess\u00e4.","robots":{"index":"index","follow":"follow","max-snippet":"max-snippet:-1","max-image-preview":"max-image-preview:large","max-video-preview":"max-video-preview:-1"},"canonical":"https:\/\/harmoniaelements.com\/en\/product\/helmi-sherpa-torkkupeitto\/","og_locale":"en_GB","og_type":"article","og_title":"Helmi Sherpa (geometrinen kuvio) torkkupeitto - Harmonia Elements","og_description":"Valitse oma kivikuvioinen Sherpa-peittosi \u2013 t\u00e4ydellinen lahjaksi, meditaatiohetkiin tai sisustukseen. Ainutlaatuinen design ja pehmeys yhdess\u00e4.","og_url":"https:\/\/harmoniaelements.com\/en\/product\/helmi-sherpa-torkkupeitto\/","og_site_name":"Harmonia Elements","article_modified_time":"2025-05-06T17:54:56+00:00","og_image":[{"width":2000,"height":2000,"url":"https:\/\/harmoniaelements.com\/wp-content\/uploads\/2025\/04\/sublimated-sherpa-blanket-tan-37x57-front-680349f54c303.jpg","type":"image\/jpeg"}],"twitter_card":"summary_large_image","twitter_misc":{"Estimated reading time":"3 minutes"},"schema":{"@context":"https:\/\/schema.org","@graph":[{"@type":"WebPage","@id":"https:\/\/harmoniaelements.com\/product\/helmi-sherpa-torkkupeitto\/","url":"https:\/\/harmoniaelements.com\/product\/helmi-sherpa-torkkupeitto\/","name":"Helmi Sherpa (geometrinen kuvio) torkkupeitto - Harmonia Elements","isPartOf":{"@id":"https:\/\/harmoniaelements.com\/#website"},"primaryImageOfPage":{"@id":"https:\/\/harmoniaelements.com\/product\/helmi-sherpa-torkkupeitto\/#primaryimage"},"image":{"@id":"https:\/\/harmoniaelements.com\/product\/helmi-sherpa-torkkupeitto\/#primaryimage"},"thumbnailUrl":"https:\/\/harmoniaelements.com\/wp-content\/uploads\/2025\/04\/sublimated-sherpa-blanket-tan-37x57-front-680349f54c303.jpg","datePublished":"2025-04-19T07:00:16+00:00","dateModified":"2025-05-06T17:54:56+00:00","description":"Valitse oma kivikuvioinen Sherpa-peittosi \u2013 t\u00e4ydellinen lahjaksi, meditaatiohetkiin tai sisustukseen. Ainutlaatuinen design ja pehmeys yhdess\u00e4.","breadcrumb":{"@id":"https:\/\/harmoniaelements.com\/product\/helmi-sherpa-torkkupeitto\/#breadcrumb"},"inLanguage":"en-GB","potentialAction":[{"@type":"ReadAction","target":["https:\/\/harmoniaelements.com\/product\/helmi-sherpa-torkkupeitto\/"]}]},{"@type":"ImageObject","inLanguage":"en-GB","@id":"https:\/\/harmoniaelements.com\/product\/helmi-sherpa-torkkupeitto\/#primaryimage","url":"https:\/\/harmoniaelements.com\/wp-content\/uploads\/2025\/04\/sublimated-sherpa-blanket-tan-37x57-front-680349f54c303.jpg","contentUrl":"https:\/\/harmoniaelements.com\/wp-content\/uploads\/2025\/04\/sublimated-sherpa-blanket-tan-37x57-front-680349f54c303.jpg","width":2000,"height":2000},{"@type":"BreadcrumbList","@id":"https:\/\/harmoniaelements.com\/product\/helmi-sherpa-torkkupeitto\/#breadcrumb","itemListElement":[{"@type":"ListItem","position":1,"name":"Etusivu","item":"https:\/\/harmoniaelements.com\/"},{"@type":"ListItem","position":2,"name":"Kauppa","item":"https:\/\/harmoniaelements.com\/kauppa\/"},{"@type":"ListItem","position":3,"name":"Helmi Sherpa (geometrinen kuvio) torkkupeitto"}]},{"@type":"WebSite","@id":"https:\/\/harmoniaelements.com\/#website","url":"https:\/\/harmoniaelements.com\/","name":"Harmonia Elements","description":"Feng Shui kohtaa suomalaisen sisustuksen","publisher":{"@id":"https:\/\/harmoniaelements.com\/#organization"},"potentialAction":[{"@type":"SearchAction","target":{"@type":"EntryPoint","urlTemplate":"https:\/\/harmoniaelements.com\/?s={search_term_string}"},"query-input":{"@type":"PropertyValueSpecification","valueRequired":true,"valueName":"search_term_string"}}],"inLanguage":"en-GB"},{"@type":"Organization","@id":"https:\/\/harmoniaelements.com\/#organization","name":"Harmonia Elements","url":"https:\/\/harmoniaelements.com\/","logo":{"@type":"ImageObject","inLanguage":"en-GB","@id":"https:\/\/harmoniaelements.com\/#\/schema\/logo\/image\/","url":"https:\/\/harmoniaelements.com\/wp-content\/uploads\/2025\/01\/2.png","contentUrl":"https:\/\/harmoniaelements.com\/wp-content\/uploads\/2025\/01\/2.png","width":500,"height":500,"caption":"Harmonia Elements"},"image":{"@id":"https:\/\/harmoniaelements.com\/#\/schema\/logo\/image\/"}}]}},"jetpack_sharing_enabled":true,"_links":{"self":[{"href":"https:\/\/harmoniaelements.com\/en\/wp-json\/wp\/v2\/product\/7753","targetHints":{"allow":["GET"]}}],"collection":[{"href":"https:\/\/harmoniaelements.com\/en\/wp-json\/wp\/v2\/product"}],"about":[{"href":"https:\/\/harmoniaelements.com\/en\/wp-json\/wp\/v2\/types\/product"}],"wp:featuredmedia":[{"embeddable":true,"href":"https:\/\/harmoniaelements.com\/en\/wp-json\/wp\/v2\/media\/7756"}],"wp:attachment":[{"href":"https:\/\/harmoniaelements.com\/en\/wp-json\/wp\/v2\/media?parent=7753"}],"wp:term":[{"taxonomy":"product_brand","embeddable":true,"href":"https:\/\/harmoniaelements.com\/en\/wp-json\/wp\/v2\/product_brand?post=7753"},{"taxonomy":"product_cat","embeddable":true,"href":"https:\/\/harmoniaelements.com\/en\/wp-json\/wp\/v2\/product_cat?post=7753"},{"taxonomy":"product_tag","embeddable":true,"href":"https:\/\/harmoniaelements.com\/en\/wp-json\/wp\/v2\/product_tag?post=7753"}],"curies":[{"name":"wp","href":"https:\/\/api.w.org\/{rel}","templated":true}]}}