{"id":5543,"date":"2025-04-09T19:44:47","date_gmt":"2025-04-09T19:44:47","guid":{"rendered":"https:\/\/harmoniaelements.com\/product\/kangaskassi-tulisydan\/"},"modified":"2025-04-20T21:06:34","modified_gmt":"2025-04-20T21:06:34","slug":"kangaskassi-tulisydan","status":"publish","type":"product","link":"https:\/\/harmoniaelements.com\/en\/product\/kangaskassi-tulisydan\/","title":{"rendered":"Tulisyd\u00e4n Kangaskassi"},"content":{"rendered":"<h3 data-pm-slice=\"1 3 []\">Kangaskassi \u2013 Tulielementti<\/h3>\n<p>Kangaskassi on k\u00e4yt\u00e4nn\u00f6llinen ja tyylik\u00e4s valinta, joka sopii niin arkeen kuin vapaa-aikaan. Se tarjoaa reilusti tilaa kaikelle tarvittavalle ja tuo samalla persoonallista ilmett\u00e4 asukokonaisuuteen. Kuvioinnin molemminpuolinen painatus tekee kassista n\u00e4ytt\u00e4v\u00e4n ja monik\u00e4ytt\u00f6isen lis\u00e4n asusteisiisi. Kassit ovat my\u00f6s niin esteettisi\u00e4, ett\u00e4 ne sopivat loistavasti lahjaksi \u2013 my\u00f6s henkil\u00f6lle, joka ei ole perehtynyt feng shuihin.<\/p>\n<p>Feng shuissa <strong>tulielementti<\/strong> symboloi <strong>energiaa, intohimoa ja inspiraatiota<\/strong>. Se liittyy aktiivisuuteen, n\u00e4kyvyyteen ja el\u00e4m\u00e4nvoimaan \u2013 aivan kuten tuli tuo valoa ja l\u00e4mp\u00f6\u00e4 ymp\u00e4rist\u00f6\u00f6ns\u00e4. Feng shuin mukaan tulielementti <strong>vahvistaa maaelementti\u00e4<\/strong>, sill\u00e4 tuli synnytt\u00e4\u00e4 tuhkaa, joka rikastuttaa maaper\u00e4\u00e4. Samalla se voi <strong>hillit\u00e4 metallielementti\u00e4<\/strong>, koska tuli sulattaa metallin.<\/p>\n<h3>Tulielementti ja feng shui asusteissa<\/h3>\n<p>Feng shuin mukaan tulielementti\u00e4 kannattaa hy\u00f6dynt\u00e4\u00e4, kun halutaan lis\u00e4t\u00e4 intohimoa, itseluottamusta ja el\u00e4m\u00e4niloa. Se tuo pukeutumiseen l\u00e4mp\u00f6\u00e4 ja rohkeaa ilmett\u00e4 sek\u00e4 tukee aktiivista ja n\u00e4kyv\u00e4\u00e4 olemusta.<\/p>\n<p>Tulielementti\u00e4 symboloivat <strong>punaisen, oranssin ja kirkkaan violetin s\u00e4vyt<\/strong> sek\u00e4 <strong>kolmionmuotoiset ja ter\u00e4v\u00e4t muodot<\/strong>, jotka muistuttavat liekkej\u00e4. N\u00e4iden k\u00e4ytt\u00f6 asusteissa, kuten kangaskasseissa, voi lis\u00e4t\u00e4 voimaa, dynaamisuutta ja itseluottamusta pukeutumiseen.<\/p>\n<p><strong>Toimitus:<\/strong> Kangaskassi painetaan ja toimitetaan suoraan yhteisty\u00f6kumppaniltamme Latviassa, varmistaen nopean ja luotettavan palvelun Euroopan asiakkaille.<\/p>\n<div>\n<hr \/>\n<\/div>\n<p><strong>Ominaisuudet:<\/strong><\/p>\n<ul data-spread=\"false\">\n<li>100 % polyesteri<\/li>\n<li>Koko: 39 cm \u00d7 39 cm<\/li>\n<li>Tilavuus: 10 l<\/li>\n<li>Maksimipaino: 20 kg<\/li>\n<li>Kaksinkertainen puuvillainen kahva<\/li>\n<li>Kahvan pituus: 67 cm, leveys: 2,5 cm<\/li>\n<li>Kahvojen ulkon\u00e4k\u00f6 voi hieman vaihdella tuotantopaikasta riippuen<\/li>\n<\/ul>\n<p><strong>Tuotannon vaiheet:<\/strong><\/p>\n<ul data-spread=\"false\">\n<li>Neulonta: Kiina<\/li>\n<li>V\u00e4rj\u00e4ys: Kiina<\/li>\n<li>Valmistus: Latvia<\/li>\n<\/ul>\n<p><strong>Materiaalit ja turvallisuus:<\/strong><\/p>\n<ul data-spread=\"false\">\n<li>Sis\u00e4lt\u00e4\u00e4 0 % kierr\u00e4tetty\u00e4 polyesteri\u00e4<\/li>\n<li>Sis\u00e4lt\u00e4\u00e4 0 % vaarallisia aineita<\/li>\n<li>T\u00e4m\u00e4 tuote saattaa vapauttaa pesussa mikromuoveja ymp\u00e4rist\u00f6\u00f6n<\/li>\n<li>100 % polyesteri<\/li>\n<\/ul>\n<p><strong>Ik\u00e4rajoitus:<\/strong><\/p>\n<ul data-spread=\"false\">\n<li>Tuote on tarkoitettu aikuisille.<\/li>\n<\/ul>\n<p><strong>Takuu EU:ssa:<\/strong><\/p>\n<ul data-spread=\"false\">\n<li>2 vuotta<\/li>\n<\/ul>","protected":false},"excerpt":{"rendered":"<p>Kangaskassi \u2013 Tulielementti Kangaskassi on k\u00e4yt\u00e4nn\u00f6llinen ja tyylik\u00e4s valinta, joka sopii niin arkeen kuin vapaa-aikaan. Se tarjoaa reilusti tilaa kaikelle tarvittavalle ja tuo samalla persoonallista ilmett\u00e4 asukokonaisuuteen. Kuvioinnin molemminpuolinen painatus tekee kassista n\u00e4ytt\u00e4v\u00e4n ja monik\u00e4ytt\u00f6isen lis\u00e4n asusteisiisi. Kassit ovat my\u00f6s niin esteettisi\u00e4, ett\u00e4 ne sopivat loistavasti lahjaksi \u2013 my\u00f6s henkil\u00f6lle, joka ei ole perehtynyt feng&hellip;&nbsp;<a href=\"https:\/\/harmoniaelements.com\/en\/product\/kangaskassi-tulisydan\/\" rel=\"bookmark\">Read More &raquo;<span class=\"screen-reader-text\">Tulisyd\u00e4n Kangaskassi<\/span><\/a><\/p>","protected":false},"featured_media":5544,"template":"","meta":{"_monsterinsights_skip_tracking":false,"_monsterinsights_sitenote_active":false,"_monsterinsights_sitenote_note":"","_monsterinsights_sitenote_category":0,"_uf_show_specific_survey":0,"_uf_disable_surveys":false,"neve_meta_sidebar":"","neve_meta_container":"","neve_meta_enable_content_width":"off","neve_meta_content_width":100,"neve_meta_title_alignment":"","neve_meta_author_avatar":"","neve_post_elements_order":"","neve_meta_disable_header":"","neve_meta_disable_footer":"","neve_meta_disable_title":"","_themeisle_gutenberg_block_has_review":false},"product_brand":[],"product_cat":[117,149,118,135],"product_tag":[131],"class_list":{"0":"post-5543","1":"product","2":"type-product","3":"status-publish","4":"has-post-thumbnail","6":"product_cat-asusteet","7":"product_cat-kangaskassit","8":"product_cat-laukut-ja-kassit","9":"product_cat-tulielementti","10":"product_tag-tulielementti","12":"first","13":"instock","14":"taxable","15":"shipping-taxable","16":"purchasable","17":"product-type-simple"},"yoast_head":"<!-- This site is optimized with the Yoast SEO plugin v27.4 - https:\/\/yoast.com\/product\/yoast-seo-wordpress\/ -->\n<title>Tulisyd\u00e4n Kangaskassi - Harmonia Elements<\/title>\n<meta name=\"description\" content=\"Hehkuva kangaskassi tulielementin energialla. Rohkea ilme ja k\u00e4yt\u00e4nn\u00f6llinen muotoilu tuovat eloa asukokonaisuuteesi. Tilaa omasi nyt!\" \/>\n<meta name=\"robots\" content=\"index, follow, max-snippet:-1, max-image-preview:large, max-video-preview:-1\" \/>\n<link rel=\"canonical\" href=\"https:\/\/harmoniaelements.com\/en\/product\/kangaskassi-tulisydan\/\" \/>\n<meta property=\"og:locale\" content=\"en_GB\" \/>\n<meta property=\"og:type\" content=\"article\" \/>\n<meta property=\"og:title\" content=\"Tulisyd\u00e4n Kangaskassi - Harmonia Elements\" \/>\n<meta property=\"og:description\" content=\"Hehkuva kangaskassi tulielementin energialla. Rohkea ilme ja k\u00e4yt\u00e4nn\u00f6llinen muotoilu tuovat eloa asukokonaisuuteesi. Tilaa omasi nyt!\" \/>\n<meta property=\"og:url\" content=\"https:\/\/harmoniaelements.com\/en\/product\/kangaskassi-tulisydan\/\" \/>\n<meta property=\"og:site_name\" content=\"Harmonia Elements\" \/>\n<meta property=\"article:modified_time\" content=\"2025-04-20T21:06:34+00:00\" \/>\n<meta property=\"og:image\" content=\"https:\/\/harmoniaelements.com\/wp-content\/uploads\/2025\/04\/all-over-print-tote-bag-black-15x15-front-67f6ce269e652.jpg\" \/>\n\t<meta property=\"og:image:width\" content=\"2000\" \/>\n\t<meta property=\"og:image:height\" content=\"2000\" \/>\n\t<meta property=\"og:image:type\" content=\"image\/jpeg\" \/>\n<meta name=\"twitter:card\" content=\"summary_large_image\" \/>\n<meta name=\"twitter:label1\" content=\"Estimated reading time\" \/>\n\t<meta name=\"twitter:data1\" content=\"2 minutes\" \/>\n<script type=\"application\/ld+json\" class=\"yoast-schema-graph\">{\"@context\":\"https:\\\/\\\/schema.org\",\"@graph\":[{\"@type\":\"WebPage\",\"@id\":\"https:\\\/\\\/harmoniaelements.com\\\/product\\\/kangaskassi-tulisydan\\\/\",\"url\":\"https:\\\/\\\/harmoniaelements.com\\\/product\\\/kangaskassi-tulisydan\\\/\",\"name\":\"Tulisyd\u00e4n Kangaskassi - Harmonia Elements\",\"isPartOf\":{\"@id\":\"https:\\\/\\\/harmoniaelements.com\\\/#website\"},\"primaryImageOfPage\":{\"@id\":\"https:\\\/\\\/harmoniaelements.com\\\/product\\\/kangaskassi-tulisydan\\\/#primaryimage\"},\"image\":{\"@id\":\"https:\\\/\\\/harmoniaelements.com\\\/product\\\/kangaskassi-tulisydan\\\/#primaryimage\"},\"thumbnailUrl\":\"https:\\\/\\\/harmoniaelements.com\\\/wp-content\\\/uploads\\\/2025\\\/04\\\/all-over-print-tote-bag-black-15x15-front-67f6ce269e652.jpg\",\"datePublished\":\"2025-04-09T19:44:47+00:00\",\"dateModified\":\"2025-04-20T21:06:34+00:00\",\"description\":\"Hehkuva kangaskassi tulielementin energialla. Rohkea ilme ja k\u00e4yt\u00e4nn\u00f6llinen muotoilu tuovat eloa asukokonaisuuteesi. Tilaa omasi nyt!\",\"breadcrumb\":{\"@id\":\"https:\\\/\\\/harmoniaelements.com\\\/product\\\/kangaskassi-tulisydan\\\/#breadcrumb\"},\"inLanguage\":\"en-GB\",\"potentialAction\":[{\"@type\":\"ReadAction\",\"target\":[\"https:\\\/\\\/harmoniaelements.com\\\/product\\\/kangaskassi-tulisydan\\\/\"]}]},{\"@type\":\"ImageObject\",\"inLanguage\":\"en-GB\",\"@id\":\"https:\\\/\\\/harmoniaelements.com\\\/product\\\/kangaskassi-tulisydan\\\/#primaryimage\",\"url\":\"https:\\\/\\\/harmoniaelements.com\\\/wp-content\\\/uploads\\\/2025\\\/04\\\/all-over-print-tote-bag-black-15x15-front-67f6ce269e652.jpg\",\"contentUrl\":\"https:\\\/\\\/harmoniaelements.com\\\/wp-content\\\/uploads\\\/2025\\\/04\\\/all-over-print-tote-bag-black-15x15-front-67f6ce269e652.jpg\",\"width\":2000,\"height\":2000},{\"@type\":\"BreadcrumbList\",\"@id\":\"https:\\\/\\\/harmoniaelements.com\\\/product\\\/kangaskassi-tulisydan\\\/#breadcrumb\",\"itemListElement\":[{\"@type\":\"ListItem\",\"position\":1,\"name\":\"Etusivu\",\"item\":\"https:\\\/\\\/harmoniaelements.com\\\/\"},{\"@type\":\"ListItem\",\"position\":2,\"name\":\"Kauppa\",\"item\":\"https:\\\/\\\/harmoniaelements.com\\\/kauppa\\\/\"},{\"@type\":\"ListItem\",\"position\":3,\"name\":\"Tulisyd\u00e4n Kangaskassi\"}]},{\"@type\":\"WebSite\",\"@id\":\"https:\\\/\\\/harmoniaelements.com\\\/#website\",\"url\":\"https:\\\/\\\/harmoniaelements.com\\\/\",\"name\":\"Harmonia Elements\",\"description\":\"Feng Shui kohtaa suomalaisen sisustuksen\",\"publisher\":{\"@id\":\"https:\\\/\\\/harmoniaelements.com\\\/#organization\"},\"potentialAction\":[{\"@type\":\"SearchAction\",\"target\":{\"@type\":\"EntryPoint\",\"urlTemplate\":\"https:\\\/\\\/harmoniaelements.com\\\/?s={search_term_string}\"},\"query-input\":{\"@type\":\"PropertyValueSpecification\",\"valueRequired\":true,\"valueName\":\"search_term_string\"}}],\"inLanguage\":\"en-GB\"},{\"@type\":\"Organization\",\"@id\":\"https:\\\/\\\/harmoniaelements.com\\\/#organization\",\"name\":\"Harmonia Elements\",\"url\":\"https:\\\/\\\/harmoniaelements.com\\\/\",\"logo\":{\"@type\":\"ImageObject\",\"inLanguage\":\"en-GB\",\"@id\":\"https:\\\/\\\/harmoniaelements.com\\\/#\\\/schema\\\/logo\\\/image\\\/\",\"url\":\"https:\\\/\\\/harmoniaelements.com\\\/wp-content\\\/uploads\\\/2025\\\/01\\\/2.png\",\"contentUrl\":\"https:\\\/\\\/harmoniaelements.com\\\/wp-content\\\/uploads\\\/2025\\\/01\\\/2.png\",\"width\":500,\"height\":500,\"caption\":\"Harmonia Elements\"},\"image\":{\"@id\":\"https:\\\/\\\/harmoniaelements.com\\\/#\\\/schema\\\/logo\\\/image\\\/\"}}]}<\/script>\n<!-- \/ Yoast SEO plugin. -->","yoast_head_json":{"title":"Tulisyd\u00e4n Kangaskassi - Harmonia Elements","description":"Hehkuva kangaskassi tulielementin energialla. Rohkea ilme ja k\u00e4yt\u00e4nn\u00f6llinen muotoilu tuovat eloa asukokonaisuuteesi. Tilaa omasi nyt!","robots":{"index":"index","follow":"follow","max-snippet":"max-snippet:-1","max-image-preview":"max-image-preview:large","max-video-preview":"max-video-preview:-1"},"canonical":"https:\/\/harmoniaelements.com\/en\/product\/kangaskassi-tulisydan\/","og_locale":"en_GB","og_type":"article","og_title":"Tulisyd\u00e4n Kangaskassi - Harmonia Elements","og_description":"Hehkuva kangaskassi tulielementin energialla. Rohkea ilme ja k\u00e4yt\u00e4nn\u00f6llinen muotoilu tuovat eloa asukokonaisuuteesi. Tilaa omasi nyt!","og_url":"https:\/\/harmoniaelements.com\/en\/product\/kangaskassi-tulisydan\/","og_site_name":"Harmonia Elements","article_modified_time":"2025-04-20T21:06:34+00:00","og_image":[{"width":2000,"height":2000,"url":"https:\/\/harmoniaelements.com\/wp-content\/uploads\/2025\/04\/all-over-print-tote-bag-black-15x15-front-67f6ce269e652.jpg","type":"image\/jpeg"}],"twitter_card":"summary_large_image","twitter_misc":{"Estimated reading time":"2 minutes"},"schema":{"@context":"https:\/\/schema.org","@graph":[{"@type":"WebPage","@id":"https:\/\/harmoniaelements.com\/product\/kangaskassi-tulisydan\/","url":"https:\/\/harmoniaelements.com\/product\/kangaskassi-tulisydan\/","name":"Tulisyd\u00e4n Kangaskassi - Harmonia Elements","isPartOf":{"@id":"https:\/\/harmoniaelements.com\/#website"},"primaryImageOfPage":{"@id":"https:\/\/harmoniaelements.com\/product\/kangaskassi-tulisydan\/#primaryimage"},"image":{"@id":"https:\/\/harmoniaelements.com\/product\/kangaskassi-tulisydan\/#primaryimage"},"thumbnailUrl":"https:\/\/harmoniaelements.com\/wp-content\/uploads\/2025\/04\/all-over-print-tote-bag-black-15x15-front-67f6ce269e652.jpg","datePublished":"2025-04-09T19:44:47+00:00","dateModified":"2025-04-20T21:06:34+00:00","description":"Hehkuva kangaskassi tulielementin energialla. Rohkea ilme ja k\u00e4yt\u00e4nn\u00f6llinen muotoilu tuovat eloa asukokonaisuuteesi. Tilaa omasi nyt!","breadcrumb":{"@id":"https:\/\/harmoniaelements.com\/product\/kangaskassi-tulisydan\/#breadcrumb"},"inLanguage":"en-GB","potentialAction":[{"@type":"ReadAction","target":["https:\/\/harmoniaelements.com\/product\/kangaskassi-tulisydan\/"]}]},{"@type":"ImageObject","inLanguage":"en-GB","@id":"https:\/\/harmoniaelements.com\/product\/kangaskassi-tulisydan\/#primaryimage","url":"https:\/\/harmoniaelements.com\/wp-content\/uploads\/2025\/04\/all-over-print-tote-bag-black-15x15-front-67f6ce269e652.jpg","contentUrl":"https:\/\/harmoniaelements.com\/wp-content\/uploads\/2025\/04\/all-over-print-tote-bag-black-15x15-front-67f6ce269e652.jpg","width":2000,"height":2000},{"@type":"BreadcrumbList","@id":"https:\/\/harmoniaelements.com\/product\/kangaskassi-tulisydan\/#breadcrumb","itemListElement":[{"@type":"ListItem","position":1,"name":"Etusivu","item":"https:\/\/harmoniaelements.com\/"},{"@type":"ListItem","position":2,"name":"Kauppa","item":"https:\/\/harmoniaelements.com\/kauppa\/"},{"@type":"ListItem","position":3,"name":"Tulisyd\u00e4n Kangaskassi"}]},{"@type":"WebSite","@id":"https:\/\/harmoniaelements.com\/#website","url":"https:\/\/harmoniaelements.com\/","name":"Harmonia Elements","description":"Feng Shui kohtaa suomalaisen sisustuksen","publisher":{"@id":"https:\/\/harmoniaelements.com\/#organization"},"potentialAction":[{"@type":"SearchAction","target":{"@type":"EntryPoint","urlTemplate":"https:\/\/harmoniaelements.com\/?s={search_term_string}"},"query-input":{"@type":"PropertyValueSpecification","valueRequired":true,"valueName":"search_term_string"}}],"inLanguage":"en-GB"},{"@type":"Organization","@id":"https:\/\/harmoniaelements.com\/#organization","name":"Harmonia Elements","url":"https:\/\/harmoniaelements.com\/","logo":{"@type":"ImageObject","inLanguage":"en-GB","@id":"https:\/\/harmoniaelements.com\/#\/schema\/logo\/image\/","url":"https:\/\/harmoniaelements.com\/wp-content\/uploads\/2025\/01\/2.png","contentUrl":"https:\/\/harmoniaelements.com\/wp-content\/uploads\/2025\/01\/2.png","width":500,"height":500,"caption":"Harmonia Elements"},"image":{"@id":"https:\/\/harmoniaelements.com\/#\/schema\/logo\/image\/"}}]}},"jetpack_sharing_enabled":true,"_links":{"self":[{"href":"https:\/\/harmoniaelements.com\/en\/wp-json\/wp\/v2\/product\/5543","targetHints":{"allow":["GET"]}}],"collection":[{"href":"https:\/\/harmoniaelements.com\/en\/wp-json\/wp\/v2\/product"}],"about":[{"href":"https:\/\/harmoniaelements.com\/en\/wp-json\/wp\/v2\/types\/product"}],"wp:featuredmedia":[{"embeddable":true,"href":"https:\/\/harmoniaelements.com\/en\/wp-json\/wp\/v2\/media\/5544"}],"wp:attachment":[{"href":"https:\/\/harmoniaelements.com\/en\/wp-json\/wp\/v2\/media?parent=5543"}],"wp:term":[{"taxonomy":"product_brand","embeddable":true,"href":"https:\/\/harmoniaelements.com\/en\/wp-json\/wp\/v2\/product_brand?post=5543"},{"taxonomy":"product_cat","embeddable":true,"href":"https:\/\/harmoniaelements.com\/en\/wp-json\/wp\/v2\/product_cat?post=5543"},{"taxonomy":"product_tag","embeddable":true,"href":"https:\/\/harmoniaelements.com\/en\/wp-json\/wp\/v2\/product_tag?post=5543"}],"curies":[{"name":"wp","href":"https:\/\/api.w.org\/{rel}","templated":true}]}}