{"id":5477,"date":"2025-04-06T01:48:47","date_gmt":"2025-04-06T01:48:47","guid":{"rendered":"https:\/\/harmoniaelements.com\/product\/kangaskassi-ajopuu\/"},"modified":"2025-05-14T03:58:11","modified_gmt":"2025-05-14T03:58:11","slug":"kangaskassi-ajopuu","status":"publish","type":"product","link":"https:\/\/harmoniaelements.com\/en\/product\/kangaskassi-ajopuu\/","title":{"rendered":"Kangaskassi Ajopuu"},"content":{"rendered":"<h3 data-pm-slice=\"1 1 []\">Kangaskassi \u2013 Puuelementti<\/h3>\n<p>Kangaskassi on k\u00e4yt\u00e4nn\u00f6llinen ja tyylik\u00e4s valinta, joka sopii niin arkeen kuin vapaa-aikaan. Se tarjoaa reilusti tilaa kaikelle tarvittavalle ja tuo samalla persoonallista ilmett\u00e4 asukokonaisuuteen. Kuvioinnin molemminpuolinen painatus tekee kassista n\u00e4ytt\u00e4v\u00e4n ja monik\u00e4ytt\u00f6isen lis\u00e4n asusteisiisi. Kassit ovat my\u00f6s niin esteettisi\u00e4, ett\u00e4 ne sopivat loistavasti lahjaksi \u2013 my\u00f6s henkil\u00f6lle, joka ei ole perehtynyt feng shuihin.<\/p>\n<p>Feng shuissa <strong>puuelementti<\/strong> symboloi <strong>kasvua, elinvoimaa ja uutta alkua<\/strong>. Se liittyy kehitykseen, luovuuteen ja terveyteen \u2013 aivan kuten puut edustavat luonnon jatkuvaa uudistumista. Feng shuin mukaan puuelementti <strong>vahvistaa tulielementti\u00e4<\/strong>, sill\u00e4 puu ruokkii tulta. Samalla se voi <strong>hillit\u00e4 maaelementti\u00e4<\/strong>, koska puiden juuret hajottavat maata ja k\u00e4ytt\u00e4v\u00e4t sen ravinteita kasvuunsa.<\/p>\n<h3>Puuelementti ja feng shui asusteissa<\/h3>\n<p>Feng shuin mukaan puuelementti\u00e4 kannattaa hy\u00f6dynt\u00e4\u00e4, kun halutaan edist\u00e4\u00e4 kasvua, terveytt\u00e4 ja uutta el\u00e4m\u00e4nenergiaa. Se tuo pukeutumiseen raikkautta ja eloisuutta sek\u00e4 tukee luovaa ilmaisua. Puuelementti tuo pukeutumiseen maanl\u00e4heist\u00e4 ilmettt\u00e4 ja voi toimia tukena kiireisess\u00e4 tai levottomassa arjessa.<\/p>\n<p>Puuelementti\u00e4 symboloivat puun itsens\u00e4 lis\u00e4ksi esimerkiksi <strong>vihre\u00e4n eri s\u00e4vyt<\/strong> sek\u00e4 <strong>pystysuuntaiset ja luonnonmukaiset muodot<\/strong>. N\u00e4iden k\u00e4ytt\u00f6 asusteissa, kuten kangaskasseissa, voi luoda virkeytt\u00e4 ja luonnonl\u00e4heist\u00e4 tunnelmaa. Kun n\u00e4it\u00e4 v\u00e4rej\u00e4 ja muotoja hy\u00f6dynnet\u00e4\u00e4n asusteissa, kuten kangaskasseissa, voidaan luoda maadoittavaa ja rauhoittavaa tunnelmaa, joka heijastuu koko olemukseen.<\/p>\n<p><strong>Toimitus:<\/strong> Kangaskassi painetaan ja toimitetaan suoraan yhteisty\u00f6kumppaniltamme Latviassa, varmistaen nopean ja luotettavan palvelun Euroopan asiakkaille.<\/p>\n<div>\n<hr \/>\n<\/div>\n<p><strong>Ominaisuudet:<\/strong><\/p>\n<ul data-spread=\"false\">\n<li>100 % polyesteri<\/li>\n<li>Koko: 39 cm \u00d7 39 cm<\/li>\n<li>Tilavuus: 10 l<\/li>\n<li>Maksimipaino: 20 kg<\/li>\n<li>Kaksinkertainen puuvillainen kahva<\/li>\n<li>Kahvan pituus: 67 cm, leveys: 2,5 cm<\/li>\n<li>Kahvojen ulkon\u00e4k\u00f6 voi hieman vaihdella tuotantopaikasta riippuen<\/li>\n<\/ul>\n<p><strong>Tuotannon vaiheet:<\/strong><\/p>\n<ul data-spread=\"false\">\n<li>Neulonta: Kiina<\/li>\n<li>V\u00e4rj\u00e4ys: Kiina<\/li>\n<li>Valmistus: Latvia<\/li>\n<\/ul>\n<p><strong>Materiaalit ja turvallisuus:<\/strong><\/p>\n<ul data-spread=\"false\">\n<li>Sis\u00e4lt\u00e4\u00e4 0 % kierr\u00e4tetty\u00e4 polyesteri\u00e4<\/li>\n<li>Sis\u00e4lt\u00e4\u00e4 0 % vaarallisia aineita<\/li>\n<li>T\u00e4m\u00e4 tuote saattaa vapauttaa pesussa mikromuoveja ymp\u00e4rist\u00f6\u00f6n<\/li>\n<li>100 % polyesteri<\/li>\n<\/ul>\n<p><strong>Ik\u00e4rajoitus:<\/strong><\/p>\n<ul data-spread=\"false\">\n<li>Tuote on tarkoitettu aikuisille.<\/li>\n<\/ul>\n<p><strong>Takuu EU:ssa:<\/strong><\/p>\n<ul data-spread=\"false\">\n<li>2 vuotta<\/li>\n<\/ul>\n<div>\n<hr \/>\n<\/div>\n<p>&nbsp;<\/p>","protected":false},"excerpt":{"rendered":"<p>Kangaskassi \u2013 Puuelementti Kangaskassi on k\u00e4yt\u00e4nn\u00f6llinen ja tyylik\u00e4s valinta, joka sopii niin arkeen kuin vapaa-aikaan. Se tarjoaa reilusti tilaa kaikelle tarvittavalle ja tuo samalla persoonallista ilmett\u00e4 asukokonaisuuteen. Kuvioinnin molemminpuolinen painatus tekee kassista n\u00e4ytt\u00e4v\u00e4n ja monik\u00e4ytt\u00f6isen lis\u00e4n asusteisiisi. Kassit ovat my\u00f6s niin esteettisi\u00e4, ett\u00e4 ne sopivat loistavasti lahjaksi \u2013 my\u00f6s henkil\u00f6lle, joka ei ole perehtynyt feng&hellip;&nbsp;<a href=\"https:\/\/harmoniaelements.com\/en\/product\/kangaskassi-ajopuu\/\" rel=\"bookmark\">Read More &raquo;<span class=\"screen-reader-text\">Kangaskassi Ajopuu<\/span><\/a><\/p>","protected":false},"featured_media":5478,"template":"","meta":{"_monsterinsights_skip_tracking":false,"_monsterinsights_sitenote_active":false,"_monsterinsights_sitenote_note":"","_monsterinsights_sitenote_category":0,"_uf_show_specific_survey":0,"_uf_disable_surveys":false,"neve_meta_sidebar":"","neve_meta_container":"","neve_meta_enable_content_width":"off","neve_meta_content_width":100,"neve_meta_title_alignment":"","neve_meta_author_avatar":"","neve_post_elements_order":"","neve_meta_disable_header":"","neve_meta_disable_footer":"","neve_meta_disable_title":"","_themeisle_gutenberg_block_has_review":false},"product_brand":[],"product_cat":[117,149,118,219,138],"product_tag":[121],"class_list":{"0":"post-5477","1":"product","2":"type-product","3":"status-publish","4":"has-post-thumbnail","6":"product_cat-asusteet","7":"product_cat-kangaskassit","8":"product_cat-laukut-ja-kassit","9":"product_cat-puu","10":"product_cat-puuelementti","11":"product_tag-puuelementti","13":"first","14":"instock","15":"taxable","16":"shipping-taxable","17":"purchasable","18":"product-type-simple"},"yoast_head":"<!-- This site is optimized with the Yoast SEO plugin v27.4 - https:\/\/yoast.com\/product\/yoast-seo-wordpress\/ -->\n<title>Kangaskassi Ajopuu - Harmonia Elements<\/title>\n<meta name=\"description\" content=\"Raikas ja tilava kangaskassi, jossa puuelementin elinvoimainen energia. Harmaan s\u00e4vyinen ilme ja monik\u00e4ytt\u00f6inen muotoilu. Tilaa omasi nyt!\" \/>\n<meta name=\"robots\" content=\"index, follow, max-snippet:-1, max-image-preview:large, max-video-preview:-1\" \/>\n<link rel=\"canonical\" href=\"https:\/\/harmoniaelements.com\/en\/product\/kangaskassi-ajopuu\/\" \/>\n<meta property=\"og:locale\" content=\"en_GB\" \/>\n<meta property=\"og:type\" content=\"article\" \/>\n<meta property=\"og:title\" content=\"Kangaskassi Ajopuu - Harmonia Elements\" \/>\n<meta property=\"og:description\" content=\"Raikas ja tilava kangaskassi, jossa puuelementin elinvoimainen energia. Harmaan s\u00e4vyinen ilme ja monik\u00e4ytt\u00f6inen muotoilu. Tilaa omasi nyt!\" \/>\n<meta property=\"og:url\" content=\"https:\/\/harmoniaelements.com\/en\/product\/kangaskassi-ajopuu\/\" \/>\n<meta property=\"og:site_name\" content=\"Harmonia Elements\" \/>\n<meta property=\"article:modified_time\" content=\"2025-05-14T03:58:11+00:00\" \/>\n<meta property=\"og:image\" content=\"https:\/\/harmoniaelements.com\/wp-content\/uploads\/2025\/04\/all-over-print-tote-bag-black-15x15-front-67f1dd71252c4.jpg\" \/>\n\t<meta property=\"og:image:width\" content=\"2000\" \/>\n\t<meta property=\"og:image:height\" content=\"2000\" \/>\n\t<meta property=\"og:image:type\" content=\"image\/jpeg\" \/>\n<meta name=\"twitter:card\" content=\"summary_large_image\" \/>\n<meta name=\"twitter:label1\" content=\"Estimated reading time\" \/>\n\t<meta name=\"twitter:data1\" content=\"2 minutes\" \/>\n<script type=\"application\/ld+json\" class=\"yoast-schema-graph\">{\"@context\":\"https:\\\/\\\/schema.org\",\"@graph\":[{\"@type\":\"WebPage\",\"@id\":\"https:\\\/\\\/harmoniaelements.com\\\/product\\\/kangaskassi-ajopuu\\\/\",\"url\":\"https:\\\/\\\/harmoniaelements.com\\\/product\\\/kangaskassi-ajopuu\\\/\",\"name\":\"Kangaskassi Ajopuu - Harmonia Elements\",\"isPartOf\":{\"@id\":\"https:\\\/\\\/harmoniaelements.com\\\/#website\"},\"primaryImageOfPage\":{\"@id\":\"https:\\\/\\\/harmoniaelements.com\\\/product\\\/kangaskassi-ajopuu\\\/#primaryimage\"},\"image\":{\"@id\":\"https:\\\/\\\/harmoniaelements.com\\\/product\\\/kangaskassi-ajopuu\\\/#primaryimage\"},\"thumbnailUrl\":\"https:\\\/\\\/harmoniaelements.com\\\/wp-content\\\/uploads\\\/2025\\\/04\\\/all-over-print-tote-bag-black-15x15-front-67f1dd71252c4.jpg\",\"datePublished\":\"2025-04-06T01:48:47+00:00\",\"dateModified\":\"2025-05-14T03:58:11+00:00\",\"description\":\"Raikas ja tilava kangaskassi, jossa puuelementin elinvoimainen energia. Harmaan s\u00e4vyinen ilme ja monik\u00e4ytt\u00f6inen muotoilu. Tilaa omasi nyt!\",\"breadcrumb\":{\"@id\":\"https:\\\/\\\/harmoniaelements.com\\\/product\\\/kangaskassi-ajopuu\\\/#breadcrumb\"},\"inLanguage\":\"en-GB\",\"potentialAction\":[{\"@type\":\"ReadAction\",\"target\":[\"https:\\\/\\\/harmoniaelements.com\\\/product\\\/kangaskassi-ajopuu\\\/\"]}]},{\"@type\":\"ImageObject\",\"inLanguage\":\"en-GB\",\"@id\":\"https:\\\/\\\/harmoniaelements.com\\\/product\\\/kangaskassi-ajopuu\\\/#primaryimage\",\"url\":\"https:\\\/\\\/harmoniaelements.com\\\/wp-content\\\/uploads\\\/2025\\\/04\\\/all-over-print-tote-bag-black-15x15-front-67f1dd71252c4.jpg\",\"contentUrl\":\"https:\\\/\\\/harmoniaelements.com\\\/wp-content\\\/uploads\\\/2025\\\/04\\\/all-over-print-tote-bag-black-15x15-front-67f1dd71252c4.jpg\",\"width\":2000,\"height\":2000},{\"@type\":\"BreadcrumbList\",\"@id\":\"https:\\\/\\\/harmoniaelements.com\\\/product\\\/kangaskassi-ajopuu\\\/#breadcrumb\",\"itemListElement\":[{\"@type\":\"ListItem\",\"position\":1,\"name\":\"Etusivu\",\"item\":\"https:\\\/\\\/harmoniaelements.com\\\/\"},{\"@type\":\"ListItem\",\"position\":2,\"name\":\"Kauppa\",\"item\":\"https:\\\/\\\/harmoniaelements.com\\\/kauppa\\\/\"},{\"@type\":\"ListItem\",\"position\":3,\"name\":\"Kangaskassi Ajopuu\"}]},{\"@type\":\"WebSite\",\"@id\":\"https:\\\/\\\/harmoniaelements.com\\\/#website\",\"url\":\"https:\\\/\\\/harmoniaelements.com\\\/\",\"name\":\"Harmonia Elements\",\"description\":\"Feng Shui kohtaa suomalaisen sisustuksen\",\"publisher\":{\"@id\":\"https:\\\/\\\/harmoniaelements.com\\\/#organization\"},\"potentialAction\":[{\"@type\":\"SearchAction\",\"target\":{\"@type\":\"EntryPoint\",\"urlTemplate\":\"https:\\\/\\\/harmoniaelements.com\\\/?s={search_term_string}\"},\"query-input\":{\"@type\":\"PropertyValueSpecification\",\"valueRequired\":true,\"valueName\":\"search_term_string\"}}],\"inLanguage\":\"en-GB\"},{\"@type\":\"Organization\",\"@id\":\"https:\\\/\\\/harmoniaelements.com\\\/#organization\",\"name\":\"Harmonia Elements\",\"url\":\"https:\\\/\\\/harmoniaelements.com\\\/\",\"logo\":{\"@type\":\"ImageObject\",\"inLanguage\":\"en-GB\",\"@id\":\"https:\\\/\\\/harmoniaelements.com\\\/#\\\/schema\\\/logo\\\/image\\\/\",\"url\":\"https:\\\/\\\/harmoniaelements.com\\\/wp-content\\\/uploads\\\/2025\\\/01\\\/2.png\",\"contentUrl\":\"https:\\\/\\\/harmoniaelements.com\\\/wp-content\\\/uploads\\\/2025\\\/01\\\/2.png\",\"width\":500,\"height\":500,\"caption\":\"Harmonia Elements\"},\"image\":{\"@id\":\"https:\\\/\\\/harmoniaelements.com\\\/#\\\/schema\\\/logo\\\/image\\\/\"}}]}<\/script>\n<!-- \/ Yoast SEO plugin. -->","yoast_head_json":{"title":"Kangaskassi Ajopuu - Harmonia Elements","description":"Raikas ja tilava kangaskassi, jossa puuelementin elinvoimainen energia. Harmaan s\u00e4vyinen ilme ja monik\u00e4ytt\u00f6inen muotoilu. Tilaa omasi nyt!","robots":{"index":"index","follow":"follow","max-snippet":"max-snippet:-1","max-image-preview":"max-image-preview:large","max-video-preview":"max-video-preview:-1"},"canonical":"https:\/\/harmoniaelements.com\/en\/product\/kangaskassi-ajopuu\/","og_locale":"en_GB","og_type":"article","og_title":"Kangaskassi Ajopuu - Harmonia Elements","og_description":"Raikas ja tilava kangaskassi, jossa puuelementin elinvoimainen energia. Harmaan s\u00e4vyinen ilme ja monik\u00e4ytt\u00f6inen muotoilu. Tilaa omasi nyt!","og_url":"https:\/\/harmoniaelements.com\/en\/product\/kangaskassi-ajopuu\/","og_site_name":"Harmonia Elements","article_modified_time":"2025-05-14T03:58:11+00:00","og_image":[{"width":2000,"height":2000,"url":"https:\/\/harmoniaelements.com\/wp-content\/uploads\/2025\/04\/all-over-print-tote-bag-black-15x15-front-67f1dd71252c4.jpg","type":"image\/jpeg"}],"twitter_card":"summary_large_image","twitter_misc":{"Estimated reading time":"2 minutes"},"schema":{"@context":"https:\/\/schema.org","@graph":[{"@type":"WebPage","@id":"https:\/\/harmoniaelements.com\/product\/kangaskassi-ajopuu\/","url":"https:\/\/harmoniaelements.com\/product\/kangaskassi-ajopuu\/","name":"Kangaskassi Ajopuu - Harmonia Elements","isPartOf":{"@id":"https:\/\/harmoniaelements.com\/#website"},"primaryImageOfPage":{"@id":"https:\/\/harmoniaelements.com\/product\/kangaskassi-ajopuu\/#primaryimage"},"image":{"@id":"https:\/\/harmoniaelements.com\/product\/kangaskassi-ajopuu\/#primaryimage"},"thumbnailUrl":"https:\/\/harmoniaelements.com\/wp-content\/uploads\/2025\/04\/all-over-print-tote-bag-black-15x15-front-67f1dd71252c4.jpg","datePublished":"2025-04-06T01:48:47+00:00","dateModified":"2025-05-14T03:58:11+00:00","description":"Raikas ja tilava kangaskassi, jossa puuelementin elinvoimainen energia. Harmaan s\u00e4vyinen ilme ja monik\u00e4ytt\u00f6inen muotoilu. Tilaa omasi nyt!","breadcrumb":{"@id":"https:\/\/harmoniaelements.com\/product\/kangaskassi-ajopuu\/#breadcrumb"},"inLanguage":"en-GB","potentialAction":[{"@type":"ReadAction","target":["https:\/\/harmoniaelements.com\/product\/kangaskassi-ajopuu\/"]}]},{"@type":"ImageObject","inLanguage":"en-GB","@id":"https:\/\/harmoniaelements.com\/product\/kangaskassi-ajopuu\/#primaryimage","url":"https:\/\/harmoniaelements.com\/wp-content\/uploads\/2025\/04\/all-over-print-tote-bag-black-15x15-front-67f1dd71252c4.jpg","contentUrl":"https:\/\/harmoniaelements.com\/wp-content\/uploads\/2025\/04\/all-over-print-tote-bag-black-15x15-front-67f1dd71252c4.jpg","width":2000,"height":2000},{"@type":"BreadcrumbList","@id":"https:\/\/harmoniaelements.com\/product\/kangaskassi-ajopuu\/#breadcrumb","itemListElement":[{"@type":"ListItem","position":1,"name":"Etusivu","item":"https:\/\/harmoniaelements.com\/"},{"@type":"ListItem","position":2,"name":"Kauppa","item":"https:\/\/harmoniaelements.com\/kauppa\/"},{"@type":"ListItem","position":3,"name":"Kangaskassi Ajopuu"}]},{"@type":"WebSite","@id":"https:\/\/harmoniaelements.com\/#website","url":"https:\/\/harmoniaelements.com\/","name":"Harmonia Elements","description":"Feng Shui kohtaa suomalaisen sisustuksen","publisher":{"@id":"https:\/\/harmoniaelements.com\/#organization"},"potentialAction":[{"@type":"SearchAction","target":{"@type":"EntryPoint","urlTemplate":"https:\/\/harmoniaelements.com\/?s={search_term_string}"},"query-input":{"@type":"PropertyValueSpecification","valueRequired":true,"valueName":"search_term_string"}}],"inLanguage":"en-GB"},{"@type":"Organization","@id":"https:\/\/harmoniaelements.com\/#organization","name":"Harmonia Elements","url":"https:\/\/harmoniaelements.com\/","logo":{"@type":"ImageObject","inLanguage":"en-GB","@id":"https:\/\/harmoniaelements.com\/#\/schema\/logo\/image\/","url":"https:\/\/harmoniaelements.com\/wp-content\/uploads\/2025\/01\/2.png","contentUrl":"https:\/\/harmoniaelements.com\/wp-content\/uploads\/2025\/01\/2.png","width":500,"height":500,"caption":"Harmonia Elements"},"image":{"@id":"https:\/\/harmoniaelements.com\/#\/schema\/logo\/image\/"}}]}},"jetpack_sharing_enabled":true,"_links":{"self":[{"href":"https:\/\/harmoniaelements.com\/en\/wp-json\/wp\/v2\/product\/5477","targetHints":{"allow":["GET"]}}],"collection":[{"href":"https:\/\/harmoniaelements.com\/en\/wp-json\/wp\/v2\/product"}],"about":[{"href":"https:\/\/harmoniaelements.com\/en\/wp-json\/wp\/v2\/types\/product"}],"wp:featuredmedia":[{"embeddable":true,"href":"https:\/\/harmoniaelements.com\/en\/wp-json\/wp\/v2\/media\/5478"}],"wp:attachment":[{"href":"https:\/\/harmoniaelements.com\/en\/wp-json\/wp\/v2\/media?parent=5477"}],"wp:term":[{"taxonomy":"product_brand","embeddable":true,"href":"https:\/\/harmoniaelements.com\/en\/wp-json\/wp\/v2\/product_brand?post=5477"},{"taxonomy":"product_cat","embeddable":true,"href":"https:\/\/harmoniaelements.com\/en\/wp-json\/wp\/v2\/product_cat?post=5477"},{"taxonomy":"product_tag","embeddable":true,"href":"https:\/\/harmoniaelements.com\/en\/wp-json\/wp\/v2\/product_tag?post=5477"}],"curies":[{"name":"wp","href":"https:\/\/api.w.org\/{rel}","templated":true}]}}