{"id":5438,"date":"2025-03-31T10:23:20","date_gmt":"2025-03-31T10:23:20","guid":{"rendered":"https:\/\/harmoniaelements.com\/product\/kangaskassi-aavikon-kukka\/"},"modified":"2025-05-13T06:55:35","modified_gmt":"2025-05-13T06:55:35","slug":"kangaskassi-aavikon-kukka","status":"publish","type":"product","link":"https:\/\/harmoniaelements.com\/en\/product\/kangaskassi-aavikon-kukka\/","title":{"rendered":"Kangaskassi Aavikon kukka"},"content":{"rendered":"<h3 data-pm-slice=\"1 1 []\">Kangaskassi \u2013 Maaelementti<\/h3>\n<p>Kangaskassi on k\u00e4yt\u00e4nn\u00f6llinen ja tyylik\u00e4s valinta, joka sopii niin arkeen kuin vapaa-aikaan. Se tarjoaa reilusti tilaa kaikelle tarvittavalle ja tuo samalla persoonallista ilmett\u00e4 asukokonaisuuteen. Kuvioinnin molemminpuolinen painatus tekee kassista n\u00e4ytt\u00e4v\u00e4n ja monik\u00e4ytt\u00f6isen lis\u00e4n asusteisiisi. Kassit ovat my\u00f6s niin esteettisi\u00e4, ett\u00e4 ne sopivat loistavasti lahjaksi \u2013 my\u00f6s henkil\u00f6lle, joka ei ole perehtynyt feng shuihin.<\/p>\n<p>Feng shuissa <strong>maaelementti<\/strong> symboloi <strong>vakautta, turvallisuutta ja tasapainoa<\/strong>. Se liitet\u00e4\u00e4n perustan luomiseen, mielenrauhaan ja maadoittumiseen. Maaelementti\u00e4 voidaan k\u00e4ytt\u00e4\u00e4 luomaan harmonista ja rauhallista tunnelmaa, erityisesti tiloihin, joissa kaivataan pysyvyytt\u00e4 ja selkeytt\u00e4.<\/p>\n<p>Feng shuin mukaan maaelementti <strong>vahvistaa metallielementti\u00e4<\/strong>, koska maa tuottaa metallia luonnollisessa elementtikierrossa. Samalla maaelementti voi <strong>hillit\u00e4 vesielementti\u00e4<\/strong>, tuoden tasapainottavaa vaikutusta tilanteisiin, joissa energia tuntuu liian hajanaiselta tai ep\u00e4tasa-painoiselta.<\/p>\n<h3>Maaelementti ja feng shui asusteissa<\/h3>\n<p>Feng shuin mukaan maaelementti\u00e4 kannattaa hy\u00f6dynt\u00e4\u00e4, kun halutaan lis\u00e4t\u00e4 tasapainoa, turvallisuuden tunnetta ja rauhallista energiavirtaa. Maaelementti tuo pukeutumiseen maanl\u00e4heist\u00e4 ilmettt\u00e4 ja voi toimia tukena kiireisess\u00e4 tai levottomassa arjessa.<\/p>\n<p>Maaelementti\u00e4 symboloivat <strong>keltaisen, beigen ja ruskean s\u00e4vyt<\/strong> sek\u00e4 <strong>neli\u00f6m\u00e4iset ja vakaat muodot<\/strong>. Kun n\u00e4it\u00e4 v\u00e4rej\u00e4 ja muotoja hy\u00f6dynn\u00e4t\u00e4\u00e4n asusteissa, kuten kangaskasseissa, voidaan luoda maadoittavaa ja rauhoittavaa tunnelmaa, joka heijastuu koko olemukseen.<\/p>\n<p><strong>Toimitus:<\/strong> Kangaskassi painetaan ja toimitetaan suoraan yhteisty\u00f6kumppaniltamme Latviassa, varmistaen nopean ja luotettavan palvelun Euroopan asiakkaille.<\/p>\n<div>\n<hr \/>\n<\/div>\n<p><strong>Ominaisuudet:<\/strong><\/p>\n<ul data-spread=\"false\">\n<li>100 % polyesteri<\/li>\n<li>Koko: 39 cm \u00d7 39 cm<\/li>\n<li>Tilavuus: 10 l<\/li>\n<li>Maksimipaino: 20 kg<\/li>\n<li>Kaksinkertainen puuvillainen kahva<\/li>\n<li>Kahvan pituus: 67 cm, leveys: 2,5 cm<\/li>\n<li>Kahvojen ulkon\u00e4k\u00f6 voi hieman vaihdella tuotantopaikasta riippuen<\/li>\n<\/ul>\n<p><strong>Tuotannon vaiheet:<\/strong><\/p>\n<ul data-spread=\"false\">\n<li>Neulonta: Kiina<\/li>\n<li>V\u00e4rj\u00e4ys: Kiina<\/li>\n<li>Valmistus: Latvia<\/li>\n<\/ul>\n<p><strong>Materiaalit ja turvallisuus:<\/strong><\/p>\n<ul data-spread=\"false\">\n<li>Sis\u00e4lt\u00e4\u00e4 0 % kierr\u00e4tetty\u00e4 polyesteri\u00e4<\/li>\n<li>Sis\u00e4lt\u00e4\u00e4 0 % vaarallisia aineita<\/li>\n<li>T\u00e4m\u00e4 tuote saattaa vapauttaa pesussa mikromuoveja ymp\u00e4rist\u00f6\u00f6n<\/li>\n<li>100 % polyesteri<\/li>\n<\/ul>\n<p><strong>Ik\u00e4rajoitus:<\/strong><\/p>\n<ul data-spread=\"false\">\n<li>Tuote on tarkoitettu aikuisille.<\/li>\n<\/ul>\n<p><strong>Takuu EU:ssa:<\/strong><\/p>\n<ul data-spread=\"false\">\n<li>2 vuotta<\/li>\n<\/ul>\n<div>\n<hr \/>\n<\/div>\n<p>&nbsp;<\/p>","protected":false},"excerpt":{"rendered":"<p>Kangaskassi \u2013 Maaelementti Kangaskassi on k\u00e4yt\u00e4nn\u00f6llinen ja tyylik\u00e4s valinta, joka sopii niin arkeen kuin vapaa-aikaan. Se tarjoaa reilusti tilaa kaikelle tarvittavalle ja tuo samalla persoonallista ilmett\u00e4 asukokonaisuuteen. Kuvioinnin molemminpuolinen painatus tekee kassista n\u00e4ytt\u00e4v\u00e4n ja monik\u00e4ytt\u00f6isen lis\u00e4n asusteisiisi. Kassit ovat my\u00f6s niin esteettisi\u00e4, ett\u00e4 ne sopivat loistavasti lahjaksi \u2013 my\u00f6s henkil\u00f6lle, joka ei ole perehtynyt feng&hellip;&nbsp;<a href=\"https:\/\/harmoniaelements.com\/en\/product\/kangaskassi-aavikon-kukka\/\" rel=\"bookmark\">Read More &raquo;<span class=\"screen-reader-text\">Kangaskassi Aavikon kukka<\/span><\/a><\/p>","protected":false},"featured_media":5439,"template":"","meta":{"_monsterinsights_skip_tracking":false,"_monsterinsights_sitenote_active":false,"_monsterinsights_sitenote_note":"","_monsterinsights_sitenote_category":0,"_uf_show_specific_survey":0,"_uf_disable_surveys":false,"neve_meta_sidebar":"","neve_meta_container":"","neve_meta_enable_content_width":"off","neve_meta_content_width":100,"neve_meta_title_alignment":"","neve_meta_author_avatar":"","neve_post_elements_order":"","neve_meta_disable_header":"","neve_meta_disable_footer":"","neve_meta_disable_title":"","_themeisle_gutenberg_block_has_review":false},"product_brand":[],"product_cat":[117,149,217,118,136],"product_tag":[132],"class_list":{"0":"post-5438","1":"product","2":"type-product","3":"status-publish","4":"has-post-thumbnail","6":"product_cat-asusteet","7":"product_cat-kangaskassit","8":"product_cat-kukat","9":"product_cat-laukut-ja-kassit","10":"product_cat-maaelementti","11":"product_tag-maaelementti","13":"first","14":"instock","15":"taxable","16":"shipping-taxable","17":"purchasable","18":"product-type-simple"},"yoast_head":"<!-- This site is optimized with the Yoast SEO plugin v27.4 - https:\/\/yoast.com\/product\/yoast-seo-wordpress\/ -->\n<title>Kangaskassi &quot;Aavikon kukka&quot; | Maaelementti - Harmonia Elements<\/title>\n<meta name=\"description\" content=\"Tyylik\u00e4s ja tilava kangaskassi, jossa maaelementin rauhallinen energia. Maanl\u00e4heinen s\u00e4vymaailma ja monik\u00e4ytt\u00f6inen muotoilu. Tilaa omasi nyt!\" \/>\n<meta name=\"robots\" content=\"index, follow, max-snippet:-1, max-image-preview:large, max-video-preview:-1\" \/>\n<link rel=\"canonical\" href=\"https:\/\/harmoniaelements.com\/en\/product\/kangaskassi-aavikon-kukka\/\" \/>\n<meta property=\"og:locale\" content=\"en_GB\" \/>\n<meta property=\"og:type\" content=\"article\" \/>\n<meta property=\"og:title\" content=\"Kangaskassi &quot;Aavikon kukka&quot; | Maaelementti - Harmonia Elements\" \/>\n<meta property=\"og:description\" content=\"Tyylik\u00e4s ja tilava kangaskassi, jossa maaelementin rauhallinen energia. Maanl\u00e4heinen s\u00e4vymaailma ja monik\u00e4ytt\u00f6inen muotoilu. Tilaa omasi nyt!\" \/>\n<meta property=\"og:url\" content=\"https:\/\/harmoniaelements.com\/en\/product\/kangaskassi-aavikon-kukka\/\" \/>\n<meta property=\"og:site_name\" content=\"Harmonia Elements\" \/>\n<meta property=\"article:modified_time\" content=\"2025-05-13T06:55:35+00:00\" \/>\n<meta property=\"og:image\" content=\"https:\/\/harmoniaelements.com\/wp-content\/uploads\/2025\/03\/all-over-print-tote-bag-black-15x15-front-67ea6d0eadd7c.jpg\" \/>\n\t<meta property=\"og:image:width\" content=\"2000\" \/>\n\t<meta property=\"og:image:height\" content=\"2000\" \/>\n\t<meta property=\"og:image:type\" content=\"image\/jpeg\" \/>\n<meta name=\"twitter:card\" content=\"summary_large_image\" \/>\n<meta name=\"twitter:label1\" content=\"Estimated reading time\" \/>\n\t<meta name=\"twitter:data1\" content=\"2 minutes\" \/>\n<script type=\"application\/ld+json\" class=\"yoast-schema-graph\">{\"@context\":\"https:\\\/\\\/schema.org\",\"@graph\":[{\"@type\":\"WebPage\",\"@id\":\"https:\\\/\\\/harmoniaelements.com\\\/product\\\/kangaskassi-aavikon-kukka\\\/\",\"url\":\"https:\\\/\\\/harmoniaelements.com\\\/product\\\/kangaskassi-aavikon-kukka\\\/\",\"name\":\"Kangaskassi \\\"Aavikon kukka\\\" | Maaelementti - Harmonia Elements\",\"isPartOf\":{\"@id\":\"https:\\\/\\\/harmoniaelements.com\\\/#website\"},\"primaryImageOfPage\":{\"@id\":\"https:\\\/\\\/harmoniaelements.com\\\/product\\\/kangaskassi-aavikon-kukka\\\/#primaryimage\"},\"image\":{\"@id\":\"https:\\\/\\\/harmoniaelements.com\\\/product\\\/kangaskassi-aavikon-kukka\\\/#primaryimage\"},\"thumbnailUrl\":\"https:\\\/\\\/harmoniaelements.com\\\/wp-content\\\/uploads\\\/2025\\\/03\\\/all-over-print-tote-bag-black-15x15-front-67ea6d0eadd7c.jpg\",\"datePublished\":\"2025-03-31T10:23:20+00:00\",\"dateModified\":\"2025-05-13T06:55:35+00:00\",\"description\":\"Tyylik\u00e4s ja tilava kangaskassi, jossa maaelementin rauhallinen energia. Maanl\u00e4heinen s\u00e4vymaailma ja monik\u00e4ytt\u00f6inen muotoilu. Tilaa omasi nyt!\",\"breadcrumb\":{\"@id\":\"https:\\\/\\\/harmoniaelements.com\\\/product\\\/kangaskassi-aavikon-kukka\\\/#breadcrumb\"},\"inLanguage\":\"en-GB\",\"potentialAction\":[{\"@type\":\"ReadAction\",\"target\":[\"https:\\\/\\\/harmoniaelements.com\\\/product\\\/kangaskassi-aavikon-kukka\\\/\"]}]},{\"@type\":\"ImageObject\",\"inLanguage\":\"en-GB\",\"@id\":\"https:\\\/\\\/harmoniaelements.com\\\/product\\\/kangaskassi-aavikon-kukka\\\/#primaryimage\",\"url\":\"https:\\\/\\\/harmoniaelements.com\\\/wp-content\\\/uploads\\\/2025\\\/03\\\/all-over-print-tote-bag-black-15x15-front-67ea6d0eadd7c.jpg\",\"contentUrl\":\"https:\\\/\\\/harmoniaelements.com\\\/wp-content\\\/uploads\\\/2025\\\/03\\\/all-over-print-tote-bag-black-15x15-front-67ea6d0eadd7c.jpg\",\"width\":2000,\"height\":2000},{\"@type\":\"BreadcrumbList\",\"@id\":\"https:\\\/\\\/harmoniaelements.com\\\/product\\\/kangaskassi-aavikon-kukka\\\/#breadcrumb\",\"itemListElement\":[{\"@type\":\"ListItem\",\"position\":1,\"name\":\"Etusivu\",\"item\":\"https:\\\/\\\/harmoniaelements.com\\\/\"},{\"@type\":\"ListItem\",\"position\":2,\"name\":\"Kauppa\",\"item\":\"https:\\\/\\\/harmoniaelements.com\\\/kauppa\\\/\"},{\"@type\":\"ListItem\",\"position\":3,\"name\":\"Kangaskassi Aavikon kukka\"}]},{\"@type\":\"WebSite\",\"@id\":\"https:\\\/\\\/harmoniaelements.com\\\/#website\",\"url\":\"https:\\\/\\\/harmoniaelements.com\\\/\",\"name\":\"Harmonia Elements\",\"description\":\"Feng Shui kohtaa suomalaisen sisustuksen\",\"publisher\":{\"@id\":\"https:\\\/\\\/harmoniaelements.com\\\/#organization\"},\"potentialAction\":[{\"@type\":\"SearchAction\",\"target\":{\"@type\":\"EntryPoint\",\"urlTemplate\":\"https:\\\/\\\/harmoniaelements.com\\\/?s={search_term_string}\"},\"query-input\":{\"@type\":\"PropertyValueSpecification\",\"valueRequired\":true,\"valueName\":\"search_term_string\"}}],\"inLanguage\":\"en-GB\"},{\"@type\":\"Organization\",\"@id\":\"https:\\\/\\\/harmoniaelements.com\\\/#organization\",\"name\":\"Harmonia Elements\",\"url\":\"https:\\\/\\\/harmoniaelements.com\\\/\",\"logo\":{\"@type\":\"ImageObject\",\"inLanguage\":\"en-GB\",\"@id\":\"https:\\\/\\\/harmoniaelements.com\\\/#\\\/schema\\\/logo\\\/image\\\/\",\"url\":\"https:\\\/\\\/harmoniaelements.com\\\/wp-content\\\/uploads\\\/2025\\\/01\\\/2.png\",\"contentUrl\":\"https:\\\/\\\/harmoniaelements.com\\\/wp-content\\\/uploads\\\/2025\\\/01\\\/2.png\",\"width\":500,\"height\":500,\"caption\":\"Harmonia Elements\"},\"image\":{\"@id\":\"https:\\\/\\\/harmoniaelements.com\\\/#\\\/schema\\\/logo\\\/image\\\/\"}}]}<\/script>\n<!-- \/ Yoast SEO plugin. -->","yoast_head_json":{"title":"Kangaskassi \"Aavikon kukka\" | Maaelementti - Harmonia Elements","description":"Tyylik\u00e4s ja tilava kangaskassi, jossa maaelementin rauhallinen energia. Maanl\u00e4heinen s\u00e4vymaailma ja monik\u00e4ytt\u00f6inen muotoilu. Tilaa omasi nyt!","robots":{"index":"index","follow":"follow","max-snippet":"max-snippet:-1","max-image-preview":"max-image-preview:large","max-video-preview":"max-video-preview:-1"},"canonical":"https:\/\/harmoniaelements.com\/en\/product\/kangaskassi-aavikon-kukka\/","og_locale":"en_GB","og_type":"article","og_title":"Kangaskassi \"Aavikon kukka\" | Maaelementti - Harmonia Elements","og_description":"Tyylik\u00e4s ja tilava kangaskassi, jossa maaelementin rauhallinen energia. Maanl\u00e4heinen s\u00e4vymaailma ja monik\u00e4ytt\u00f6inen muotoilu. Tilaa omasi nyt!","og_url":"https:\/\/harmoniaelements.com\/en\/product\/kangaskassi-aavikon-kukka\/","og_site_name":"Harmonia Elements","article_modified_time":"2025-05-13T06:55:35+00:00","og_image":[{"width":2000,"height":2000,"url":"https:\/\/harmoniaelements.com\/wp-content\/uploads\/2025\/03\/all-over-print-tote-bag-black-15x15-front-67ea6d0eadd7c.jpg","type":"image\/jpeg"}],"twitter_card":"summary_large_image","twitter_misc":{"Estimated reading time":"2 minutes"},"schema":{"@context":"https:\/\/schema.org","@graph":[{"@type":"WebPage","@id":"https:\/\/harmoniaelements.com\/product\/kangaskassi-aavikon-kukka\/","url":"https:\/\/harmoniaelements.com\/product\/kangaskassi-aavikon-kukka\/","name":"Kangaskassi \"Aavikon kukka\" | Maaelementti - Harmonia Elements","isPartOf":{"@id":"https:\/\/harmoniaelements.com\/#website"},"primaryImageOfPage":{"@id":"https:\/\/harmoniaelements.com\/product\/kangaskassi-aavikon-kukka\/#primaryimage"},"image":{"@id":"https:\/\/harmoniaelements.com\/product\/kangaskassi-aavikon-kukka\/#primaryimage"},"thumbnailUrl":"https:\/\/harmoniaelements.com\/wp-content\/uploads\/2025\/03\/all-over-print-tote-bag-black-15x15-front-67ea6d0eadd7c.jpg","datePublished":"2025-03-31T10:23:20+00:00","dateModified":"2025-05-13T06:55:35+00:00","description":"Tyylik\u00e4s ja tilava kangaskassi, jossa maaelementin rauhallinen energia. Maanl\u00e4heinen s\u00e4vymaailma ja monik\u00e4ytt\u00f6inen muotoilu. Tilaa omasi nyt!","breadcrumb":{"@id":"https:\/\/harmoniaelements.com\/product\/kangaskassi-aavikon-kukka\/#breadcrumb"},"inLanguage":"en-GB","potentialAction":[{"@type":"ReadAction","target":["https:\/\/harmoniaelements.com\/product\/kangaskassi-aavikon-kukka\/"]}]},{"@type":"ImageObject","inLanguage":"en-GB","@id":"https:\/\/harmoniaelements.com\/product\/kangaskassi-aavikon-kukka\/#primaryimage","url":"https:\/\/harmoniaelements.com\/wp-content\/uploads\/2025\/03\/all-over-print-tote-bag-black-15x15-front-67ea6d0eadd7c.jpg","contentUrl":"https:\/\/harmoniaelements.com\/wp-content\/uploads\/2025\/03\/all-over-print-tote-bag-black-15x15-front-67ea6d0eadd7c.jpg","width":2000,"height":2000},{"@type":"BreadcrumbList","@id":"https:\/\/harmoniaelements.com\/product\/kangaskassi-aavikon-kukka\/#breadcrumb","itemListElement":[{"@type":"ListItem","position":1,"name":"Etusivu","item":"https:\/\/harmoniaelements.com\/"},{"@type":"ListItem","position":2,"name":"Kauppa","item":"https:\/\/harmoniaelements.com\/kauppa\/"},{"@type":"ListItem","position":3,"name":"Kangaskassi Aavikon kukka"}]},{"@type":"WebSite","@id":"https:\/\/harmoniaelements.com\/#website","url":"https:\/\/harmoniaelements.com\/","name":"Harmonia Elements","description":"Feng Shui kohtaa suomalaisen sisustuksen","publisher":{"@id":"https:\/\/harmoniaelements.com\/#organization"},"potentialAction":[{"@type":"SearchAction","target":{"@type":"EntryPoint","urlTemplate":"https:\/\/harmoniaelements.com\/?s={search_term_string}"},"query-input":{"@type":"PropertyValueSpecification","valueRequired":true,"valueName":"search_term_string"}}],"inLanguage":"en-GB"},{"@type":"Organization","@id":"https:\/\/harmoniaelements.com\/#organization","name":"Harmonia Elements","url":"https:\/\/harmoniaelements.com\/","logo":{"@type":"ImageObject","inLanguage":"en-GB","@id":"https:\/\/harmoniaelements.com\/#\/schema\/logo\/image\/","url":"https:\/\/harmoniaelements.com\/wp-content\/uploads\/2025\/01\/2.png","contentUrl":"https:\/\/harmoniaelements.com\/wp-content\/uploads\/2025\/01\/2.png","width":500,"height":500,"caption":"Harmonia Elements"},"image":{"@id":"https:\/\/harmoniaelements.com\/#\/schema\/logo\/image\/"}}]}},"jetpack_sharing_enabled":true,"_links":{"self":[{"href":"https:\/\/harmoniaelements.com\/en\/wp-json\/wp\/v2\/product\/5438","targetHints":{"allow":["GET"]}}],"collection":[{"href":"https:\/\/harmoniaelements.com\/en\/wp-json\/wp\/v2\/product"}],"about":[{"href":"https:\/\/harmoniaelements.com\/en\/wp-json\/wp\/v2\/types\/product"}],"wp:featuredmedia":[{"embeddable":true,"href":"https:\/\/harmoniaelements.com\/en\/wp-json\/wp\/v2\/media\/5439"}],"wp:attachment":[{"href":"https:\/\/harmoniaelements.com\/en\/wp-json\/wp\/v2\/media?parent=5438"}],"wp:term":[{"taxonomy":"product_brand","embeddable":true,"href":"https:\/\/harmoniaelements.com\/en\/wp-json\/wp\/v2\/product_brand?post=5438"},{"taxonomy":"product_cat","embeddable":true,"href":"https:\/\/harmoniaelements.com\/en\/wp-json\/wp\/v2\/product_cat?post=5438"},{"taxonomy":"product_tag","embeddable":true,"href":"https:\/\/harmoniaelements.com\/en\/wp-json\/wp\/v2\/product_tag?post=5438"}],"curies":[{"name":"wp","href":"https:\/\/api.w.org\/{rel}","templated":true}]}}