{"id":4615,"date":"2025-02-20T21:41:20","date_gmt":"2025-02-20T21:41:20","guid":{"rendered":"https:\/\/harmoniaelements.com\/product\/juliste-dolomiitti\/"},"modified":"2025-03-29T05:42:53","modified_gmt":"2025-03-29T05:42:53","slug":"juliste-dolomiitti","status":"publish","type":"product","link":"https:\/\/harmoniaelements.com\/en\/product\/juliste-dolomiitti\/","title":{"rendered":"Juliste Dolomiitti"},"content":{"rendered":"<h3 data-pm-slice=\"1 1 []\"><strong>Juliste \u2013 Maaelementti<\/strong><\/h3>\n<p>Julisteet ovat yksi helpoimmista ja tyylikk\u00e4immist\u00e4 tavoista tuoda persoonallisuutta ja harmoniaa sisustukseen. T\u00e4m\u00e4 korkealaatuinen, museolaatuinen juliste on painettu paksulle mattapaperille, ja sen syv\u00e4t v\u00e4rit ja tarkat yksityiskohdat tuovat seinillesi taiteellista ilmett\u00e4. Juliste on saatavilla eri kokoisina, joten voit valita juuri tilaan sopivan vaihtoehdon.<\/p>\n<p>T\u00e4m\u00e4 juliste <strong>myyd\u00e4\u00e4n ilman kehyksi\u00e4<\/strong>, joten voit valita siihen itse parhaiten sopivan kehystyksen sisustustyyliisi ja tilasi mukaan.<\/p>\n<div>\n<hr \/>\n<\/div>\n<h3><strong>Maa feng shuissa ja sisustuksessa<\/strong><\/h3>\n<p>Feng shuin mukaan <strong>maaelementti<\/strong> edustaa <strong>vakautta, turvallisuutta ja tasapainoa<\/strong>. Se symboloi perustaa, kest\u00e4vyytt\u00e4 ja maadoittavaa energiaa, joka tukee rauhallisuutta ja hyvinvointia.<\/p>\n<p><strong>Maaelementti vaikuttaa muihin feng shui -elementteihin seuraavasti:<\/strong><\/p>\n<ul data-spread=\"false\">\n<li><strong>Vahvistaa metallielementti\u00e4<\/strong>, sill\u00e4 maa luo metallia ja tukee sen vakautta.<\/li>\n<li><strong>Heikent\u00e4\u00e4 ja kuluttaa vesielementti\u00e4<\/strong>, koska maa voi hillit\u00e4 ja ohjata veden virtausta.<\/li>\n<\/ul>\n<p>Sisustuksessa <strong>maaelementti<\/strong> n\u00e4kyy vahvasti <strong>keltaisissa, beigeiss\u00e4 ja maanl\u00e4heisiss\u00e4 s\u00e4vyiss\u00e4<\/strong> sek\u00e4 <strong>tukevissa ja neli\u00f6m\u00e4isiss\u00e4 muodoissa<\/strong>, jotka symboloivat vakautta. Maaelementti\u00e4 voi tuoda kotiin paitsi v\u00e4reill\u00e4, my\u00f6s <strong>keramiikalla, kivill\u00e4, luonnonmateriaaleilla ja tietysti taiteella<\/strong>, kuten t\u00e4ll\u00e4 upealla feng shui -julisteella.<\/p>\n<p>Harmonia Elements -verkkosivustolla voit oppia lis\u00e4\u00e4 feng shui -sisustuksesta ja <strong>laskea omat flying star -t\u00e4htesi<\/strong>, joiden perusteella maaelementin lis\u00e4\u00e4minen voi tuoda tasapainoa ja maadoittavaa energiaa kotiisi.<\/p>\n<div>\n<hr \/>\n<\/div>\n<h3><strong>Maaelementin kivet ja mineraalit<\/strong><\/h3>\n<p>Kivet ja mineraalit kuuluvat luonnollisesti <strong>maaelementtiin<\/strong>, ja niiden uskotaan v\u00e4litt\u00e4v\u00e4n <strong>tasapainottavaa ja maadoittavaa energiaa<\/strong>.<\/p>\n<ul data-spread=\"false\">\n<li><strong>Akaatti (Agate)<\/strong> \u2013 Edist\u00e4\u00e4 sis\u00e4ist\u00e4 rauhaa ja vakautta.<\/li>\n<li><strong>Akvamariini (Aquamarine)<\/strong> \u2013 Rauhoittaa mielt\u00e4 ja tuo selkeytt\u00e4 ajatuksiin.<\/li>\n<li><strong>Amazoniitti (Amazonite)<\/strong> \u2013 Tuo tasapainoa tunteisiin ja rohkaisee itseluottamusta.<\/li>\n<li><strong>Aragoniitti (Aragonite)<\/strong> \u2013 Vahvistaa maadoittumista ja kest\u00e4vyytt\u00e4.<\/li>\n<li><strong>Dolomiitti (Dolomite)<\/strong> \u2013 Auttaa rentoutumaan ja v\u00e4hent\u00e4\u00e4 stressi\u00e4.<\/li>\n<li><strong>Emeraldi (Emerald)<\/strong> \u2013 Liitet\u00e4\u00e4n rakkauteen ja uudistumiseen.<\/li>\n<li><strong>Ametisti (Amethyst)<\/strong> \u2013 Rauhoittaa mielt\u00e4 ja edist\u00e4\u00e4 hengellist\u00e4 kasvua.<\/li>\n<li><strong>Fuksiitti (Fuchsite)<\/strong> \u2013 Auttaa palautumaan stressist\u00e4 ja uupumuksesta.<\/li>\n<li><strong>Granaatti (Garnet)<\/strong> \u2013 Antaa energiaa ja intohimoa.<\/li>\n<li><strong>Graniitti (Granite)<\/strong> \u2013 Vahvistaa kest\u00e4vyytt\u00e4 ja joustavuutta el\u00e4m\u00e4ss\u00e4.<\/li>\n<li><strong>Helmi (Pearl)<\/strong> \u2013 Symboloi puhtautta ja viattomuutta.<\/li>\n<li><strong>Hematiitti (Hematite)<\/strong> \u2013 Tukee maadoittumista ja suojaa negatiivisilta energioilta.<\/li>\n<li><strong>Jade (Jade)<\/strong> \u2013 Liitet\u00e4\u00e4n menestykseen ja vaurauteen.<\/li>\n<li><strong>Jaspi (Jasper)<\/strong> \u2013 Tukee kest\u00e4vyytt\u00e4 ja sis\u00e4ist\u00e4 voimaa.<\/li>\n<li><strong>Karnelian (Carnelian)<\/strong> \u2013 Antaa rohkeutta ja elinvoimaa.<\/li>\n<li><strong>Kvartsi (Quartz)<\/strong> \u2013 Puhdistaa ja vahvistaa energiakentt\u00e4\u00e4.<\/li>\n<li><strong>Labradoriitti (Labradorite)<\/strong> \u2013 Suojaa negatiivisuudelta ja avaa intuition.<\/li>\n<li><strong>Lapis lazuli (Lapis Lazuli)<\/strong> \u2013 Edist\u00e4\u00e4 viisautta ja itseilmaisua.<\/li>\n<li><strong>Malakiitti (Malachite)<\/strong> \u2013 Liitet\u00e4\u00e4n muutokseen ja kasvamiseen.<\/li>\n<li><strong>Timantti (Diamond)<\/strong> \u2013 Symboloi puhtautta ja kest\u00e4vyytt\u00e4.<\/li>\n<\/ul>\n<p>Jos haluat lis\u00e4t\u00e4 <strong>maaelementin<\/strong> kotiisi, valitse itsellesi sopiva kristalli ja tuo tasapainoa sek\u00e4 kauneutta el\u00e4m\u00e4\u00e4si!<\/p>\n<h3 data-pm-slice=\"1 1 []\"><strong>Toimitus:<\/strong><\/h3>\n<ul data-spread=\"false\">\n<li>Juliste <strong>painetaan ja toimitetaan<\/strong> suoraan yhteisty\u00f6kumppaniltamme Latviassa, varmistaen nopean ja luotettavan palvelun Euroopan asiakkaille.<\/li>\n<\/ul>\n<h3><strong>Ominaisuudet:<\/strong><\/h3>\n<ul data-spread=\"false\">\n<li><strong>Paksuus:<\/strong> 0,26 mm (10,3 mil)<\/li>\n<li><strong>Paino:<\/strong> 189 g\/m\u00b2<\/li>\n<li><strong>Peitt\u00e4vyys:<\/strong> 94 %<\/li>\n<li><strong>ISO-kirkkaus:<\/strong> 104 %<\/li>\n<li><strong>21 \u00d7 30 cm julisteet vastaavat A4-kokoa<\/strong><\/li>\n<li><strong>Paperi hankittu Japanista<\/strong><\/li>\n<\/ul>\n<h3><strong>Huomio:<\/strong><\/h3>\n<ul data-spread=\"false\">\n<li><strong>Ei sis\u00e4ll\u00e4 kehyksi\u00e4<\/strong><\/li>\n<li><strong>Saatavilla eri kokoja<\/strong><\/li>\n<\/ul>\n<h3><strong>Tuotannon vaiheet:<\/strong><\/h3>\n<ul data-spread=\"false\">\n<li><strong>Valmistus:<\/strong> Latvia<\/li>\n<\/ul>\n<h3><strong>Materiaalit ja turvallisuus:<\/strong><\/h3>\n<ul data-spread=\"false\">\n<li><strong>Korkealaatuinen mattapaperi<\/strong><\/li>\n<li><strong>Valmistettu vastuullisesti tilauksesta ylituotannon v\u00e4hent\u00e4miseksi<\/strong><\/li>\n<\/ul>\n<div>\n<hr \/>\n<\/div>\n<h3><\/h3>","protected":false},"excerpt":{"rendered":"<p>Juliste \u2013 Maaelementti Julisteet ovat yksi helpoimmista ja tyylikk\u00e4immist\u00e4 tavoista tuoda persoonallisuutta ja harmoniaa sisustukseen. T\u00e4m\u00e4 korkealaatuinen, museolaatuinen juliste on painettu paksulle mattapaperille, ja sen syv\u00e4t v\u00e4rit ja tarkat yksityiskohdat tuovat seinillesi taiteellista ilmett\u00e4. Juliste on saatavilla eri kokoisina, joten voit valita juuri tilaan sopivan vaihtoehdon. T\u00e4m\u00e4 juliste myyd\u00e4\u00e4n ilman kehyksi\u00e4, joten voit valita siihen&hellip;&nbsp;<a href=\"https:\/\/harmoniaelements.com\/en\/product\/juliste-dolomiitti\/\" rel=\"bookmark\">Read More &raquo;<span class=\"screen-reader-text\">Juliste Dolomiitti<\/span><\/a><\/p>","protected":false},"featured_media":4623,"template":"","meta":{"_monsterinsights_skip_tracking":false,"_monsterinsights_sitenote_active":false,"_monsterinsights_sitenote_note":"","_monsterinsights_sitenote_category":0,"_uf_show_specific_survey":0,"_uf_disable_surveys":false,"neve_meta_sidebar":"","neve_meta_container":"","neve_meta_enable_content_width":"off","neve_meta_content_width":100,"neve_meta_title_alignment":"","neve_meta_author_avatar":"","neve_post_elements_order":"","neve_meta_disable_header":"","neve_meta_disable_footer":"","neve_meta_disable_title":"","_themeisle_gutenberg_block_has_review":false},"product_brand":[],"product_cat":[133,122,61,139,136],"product_tag":[132],"class_list":{"0":"post-4615","1":"product","2":"type-product","3":"status-publish","4":"has-post-thumbnail","6":"product_cat-elementit","7":"product_cat-julisteet","8":"product_cat-kodin-sisustus","9":"product_cat-korukivijulisteet","10":"product_cat-maaelementti","11":"product_tag-maaelementti","13":"first","14":"instock","15":"taxable","16":"shipping-taxable","17":"purchasable","18":"product-type-variable"},"yoast_head":"<!-- This site is optimized with the Yoast SEO plugin v27.4 - https:\/\/yoast.com\/product\/yoast-seo-wordpress\/ -->\n<title>Juliste Dolomiitti - Harmonia Elements<\/title>\n<meta name=\"description\" content=\"Museolaatuinen feng shui -juliste dolomiitti korukivielementill\u00e4. Laadukas mattapaperi, saatavilla eri kokoja. Lis\u00e4\u00e4 harmoniaa sisustukseesi.\" \/>\n<meta name=\"robots\" content=\"index, follow, max-snippet:-1, max-image-preview:large, max-video-preview:-1\" \/>\n<link rel=\"canonical\" href=\"https:\/\/harmoniaelements.com\/en\/product\/juliste-dolomiitti\/\" \/>\n<meta property=\"og:locale\" content=\"en_GB\" \/>\n<meta property=\"og:type\" content=\"article\" \/>\n<meta property=\"og:title\" content=\"Juliste Dolomiitti - Harmonia Elements\" \/>\n<meta property=\"og:description\" content=\"Museolaatuinen feng shui -juliste dolomiitti korukivielementill\u00e4. Laadukas mattapaperi, saatavilla eri kokoja. Lis\u00e4\u00e4 harmoniaa sisustukseesi.\" \/>\n<meta property=\"og:url\" content=\"https:\/\/harmoniaelements.com\/en\/product\/juliste-dolomiitti\/\" \/>\n<meta property=\"og:site_name\" content=\"Harmonia Elements\" \/>\n<meta property=\"article:modified_time\" content=\"2025-03-29T05:42:53+00:00\" \/>\n<meta property=\"og:image\" content=\"https:\/\/harmoniaelements.com\/wp-content\/uploads\/2025\/02\/enhanced-matte-paper-poster-cm-70x100-cm-front-67b7a176ef64a.jpg\" \/>\n\t<meta property=\"og:image:width\" content=\"1000\" \/>\n\t<meta property=\"og:image:height\" content=\"1000\" \/>\n\t<meta property=\"og:image:type\" content=\"image\/jpeg\" \/>\n<meta name=\"twitter:card\" content=\"summary_large_image\" \/>\n<meta name=\"twitter:label1\" content=\"Estimated reading time\" \/>\n\t<meta name=\"twitter:data1\" content=\"3 minutes\" \/>\n<script type=\"application\/ld+json\" class=\"yoast-schema-graph\">{\"@context\":\"https:\\\/\\\/schema.org\",\"@graph\":[{\"@type\":\"WebPage\",\"@id\":\"https:\\\/\\\/harmoniaelements.com\\\/product\\\/juliste-dolomiitti\\\/\",\"url\":\"https:\\\/\\\/harmoniaelements.com\\\/product\\\/juliste-dolomiitti\\\/\",\"name\":\"Juliste Dolomiitti - Harmonia Elements\",\"isPartOf\":{\"@id\":\"https:\\\/\\\/harmoniaelements.com\\\/#website\"},\"primaryImageOfPage\":{\"@id\":\"https:\\\/\\\/harmoniaelements.com\\\/product\\\/juliste-dolomiitti\\\/#primaryimage\"},\"image\":{\"@id\":\"https:\\\/\\\/harmoniaelements.com\\\/product\\\/juliste-dolomiitti\\\/#primaryimage\"},\"thumbnailUrl\":\"https:\\\/\\\/harmoniaelements.com\\\/wp-content\\\/uploads\\\/2025\\\/02\\\/enhanced-matte-paper-poster-cm-70x100-cm-front-67b7a176ef64a.jpg\",\"datePublished\":\"2025-02-20T21:41:20+00:00\",\"dateModified\":\"2025-03-29T05:42:53+00:00\",\"description\":\"Museolaatuinen feng shui -juliste dolomiitti korukivielementill\u00e4. Laadukas mattapaperi, saatavilla eri kokoja. Lis\u00e4\u00e4 harmoniaa sisustukseesi.\",\"breadcrumb\":{\"@id\":\"https:\\\/\\\/harmoniaelements.com\\\/product\\\/juliste-dolomiitti\\\/#breadcrumb\"},\"inLanguage\":\"en-GB\",\"potentialAction\":[{\"@type\":\"ReadAction\",\"target\":[\"https:\\\/\\\/harmoniaelements.com\\\/product\\\/juliste-dolomiitti\\\/\"]}]},{\"@type\":\"ImageObject\",\"inLanguage\":\"en-GB\",\"@id\":\"https:\\\/\\\/harmoniaelements.com\\\/product\\\/juliste-dolomiitti\\\/#primaryimage\",\"url\":\"https:\\\/\\\/harmoniaelements.com\\\/wp-content\\\/uploads\\\/2025\\\/02\\\/enhanced-matte-paper-poster-cm-70x100-cm-front-67b7a176ef64a.jpg\",\"contentUrl\":\"https:\\\/\\\/harmoniaelements.com\\\/wp-content\\\/uploads\\\/2025\\\/02\\\/enhanced-matte-paper-poster-cm-70x100-cm-front-67b7a176ef64a.jpg\",\"width\":1000,\"height\":1000},{\"@type\":\"BreadcrumbList\",\"@id\":\"https:\\\/\\\/harmoniaelements.com\\\/product\\\/juliste-dolomiitti\\\/#breadcrumb\",\"itemListElement\":[{\"@type\":\"ListItem\",\"position\":1,\"name\":\"Etusivu\",\"item\":\"https:\\\/\\\/harmoniaelements.com\\\/\"},{\"@type\":\"ListItem\",\"position\":2,\"name\":\"Kauppa\",\"item\":\"https:\\\/\\\/harmoniaelements.com\\\/kauppa\\\/\"},{\"@type\":\"ListItem\",\"position\":3,\"name\":\"Juliste Dolomiitti\"}]},{\"@type\":\"WebSite\",\"@id\":\"https:\\\/\\\/harmoniaelements.com\\\/#website\",\"url\":\"https:\\\/\\\/harmoniaelements.com\\\/\",\"name\":\"Harmonia Elements\",\"description\":\"Feng Shui kohtaa suomalaisen sisustuksen\",\"publisher\":{\"@id\":\"https:\\\/\\\/harmoniaelements.com\\\/#organization\"},\"potentialAction\":[{\"@type\":\"SearchAction\",\"target\":{\"@type\":\"EntryPoint\",\"urlTemplate\":\"https:\\\/\\\/harmoniaelements.com\\\/?s={search_term_string}\"},\"query-input\":{\"@type\":\"PropertyValueSpecification\",\"valueRequired\":true,\"valueName\":\"search_term_string\"}}],\"inLanguage\":\"en-GB\"},{\"@type\":\"Organization\",\"@id\":\"https:\\\/\\\/harmoniaelements.com\\\/#organization\",\"name\":\"Harmonia Elements\",\"url\":\"https:\\\/\\\/harmoniaelements.com\\\/\",\"logo\":{\"@type\":\"ImageObject\",\"inLanguage\":\"en-GB\",\"@id\":\"https:\\\/\\\/harmoniaelements.com\\\/#\\\/schema\\\/logo\\\/image\\\/\",\"url\":\"https:\\\/\\\/harmoniaelements.com\\\/wp-content\\\/uploads\\\/2025\\\/01\\\/2.png\",\"contentUrl\":\"https:\\\/\\\/harmoniaelements.com\\\/wp-content\\\/uploads\\\/2025\\\/01\\\/2.png\",\"width\":500,\"height\":500,\"caption\":\"Harmonia Elements\"},\"image\":{\"@id\":\"https:\\\/\\\/harmoniaelements.com\\\/#\\\/schema\\\/logo\\\/image\\\/\"}}]}<\/script>\n<!-- \/ Yoast SEO plugin. -->","yoast_head_json":{"title":"Juliste Dolomiitti - Harmonia Elements","description":"Museolaatuinen feng shui -juliste dolomiitti korukivielementill\u00e4. Laadukas mattapaperi, saatavilla eri kokoja. Lis\u00e4\u00e4 harmoniaa sisustukseesi.","robots":{"index":"index","follow":"follow","max-snippet":"max-snippet:-1","max-image-preview":"max-image-preview:large","max-video-preview":"max-video-preview:-1"},"canonical":"https:\/\/harmoniaelements.com\/en\/product\/juliste-dolomiitti\/","og_locale":"en_GB","og_type":"article","og_title":"Juliste Dolomiitti - Harmonia Elements","og_description":"Museolaatuinen feng shui -juliste dolomiitti korukivielementill\u00e4. Laadukas mattapaperi, saatavilla eri kokoja. Lis\u00e4\u00e4 harmoniaa sisustukseesi.","og_url":"https:\/\/harmoniaelements.com\/en\/product\/juliste-dolomiitti\/","og_site_name":"Harmonia Elements","article_modified_time":"2025-03-29T05:42:53+00:00","og_image":[{"width":1000,"height":1000,"url":"https:\/\/harmoniaelements.com\/wp-content\/uploads\/2025\/02\/enhanced-matte-paper-poster-cm-70x100-cm-front-67b7a176ef64a.jpg","type":"image\/jpeg"}],"twitter_card":"summary_large_image","twitter_misc":{"Estimated reading time":"3 minutes"},"schema":{"@context":"https:\/\/schema.org","@graph":[{"@type":"WebPage","@id":"https:\/\/harmoniaelements.com\/product\/juliste-dolomiitti\/","url":"https:\/\/harmoniaelements.com\/product\/juliste-dolomiitti\/","name":"Juliste Dolomiitti - Harmonia Elements","isPartOf":{"@id":"https:\/\/harmoniaelements.com\/#website"},"primaryImageOfPage":{"@id":"https:\/\/harmoniaelements.com\/product\/juliste-dolomiitti\/#primaryimage"},"image":{"@id":"https:\/\/harmoniaelements.com\/product\/juliste-dolomiitti\/#primaryimage"},"thumbnailUrl":"https:\/\/harmoniaelements.com\/wp-content\/uploads\/2025\/02\/enhanced-matte-paper-poster-cm-70x100-cm-front-67b7a176ef64a.jpg","datePublished":"2025-02-20T21:41:20+00:00","dateModified":"2025-03-29T05:42:53+00:00","description":"Museolaatuinen feng shui -juliste dolomiitti korukivielementill\u00e4. Laadukas mattapaperi, saatavilla eri kokoja. Lis\u00e4\u00e4 harmoniaa sisustukseesi.","breadcrumb":{"@id":"https:\/\/harmoniaelements.com\/product\/juliste-dolomiitti\/#breadcrumb"},"inLanguage":"en-GB","potentialAction":[{"@type":"ReadAction","target":["https:\/\/harmoniaelements.com\/product\/juliste-dolomiitti\/"]}]},{"@type":"ImageObject","inLanguage":"en-GB","@id":"https:\/\/harmoniaelements.com\/product\/juliste-dolomiitti\/#primaryimage","url":"https:\/\/harmoniaelements.com\/wp-content\/uploads\/2025\/02\/enhanced-matte-paper-poster-cm-70x100-cm-front-67b7a176ef64a.jpg","contentUrl":"https:\/\/harmoniaelements.com\/wp-content\/uploads\/2025\/02\/enhanced-matte-paper-poster-cm-70x100-cm-front-67b7a176ef64a.jpg","width":1000,"height":1000},{"@type":"BreadcrumbList","@id":"https:\/\/harmoniaelements.com\/product\/juliste-dolomiitti\/#breadcrumb","itemListElement":[{"@type":"ListItem","position":1,"name":"Etusivu","item":"https:\/\/harmoniaelements.com\/"},{"@type":"ListItem","position":2,"name":"Kauppa","item":"https:\/\/harmoniaelements.com\/kauppa\/"},{"@type":"ListItem","position":3,"name":"Juliste Dolomiitti"}]},{"@type":"WebSite","@id":"https:\/\/harmoniaelements.com\/#website","url":"https:\/\/harmoniaelements.com\/","name":"Harmonia Elements","description":"Feng Shui kohtaa suomalaisen sisustuksen","publisher":{"@id":"https:\/\/harmoniaelements.com\/#organization"},"potentialAction":[{"@type":"SearchAction","target":{"@type":"EntryPoint","urlTemplate":"https:\/\/harmoniaelements.com\/?s={search_term_string}"},"query-input":{"@type":"PropertyValueSpecification","valueRequired":true,"valueName":"search_term_string"}}],"inLanguage":"en-GB"},{"@type":"Organization","@id":"https:\/\/harmoniaelements.com\/#organization","name":"Harmonia Elements","url":"https:\/\/harmoniaelements.com\/","logo":{"@type":"ImageObject","inLanguage":"en-GB","@id":"https:\/\/harmoniaelements.com\/#\/schema\/logo\/image\/","url":"https:\/\/harmoniaelements.com\/wp-content\/uploads\/2025\/01\/2.png","contentUrl":"https:\/\/harmoniaelements.com\/wp-content\/uploads\/2025\/01\/2.png","width":500,"height":500,"caption":"Harmonia Elements"},"image":{"@id":"https:\/\/harmoniaelements.com\/#\/schema\/logo\/image\/"}}]}},"jetpack_sharing_enabled":true,"_links":{"self":[{"href":"https:\/\/harmoniaelements.com\/en\/wp-json\/wp\/v2\/product\/4615","targetHints":{"allow":["GET"]}}],"collection":[{"href":"https:\/\/harmoniaelements.com\/en\/wp-json\/wp\/v2\/product"}],"about":[{"href":"https:\/\/harmoniaelements.com\/en\/wp-json\/wp\/v2\/types\/product"}],"wp:featuredmedia":[{"embeddable":true,"href":"https:\/\/harmoniaelements.com\/en\/wp-json\/wp\/v2\/media\/4623"}],"wp:attachment":[{"href":"https:\/\/harmoniaelements.com\/en\/wp-json\/wp\/v2\/media?parent=4615"}],"wp:term":[{"taxonomy":"product_brand","embeddable":true,"href":"https:\/\/harmoniaelements.com\/en\/wp-json\/wp\/v2\/product_brand?post=4615"},{"taxonomy":"product_cat","embeddable":true,"href":"https:\/\/harmoniaelements.com\/en\/wp-json\/wp\/v2\/product_cat?post=4615"},{"taxonomy":"product_tag","embeddable":true,"href":"https:\/\/harmoniaelements.com\/en\/wp-json\/wp\/v2\/product_tag?post=4615"}],"curies":[{"name":"wp","href":"https:\/\/api.w.org\/{rel}","templated":true}]}}