{"id":3954,"date":"2025-02-11T12:44:36","date_gmt":"2025-02-11T12:44:36","guid":{"rendered":"https:\/\/harmoniaelements.com\/product\/juliste-vesi\/"},"modified":"2025-03-29T06:15:24","modified_gmt":"2025-03-29T06:15:24","slug":"juliste-vesi","status":"publish","type":"product","link":"https:\/\/harmoniaelements.com\/en\/product\/juliste-vesi\/","title":{"rendered":"Juliste Vesi"},"content":{"rendered":"<h3 data-pm-slice=\"1 1 []\">Juliste \u2013 Vesielementti<\/h3>\n<p>Julisteet ovat yksi helpoimmista ja tyylikk\u00e4immist\u00e4 tavoista tuoda persoonallisuutta ja harmoniaa sisustukseen. T\u00e4m\u00e4 korkealaatuinen, museolaatuinen juliste on painettu paksulle mattapaperille, ja sen syv\u00e4t v\u00e4rit ja tarkat yksityiskohdat tuovat seinillesi taiteellista ilmett\u00e4. Juliste on saatavilla eri kokoisina, joten voit valita juuri tilaan sopivan vaihtoehdon.<\/p>\n<p>T\u00e4m\u00e4 juliste myyd\u00e4\u00e4n ilman kehyksi\u00e4, joten voit valita siihen itse parhaiten sopivan kehystyksen sisustustyyliisi ja tilasi mukaan.<\/p>\n<h3>Vesi feng shuissa ja sisustuksessa<\/h3>\n<p>Harmonia Elements -verkkosivustolla voit oppia lis\u00e4\u00e4 feng shui -sisustuksesta ja laskea omat flying star -t\u00e4htesi, joiden perusteella vesielementin lis\u00e4\u00e4minen voi tuoda tasapainoa ja positiivista energiaa kotiisi.<\/p>\n<p>Feng shuin mukaan vesielementti edustaa virtaavuutta, joustavuutta, el\u00e4m\u00e4nenergiaa ja syv\u00e4llist\u00e4 viisautta. Se tuo kotiin rauhaa, harmoniaa ja tasapainoa sek\u00e4 auttaa edist\u00e4m\u00e4\u00e4n luovuutta ja mielen selkeytt\u00e4. Vesielementti sopii erinomaisesti tiloihin, joissa halutaan luoda rauhoittava ja inspiroiva tunnelma.<\/p>\n<p>Vesielementti vaikuttaa muihin feng shui -elementteihin seuraavasti:<\/p>\n<ul data-spread=\"false\">\n<li><strong>Vahvistaa puuelementti\u00e4<\/strong>, sill\u00e4 vesi ravitsee puuta ja auttaa sen kasvussa.<\/li>\n<li><strong>Heikent\u00e4\u00e4 ja kuluttaa maaelementti\u00e4<\/strong>, koska vesi voi huuhtoa maata ja v\u00e4hent\u00e4\u00e4 sen voimaa.<\/li>\n<\/ul>\n<p>Sisustuksessa vesielementti n\u00e4kyy vahvasti <strong>sinisen ja mustan s\u00e4vyiss\u00e4<\/strong> sek\u00e4 aaltoilevissa ja py\u00f6reiss\u00e4 muodoissa. Vesielementti\u00e4 voi tuoda kotiin paitsi v\u00e4reill\u00e4, my\u00f6s vesiaiheisilla kuvilla, suihkul\u00e4hteill\u00e4 ja tietysti taiteella, kuten t\u00e4ll\u00e4 upealla feng shui -julisteella.<\/p>\n<p><strong>Toimitus:<\/strong> Juliste painetaan ja toimitetaan suoraan yhteisty\u00f6kumppaniltamme Latviassa, varmistaen nopean ja luotettavan palvelun Euroopan asiakkaille.<\/p>\n<p><strong>Ominaisuudet:<\/strong><\/p>\n<ul data-spread=\"false\">\n<li>Paksuus: 0,26 mm (10,3 mil)<\/li>\n<li>Paino: 189 g\/m\u00b2<\/li>\n<li>Peitt\u00e4vyys: 94 %<\/li>\n<li>ISO-kirkkaus: 104 %<\/li>\n<li>21 \u00d7 30 cm julisteet vastaavat A4-kokoa<\/li>\n<li>Paperi hankittu Japanista<\/li>\n<\/ul>\n<p><strong>Huomio:<\/strong><\/p>\n<ul data-spread=\"false\">\n<li>Ei sis\u00e4ll\u00e4 kehyksi\u00e4<\/li>\n<li>Saatavilla eri kokoja<\/li>\n<\/ul>\n<p><strong>Tuotannon vaiheet:<\/strong><\/p>\n<ul data-spread=\"false\">\n<li>Valmistus: Latvia<\/li>\n<\/ul>\n<p><strong>Materiaalit ja turvallisuus:<\/strong><\/p>\n<ul data-spread=\"false\">\n<li>Korkealaatuinen mattapaperi<\/li>\n<li>Valmistettu vastuullisesti tilauksesta ylituotannon v\u00e4hent\u00e4miseksi<\/li>\n<\/ul>\n<p><strong>Ik\u00e4rajoitus:<\/strong> Tuote on tarkoitettu aikuisille.<\/p>","protected":false},"excerpt":{"rendered":"<p>Juliste \u2013 Vesielementti Julisteet ovat yksi helpoimmista ja tyylikk\u00e4immist\u00e4 tavoista tuoda persoonallisuutta ja harmoniaa sisustukseen. T\u00e4m\u00e4 korkealaatuinen, museolaatuinen juliste on painettu paksulle mattapaperille, ja sen syv\u00e4t v\u00e4rit ja tarkat yksityiskohdat tuovat seinillesi taiteellista ilmett\u00e4. Juliste on saatavilla eri kokoisina, joten voit valita juuri tilaan sopivan vaihtoehdon. T\u00e4m\u00e4 juliste myyd\u00e4\u00e4n ilman kehyksi\u00e4, joten voit valita siihen&hellip;&nbsp;<a href=\"https:\/\/harmoniaelements.com\/en\/product\/juliste-vesi\/\" rel=\"bookmark\">Read More &raquo;<span class=\"screen-reader-text\">Juliste Vesi<\/span><\/a><\/p>","protected":false},"featured_media":3962,"template":"","meta":{"_monsterinsights_skip_tracking":false,"_monsterinsights_sitenote_active":false,"_monsterinsights_sitenote_note":"","_monsterinsights_sitenote_category":0,"_uf_show_specific_survey":0,"_uf_disable_surveys":false,"neve_meta_sidebar":"","neve_meta_container":"","neve_meta_enable_content_width":"off","neve_meta_content_width":100,"neve_meta_title_alignment":"","neve_meta_author_avatar":"","neve_post_elements_order":"","neve_meta_disable_header":"","neve_meta_disable_footer":"","neve_meta_disable_title":"","_themeisle_gutenberg_block_has_review":false},"product_brand":[],"product_cat":[122,61,134],"product_tag":[119],"class_list":{"0":"post-3954","1":"product","2":"type-product","3":"status-publish","4":"has-post-thumbnail","6":"product_cat-julisteet","7":"product_cat-kodin-sisustus","8":"product_cat-vesielementti","9":"product_tag-vesielementti","11":"first","12":"instock","13":"taxable","14":"shipping-taxable","15":"purchasable","16":"product-type-variable"},"yoast_head":"<!-- This site is optimized with the Yoast SEO plugin v27.4 - https:\/\/yoast.com\/product\/yoast-seo-wordpress\/ -->\n<title>Juliste Vesi - Harmonia Elements<\/title>\n<meta name=\"description\" content=\"Museolaatuinen feng shui -juliste vesielementill\u00e4. Laadukas mattapaperi, saatavilla eri kokoja. Lis\u00e4\u00e4 harmoniaa ja seesteisyytt\u00e4 sisustukseesi. Tilaa nyt!\" \/>\n<meta name=\"robots\" content=\"index, follow, max-snippet:-1, max-image-preview:large, max-video-preview:-1\" \/>\n<link rel=\"canonical\" href=\"https:\/\/harmoniaelements.com\/en\/product\/juliste-vesi\/\" \/>\n<meta property=\"og:locale\" content=\"en_GB\" \/>\n<meta property=\"og:type\" content=\"article\" \/>\n<meta property=\"og:title\" content=\"Juliste Vesi - Harmonia Elements\" \/>\n<meta property=\"og:description\" content=\"Museolaatuinen feng shui -juliste vesielementill\u00e4. Laadukas mattapaperi, saatavilla eri kokoja. Lis\u00e4\u00e4 harmoniaa ja seesteisyytt\u00e4 sisustukseesi. Tilaa nyt!\" \/>\n<meta property=\"og:url\" content=\"https:\/\/harmoniaelements.com\/en\/product\/juliste-vesi\/\" \/>\n<meta property=\"og:site_name\" content=\"Harmonia Elements\" \/>\n<meta property=\"article:modified_time\" content=\"2025-03-29T06:15:24+00:00\" \/>\n<meta property=\"og:image\" content=\"https:\/\/harmoniaelements.com\/wp-content\/uploads\/2025\/02\/enhanced-matte-paper-poster-cm-70x100-cm-front-67ab4625e7d0c.jpg\" \/>\n\t<meta property=\"og:image:width\" content=\"1000\" \/>\n\t<meta property=\"og:image:height\" content=\"1000\" \/>\n\t<meta property=\"og:image:type\" content=\"image\/jpeg\" \/>\n<meta name=\"twitter:card\" content=\"summary_large_image\" \/>\n<meta name=\"twitter:label1\" content=\"Estimated reading time\" \/>\n\t<meta name=\"twitter:data1\" content=\"2 minutes\" \/>\n<script type=\"application\/ld+json\" class=\"yoast-schema-graph\">{\"@context\":\"https:\\\/\\\/schema.org\",\"@graph\":[{\"@type\":\"WebPage\",\"@id\":\"https:\\\/\\\/harmoniaelements.com\\\/product\\\/juliste-vesi\\\/\",\"url\":\"https:\\\/\\\/harmoniaelements.com\\\/product\\\/juliste-vesi\\\/\",\"name\":\"Juliste Vesi - Harmonia Elements\",\"isPartOf\":{\"@id\":\"https:\\\/\\\/harmoniaelements.com\\\/#website\"},\"primaryImageOfPage\":{\"@id\":\"https:\\\/\\\/harmoniaelements.com\\\/product\\\/juliste-vesi\\\/#primaryimage\"},\"image\":{\"@id\":\"https:\\\/\\\/harmoniaelements.com\\\/product\\\/juliste-vesi\\\/#primaryimage\"},\"thumbnailUrl\":\"https:\\\/\\\/harmoniaelements.com\\\/wp-content\\\/uploads\\\/2025\\\/02\\\/enhanced-matte-paper-poster-cm-70x100-cm-front-67ab4625e7d0c.jpg\",\"datePublished\":\"2025-02-11T12:44:36+00:00\",\"dateModified\":\"2025-03-29T06:15:24+00:00\",\"description\":\"Museolaatuinen feng shui -juliste vesielementill\u00e4. Laadukas mattapaperi, saatavilla eri kokoja. Lis\u00e4\u00e4 harmoniaa ja seesteisyytt\u00e4 sisustukseesi. Tilaa nyt!\",\"breadcrumb\":{\"@id\":\"https:\\\/\\\/harmoniaelements.com\\\/product\\\/juliste-vesi\\\/#breadcrumb\"},\"inLanguage\":\"en-GB\",\"potentialAction\":[{\"@type\":\"ReadAction\",\"target\":[\"https:\\\/\\\/harmoniaelements.com\\\/product\\\/juliste-vesi\\\/\"]}]},{\"@type\":\"ImageObject\",\"inLanguage\":\"en-GB\",\"@id\":\"https:\\\/\\\/harmoniaelements.com\\\/product\\\/juliste-vesi\\\/#primaryimage\",\"url\":\"https:\\\/\\\/harmoniaelements.com\\\/wp-content\\\/uploads\\\/2025\\\/02\\\/enhanced-matte-paper-poster-cm-70x100-cm-front-67ab4625e7d0c.jpg\",\"contentUrl\":\"https:\\\/\\\/harmoniaelements.com\\\/wp-content\\\/uploads\\\/2025\\\/02\\\/enhanced-matte-paper-poster-cm-70x100-cm-front-67ab4625e7d0c.jpg\",\"width\":1000,\"height\":1000},{\"@type\":\"BreadcrumbList\",\"@id\":\"https:\\\/\\\/harmoniaelements.com\\\/product\\\/juliste-vesi\\\/#breadcrumb\",\"itemListElement\":[{\"@type\":\"ListItem\",\"position\":1,\"name\":\"Etusivu\",\"item\":\"https:\\\/\\\/harmoniaelements.com\\\/\"},{\"@type\":\"ListItem\",\"position\":2,\"name\":\"Kauppa\",\"item\":\"https:\\\/\\\/harmoniaelements.com\\\/kauppa\\\/\"},{\"@type\":\"ListItem\",\"position\":3,\"name\":\"Juliste Vesi\"}]},{\"@type\":\"WebSite\",\"@id\":\"https:\\\/\\\/harmoniaelements.com\\\/#website\",\"url\":\"https:\\\/\\\/harmoniaelements.com\\\/\",\"name\":\"Harmonia Elements\",\"description\":\"Feng Shui kohtaa suomalaisen sisustuksen\",\"publisher\":{\"@id\":\"https:\\\/\\\/harmoniaelements.com\\\/#organization\"},\"potentialAction\":[{\"@type\":\"SearchAction\",\"target\":{\"@type\":\"EntryPoint\",\"urlTemplate\":\"https:\\\/\\\/harmoniaelements.com\\\/?s={search_term_string}\"},\"query-input\":{\"@type\":\"PropertyValueSpecification\",\"valueRequired\":true,\"valueName\":\"search_term_string\"}}],\"inLanguage\":\"en-GB\"},{\"@type\":\"Organization\",\"@id\":\"https:\\\/\\\/harmoniaelements.com\\\/#organization\",\"name\":\"Harmonia Elements\",\"url\":\"https:\\\/\\\/harmoniaelements.com\\\/\",\"logo\":{\"@type\":\"ImageObject\",\"inLanguage\":\"en-GB\",\"@id\":\"https:\\\/\\\/harmoniaelements.com\\\/#\\\/schema\\\/logo\\\/image\\\/\",\"url\":\"https:\\\/\\\/harmoniaelements.com\\\/wp-content\\\/uploads\\\/2025\\\/01\\\/2.png\",\"contentUrl\":\"https:\\\/\\\/harmoniaelements.com\\\/wp-content\\\/uploads\\\/2025\\\/01\\\/2.png\",\"width\":500,\"height\":500,\"caption\":\"Harmonia Elements\"},\"image\":{\"@id\":\"https:\\\/\\\/harmoniaelements.com\\\/#\\\/schema\\\/logo\\\/image\\\/\"}}]}<\/script>\n<!-- \/ Yoast SEO plugin. -->","yoast_head_json":{"title":"Juliste Vesi - Harmonia Elements","description":"Museolaatuinen feng shui -juliste vesielementill\u00e4. Laadukas mattapaperi, saatavilla eri kokoja. Lis\u00e4\u00e4 harmoniaa ja seesteisyytt\u00e4 sisustukseesi. Tilaa nyt!","robots":{"index":"index","follow":"follow","max-snippet":"max-snippet:-1","max-image-preview":"max-image-preview:large","max-video-preview":"max-video-preview:-1"},"canonical":"https:\/\/harmoniaelements.com\/en\/product\/juliste-vesi\/","og_locale":"en_GB","og_type":"article","og_title":"Juliste Vesi - Harmonia Elements","og_description":"Museolaatuinen feng shui -juliste vesielementill\u00e4. Laadukas mattapaperi, saatavilla eri kokoja. Lis\u00e4\u00e4 harmoniaa ja seesteisyytt\u00e4 sisustukseesi. Tilaa nyt!","og_url":"https:\/\/harmoniaelements.com\/en\/product\/juliste-vesi\/","og_site_name":"Harmonia Elements","article_modified_time":"2025-03-29T06:15:24+00:00","og_image":[{"width":1000,"height":1000,"url":"https:\/\/harmoniaelements.com\/wp-content\/uploads\/2025\/02\/enhanced-matte-paper-poster-cm-70x100-cm-front-67ab4625e7d0c.jpg","type":"image\/jpeg"}],"twitter_card":"summary_large_image","twitter_misc":{"Estimated reading time":"2 minutes"},"schema":{"@context":"https:\/\/schema.org","@graph":[{"@type":"WebPage","@id":"https:\/\/harmoniaelements.com\/product\/juliste-vesi\/","url":"https:\/\/harmoniaelements.com\/product\/juliste-vesi\/","name":"Juliste Vesi - Harmonia Elements","isPartOf":{"@id":"https:\/\/harmoniaelements.com\/#website"},"primaryImageOfPage":{"@id":"https:\/\/harmoniaelements.com\/product\/juliste-vesi\/#primaryimage"},"image":{"@id":"https:\/\/harmoniaelements.com\/product\/juliste-vesi\/#primaryimage"},"thumbnailUrl":"https:\/\/harmoniaelements.com\/wp-content\/uploads\/2025\/02\/enhanced-matte-paper-poster-cm-70x100-cm-front-67ab4625e7d0c.jpg","datePublished":"2025-02-11T12:44:36+00:00","dateModified":"2025-03-29T06:15:24+00:00","description":"Museolaatuinen feng shui -juliste vesielementill\u00e4. Laadukas mattapaperi, saatavilla eri kokoja. Lis\u00e4\u00e4 harmoniaa ja seesteisyytt\u00e4 sisustukseesi. Tilaa nyt!","breadcrumb":{"@id":"https:\/\/harmoniaelements.com\/product\/juliste-vesi\/#breadcrumb"},"inLanguage":"en-GB","potentialAction":[{"@type":"ReadAction","target":["https:\/\/harmoniaelements.com\/product\/juliste-vesi\/"]}]},{"@type":"ImageObject","inLanguage":"en-GB","@id":"https:\/\/harmoniaelements.com\/product\/juliste-vesi\/#primaryimage","url":"https:\/\/harmoniaelements.com\/wp-content\/uploads\/2025\/02\/enhanced-matte-paper-poster-cm-70x100-cm-front-67ab4625e7d0c.jpg","contentUrl":"https:\/\/harmoniaelements.com\/wp-content\/uploads\/2025\/02\/enhanced-matte-paper-poster-cm-70x100-cm-front-67ab4625e7d0c.jpg","width":1000,"height":1000},{"@type":"BreadcrumbList","@id":"https:\/\/harmoniaelements.com\/product\/juliste-vesi\/#breadcrumb","itemListElement":[{"@type":"ListItem","position":1,"name":"Etusivu","item":"https:\/\/harmoniaelements.com\/"},{"@type":"ListItem","position":2,"name":"Kauppa","item":"https:\/\/harmoniaelements.com\/kauppa\/"},{"@type":"ListItem","position":3,"name":"Juliste Vesi"}]},{"@type":"WebSite","@id":"https:\/\/harmoniaelements.com\/#website","url":"https:\/\/harmoniaelements.com\/","name":"Harmonia Elements","description":"Feng Shui kohtaa suomalaisen sisustuksen","publisher":{"@id":"https:\/\/harmoniaelements.com\/#organization"},"potentialAction":[{"@type":"SearchAction","target":{"@type":"EntryPoint","urlTemplate":"https:\/\/harmoniaelements.com\/?s={search_term_string}"},"query-input":{"@type":"PropertyValueSpecification","valueRequired":true,"valueName":"search_term_string"}}],"inLanguage":"en-GB"},{"@type":"Organization","@id":"https:\/\/harmoniaelements.com\/#organization","name":"Harmonia Elements","url":"https:\/\/harmoniaelements.com\/","logo":{"@type":"ImageObject","inLanguage":"en-GB","@id":"https:\/\/harmoniaelements.com\/#\/schema\/logo\/image\/","url":"https:\/\/harmoniaelements.com\/wp-content\/uploads\/2025\/01\/2.png","contentUrl":"https:\/\/harmoniaelements.com\/wp-content\/uploads\/2025\/01\/2.png","width":500,"height":500,"caption":"Harmonia Elements"},"image":{"@id":"https:\/\/harmoniaelements.com\/#\/schema\/logo\/image\/"}}]}},"jetpack_sharing_enabled":true,"_links":{"self":[{"href":"https:\/\/harmoniaelements.com\/en\/wp-json\/wp\/v2\/product\/3954","targetHints":{"allow":["GET"]}}],"collection":[{"href":"https:\/\/harmoniaelements.com\/en\/wp-json\/wp\/v2\/product"}],"about":[{"href":"https:\/\/harmoniaelements.com\/en\/wp-json\/wp\/v2\/types\/product"}],"wp:featuredmedia":[{"embeddable":true,"href":"https:\/\/harmoniaelements.com\/en\/wp-json\/wp\/v2\/media\/3962"}],"wp:attachment":[{"href":"https:\/\/harmoniaelements.com\/en\/wp-json\/wp\/v2\/media?parent=3954"}],"wp:term":[{"taxonomy":"product_brand","embeddable":true,"href":"https:\/\/harmoniaelements.com\/en\/wp-json\/wp\/v2\/product_brand?post=3954"},{"taxonomy":"product_cat","embeddable":true,"href":"https:\/\/harmoniaelements.com\/en\/wp-json\/wp\/v2\/product_cat?post=3954"},{"taxonomy":"product_tag","embeddable":true,"href":"https:\/\/harmoniaelements.com\/en\/wp-json\/wp\/v2\/product_tag?post=3954"}],"curies":[{"name":"wp","href":"https:\/\/api.w.org\/{rel}","templated":true}]}}