{"id":3373,"date":"2025-02-08T21:22:28","date_gmt":"2025-02-08T21:22:28","guid":{"rendered":"https:\/\/harmoniaelements.com\/product\/kangaskassi-kukot\/"},"modified":"2025-02-08T21:29:01","modified_gmt":"2025-02-08T21:29:01","slug":"kangaskassi-kukot","status":"publish","type":"product","link":"https:\/\/harmoniaelements.com\/en\/product\/kangaskassi-kukot\/","title":{"rendered":"Kangaskassi Kukot"},"content":{"rendered":"<h3 data-pm-slice=\"1 1 []\">Kangaskassi \u2013 Kiinalaiset horoskooppimerkit<\/h3>\n<p>Kangaskassi on k\u00e4yt\u00e4nn\u00f6llinen ja tyylik\u00e4s valinta, joka sopii niin arkeen kuin vapaa-aikaan. Se tarjoaa reilusti tilaa kaikelle tarvittavalle ja tuo samalla persoonallista ilmett\u00e4 asukokonaisuuteen. Kuvioinnin molemminpuolinen painatus tekee kassista n\u00e4ytt\u00e4v\u00e4n ja monik\u00e4ytt\u00f6isen lis\u00e4n asusteisiisi.<\/p>\n<h3>Kiinalaiset horoskooppimerkit<\/h3>\n<p>T\u00e4m\u00e4 kangaskassi on saatavilla eri kiinalaisilla horoskooppimerkeill\u00e4, jotka heijastavat persoonallisuuttasi ja el\u00e4m\u00e4npolkuasi. Jokaisella horoskooppimerkill\u00e4 on oma symboliikkansa ja energiansa.<\/p>\n<ul data-spread=\"false\">\n<li><strong>Rotta<\/strong> (2020, 2008, 1996, 1984, 1972, 1960) \u2013 \u00e4lyk\u00e4s ja kekseli\u00e4s<\/li>\n<li><strong>H\u00e4rk\u00e4<\/strong> (2021, 2009, 1997, 1985, 1973, 1961) \u2013 luotettava ja sinnik\u00e4s<\/li>\n<li><strong>Tiikeri<\/strong> (2022, 2010, 1998, 1986, 1974, 1962) \u2013 rohkea ja dynaaminen<\/li>\n<li><strong>J\u00e4nis<\/strong> (2023, 2011, 1999, 1987, 1975, 1963) \u2013 lempe\u00e4 ja intuitiivinen<\/li>\n<li><strong>Lohik\u00e4\u00e4rme<\/strong> (2024, 2012, 2000, 1988, 1976, 1964) \u2013 voimakas ja karismaattinen<\/li>\n<li><strong>K\u00e4\u00e4rme<\/strong> (2025, 2013, 2001, 1989, 1977, 1965) \u2013 viisas ja salaper\u00e4inen<\/li>\n<li><strong>Hevonen<\/strong> (2026, 2014, 2002, 1990, 1978, 1966) \u2013 energinen ja itsen\u00e4inen<\/li>\n<li><strong>Vuohi<\/strong> (2027, 2015, 2003, 1991, 1979, 1967) \u2013 herkk\u00e4 ja luova<\/li>\n<li><strong>Apina<\/strong> (2028, 2016, 2004, 1992, 1980, 1968) \u2013 nokkela ja kekseli\u00e4s<\/li>\n<li><strong>Kukko<\/strong> (2029, 2017, 2005, 1993, 1981, 1969) \u2013 tarkka ja j\u00e4rjestelm\u00e4llinen<\/li>\n<li><strong>Koira<\/strong> (2030, 2018, 2006, 1994, 1982, 1970) \u2013 uskollinen ja oikeudenmukainen<\/li>\n<li><strong>Sika<\/strong> (2031, 2019, 2007, 1995, 1983, 1971) \u2013 yst\u00e4v\u00e4llinen ja antelias<\/li>\n<\/ul>\n<p>Valitse oma horoskooppimerkkisi tai anna lahjaksi merkityksellinen ja persoonallinen kangaskassi!<\/p>\n<p><strong>Toimitus:<\/strong> Kangaskassi painetaan ja toimitetaan suoraan yhteisty\u00f6kumppaniltamme Latviassa, varmistaen nopean ja luotettavan palvelun Euroopan asiakkaille.<\/p>\n<p><strong>Ominaisuudet:<\/strong><\/p>\n<ul data-spread=\"false\">\n<li>100 % polyesteri<\/li>\n<li>Koko: 39 cm \u00d7 39 cm<\/li>\n<li>Tilavuus: 10 l<\/li>\n<li>Maksimipaino: 20 kg<\/li>\n<li>Kaksinkertainen puuvillainen kahva<\/li>\n<li>Kahvan pituus: 67 cm, leveys: 2,5 cm<\/li>\n<li>Kahvojen ulkon\u00e4k\u00f6 voi hieman vaihdella tuotantopaikasta riippuen<\/li>\n<\/ul>\n<p><strong>Tuotannon vaiheet:<\/strong><\/p>\n<ul data-spread=\"false\">\n<li>Neulonta: Kiina<\/li>\n<li>V\u00e4rj\u00e4ys: Kiina<\/li>\n<li>Valmistus: Latvia<\/li>\n<\/ul>\n<p><strong>Materiaalit ja turvallisuus:<\/strong><\/p>\n<ul data-spread=\"true\">\n<li>Sis\u00e4lt\u00e4\u00e4 0 % kierr\u00e4tetty\u00e4 polyesteri\u00e4<\/li>\n<li>Sis\u00e4lt\u00e4\u00e4 0 % vaarallisia aineita<\/li>\n<li>T\u00e4m\u00e4 tuote saattaa vapauttaa pesussa mikromuoveja ymp\u00e4rist\u00f6\u00f6n<\/li>\n<li>100 % polyesteri<\/li>\n<\/ul>\n<p><strong>Ik\u00e4rajoitus:<\/strong> Tuote on tarkoitettu aikuisille.<\/p>\n<p><strong>Takuu EU:ssa:<\/strong> 2 vuotta<\/p>\n<div>\n<hr \/>\n<\/div>\n<p>&nbsp;<\/p>","protected":false},"excerpt":{"rendered":"<p>Kangaskassi \u2013 Kiinalaiset horoskooppimerkit Kangaskassi on k\u00e4yt\u00e4nn\u00f6llinen ja tyylik\u00e4s valinta, joka sopii niin arkeen kuin vapaa-aikaan. Se tarjoaa reilusti tilaa kaikelle tarvittavalle ja tuo samalla persoonallista ilmett\u00e4 asukokonaisuuteen. Kuvioinnin molemminpuolinen painatus tekee kassista n\u00e4ytt\u00e4v\u00e4n ja monik\u00e4ytt\u00f6isen lis\u00e4n asusteisiisi. Kiinalaiset horoskooppimerkit T\u00e4m\u00e4 kangaskassi on saatavilla eri kiinalaisilla horoskooppimerkeill\u00e4, jotka heijastavat persoonallisuuttasi ja el\u00e4m\u00e4npolkuasi. Jokaisella horoskooppimerkill\u00e4 on&hellip;&nbsp;<a href=\"https:\/\/harmoniaelements.com\/en\/product\/kangaskassi-kukot\/\" rel=\"bookmark\">Read More &raquo;<span class=\"screen-reader-text\">Kangaskassi Kukot<\/span><\/a><\/p>","protected":false},"featured_media":3374,"template":"","meta":{"_monsterinsights_skip_tracking":false,"_monsterinsights_sitenote_active":false,"_monsterinsights_sitenote_note":"","_monsterinsights_sitenote_category":0,"_uf_show_specific_survey":0,"_uf_disable_surveys":false,"neve_meta_sidebar":"","neve_meta_container":"","neve_meta_enable_content_width":"off","neve_meta_content_width":100,"neve_meta_title_alignment":"","neve_meta_author_avatar":"","neve_post_elements_order":"","neve_meta_disable_header":"","neve_meta_disable_footer":"","neve_meta_disable_title":"","_themeisle_gutenberg_block_has_review":false},"product_brand":[],"product_cat":[117,118],"product_tag":[97,106],"class_list":{"0":"post-3373","1":"product","2":"type-product","3":"status-publish","4":"has-post-thumbnail","6":"product_cat-asusteet","7":"product_cat-laukut-ja-kassit","8":"product_tag-kiinalainen-horoskooppi","9":"product_tag-kukko","11":"first","12":"instock","13":"taxable","14":"shipping-taxable","15":"purchasable","16":"product-type-simple"},"yoast_head":"<!-- This site is optimized with the Yoast SEO plugin v27.4 - https:\/\/yoast.com\/product\/yoast-seo-wordpress\/ -->\n<title>Kangaskassi Kukot - Harmonia Elements<\/title>\n<meta name=\"description\" content=\"Tyylik\u00e4s ja tilava kangaskassi, saatavilla eri kiinalaisilla horoskooppimerkeill\u00e4. Kest\u00e4v\u00e4 ja monik\u00e4ytt\u00f6inen lis\u00e4 asusteisiisi. Tilaa omasi nyt!\" \/>\n<meta name=\"robots\" content=\"index, follow, max-snippet:-1, max-image-preview:large, max-video-preview:-1\" \/>\n<link rel=\"canonical\" href=\"https:\/\/harmoniaelements.com\/en\/product\/kangaskassi-kukot\/\" \/>\n<meta property=\"og:locale\" content=\"en_GB\" \/>\n<meta property=\"og:type\" content=\"article\" \/>\n<meta property=\"og:title\" content=\"Kangaskassi Kukot - Harmonia Elements\" \/>\n<meta property=\"og:description\" content=\"Tyylik\u00e4s ja tilava kangaskassi, saatavilla eri kiinalaisilla horoskooppimerkeill\u00e4. Kest\u00e4v\u00e4 ja monik\u00e4ytt\u00f6inen lis\u00e4 asusteisiisi. Tilaa omasi nyt!\" \/>\n<meta property=\"og:url\" content=\"https:\/\/harmoniaelements.com\/en\/product\/kangaskassi-kukot\/\" \/>\n<meta property=\"og:site_name\" content=\"Harmonia Elements\" \/>\n<meta property=\"article:modified_time\" content=\"2025-02-08T21:29:01+00:00\" \/>\n<meta property=\"og:image\" content=\"https:\/\/harmoniaelements.com\/wp-content\/uploads\/2025\/02\/all-over-print-tote-bag-black-15x15-front-67a7cb0b769a2.jpg\" \/>\n\t<meta property=\"og:image:width\" content=\"2000\" \/>\n\t<meta property=\"og:image:height\" content=\"2000\" \/>\n\t<meta property=\"og:image:type\" content=\"image\/jpeg\" \/>\n<meta name=\"twitter:card\" content=\"summary_large_image\" \/>\n<meta name=\"twitter:label1\" content=\"Estimated reading time\" \/>\n\t<meta name=\"twitter:data1\" content=\"2 minutes\" \/>\n<script type=\"application\/ld+json\" class=\"yoast-schema-graph\">{\"@context\":\"https:\\\/\\\/schema.org\",\"@graph\":[{\"@type\":\"WebPage\",\"@id\":\"https:\\\/\\\/harmoniaelements.com\\\/product\\\/kangaskassi-kukot\\\/\",\"url\":\"https:\\\/\\\/harmoniaelements.com\\\/product\\\/kangaskassi-kukot\\\/\",\"name\":\"Kangaskassi Kukot - Harmonia Elements\",\"isPartOf\":{\"@id\":\"https:\\\/\\\/harmoniaelements.com\\\/#website\"},\"primaryImageOfPage\":{\"@id\":\"https:\\\/\\\/harmoniaelements.com\\\/product\\\/kangaskassi-kukot\\\/#primaryimage\"},\"image\":{\"@id\":\"https:\\\/\\\/harmoniaelements.com\\\/product\\\/kangaskassi-kukot\\\/#primaryimage\"},\"thumbnailUrl\":\"https:\\\/\\\/harmoniaelements.com\\\/wp-content\\\/uploads\\\/2025\\\/02\\\/all-over-print-tote-bag-black-15x15-front-67a7cb0b769a2.jpg\",\"datePublished\":\"2025-02-08T21:22:28+00:00\",\"dateModified\":\"2025-02-08T21:29:01+00:00\",\"description\":\"Tyylik\u00e4s ja tilava kangaskassi, saatavilla eri kiinalaisilla horoskooppimerkeill\u00e4. Kest\u00e4v\u00e4 ja monik\u00e4ytt\u00f6inen lis\u00e4 asusteisiisi. Tilaa omasi nyt!\",\"breadcrumb\":{\"@id\":\"https:\\\/\\\/harmoniaelements.com\\\/product\\\/kangaskassi-kukot\\\/#breadcrumb\"},\"inLanguage\":\"en-GB\",\"potentialAction\":[{\"@type\":\"ReadAction\",\"target\":[\"https:\\\/\\\/harmoniaelements.com\\\/product\\\/kangaskassi-kukot\\\/\"]}]},{\"@type\":\"ImageObject\",\"inLanguage\":\"en-GB\",\"@id\":\"https:\\\/\\\/harmoniaelements.com\\\/product\\\/kangaskassi-kukot\\\/#primaryimage\",\"url\":\"https:\\\/\\\/harmoniaelements.com\\\/wp-content\\\/uploads\\\/2025\\\/02\\\/all-over-print-tote-bag-black-15x15-front-67a7cb0b769a2.jpg\",\"contentUrl\":\"https:\\\/\\\/harmoniaelements.com\\\/wp-content\\\/uploads\\\/2025\\\/02\\\/all-over-print-tote-bag-black-15x15-front-67a7cb0b769a2.jpg\",\"width\":2000,\"height\":2000},{\"@type\":\"BreadcrumbList\",\"@id\":\"https:\\\/\\\/harmoniaelements.com\\\/product\\\/kangaskassi-kukot\\\/#breadcrumb\",\"itemListElement\":[{\"@type\":\"ListItem\",\"position\":1,\"name\":\"Etusivu\",\"item\":\"https:\\\/\\\/harmoniaelements.com\\\/\"},{\"@type\":\"ListItem\",\"position\":2,\"name\":\"Kauppa\",\"item\":\"https:\\\/\\\/harmoniaelements.com\\\/kauppa\\\/\"},{\"@type\":\"ListItem\",\"position\":3,\"name\":\"Kangaskassi Kukot\"}]},{\"@type\":\"WebSite\",\"@id\":\"https:\\\/\\\/harmoniaelements.com\\\/#website\",\"url\":\"https:\\\/\\\/harmoniaelements.com\\\/\",\"name\":\"Harmonia Elements\",\"description\":\"Feng Shui kohtaa suomalaisen sisustuksen\",\"publisher\":{\"@id\":\"https:\\\/\\\/harmoniaelements.com\\\/#organization\"},\"potentialAction\":[{\"@type\":\"SearchAction\",\"target\":{\"@type\":\"EntryPoint\",\"urlTemplate\":\"https:\\\/\\\/harmoniaelements.com\\\/?s={search_term_string}\"},\"query-input\":{\"@type\":\"PropertyValueSpecification\",\"valueRequired\":true,\"valueName\":\"search_term_string\"}}],\"inLanguage\":\"en-GB\"},{\"@type\":\"Organization\",\"@id\":\"https:\\\/\\\/harmoniaelements.com\\\/#organization\",\"name\":\"Harmonia Elements\",\"url\":\"https:\\\/\\\/harmoniaelements.com\\\/\",\"logo\":{\"@type\":\"ImageObject\",\"inLanguage\":\"en-GB\",\"@id\":\"https:\\\/\\\/harmoniaelements.com\\\/#\\\/schema\\\/logo\\\/image\\\/\",\"url\":\"https:\\\/\\\/harmoniaelements.com\\\/wp-content\\\/uploads\\\/2025\\\/01\\\/2.png\",\"contentUrl\":\"https:\\\/\\\/harmoniaelements.com\\\/wp-content\\\/uploads\\\/2025\\\/01\\\/2.png\",\"width\":500,\"height\":500,\"caption\":\"Harmonia Elements\"},\"image\":{\"@id\":\"https:\\\/\\\/harmoniaelements.com\\\/#\\\/schema\\\/logo\\\/image\\\/\"}}]}<\/script>\n<!-- \/ Yoast SEO plugin. -->","yoast_head_json":{"title":"Kangaskassi Kukot - Harmonia Elements","description":"Tyylik\u00e4s ja tilava kangaskassi, saatavilla eri kiinalaisilla horoskooppimerkeill\u00e4. Kest\u00e4v\u00e4 ja monik\u00e4ytt\u00f6inen lis\u00e4 asusteisiisi. Tilaa omasi nyt!","robots":{"index":"index","follow":"follow","max-snippet":"max-snippet:-1","max-image-preview":"max-image-preview:large","max-video-preview":"max-video-preview:-1"},"canonical":"https:\/\/harmoniaelements.com\/en\/product\/kangaskassi-kukot\/","og_locale":"en_GB","og_type":"article","og_title":"Kangaskassi Kukot - Harmonia Elements","og_description":"Tyylik\u00e4s ja tilava kangaskassi, saatavilla eri kiinalaisilla horoskooppimerkeill\u00e4. Kest\u00e4v\u00e4 ja monik\u00e4ytt\u00f6inen lis\u00e4 asusteisiisi. Tilaa omasi nyt!","og_url":"https:\/\/harmoniaelements.com\/en\/product\/kangaskassi-kukot\/","og_site_name":"Harmonia Elements","article_modified_time":"2025-02-08T21:29:01+00:00","og_image":[{"width":2000,"height":2000,"url":"https:\/\/harmoniaelements.com\/wp-content\/uploads\/2025\/02\/all-over-print-tote-bag-black-15x15-front-67a7cb0b769a2.jpg","type":"image\/jpeg"}],"twitter_card":"summary_large_image","twitter_misc":{"Estimated reading time":"2 minutes"},"schema":{"@context":"https:\/\/schema.org","@graph":[{"@type":"WebPage","@id":"https:\/\/harmoniaelements.com\/product\/kangaskassi-kukot\/","url":"https:\/\/harmoniaelements.com\/product\/kangaskassi-kukot\/","name":"Kangaskassi Kukot - Harmonia Elements","isPartOf":{"@id":"https:\/\/harmoniaelements.com\/#website"},"primaryImageOfPage":{"@id":"https:\/\/harmoniaelements.com\/product\/kangaskassi-kukot\/#primaryimage"},"image":{"@id":"https:\/\/harmoniaelements.com\/product\/kangaskassi-kukot\/#primaryimage"},"thumbnailUrl":"https:\/\/harmoniaelements.com\/wp-content\/uploads\/2025\/02\/all-over-print-tote-bag-black-15x15-front-67a7cb0b769a2.jpg","datePublished":"2025-02-08T21:22:28+00:00","dateModified":"2025-02-08T21:29:01+00:00","description":"Tyylik\u00e4s ja tilava kangaskassi, saatavilla eri kiinalaisilla horoskooppimerkeill\u00e4. Kest\u00e4v\u00e4 ja monik\u00e4ytt\u00f6inen lis\u00e4 asusteisiisi. Tilaa omasi nyt!","breadcrumb":{"@id":"https:\/\/harmoniaelements.com\/product\/kangaskassi-kukot\/#breadcrumb"},"inLanguage":"en-GB","potentialAction":[{"@type":"ReadAction","target":["https:\/\/harmoniaelements.com\/product\/kangaskassi-kukot\/"]}]},{"@type":"ImageObject","inLanguage":"en-GB","@id":"https:\/\/harmoniaelements.com\/product\/kangaskassi-kukot\/#primaryimage","url":"https:\/\/harmoniaelements.com\/wp-content\/uploads\/2025\/02\/all-over-print-tote-bag-black-15x15-front-67a7cb0b769a2.jpg","contentUrl":"https:\/\/harmoniaelements.com\/wp-content\/uploads\/2025\/02\/all-over-print-tote-bag-black-15x15-front-67a7cb0b769a2.jpg","width":2000,"height":2000},{"@type":"BreadcrumbList","@id":"https:\/\/harmoniaelements.com\/product\/kangaskassi-kukot\/#breadcrumb","itemListElement":[{"@type":"ListItem","position":1,"name":"Etusivu","item":"https:\/\/harmoniaelements.com\/"},{"@type":"ListItem","position":2,"name":"Kauppa","item":"https:\/\/harmoniaelements.com\/kauppa\/"},{"@type":"ListItem","position":3,"name":"Kangaskassi Kukot"}]},{"@type":"WebSite","@id":"https:\/\/harmoniaelements.com\/#website","url":"https:\/\/harmoniaelements.com\/","name":"Harmonia Elements","description":"Feng Shui kohtaa suomalaisen sisustuksen","publisher":{"@id":"https:\/\/harmoniaelements.com\/#organization"},"potentialAction":[{"@type":"SearchAction","target":{"@type":"EntryPoint","urlTemplate":"https:\/\/harmoniaelements.com\/?s={search_term_string}"},"query-input":{"@type":"PropertyValueSpecification","valueRequired":true,"valueName":"search_term_string"}}],"inLanguage":"en-GB"},{"@type":"Organization","@id":"https:\/\/harmoniaelements.com\/#organization","name":"Harmonia Elements","url":"https:\/\/harmoniaelements.com\/","logo":{"@type":"ImageObject","inLanguage":"en-GB","@id":"https:\/\/harmoniaelements.com\/#\/schema\/logo\/image\/","url":"https:\/\/harmoniaelements.com\/wp-content\/uploads\/2025\/01\/2.png","contentUrl":"https:\/\/harmoniaelements.com\/wp-content\/uploads\/2025\/01\/2.png","width":500,"height":500,"caption":"Harmonia Elements"},"image":{"@id":"https:\/\/harmoniaelements.com\/#\/schema\/logo\/image\/"}}]}},"jetpack_sharing_enabled":true,"_links":{"self":[{"href":"https:\/\/harmoniaelements.com\/en\/wp-json\/wp\/v2\/product\/3373","targetHints":{"allow":["GET"]}}],"collection":[{"href":"https:\/\/harmoniaelements.com\/en\/wp-json\/wp\/v2\/product"}],"about":[{"href":"https:\/\/harmoniaelements.com\/en\/wp-json\/wp\/v2\/types\/product"}],"wp:featuredmedia":[{"embeddable":true,"href":"https:\/\/harmoniaelements.com\/en\/wp-json\/wp\/v2\/media\/3374"}],"wp:attachment":[{"href":"https:\/\/harmoniaelements.com\/en\/wp-json\/wp\/v2\/media?parent=3373"}],"wp:term":[{"taxonomy":"product_brand","embeddable":true,"href":"https:\/\/harmoniaelements.com\/en\/wp-json\/wp\/v2\/product_brand?post=3373"},{"taxonomy":"product_cat","embeddable":true,"href":"https:\/\/harmoniaelements.com\/en\/wp-json\/wp\/v2\/product_cat?post=3373"},{"taxonomy":"product_tag","embeddable":true,"href":"https:\/\/harmoniaelements.com\/en\/wp-json\/wp\/v2\/product_tag?post=3373"}],"curies":[{"name":"wp","href":"https:\/\/api.w.org\/{rel}","templated":true}]}}