{"id":3100,"date":"2025-02-07T20:08:38","date_gmt":"2025-02-07T20:08:38","guid":{"rendered":"https:\/\/harmoniaelements.com\/product\/kangaskassi-meri\/"},"modified":"2025-02-18T09:58:34","modified_gmt":"2025-02-18T09:58:34","slug":"kangaskassi-meri","status":"publish","type":"product","link":"https:\/\/harmoniaelements.com\/en\/product\/kangaskassi-meri\/","title":{"rendered":"Kangaskassi Meri"},"content":{"rendered":"<p data-pm-slice=\"1 1 []\">Kangaskassi on k\u00e4yt\u00e4nn\u00f6llinen ja tyylik\u00e4s valinta, joka sopii niin arkeen kuin vapaa-aikaan. Se tarjoaa reilusti tilaa kaikelle tarvittavalle ja tuo samalla persoonallista ilmett\u00e4 asukokonaisuuteen. Kuvioinnin molemminpuolinen painatus tekee kassista n\u00e4ytt\u00e4v\u00e4n ja monik\u00e4ytt\u00f6isen lis\u00e4n asusteisiisi.<\/p>\n<p>Feng shuissa vesi symboloi virtaavuutta, luovuutta ja el\u00e4m\u00e4n jatkuvaa liikett\u00e4. Se edustaa my\u00f6s syv\u00e4llist\u00e4 viisautta, rauhallisuutta ja emotionaalista tasapainoa. Vesielementti voi feng shuin mukaan vahvistaa vaurautta ja runsautta, erityisesti kun sit\u00e4 lis\u00e4t\u00e4\u00e4n harkiten osaksi ymp\u00e4rist\u00f6\u00e4. Samalla se voi heikent\u00e4\u00e4 tulielementti\u00e4, joten tasapainoinen k\u00e4ytt\u00f6 on avain harmoniseen energiavirtaan.<\/p>\n<p>Vesielementti vahvistaa feng shuin mukaan puuelementti\u00e4. Vesi ravitsee ja tukee puuta, aivan kuten luonnossa vesi auttaa kasveja kasvamaan ja kukoistamaan. T\u00e4m\u00e4 tarkoittaa, ett\u00e4 vesielementin lis\u00e4\u00e4minen voi voimistaa puuelementtiin liittyvi\u00e4 ominaisuuksia, kuten kasvua, terveytt\u00e4 ja elinvoimaa.<\/p>\n<h3>Vesielementti ja feng shui asusteissa<\/h3>\n<p>Feng shuin mukaan vesielementti\u00e4 kannattaa hy\u00f6dynt\u00e4\u00e4, kun halutaan edist\u00e4\u00e4 luovuutta, vaurautta ja virtaavaa energiaa. Vesielementti voi tuoda mukanaan harmonista ja rauhoittavaa tunnelmaa, kun se yhdistet\u00e4\u00e4n oikeisiin v\u00e4reihin ja muotoihin.<\/p>\n<p>Vesielementti\u00e4 symboloivat <strong>sinisen ja mustan s\u00e4vyt<\/strong> sek\u00e4 virtaavat, aaltoilevat ja kaarevat muodot. N\u00e4iden muotojen ja v\u00e4rien hy\u00f6dynt\u00e4minen asusteissa tuo tasapainoa ja rauhaa my\u00f6s pukeutumiseen. Voit yhdist\u00e4\u00e4 vesielementin muihin feng shui -elementteihin harmonian luomiseksi \u2013 esimerkiksi yhdist\u00e4m\u00e4ll\u00e4 sen metallielementtiin, joka feng shuin mukaan vahvistaa veden voimaa.<\/p>\n<p><strong>Toimitus:<\/strong> Kangaskassi painetaan ja toimitetaan suoraan yhteisty\u00f6kumppaniltamme Latviassa, varmistaen nopean ja luotettavan palvelun Euroopan asiakkaille.<\/p>\n<p><strong>Ominaisuudet:<\/strong><\/p>\n<ul data-spread=\"false\">\n<li>100 % polyesteri<\/li>\n<li>Koko: 39 cm \u00d7 39 cm<\/li>\n<li>Tilavuus: 10 l<\/li>\n<li>Maksimipaino: 20 kg<\/li>\n<li>Kaksinkertainen puuvillainen kahva<\/li>\n<li>Kahvan pituus: 67 cm, leveys: 2,5 cm<\/li>\n<li>Kahvojen ulkon\u00e4k\u00f6 voi hieman vaihdella tuotantopaikasta riippuen<\/li>\n<\/ul>\n<p><strong>Tuotannon vaiheet:<\/strong><\/p>\n<ul data-spread=\"false\">\n<li>Neulonta: Kiina<\/li>\n<li>V\u00e4rj\u00e4ys: Kiina<\/li>\n<li>Valmistus: Latvia<\/li>\n<\/ul>\n<p><strong>Materiaalit ja turvallisuus:<\/strong><\/p>\n<ul data-spread=\"true\">\n<li>Sis\u00e4lt\u00e4\u00e4 0 % kierr\u00e4tetty\u00e4 polyesteri\u00e4<\/li>\n<li>Sis\u00e4lt\u00e4\u00e4 0 % vaarallisia aineita<\/li>\n<li>T\u00e4m\u00e4 tuote saattaa vapauttaa pesussa mikromuoveja ymp\u00e4rist\u00f6\u00f6n<\/li>\n<li>100 % polyesteri<\/li>\n<\/ul>\n<p><strong>Ik\u00e4rajoitus:<\/strong> Tuote on tarkoitettu aikuisille.<\/p>\n<p><strong>Takuu EU:ssa:<\/strong> 2 vuotta<\/p>\n<div>\n<hr \/>\n<\/div>\n<p>&nbsp;<\/p>","protected":false},"excerpt":{"rendered":"<p>Kangaskassi on k\u00e4yt\u00e4nn\u00f6llinen ja tyylik\u00e4s valinta, joka sopii niin arkeen kuin vapaa-aikaan. Se tarjoaa reilusti tilaa kaikelle tarvittavalle ja tuo samalla persoonallista ilmett\u00e4 asukokonaisuuteen. Kuvioinnin molemminpuolinen painatus tekee kassista n\u00e4ytt\u00e4v\u00e4n ja monik\u00e4ytt\u00f6isen lis\u00e4n asusteisiisi. Feng shuissa vesi symboloi virtaavuutta, luovuutta ja el\u00e4m\u00e4n jatkuvaa liikett\u00e4. Se edustaa my\u00f6s syv\u00e4llist\u00e4 viisautta, rauhallisuutta ja emotionaalista tasapainoa. Vesielementti voi&hellip;&nbsp;<a href=\"https:\/\/harmoniaelements.com\/en\/product\/kangaskassi-meri\/\" rel=\"bookmark\">Read More &raquo;<span class=\"screen-reader-text\">Kangaskassi Meri<\/span><\/a><\/p>","protected":false},"featured_media":3101,"template":"","meta":{"_monsterinsights_skip_tracking":false,"_monsterinsights_sitenote_active":false,"_monsterinsights_sitenote_note":"","_monsterinsights_sitenote_category":0,"_uf_show_specific_survey":0,"_uf_disable_surveys":false,"neve_meta_sidebar":"","neve_meta_container":"","neve_meta_enable_content_width":"off","neve_meta_content_width":100,"neve_meta_title_alignment":"","neve_meta_author_avatar":"","neve_post_elements_order":"","neve_meta_disable_header":"","neve_meta_disable_footer":"","neve_meta_disable_title":"","_themeisle_gutenberg_block_has_review":false},"product_brand":[],"product_cat":[117,118,134],"product_tag":[119],"class_list":{"0":"post-3100","1":"product","2":"type-product","3":"status-publish","4":"has-post-thumbnail","6":"product_cat-asusteet","7":"product_cat-laukut-ja-kassit","8":"product_cat-vesielementti","9":"product_tag-vesielementti","11":"first","12":"instock","13":"taxable","14":"shipping-taxable","15":"purchasable","16":"product-type-simple"},"yoast_head":"<!-- This site is optimized with the Yoast SEO plugin v27.4 - https:\/\/yoast.com\/product\/yoast-seo-wordpress\/ -->\n<title>Kangaskassi Meri - Harmonia Elements<\/title>\n<meta name=\"description\" content=\"Tyylik\u00e4s ja tilava kangaskassi, jossa vesielementin harmoninen energia. Kevyt mutta kest\u00e4v\u00e4, t\u00e4ydellinen arkeen ja vapaa-aikaan. Tilaa omasi nyt!\" \/>\n<meta name=\"robots\" content=\"index, follow, max-snippet:-1, max-image-preview:large, max-video-preview:-1\" \/>\n<link rel=\"canonical\" href=\"https:\/\/harmoniaelements.com\/en\/product\/kangaskassi-meri\/\" \/>\n<meta property=\"og:locale\" content=\"en_GB\" \/>\n<meta property=\"og:type\" content=\"article\" \/>\n<meta property=\"og:title\" content=\"Kangaskassi Meri - Harmonia Elements\" \/>\n<meta property=\"og:description\" content=\"Tyylik\u00e4s ja tilava kangaskassi, jossa vesielementin harmoninen energia. Kevyt mutta kest\u00e4v\u00e4, t\u00e4ydellinen arkeen ja vapaa-aikaan. Tilaa omasi nyt!\" \/>\n<meta property=\"og:url\" content=\"https:\/\/harmoniaelements.com\/en\/product\/kangaskassi-meri\/\" \/>\n<meta property=\"og:site_name\" content=\"Harmonia Elements\" \/>\n<meta property=\"article:modified_time\" content=\"2025-02-18T09:58:34+00:00\" \/>\n<meta property=\"og:image\" content=\"https:\/\/harmoniaelements.com\/wp-content\/uploads\/2025\/02\/all-over-print-tote-bag-black-15x15-front-67a6683e22dc7.jpg\" \/>\n\t<meta property=\"og:image:width\" content=\"2000\" \/>\n\t<meta property=\"og:image:height\" content=\"2000\" \/>\n\t<meta property=\"og:image:type\" content=\"image\/jpeg\" \/>\n<meta name=\"twitter:card\" content=\"summary_large_image\" \/>\n<meta name=\"twitter:label1\" content=\"Estimated reading time\" \/>\n\t<meta name=\"twitter:data1\" content=\"2 minutes\" \/>\n<script type=\"application\/ld+json\" class=\"yoast-schema-graph\">{\"@context\":\"https:\\\/\\\/schema.org\",\"@graph\":[{\"@type\":\"WebPage\",\"@id\":\"https:\\\/\\\/harmoniaelements.com\\\/product\\\/kangaskassi-meri\\\/\",\"url\":\"https:\\\/\\\/harmoniaelements.com\\\/product\\\/kangaskassi-meri\\\/\",\"name\":\"Kangaskassi Meri - Harmonia Elements\",\"isPartOf\":{\"@id\":\"https:\\\/\\\/harmoniaelements.com\\\/#website\"},\"primaryImageOfPage\":{\"@id\":\"https:\\\/\\\/harmoniaelements.com\\\/product\\\/kangaskassi-meri\\\/#primaryimage\"},\"image\":{\"@id\":\"https:\\\/\\\/harmoniaelements.com\\\/product\\\/kangaskassi-meri\\\/#primaryimage\"},\"thumbnailUrl\":\"https:\\\/\\\/harmoniaelements.com\\\/wp-content\\\/uploads\\\/2025\\\/02\\\/all-over-print-tote-bag-black-15x15-front-67a6683e22dc7.jpg\",\"datePublished\":\"2025-02-07T20:08:38+00:00\",\"dateModified\":\"2025-02-18T09:58:34+00:00\",\"description\":\"Tyylik\u00e4s ja tilava kangaskassi, jossa vesielementin harmoninen energia. Kevyt mutta kest\u00e4v\u00e4, t\u00e4ydellinen arkeen ja vapaa-aikaan. Tilaa omasi nyt!\",\"breadcrumb\":{\"@id\":\"https:\\\/\\\/harmoniaelements.com\\\/product\\\/kangaskassi-meri\\\/#breadcrumb\"},\"inLanguage\":\"en-GB\",\"potentialAction\":[{\"@type\":\"ReadAction\",\"target\":[\"https:\\\/\\\/harmoniaelements.com\\\/product\\\/kangaskassi-meri\\\/\"]}]},{\"@type\":\"ImageObject\",\"inLanguage\":\"en-GB\",\"@id\":\"https:\\\/\\\/harmoniaelements.com\\\/product\\\/kangaskassi-meri\\\/#primaryimage\",\"url\":\"https:\\\/\\\/harmoniaelements.com\\\/wp-content\\\/uploads\\\/2025\\\/02\\\/all-over-print-tote-bag-black-15x15-front-67a6683e22dc7.jpg\",\"contentUrl\":\"https:\\\/\\\/harmoniaelements.com\\\/wp-content\\\/uploads\\\/2025\\\/02\\\/all-over-print-tote-bag-black-15x15-front-67a6683e22dc7.jpg\",\"width\":2000,\"height\":2000},{\"@type\":\"BreadcrumbList\",\"@id\":\"https:\\\/\\\/harmoniaelements.com\\\/product\\\/kangaskassi-meri\\\/#breadcrumb\",\"itemListElement\":[{\"@type\":\"ListItem\",\"position\":1,\"name\":\"Etusivu\",\"item\":\"https:\\\/\\\/harmoniaelements.com\\\/\"},{\"@type\":\"ListItem\",\"position\":2,\"name\":\"Kauppa\",\"item\":\"https:\\\/\\\/harmoniaelements.com\\\/kauppa\\\/\"},{\"@type\":\"ListItem\",\"position\":3,\"name\":\"Kangaskassi Meri\"}]},{\"@type\":\"WebSite\",\"@id\":\"https:\\\/\\\/harmoniaelements.com\\\/#website\",\"url\":\"https:\\\/\\\/harmoniaelements.com\\\/\",\"name\":\"Harmonia Elements\",\"description\":\"Feng Shui kohtaa suomalaisen sisustuksen\",\"publisher\":{\"@id\":\"https:\\\/\\\/harmoniaelements.com\\\/#organization\"},\"potentialAction\":[{\"@type\":\"SearchAction\",\"target\":{\"@type\":\"EntryPoint\",\"urlTemplate\":\"https:\\\/\\\/harmoniaelements.com\\\/?s={search_term_string}\"},\"query-input\":{\"@type\":\"PropertyValueSpecification\",\"valueRequired\":true,\"valueName\":\"search_term_string\"}}],\"inLanguage\":\"en-GB\"},{\"@type\":\"Organization\",\"@id\":\"https:\\\/\\\/harmoniaelements.com\\\/#organization\",\"name\":\"Harmonia Elements\",\"url\":\"https:\\\/\\\/harmoniaelements.com\\\/\",\"logo\":{\"@type\":\"ImageObject\",\"inLanguage\":\"en-GB\",\"@id\":\"https:\\\/\\\/harmoniaelements.com\\\/#\\\/schema\\\/logo\\\/image\\\/\",\"url\":\"https:\\\/\\\/harmoniaelements.com\\\/wp-content\\\/uploads\\\/2025\\\/01\\\/2.png\",\"contentUrl\":\"https:\\\/\\\/harmoniaelements.com\\\/wp-content\\\/uploads\\\/2025\\\/01\\\/2.png\",\"width\":500,\"height\":500,\"caption\":\"Harmonia Elements\"},\"image\":{\"@id\":\"https:\\\/\\\/harmoniaelements.com\\\/#\\\/schema\\\/logo\\\/image\\\/\"}}]}<\/script>\n<!-- \/ Yoast SEO plugin. -->","yoast_head_json":{"title":"Kangaskassi Meri - Harmonia Elements","description":"Tyylik\u00e4s ja tilava kangaskassi, jossa vesielementin harmoninen energia. Kevyt mutta kest\u00e4v\u00e4, t\u00e4ydellinen arkeen ja vapaa-aikaan. Tilaa omasi nyt!","robots":{"index":"index","follow":"follow","max-snippet":"max-snippet:-1","max-image-preview":"max-image-preview:large","max-video-preview":"max-video-preview:-1"},"canonical":"https:\/\/harmoniaelements.com\/en\/product\/kangaskassi-meri\/","og_locale":"en_GB","og_type":"article","og_title":"Kangaskassi Meri - Harmonia Elements","og_description":"Tyylik\u00e4s ja tilava kangaskassi, jossa vesielementin harmoninen energia. Kevyt mutta kest\u00e4v\u00e4, t\u00e4ydellinen arkeen ja vapaa-aikaan. Tilaa omasi nyt!","og_url":"https:\/\/harmoniaelements.com\/en\/product\/kangaskassi-meri\/","og_site_name":"Harmonia Elements","article_modified_time":"2025-02-18T09:58:34+00:00","og_image":[{"width":2000,"height":2000,"url":"https:\/\/harmoniaelements.com\/wp-content\/uploads\/2025\/02\/all-over-print-tote-bag-black-15x15-front-67a6683e22dc7.jpg","type":"image\/jpeg"}],"twitter_card":"summary_large_image","twitter_misc":{"Estimated reading time":"2 minutes"},"schema":{"@context":"https:\/\/schema.org","@graph":[{"@type":"WebPage","@id":"https:\/\/harmoniaelements.com\/product\/kangaskassi-meri\/","url":"https:\/\/harmoniaelements.com\/product\/kangaskassi-meri\/","name":"Kangaskassi Meri - Harmonia Elements","isPartOf":{"@id":"https:\/\/harmoniaelements.com\/#website"},"primaryImageOfPage":{"@id":"https:\/\/harmoniaelements.com\/product\/kangaskassi-meri\/#primaryimage"},"image":{"@id":"https:\/\/harmoniaelements.com\/product\/kangaskassi-meri\/#primaryimage"},"thumbnailUrl":"https:\/\/harmoniaelements.com\/wp-content\/uploads\/2025\/02\/all-over-print-tote-bag-black-15x15-front-67a6683e22dc7.jpg","datePublished":"2025-02-07T20:08:38+00:00","dateModified":"2025-02-18T09:58:34+00:00","description":"Tyylik\u00e4s ja tilava kangaskassi, jossa vesielementin harmoninen energia. Kevyt mutta kest\u00e4v\u00e4, t\u00e4ydellinen arkeen ja vapaa-aikaan. Tilaa omasi nyt!","breadcrumb":{"@id":"https:\/\/harmoniaelements.com\/product\/kangaskassi-meri\/#breadcrumb"},"inLanguage":"en-GB","potentialAction":[{"@type":"ReadAction","target":["https:\/\/harmoniaelements.com\/product\/kangaskassi-meri\/"]}]},{"@type":"ImageObject","inLanguage":"en-GB","@id":"https:\/\/harmoniaelements.com\/product\/kangaskassi-meri\/#primaryimage","url":"https:\/\/harmoniaelements.com\/wp-content\/uploads\/2025\/02\/all-over-print-tote-bag-black-15x15-front-67a6683e22dc7.jpg","contentUrl":"https:\/\/harmoniaelements.com\/wp-content\/uploads\/2025\/02\/all-over-print-tote-bag-black-15x15-front-67a6683e22dc7.jpg","width":2000,"height":2000},{"@type":"BreadcrumbList","@id":"https:\/\/harmoniaelements.com\/product\/kangaskassi-meri\/#breadcrumb","itemListElement":[{"@type":"ListItem","position":1,"name":"Etusivu","item":"https:\/\/harmoniaelements.com\/"},{"@type":"ListItem","position":2,"name":"Kauppa","item":"https:\/\/harmoniaelements.com\/kauppa\/"},{"@type":"ListItem","position":3,"name":"Kangaskassi Meri"}]},{"@type":"WebSite","@id":"https:\/\/harmoniaelements.com\/#website","url":"https:\/\/harmoniaelements.com\/","name":"Harmonia Elements","description":"Feng Shui kohtaa suomalaisen sisustuksen","publisher":{"@id":"https:\/\/harmoniaelements.com\/#organization"},"potentialAction":[{"@type":"SearchAction","target":{"@type":"EntryPoint","urlTemplate":"https:\/\/harmoniaelements.com\/?s={search_term_string}"},"query-input":{"@type":"PropertyValueSpecification","valueRequired":true,"valueName":"search_term_string"}}],"inLanguage":"en-GB"},{"@type":"Organization","@id":"https:\/\/harmoniaelements.com\/#organization","name":"Harmonia Elements","url":"https:\/\/harmoniaelements.com\/","logo":{"@type":"ImageObject","inLanguage":"en-GB","@id":"https:\/\/harmoniaelements.com\/#\/schema\/logo\/image\/","url":"https:\/\/harmoniaelements.com\/wp-content\/uploads\/2025\/01\/2.png","contentUrl":"https:\/\/harmoniaelements.com\/wp-content\/uploads\/2025\/01\/2.png","width":500,"height":500,"caption":"Harmonia Elements"},"image":{"@id":"https:\/\/harmoniaelements.com\/#\/schema\/logo\/image\/"}}]}},"jetpack_sharing_enabled":true,"_links":{"self":[{"href":"https:\/\/harmoniaelements.com\/en\/wp-json\/wp\/v2\/product\/3100","targetHints":{"allow":["GET"]}}],"collection":[{"href":"https:\/\/harmoniaelements.com\/en\/wp-json\/wp\/v2\/product"}],"about":[{"href":"https:\/\/harmoniaelements.com\/en\/wp-json\/wp\/v2\/types\/product"}],"wp:featuredmedia":[{"embeddable":true,"href":"https:\/\/harmoniaelements.com\/en\/wp-json\/wp\/v2\/media\/3101"}],"wp:attachment":[{"href":"https:\/\/harmoniaelements.com\/en\/wp-json\/wp\/v2\/media?parent=3100"}],"wp:term":[{"taxonomy":"product_brand","embeddable":true,"href":"https:\/\/harmoniaelements.com\/en\/wp-json\/wp\/v2\/product_brand?post=3100"},{"taxonomy":"product_cat","embeddable":true,"href":"https:\/\/harmoniaelements.com\/en\/wp-json\/wp\/v2\/product_cat?post=3100"},{"taxonomy":"product_tag","embeddable":true,"href":"https:\/\/harmoniaelements.com\/en\/wp-json\/wp\/v2\/product_tag?post=3100"}],"curies":[{"name":"wp","href":"https:\/\/api.w.org\/{rel}","templated":true}]}}