{"id":2997,"date":"2025-02-04T08:52:01","date_gmt":"2025-02-04T08:52:01","guid":{"rendered":"https:\/\/harmoniaelements.com\/product\/koristetyyny-meri\/"},"modified":"2025-05-14T06:18:25","modified_gmt":"2025-05-14T06:18:25","slug":"koristetyyny-meri","status":"publish","type":"product","link":"https:\/\/harmoniaelements.com\/en\/product\/koristetyyny-meri\/","title":{"rendered":"Koristetyyny meri"},"content":{"rendered":"<p>Koristetyynyt ovat helppo ja tehokas tapa tuoda persoonallisuutta ja tunnelmaa kotiisi. Ne voivat viimeistell\u00e4 huoneen ilmeen, tuoda esiin haluamiasi v\u00e4rej\u00e4 ja tarjota lis\u00e4mukavuutta arkeen. T\u00e4m\u00e4 tyyny ei ole vain kaunis yksityiskohta sisustuksessa, vaan my\u00f6s ihanteellinen kumppani pitkille iltap\u00e4iv\u00e4unille!<\/p>\n<p>Feng shuissa vesi symboloi virtaavuutta, luovuutta ja el\u00e4m\u00e4n jatkuvaa liikett\u00e4. Se edustaa my\u00f6s syv\u00e4llist\u00e4 viisautta, rauhallisuutta ja emotionaalista tasapainoa. Vesielementti voi feng shuin mukaan vahvistaa vaurautta ja runsautta, erityisesti kun sit\u00e4 lis\u00e4t\u00e4\u00e4n harkiten osaksi sisustusta. Samalla se voi heikent\u00e4\u00e4 tulielementti\u00e4, joten tasapainoinen k\u00e4ytt\u00f6 on avain harmoniseen ymp\u00e4rist\u00f6\u00f6n.<\/p>\n<p>Vesielementti vahvistaa feng shuin mukaan puuelementti\u00e4. Vesi ravitsee ja tukee puuta, aivan kuten luonnossa vesi auttaa kasveja kasvamaan ja kukoistamaan. Sisustuksessa t\u00e4m\u00e4 tarkoittaa, ett\u00e4 vesielementin lis\u00e4\u00e4minen voi voimistaa puuelementtiin liittyvi\u00e4 ominaisuuksia, kuten kasvua, terveytt\u00e4 ja elinvoimaa.<\/p>\n<p>Vesielementti ja feng shui sisustuksessa<\/p>\n<p>Feng shuin mukaan vesielementti\u00e4 kannattaa lis\u00e4t\u00e4 tiloihin, joissa halutaan tukea luovuutta, vaurautta ja virtaavaa energiaa. Erityisesti pohjoiseen, joka liittyy uraan ja el\u00e4m\u00e4npolkuun, sek\u00e4 it\u00e4\u00e4n ja kaakkoon, joissa se voi edist\u00e4\u00e4 hyvinvointia ja taloudellista kasvua. Vesielementti voi tuoda kotiin harmonista ja rauhoittavaa tunnelmaa, kun se yhdistet\u00e4\u00e4n oikeisiin v\u00e4reihin ja muotoihin.<\/p>\n<p>Vesielementti\u00e4 symboloivat sinisen ja mustan s\u00e4vyt sek\u00e4 virtaavat, aaltoilevat ja kaarevat muodot. N\u00e4iden muotojen ja v\u00e4rien hy\u00f6dynt\u00e4minen sisustuksessa tuo kotiin tasapainoa ja rauhaa. Voit yhdist\u00e4\u00e4 vesielementin muihin feng shui -elementteihin harmonian luomiseksi \u2013 esimerkiksi yhdist\u00e4m\u00e4ll\u00e4 sen metallielementtiin, joka feng shuin mukaan vahvistaa veden voimaa.<\/p>\n<p>Toimitus:<br \/>\nSisustustyyny painetaan ja toimitetaan suoraan yhteisty\u00f6kumppaniltamme Latviassa, varmistaen nopean ja luotettavan palvelun Euroopan asiakkaille.<\/p>\n<p>Ominaisuudet:<\/p>\n<p>100 % polyesterip\u00e4\u00e4llinen ja -sisus<\/p>\n<p>Piilotettu vetoketju<\/p>\n<p>Konepest\u00e4v\u00e4 p\u00e4\u00e4llinen<\/p>\n<p>Muotonsa s\u00e4ilytt\u00e4v\u00e4 polyesterisisus (vain k\u00e4sinpesu)<\/p>\n<p>Tuotekomponentit Yhdysvalloissa: Kiinasta ja Meksikosta<\/p>\n<p>Tuotekomponentit EU:ssa: Kiinasta ja Puolasta<\/p>\n<p>Tuotannon vaiheet:<\/p>\n<p>Valmistus: Kiina, Meksiko, Puola<\/p>\n<p>Materiaalit ja turvallisuus:<\/p>\n<p>100 % polyesteri<\/p>\n<p>Konepest\u00e4v\u00e4 p\u00e4\u00e4llinen<\/p>\n<p>Sis\u00e4tyyny vain k\u00e4sinpesu<\/p>\n<p>Ik\u00e4rajoitus:<br \/>\nTuote on tarkoitettu aikuisille.<\/p>\n<p>Takuu EU:ssa:<br \/>\n2 vuotta<\/p>","protected":false},"excerpt":{"rendered":"<p>Koristetyynyt ovat helppo ja tehokas tapa tuoda persoonallisuutta ja tunnelmaa kotiisi. Ne voivat viimeistell\u00e4 huoneen ilmeen, tuoda esiin haluamiasi v\u00e4rej\u00e4 ja tarjota lis\u00e4mukavuutta arkeen. T\u00e4m\u00e4 tyyny ei ole vain kaunis yksityiskohta sisustuksessa, vaan my\u00f6s ihanteellinen kumppani pitkille iltap\u00e4iv\u00e4unille! Feng shuissa vesi symboloi virtaavuutta, luovuutta ja el\u00e4m\u00e4n jatkuvaa liikett\u00e4. Se edustaa my\u00f6s syv\u00e4llist\u00e4 viisautta, rauhallisuutta ja&hellip;&nbsp;<a href=\"https:\/\/harmoniaelements.com\/en\/product\/koristetyyny-meri\/\" rel=\"bookmark\">Read More &raquo;<span class=\"screen-reader-text\">Koristetyyny meri<\/span><\/a><\/p>","protected":false},"featured_media":3000,"template":"","meta":{"_monsterinsights_skip_tracking":false,"_monsterinsights_sitenote_active":false,"_monsterinsights_sitenote_note":"","_monsterinsights_sitenote_category":0,"_uf_show_specific_survey":0,"_uf_disable_surveys":false,"neve_meta_sidebar":"","neve_meta_container":"","neve_meta_enable_content_width":"","neve_meta_content_width":0,"neve_meta_title_alignment":"","neve_meta_author_avatar":"","neve_post_elements_order":"","neve_meta_disable_header":"","neve_meta_disable_footer":"","neve_meta_disable_title":"","_themeisle_gutenberg_block_has_review":false},"product_brand":[],"product_cat":[61,114,222,134],"product_tag":[],"class_list":{"0":"post-2997","1":"product","2":"type-product","3":"status-publish","4":"has-post-thumbnail","6":"product_cat-kodin-sisustus","7":"product_cat-koristetyynyt","8":"product_cat-luontoaiheiset-koristetyynyt","9":"product_cat-vesielementti","11":"first","12":"instock","13":"taxable","14":"shipping-taxable","15":"purchasable","16":"product-type-variable"},"yoast_head":"<!-- This site is optimized with the Yoast SEO plugin v27.4 - https:\/\/yoast.com\/product\/yoast-seo-wordpress\/ -->\n<title>Koristetyyny meri - Harmonia Elements<\/title>\n<meta name=\"robots\" content=\"index, follow, max-snippet:-1, max-image-preview:large, max-video-preview:-1\" \/>\n<link rel=\"canonical\" href=\"https:\/\/harmoniaelements.com\/en\/product\/koristetyyny-meri\/\" \/>\n<meta property=\"og:locale\" content=\"en_GB\" \/>\n<meta property=\"og:type\" content=\"article\" \/>\n<meta property=\"og:title\" content=\"Koristetyyny meri - Harmonia Elements\" \/>\n<meta property=\"og:description\" content=\"Koristetyynyt ovat helppo ja tehokas tapa tuoda persoonallisuutta ja tunnelmaa kotiisi. Ne voivat viimeistell\u00e4 huoneen ilmeen, tuoda esiin haluamiasi v\u00e4rej\u00e4 ja tarjota lis\u00e4mukavuutta arkeen. T\u00e4m\u00e4 tyyny ei ole vain kaunis yksityiskohta sisustuksessa, vaan my\u00f6s ihanteellinen kumppani pitkille iltap\u00e4iv\u00e4unille! Feng shuissa vesi symboloi virtaavuutta, luovuutta ja el\u00e4m\u00e4n jatkuvaa liikett\u00e4. Se edustaa my\u00f6s syv\u00e4llist\u00e4 viisautta, rauhallisuutta ja&hellip;&nbsp;Read More &raquo;Koristetyyny meri\" \/>\n<meta property=\"og:url\" content=\"https:\/\/harmoniaelements.com\/en\/product\/koristetyyny-meri\/\" \/>\n<meta property=\"og:site_name\" content=\"Harmonia Elements\" \/>\n<meta property=\"article:modified_time\" content=\"2025-05-14T06:18:25+00:00\" \/>\n<meta property=\"og:image\" content=\"https:\/\/harmoniaelements.com\/wp-content\/uploads\/2025\/02\/all-over-print-basic-pillow-18x18-front-67a1d4ffb794a.jpg\" \/>\n\t<meta property=\"og:image:width\" content=\"2000\" \/>\n\t<meta property=\"og:image:height\" content=\"2000\" \/>\n\t<meta property=\"og:image:type\" content=\"image\/jpeg\" \/>\n<meta name=\"twitter:card\" content=\"summary_large_image\" \/>\n<meta name=\"twitter:label1\" content=\"Estimated reading time\" \/>\n\t<meta name=\"twitter:data1\" content=\"2 minutes\" \/>\n<script type=\"application\/ld+json\" class=\"yoast-schema-graph\">{\"@context\":\"https:\\\/\\\/schema.org\",\"@graph\":[{\"@type\":\"WebPage\",\"@id\":\"https:\\\/\\\/harmoniaelements.com\\\/product\\\/koristetyyny-meri\\\/\",\"url\":\"https:\\\/\\\/harmoniaelements.com\\\/product\\\/koristetyyny-meri\\\/\",\"name\":\"Koristetyyny meri - Harmonia Elements\",\"isPartOf\":{\"@id\":\"https:\\\/\\\/harmoniaelements.com\\\/#website\"},\"primaryImageOfPage\":{\"@id\":\"https:\\\/\\\/harmoniaelements.com\\\/product\\\/koristetyyny-meri\\\/#primaryimage\"},\"image\":{\"@id\":\"https:\\\/\\\/harmoniaelements.com\\\/product\\\/koristetyyny-meri\\\/#primaryimage\"},\"thumbnailUrl\":\"https:\\\/\\\/harmoniaelements.com\\\/wp-content\\\/uploads\\\/2025\\\/02\\\/all-over-print-basic-pillow-18x18-front-67a1d4ffb794a.jpg\",\"datePublished\":\"2025-02-04T08:52:01+00:00\",\"dateModified\":\"2025-05-14T06:18:25+00:00\",\"breadcrumb\":{\"@id\":\"https:\\\/\\\/harmoniaelements.com\\\/product\\\/koristetyyny-meri\\\/#breadcrumb\"},\"inLanguage\":\"en-GB\",\"potentialAction\":[{\"@type\":\"ReadAction\",\"target\":[\"https:\\\/\\\/harmoniaelements.com\\\/product\\\/koristetyyny-meri\\\/\"]}]},{\"@type\":\"ImageObject\",\"inLanguage\":\"en-GB\",\"@id\":\"https:\\\/\\\/harmoniaelements.com\\\/product\\\/koristetyyny-meri\\\/#primaryimage\",\"url\":\"https:\\\/\\\/harmoniaelements.com\\\/wp-content\\\/uploads\\\/2025\\\/02\\\/all-over-print-basic-pillow-18x18-front-67a1d4ffb794a.jpg\",\"contentUrl\":\"https:\\\/\\\/harmoniaelements.com\\\/wp-content\\\/uploads\\\/2025\\\/02\\\/all-over-print-basic-pillow-18x18-front-67a1d4ffb794a.jpg\",\"width\":2000,\"height\":2000},{\"@type\":\"BreadcrumbList\",\"@id\":\"https:\\\/\\\/harmoniaelements.com\\\/product\\\/koristetyyny-meri\\\/#breadcrumb\",\"itemListElement\":[{\"@type\":\"ListItem\",\"position\":1,\"name\":\"Etusivu\",\"item\":\"https:\\\/\\\/harmoniaelements.com\\\/\"},{\"@type\":\"ListItem\",\"position\":2,\"name\":\"Kauppa\",\"item\":\"https:\\\/\\\/harmoniaelements.com\\\/kauppa\\\/\"},{\"@type\":\"ListItem\",\"position\":3,\"name\":\"Koristetyyny meri\"}]},{\"@type\":\"WebSite\",\"@id\":\"https:\\\/\\\/harmoniaelements.com\\\/#website\",\"url\":\"https:\\\/\\\/harmoniaelements.com\\\/\",\"name\":\"Harmonia Elements\",\"description\":\"Feng Shui kohtaa suomalaisen sisustuksen\",\"publisher\":{\"@id\":\"https:\\\/\\\/harmoniaelements.com\\\/#organization\"},\"potentialAction\":[{\"@type\":\"SearchAction\",\"target\":{\"@type\":\"EntryPoint\",\"urlTemplate\":\"https:\\\/\\\/harmoniaelements.com\\\/?s={search_term_string}\"},\"query-input\":{\"@type\":\"PropertyValueSpecification\",\"valueRequired\":true,\"valueName\":\"search_term_string\"}}],\"inLanguage\":\"en-GB\"},{\"@type\":\"Organization\",\"@id\":\"https:\\\/\\\/harmoniaelements.com\\\/#organization\",\"name\":\"Harmonia Elements\",\"url\":\"https:\\\/\\\/harmoniaelements.com\\\/\",\"logo\":{\"@type\":\"ImageObject\",\"inLanguage\":\"en-GB\",\"@id\":\"https:\\\/\\\/harmoniaelements.com\\\/#\\\/schema\\\/logo\\\/image\\\/\",\"url\":\"https:\\\/\\\/harmoniaelements.com\\\/wp-content\\\/uploads\\\/2025\\\/01\\\/2.png\",\"contentUrl\":\"https:\\\/\\\/harmoniaelements.com\\\/wp-content\\\/uploads\\\/2025\\\/01\\\/2.png\",\"width\":500,\"height\":500,\"caption\":\"Harmonia Elements\"},\"image\":{\"@id\":\"https:\\\/\\\/harmoniaelements.com\\\/#\\\/schema\\\/logo\\\/image\\\/\"}}]}<\/script>\n<!-- \/ Yoast SEO plugin. -->","yoast_head_json":{"title":"Koristetyyny meri - Harmonia Elements","robots":{"index":"index","follow":"follow","max-snippet":"max-snippet:-1","max-image-preview":"max-image-preview:large","max-video-preview":"max-video-preview:-1"},"canonical":"https:\/\/harmoniaelements.com\/en\/product\/koristetyyny-meri\/","og_locale":"en_GB","og_type":"article","og_title":"Koristetyyny meri - Harmonia Elements","og_description":"Koristetyynyt ovat helppo ja tehokas tapa tuoda persoonallisuutta ja tunnelmaa kotiisi. Ne voivat viimeistell\u00e4 huoneen ilmeen, tuoda esiin haluamiasi v\u00e4rej\u00e4 ja tarjota lis\u00e4mukavuutta arkeen. T\u00e4m\u00e4 tyyny ei ole vain kaunis yksityiskohta sisustuksessa, vaan my\u00f6s ihanteellinen kumppani pitkille iltap\u00e4iv\u00e4unille! Feng shuissa vesi symboloi virtaavuutta, luovuutta ja el\u00e4m\u00e4n jatkuvaa liikett\u00e4. Se edustaa my\u00f6s syv\u00e4llist\u00e4 viisautta, rauhallisuutta ja&hellip;&nbsp;Read More &raquo;Koristetyyny meri","og_url":"https:\/\/harmoniaelements.com\/en\/product\/koristetyyny-meri\/","og_site_name":"Harmonia Elements","article_modified_time":"2025-05-14T06:18:25+00:00","og_image":[{"width":2000,"height":2000,"url":"https:\/\/harmoniaelements.com\/wp-content\/uploads\/2025\/02\/all-over-print-basic-pillow-18x18-front-67a1d4ffb794a.jpg","type":"image\/jpeg"}],"twitter_card":"summary_large_image","twitter_misc":{"Estimated reading time":"2 minutes"},"schema":{"@context":"https:\/\/schema.org","@graph":[{"@type":"WebPage","@id":"https:\/\/harmoniaelements.com\/product\/koristetyyny-meri\/","url":"https:\/\/harmoniaelements.com\/product\/koristetyyny-meri\/","name":"Koristetyyny meri - Harmonia Elements","isPartOf":{"@id":"https:\/\/harmoniaelements.com\/#website"},"primaryImageOfPage":{"@id":"https:\/\/harmoniaelements.com\/product\/koristetyyny-meri\/#primaryimage"},"image":{"@id":"https:\/\/harmoniaelements.com\/product\/koristetyyny-meri\/#primaryimage"},"thumbnailUrl":"https:\/\/harmoniaelements.com\/wp-content\/uploads\/2025\/02\/all-over-print-basic-pillow-18x18-front-67a1d4ffb794a.jpg","datePublished":"2025-02-04T08:52:01+00:00","dateModified":"2025-05-14T06:18:25+00:00","breadcrumb":{"@id":"https:\/\/harmoniaelements.com\/product\/koristetyyny-meri\/#breadcrumb"},"inLanguage":"en-GB","potentialAction":[{"@type":"ReadAction","target":["https:\/\/harmoniaelements.com\/product\/koristetyyny-meri\/"]}]},{"@type":"ImageObject","inLanguage":"en-GB","@id":"https:\/\/harmoniaelements.com\/product\/koristetyyny-meri\/#primaryimage","url":"https:\/\/harmoniaelements.com\/wp-content\/uploads\/2025\/02\/all-over-print-basic-pillow-18x18-front-67a1d4ffb794a.jpg","contentUrl":"https:\/\/harmoniaelements.com\/wp-content\/uploads\/2025\/02\/all-over-print-basic-pillow-18x18-front-67a1d4ffb794a.jpg","width":2000,"height":2000},{"@type":"BreadcrumbList","@id":"https:\/\/harmoniaelements.com\/product\/koristetyyny-meri\/#breadcrumb","itemListElement":[{"@type":"ListItem","position":1,"name":"Etusivu","item":"https:\/\/harmoniaelements.com\/"},{"@type":"ListItem","position":2,"name":"Kauppa","item":"https:\/\/harmoniaelements.com\/kauppa\/"},{"@type":"ListItem","position":3,"name":"Koristetyyny meri"}]},{"@type":"WebSite","@id":"https:\/\/harmoniaelements.com\/#website","url":"https:\/\/harmoniaelements.com\/","name":"Harmonia Elements","description":"Feng Shui kohtaa suomalaisen sisustuksen","publisher":{"@id":"https:\/\/harmoniaelements.com\/#organization"},"potentialAction":[{"@type":"SearchAction","target":{"@type":"EntryPoint","urlTemplate":"https:\/\/harmoniaelements.com\/?s={search_term_string}"},"query-input":{"@type":"PropertyValueSpecification","valueRequired":true,"valueName":"search_term_string"}}],"inLanguage":"en-GB"},{"@type":"Organization","@id":"https:\/\/harmoniaelements.com\/#organization","name":"Harmonia Elements","url":"https:\/\/harmoniaelements.com\/","logo":{"@type":"ImageObject","inLanguage":"en-GB","@id":"https:\/\/harmoniaelements.com\/#\/schema\/logo\/image\/","url":"https:\/\/harmoniaelements.com\/wp-content\/uploads\/2025\/01\/2.png","contentUrl":"https:\/\/harmoniaelements.com\/wp-content\/uploads\/2025\/01\/2.png","width":500,"height":500,"caption":"Harmonia Elements"},"image":{"@id":"https:\/\/harmoniaelements.com\/#\/schema\/logo\/image\/"}}]}},"jetpack_sharing_enabled":true,"_links":{"self":[{"href":"https:\/\/harmoniaelements.com\/en\/wp-json\/wp\/v2\/product\/2997","targetHints":{"allow":["GET"]}}],"collection":[{"href":"https:\/\/harmoniaelements.com\/en\/wp-json\/wp\/v2\/product"}],"about":[{"href":"https:\/\/harmoniaelements.com\/en\/wp-json\/wp\/v2\/types\/product"}],"wp:featuredmedia":[{"embeddable":true,"href":"https:\/\/harmoniaelements.com\/en\/wp-json\/wp\/v2\/media\/3000"}],"wp:attachment":[{"href":"https:\/\/harmoniaelements.com\/en\/wp-json\/wp\/v2\/media?parent=2997"}],"wp:term":[{"taxonomy":"product_brand","embeddable":true,"href":"https:\/\/harmoniaelements.com\/en\/wp-json\/wp\/v2\/product_brand?post=2997"},{"taxonomy":"product_cat","embeddable":true,"href":"https:\/\/harmoniaelements.com\/en\/wp-json\/wp\/v2\/product_cat?post=2997"},{"taxonomy":"product_tag","embeddable":true,"href":"https:\/\/harmoniaelements.com\/en\/wp-json\/wp\/v2\/product_tag?post=2997"}],"curies":[{"name":"wp","href":"https:\/\/api.w.org\/{rel}","templated":true}]}}