{"id":2974,"date":"2025-01-31T10:44:22","date_gmt":"2025-01-31T10:44:22","guid":{"rendered":"https:\/\/harmoniaelements.com\/product\/koristetyyny-kiinalainen-horoskooppi-tiikeri\/"},"modified":"2025-05-14T06:21:26","modified_gmt":"2025-05-14T06:21:26","slug":"koristetyyny-kiinalainen-horoskooppi-tiikeri","status":"publish","type":"product","link":"https:\/\/harmoniaelements.com\/en\/product\/koristetyyny-kiinalainen-horoskooppi-tiikeri\/","title":{"rendered":"Koristetyyny kiinalainen horoskooppi Tiikeri"},"content":{"rendered":"<p>Koristetyynyt ovat helppo ja tehokas tapa tuoda persoonallisuutta ja tunnelmaa kotiisi. Ne voivat viimeistell\u00e4 huoneen ilmeen, tuoda esiin haluamiasi v\u00e4rej\u00e4 ja tarjota lis\u00e4mukavuutta arkeen. T\u00e4m\u00e4 tyyny ei ole vain kaunis yksityiskohta sisustuksessa, vaan my\u00f6s ihanteellinen kumppani pitkille iltap\u00e4iv\u00e4unille!<\/p>\n<p>Toimitus:<br \/>\nSisustustyyny painetaan ja toimitetaan suoraan yhteisty\u00f6kumppaniltamme Latviassa, varmistaen nopean ja luotettavan palvelun Euroopan asiakkaille.<\/p>\n<p>Ominaisuudet:<\/p>\n<p>100 % polyesterip\u00e4\u00e4llinen ja -sisus<\/p>\n<p>Kankaan paino: 220\u2013250 g\/m\u00b2 (6.49\u20137.37 oz.\/yd.\u00b2)<\/p>\n<p>Piilotettu vetoketju<\/p>\n<p>Konepest\u00e4v\u00e4 p\u00e4\u00e4llinen<\/p>\n<p>Muotonsa s\u00e4ilytt\u00e4v\u00e4 polyesterisisus (vain k\u00e4sinpesu)<\/p>\n<p>Tuotekomponentit Yhdysvalloissa: Kiinasta ja Meksikosta<\/p>\n<p>Tuotekomponentit EU:ssa: Kiinasta ja Puolasta<\/p>\n<p>Horoskooppimerkit:<\/p>\n<p>Rotta (2020, 2008, 1996, 1984, 1972, 1960)<\/p>\n<p>H\u00e4rk\u00e4 (2021, 2009, 1997, 1985, 1973, 1961)<\/p>\n<p>Tiikeri (2022, 2010, 1998, 1986, 1974, 1962)<\/p>\n<p>J\u00e4nis (2023, 2011, 1999, 1987, 1975, 1963)<\/p>\n<p>Lohik\u00e4\u00e4rme (2024, 2012, 2000, 1988, 1976, 1964)<\/p>\n<p>K\u00e4\u00e4rme (2025, 2013, 2001, 1989, 1977, 1965)<\/p>\n<p>Hevonen (2026, 2014, 2002, 1990, 1978, 1966)<\/p>\n<p>Vuohi (2027, 2015, 2003, 1991, 1979, 1967)<\/p>\n<p>Apina (2028, 2016, 2004, 1992, 1980, 1968)<\/p>\n<p>Kukko (2029, 2017, 2005, 1993, 1981, 1969)<\/p>\n<p>Koira (2030, 2018, 2006, 1994, 1982, 1970)<\/p>\n<p>Sika (2031, 2019, 2007, 1995, 1983, 1971)<\/p>\n<p>T\u00e4m\u00e4 sisustustyyny on saatavilla eri horoskooppimerkeill\u00e4, jotka edustavat persoonallisuuttasi ja el\u00e4m\u00e4ntyyli\u00e4si. Valitse oma merkkisi tai anna lahjaksi merkityksellinen yksityiskohta kotiin!<\/p>\n<p>Tuotannon vaiheet:<\/p>\n<p>Valmistus: Kiina, Meksiko, Puola<\/p>\n<p>Materiaalit ja turvallisuus:<\/p>\n<p>100 % polyesteri<\/p>\n<p>Konepest\u00e4v\u00e4 p\u00e4\u00e4llinen<\/p>\n<p>Sis\u00e4tyyny vain k\u00e4sinpesu<\/p>\n<p>Ik\u00e4rajoitus:<br \/>\nTuote on tarkoitettu aikuisille.<\/p>\n<p>Takuu EU:ssa:<br \/>\n2 vuotta<\/p>","protected":false},"excerpt":{"rendered":"<p>Koristetyynyt ovat helppo ja tehokas tapa tuoda persoonallisuutta ja tunnelmaa kotiisi. Ne voivat viimeistell\u00e4 huoneen ilmeen, tuoda esiin haluamiasi v\u00e4rej\u00e4 ja tarjota lis\u00e4mukavuutta arkeen. T\u00e4m\u00e4 tyyny ei ole vain kaunis yksityiskohta sisustuksessa, vaan my\u00f6s ihanteellinen kumppani pitkille iltap\u00e4iv\u00e4unille! Toimitus: Sisustustyyny painetaan ja toimitetaan suoraan yhteisty\u00f6kumppaniltamme Latviassa, varmistaen nopean ja luotettavan palvelun Euroopan asiakkaille. Ominaisuudet: 100&hellip;&nbsp;<a href=\"https:\/\/harmoniaelements.com\/en\/product\/koristetyyny-kiinalainen-horoskooppi-tiikeri\/\" rel=\"bookmark\">Read More &raquo;<span class=\"screen-reader-text\">Koristetyyny kiinalainen horoskooppi Tiikeri<\/span><\/a><\/p>","protected":false},"featured_media":2977,"template":"","meta":{"_monsterinsights_skip_tracking":false,"_monsterinsights_sitenote_active":false,"_monsterinsights_sitenote_note":"","_monsterinsights_sitenote_category":0,"_uf_show_specific_survey":0,"_uf_disable_surveys":false,"neve_meta_sidebar":"","neve_meta_container":"","neve_meta_enable_content_width":"off","neve_meta_content_width":100,"neve_meta_title_alignment":"","neve_meta_author_avatar":"","neve_post_elements_order":"","neve_meta_disable_header":"","neve_meta_disable_footer":"","neve_meta_disable_title":"","_themeisle_gutenberg_block_has_review":false},"product_brand":[],"product_cat":[223,146,61,114],"product_tag":[97,112],"class_list":{"0":"post-2974","1":"product","2":"type-product","3":"status-publish","4":"has-post-thumbnail","6":"product_cat-elainaiheiset-koristetyynyt","7":"product_cat-kiinalainen-horoskooppi-sisustustyynyt","8":"product_cat-kodin-sisustus","9":"product_cat-koristetyynyt","10":"product_tag-kiinalainen-horoskooppi","11":"product_tag-tiikeri","13":"first","14":"instock","15":"taxable","16":"shipping-taxable","17":"purchasable","18":"product-type-variable"},"yoast_head":"<!-- This site is optimized with the Yoast SEO plugin v27.4 - https:\/\/yoast.com\/product\/yoast-seo-wordpress\/ -->\n<title>Koristetyyny kiinalainen horoskooppi Tiikeri - Harmonia Elements<\/title>\n<meta name=\"description\" content=\"Tyylik\u00e4s ja mukava sisustustyyny, joka viimeistelee kodin ilmeen. Saatavilla eri horoskooppimerkeill\u00e4. Tilaa omasi nyt!\" \/>\n<meta name=\"robots\" content=\"index, follow, max-snippet:-1, max-image-preview:large, max-video-preview:-1\" \/>\n<link rel=\"canonical\" href=\"https:\/\/harmoniaelements.com\/en\/product\/koristetyyny-kiinalainen-horoskooppi-tiikeri\/\" \/>\n<meta property=\"og:locale\" content=\"en_GB\" \/>\n<meta property=\"og:type\" content=\"article\" \/>\n<meta property=\"og:title\" content=\"Koristetyyny kiinalainen horoskooppi Tiikeri - Harmonia Elements\" \/>\n<meta property=\"og:description\" content=\"Tyylik\u00e4s ja mukava sisustustyyny, joka viimeistelee kodin ilmeen. Saatavilla eri horoskooppimerkeill\u00e4. Tilaa omasi nyt!\" \/>\n<meta property=\"og:url\" content=\"https:\/\/harmoniaelements.com\/en\/product\/koristetyyny-kiinalainen-horoskooppi-tiikeri\/\" \/>\n<meta property=\"og:site_name\" content=\"Harmonia Elements\" \/>\n<meta property=\"article:modified_time\" content=\"2025-05-14T06:21:26+00:00\" \/>\n<meta property=\"og:image\" content=\"https:\/\/harmoniaelements.com\/wp-content\/uploads\/2025\/01\/all-over-print-basic-pillow-18x18-front-679ca9740e6ac.jpg\" \/>\n\t<meta property=\"og:image:width\" content=\"2000\" \/>\n\t<meta property=\"og:image:height\" content=\"2000\" \/>\n\t<meta property=\"og:image:type\" content=\"image\/jpeg\" \/>\n<meta name=\"twitter:card\" content=\"summary_large_image\" \/>\n<meta name=\"twitter:label1\" content=\"Estimated reading time\" \/>\n\t<meta name=\"twitter:data1\" content=\"2 minutes\" \/>\n<script type=\"application\/ld+json\" class=\"yoast-schema-graph\">{\"@context\":\"https:\\\/\\\/schema.org\",\"@graph\":[{\"@type\":\"WebPage\",\"@id\":\"https:\\\/\\\/harmoniaelements.com\\\/product\\\/koristetyyny-kiinalainen-horoskooppi-tiikeri\\\/\",\"url\":\"https:\\\/\\\/harmoniaelements.com\\\/product\\\/koristetyyny-kiinalainen-horoskooppi-tiikeri\\\/\",\"name\":\"Koristetyyny kiinalainen horoskooppi Tiikeri - Harmonia Elements\",\"isPartOf\":{\"@id\":\"https:\\\/\\\/harmoniaelements.com\\\/#website\"},\"primaryImageOfPage\":{\"@id\":\"https:\\\/\\\/harmoniaelements.com\\\/product\\\/koristetyyny-kiinalainen-horoskooppi-tiikeri\\\/#primaryimage\"},\"image\":{\"@id\":\"https:\\\/\\\/harmoniaelements.com\\\/product\\\/koristetyyny-kiinalainen-horoskooppi-tiikeri\\\/#primaryimage\"},\"thumbnailUrl\":\"https:\\\/\\\/harmoniaelements.com\\\/wp-content\\\/uploads\\\/2025\\\/01\\\/all-over-print-basic-pillow-18x18-front-679ca9740e6ac.jpg\",\"datePublished\":\"2025-01-31T10:44:22+00:00\",\"dateModified\":\"2025-05-14T06:21:26+00:00\",\"description\":\"Tyylik\u00e4s ja mukava sisustustyyny, joka viimeistelee kodin ilmeen. Saatavilla eri horoskooppimerkeill\u00e4. Tilaa omasi nyt!\",\"breadcrumb\":{\"@id\":\"https:\\\/\\\/harmoniaelements.com\\\/product\\\/koristetyyny-kiinalainen-horoskooppi-tiikeri\\\/#breadcrumb\"},\"inLanguage\":\"en-GB\",\"potentialAction\":[{\"@type\":\"ReadAction\",\"target\":[\"https:\\\/\\\/harmoniaelements.com\\\/product\\\/koristetyyny-kiinalainen-horoskooppi-tiikeri\\\/\"]}]},{\"@type\":\"ImageObject\",\"inLanguage\":\"en-GB\",\"@id\":\"https:\\\/\\\/harmoniaelements.com\\\/product\\\/koristetyyny-kiinalainen-horoskooppi-tiikeri\\\/#primaryimage\",\"url\":\"https:\\\/\\\/harmoniaelements.com\\\/wp-content\\\/uploads\\\/2025\\\/01\\\/all-over-print-basic-pillow-18x18-front-679ca9740e6ac.jpg\",\"contentUrl\":\"https:\\\/\\\/harmoniaelements.com\\\/wp-content\\\/uploads\\\/2025\\\/01\\\/all-over-print-basic-pillow-18x18-front-679ca9740e6ac.jpg\",\"width\":2000,\"height\":2000},{\"@type\":\"BreadcrumbList\",\"@id\":\"https:\\\/\\\/harmoniaelements.com\\\/product\\\/koristetyyny-kiinalainen-horoskooppi-tiikeri\\\/#breadcrumb\",\"itemListElement\":[{\"@type\":\"ListItem\",\"position\":1,\"name\":\"Etusivu\",\"item\":\"https:\\\/\\\/harmoniaelements.com\\\/\"},{\"@type\":\"ListItem\",\"position\":2,\"name\":\"Kauppa\",\"item\":\"https:\\\/\\\/harmoniaelements.com\\\/kauppa\\\/\"},{\"@type\":\"ListItem\",\"position\":3,\"name\":\"Koristetyyny kiinalainen horoskooppi Tiikeri\"}]},{\"@type\":\"WebSite\",\"@id\":\"https:\\\/\\\/harmoniaelements.com\\\/#website\",\"url\":\"https:\\\/\\\/harmoniaelements.com\\\/\",\"name\":\"Harmonia Elements\",\"description\":\"Feng Shui kohtaa suomalaisen sisustuksen\",\"publisher\":{\"@id\":\"https:\\\/\\\/harmoniaelements.com\\\/#organization\"},\"potentialAction\":[{\"@type\":\"SearchAction\",\"target\":{\"@type\":\"EntryPoint\",\"urlTemplate\":\"https:\\\/\\\/harmoniaelements.com\\\/?s={search_term_string}\"},\"query-input\":{\"@type\":\"PropertyValueSpecification\",\"valueRequired\":true,\"valueName\":\"search_term_string\"}}],\"inLanguage\":\"en-GB\"},{\"@type\":\"Organization\",\"@id\":\"https:\\\/\\\/harmoniaelements.com\\\/#organization\",\"name\":\"Harmonia Elements\",\"url\":\"https:\\\/\\\/harmoniaelements.com\\\/\",\"logo\":{\"@type\":\"ImageObject\",\"inLanguage\":\"en-GB\",\"@id\":\"https:\\\/\\\/harmoniaelements.com\\\/#\\\/schema\\\/logo\\\/image\\\/\",\"url\":\"https:\\\/\\\/harmoniaelements.com\\\/wp-content\\\/uploads\\\/2025\\\/01\\\/2.png\",\"contentUrl\":\"https:\\\/\\\/harmoniaelements.com\\\/wp-content\\\/uploads\\\/2025\\\/01\\\/2.png\",\"width\":500,\"height\":500,\"caption\":\"Harmonia Elements\"},\"image\":{\"@id\":\"https:\\\/\\\/harmoniaelements.com\\\/#\\\/schema\\\/logo\\\/image\\\/\"}}]}<\/script>\n<!-- \/ Yoast SEO plugin. -->","yoast_head_json":{"title":"Koristetyyny kiinalainen horoskooppi Tiikeri - Harmonia Elements","description":"Tyylik\u00e4s ja mukava sisustustyyny, joka viimeistelee kodin ilmeen. Saatavilla eri horoskooppimerkeill\u00e4. Tilaa omasi nyt!","robots":{"index":"index","follow":"follow","max-snippet":"max-snippet:-1","max-image-preview":"max-image-preview:large","max-video-preview":"max-video-preview:-1"},"canonical":"https:\/\/harmoniaelements.com\/en\/product\/koristetyyny-kiinalainen-horoskooppi-tiikeri\/","og_locale":"en_GB","og_type":"article","og_title":"Koristetyyny kiinalainen horoskooppi Tiikeri - Harmonia Elements","og_description":"Tyylik\u00e4s ja mukava sisustustyyny, joka viimeistelee kodin ilmeen. Saatavilla eri horoskooppimerkeill\u00e4. Tilaa omasi nyt!","og_url":"https:\/\/harmoniaelements.com\/en\/product\/koristetyyny-kiinalainen-horoskooppi-tiikeri\/","og_site_name":"Harmonia Elements","article_modified_time":"2025-05-14T06:21:26+00:00","og_image":[{"width":2000,"height":2000,"url":"https:\/\/harmoniaelements.com\/wp-content\/uploads\/2025\/01\/all-over-print-basic-pillow-18x18-front-679ca9740e6ac.jpg","type":"image\/jpeg"}],"twitter_card":"summary_large_image","twitter_misc":{"Estimated reading time":"2 minutes"},"schema":{"@context":"https:\/\/schema.org","@graph":[{"@type":"WebPage","@id":"https:\/\/harmoniaelements.com\/product\/koristetyyny-kiinalainen-horoskooppi-tiikeri\/","url":"https:\/\/harmoniaelements.com\/product\/koristetyyny-kiinalainen-horoskooppi-tiikeri\/","name":"Koristetyyny kiinalainen horoskooppi Tiikeri - Harmonia Elements","isPartOf":{"@id":"https:\/\/harmoniaelements.com\/#website"},"primaryImageOfPage":{"@id":"https:\/\/harmoniaelements.com\/product\/koristetyyny-kiinalainen-horoskooppi-tiikeri\/#primaryimage"},"image":{"@id":"https:\/\/harmoniaelements.com\/product\/koristetyyny-kiinalainen-horoskooppi-tiikeri\/#primaryimage"},"thumbnailUrl":"https:\/\/harmoniaelements.com\/wp-content\/uploads\/2025\/01\/all-over-print-basic-pillow-18x18-front-679ca9740e6ac.jpg","datePublished":"2025-01-31T10:44:22+00:00","dateModified":"2025-05-14T06:21:26+00:00","description":"Tyylik\u00e4s ja mukava sisustustyyny, joka viimeistelee kodin ilmeen. Saatavilla eri horoskooppimerkeill\u00e4. Tilaa omasi nyt!","breadcrumb":{"@id":"https:\/\/harmoniaelements.com\/product\/koristetyyny-kiinalainen-horoskooppi-tiikeri\/#breadcrumb"},"inLanguage":"en-GB","potentialAction":[{"@type":"ReadAction","target":["https:\/\/harmoniaelements.com\/product\/koristetyyny-kiinalainen-horoskooppi-tiikeri\/"]}]},{"@type":"ImageObject","inLanguage":"en-GB","@id":"https:\/\/harmoniaelements.com\/product\/koristetyyny-kiinalainen-horoskooppi-tiikeri\/#primaryimage","url":"https:\/\/harmoniaelements.com\/wp-content\/uploads\/2025\/01\/all-over-print-basic-pillow-18x18-front-679ca9740e6ac.jpg","contentUrl":"https:\/\/harmoniaelements.com\/wp-content\/uploads\/2025\/01\/all-over-print-basic-pillow-18x18-front-679ca9740e6ac.jpg","width":2000,"height":2000},{"@type":"BreadcrumbList","@id":"https:\/\/harmoniaelements.com\/product\/koristetyyny-kiinalainen-horoskooppi-tiikeri\/#breadcrumb","itemListElement":[{"@type":"ListItem","position":1,"name":"Etusivu","item":"https:\/\/harmoniaelements.com\/"},{"@type":"ListItem","position":2,"name":"Kauppa","item":"https:\/\/harmoniaelements.com\/kauppa\/"},{"@type":"ListItem","position":3,"name":"Koristetyyny kiinalainen horoskooppi Tiikeri"}]},{"@type":"WebSite","@id":"https:\/\/harmoniaelements.com\/#website","url":"https:\/\/harmoniaelements.com\/","name":"Harmonia Elements","description":"Feng Shui kohtaa suomalaisen sisustuksen","publisher":{"@id":"https:\/\/harmoniaelements.com\/#organization"},"potentialAction":[{"@type":"SearchAction","target":{"@type":"EntryPoint","urlTemplate":"https:\/\/harmoniaelements.com\/?s={search_term_string}"},"query-input":{"@type":"PropertyValueSpecification","valueRequired":true,"valueName":"search_term_string"}}],"inLanguage":"en-GB"},{"@type":"Organization","@id":"https:\/\/harmoniaelements.com\/#organization","name":"Harmonia Elements","url":"https:\/\/harmoniaelements.com\/","logo":{"@type":"ImageObject","inLanguage":"en-GB","@id":"https:\/\/harmoniaelements.com\/#\/schema\/logo\/image\/","url":"https:\/\/harmoniaelements.com\/wp-content\/uploads\/2025\/01\/2.png","contentUrl":"https:\/\/harmoniaelements.com\/wp-content\/uploads\/2025\/01\/2.png","width":500,"height":500,"caption":"Harmonia Elements"},"image":{"@id":"https:\/\/harmoniaelements.com\/#\/schema\/logo\/image\/"}}]}},"jetpack_sharing_enabled":true,"_links":{"self":[{"href":"https:\/\/harmoniaelements.com\/en\/wp-json\/wp\/v2\/product\/2974","targetHints":{"allow":["GET"]}}],"collection":[{"href":"https:\/\/harmoniaelements.com\/en\/wp-json\/wp\/v2\/product"}],"about":[{"href":"https:\/\/harmoniaelements.com\/en\/wp-json\/wp\/v2\/types\/product"}],"wp:featuredmedia":[{"embeddable":true,"href":"https:\/\/harmoniaelements.com\/en\/wp-json\/wp\/v2\/media\/2977"}],"wp:attachment":[{"href":"https:\/\/harmoniaelements.com\/en\/wp-json\/wp\/v2\/media?parent=2974"}],"wp:term":[{"taxonomy":"product_brand","embeddable":true,"href":"https:\/\/harmoniaelements.com\/en\/wp-json\/wp\/v2\/product_brand?post=2974"},{"taxonomy":"product_cat","embeddable":true,"href":"https:\/\/harmoniaelements.com\/en\/wp-json\/wp\/v2\/product_cat?post=2974"},{"taxonomy":"product_tag","embeddable":true,"href":"https:\/\/harmoniaelements.com\/en\/wp-json\/wp\/v2\/product_tag?post=2974"}],"curies":[{"name":"wp","href":"https:\/\/api.w.org\/{rel}","templated":true}]}}