{"id":2625,"date":"2025-01-29T15:54:40","date_gmt":"2025-01-29T15:54:40","guid":{"rendered":"https:\/\/harmoniaelements.com\/product\/kiinalainen-horoskooppi-termosmuki-harka\/"},"modified":"2025-04-18T11:43:22","modified_gmt":"2025-04-18T11:43:22","slug":"kiinalainen-horoskooppi-termosmuki-harka","status":"publish","type":"product","link":"https:\/\/harmoniaelements.com\/en\/product\/kiinalainen-horoskooppi-termosmuki-harka\/","title":{"rendered":"Kiinalainen horoskooppi termosmuki h\u00e4rk\u00e4"},"content":{"rendered":"<p data-pm-slice=\"1 1 []\">Saatavilla eri kokoja ja horoskooppimerkeill\u00e4.<\/p>\n<p>Nauti juomasi tyylikk\u00e4\u00e4sti ja mukavasti t\u00e4m\u00e4n laadukkaan termosmukin avulla. Sen tyylik\u00e4s ja k\u00e4yt\u00e4nn\u00f6llinen muotoilu tekee siit\u00e4 erinomaisen kumppanin matkalle, ty\u00f6matkoille tai seikkailuihin. Sopii useimpiin auton mukitelineisiin ja sis\u00e4lt\u00e4\u00e4 l\u00e4ikkym\u00e4tt\u00f6m\u00e4n kannen.<\/p>\n<p><strong>Toimitus:<\/strong> Termosmuki painetaan ja toimitetaan suoraan yhteisty\u00f6kumppaniltamme Latviassa, varmistaen nopean ja luotettavan palvelun Euroopan asiakkaille.<\/p>\n<p><strong>Ominaisuudet:<\/strong><\/p>\n<ul data-spread=\"false\">\n<li>Ruostumatonta ter\u00e4st\u00e4<\/li>\n<li>Lyijyt\u00f6n ja BPA-vapaa materiaali<\/li>\n<li>K\u00e4sinpesu suositeltavaa<\/li>\n<\/ul>\n<p><strong>Koot:<\/strong><\/p>\n<p><strong>25 oz (739 ml):<\/strong><\/p>\n<ul data-spread=\"false\">\n<li>Korkeus: 20 cm<\/li>\n<li>Yl\u00e4osan halkaisija: 8,4 cm<\/li>\n<li>Pohjan halkaisija: 7 cm<\/li>\n<li>Mukana muovinen painettava kansi<\/li>\n<\/ul>\n<p><strong>40 oz (1183 ml):<\/strong><\/p>\n<ul data-spread=\"false\">\n<li>Korkeus: 26,5 cm<\/li>\n<li>Yl\u00e4osan halkaisija: 9,9 cm<\/li>\n<li>Pohjan halkaisija: 7,4 cm<\/li>\n<li>Mukana muovinen ruuvattava kansi ja pilli<\/li>\n<\/ul>\n<p><strong>Huomio:<\/strong> Avaa kansi ennen kuin laitat sen kuuman juoman p\u00e4\u00e4lle v\u00e4ltt\u00e4\u00e4ksesi paineen kertymisen.<\/p>\n<p><strong>Horoskooppimerkit:<\/strong><\/p>\n<ul data-spread=\"false\">\n<li>Rotta (2020, 2008, 1996, 1984, 1972, 1960)<\/li>\n<li>H\u00e4rk\u00e4 (2021, 2009, 1997, 1985, 1973, 1961)<\/li>\n<li>Tiikeri (2022, 2010, 1998, 1986, 1974, 1962)<\/li>\n<li>J\u00e4nis (2023, 2011, 1999, 1987, 1975, 1963)<\/li>\n<li>Lohik\u00e4\u00e4rme (2024, 2012, 2000, 1988, 1976, 1964)<\/li>\n<li>K\u00e4\u00e4rme (2025, 2013, 2001, 1989, 1977, 1965)<\/li>\n<li>Hevonen (2026, 2014, 2002, 1990, 1978, 1966)<\/li>\n<li>Vuohi (2027, 2015, 2003, 1991, 1979, 1967)<\/li>\n<li>Apina (2028, 2016, 2004, 1992, 1980, 1968)<\/li>\n<li>Kukko (2029, 2017, 2005, 1993, 1981, 1969)<\/li>\n<li>Koira (2030, 2018, 2006, 1994, 1982, 1970)<\/li>\n<li>Sika (2031, 2019, 2007, 1995, 1983, 1971)<\/li>\n<\/ul>\n<p>T\u00e4m\u00e4 termosmuki on saatavilla eri horoskooppimerkeill\u00e4, jotka edustavat persoonallisuuttasi ja el\u00e4m\u00e4ntyyli\u00e4si. Valitse oma merkkisi tai anna lahjaksi merkityksellinen muki!<\/p>\n<p><strong>Tuotannon vaiheet:<\/strong><\/p>\n<ul data-spread=\"false\">\n<li>Valmistus: Kiina<\/li>\n<\/ul>\n<p><strong>Materiaalit ja turvallisuus:<\/strong><\/p>\n<ul data-spread=\"false\">\n<li>Lyijyt\u00f6n ja BPA-vapaa materiaali<\/li>\n<li>K\u00e4sinpesu suositeltavaa<\/li>\n<\/ul>\n<p><strong>Ik\u00e4rajoitus:<\/strong> Tuote on tarkoitettu aikuisille.<\/p>\n<p><strong>Takuu EU:ssa:<\/strong> 2 vuotta<\/p>\n<div>\n<hr \/>\n<\/div>\n<p>&nbsp;<\/p>","protected":false},"excerpt":{"rendered":"<p>Saatavilla eri kokoja ja horoskooppimerkeill\u00e4. Nauti juomasi tyylikk\u00e4\u00e4sti ja mukavasti t\u00e4m\u00e4n laadukkaan termosmukin avulla. Sen tyylik\u00e4s ja k\u00e4yt\u00e4nn\u00f6llinen muotoilu tekee siit\u00e4 erinomaisen kumppanin matkalle, ty\u00f6matkoille tai seikkailuihin. Sopii useimpiin auton mukitelineisiin ja sis\u00e4lt\u00e4\u00e4 l\u00e4ikkym\u00e4tt\u00f6m\u00e4n kannen. Toimitus: Termosmuki painetaan ja toimitetaan suoraan yhteisty\u00f6kumppaniltamme Latviassa, varmistaen nopean ja luotettavan palvelun Euroopan asiakkaille. Ominaisuudet: Ruostumatonta ter\u00e4st\u00e4 Lyijyt\u00f6n ja&hellip;&nbsp;<a href=\"https:\/\/harmoniaelements.com\/en\/product\/kiinalainen-horoskooppi-termosmuki-harka\/\" rel=\"bookmark\">Read More &raquo;<span class=\"screen-reader-text\">Kiinalainen horoskooppi termosmuki h\u00e4rk\u00e4<\/span><\/a><\/p>","protected":false},"featured_media":2630,"template":"","meta":{"_monsterinsights_skip_tracking":false,"_monsterinsights_sitenote_active":false,"_monsterinsights_sitenote_note":"","_monsterinsights_sitenote_category":0,"_uf_show_specific_survey":0,"_uf_disable_surveys":false,"neve_meta_sidebar":"","neve_meta_container":"","neve_meta_enable_content_width":"off","neve_meta_content_width":100,"neve_meta_title_alignment":"","neve_meta_author_avatar":"","neve_post_elements_order":"","neve_meta_disable_header":"","neve_meta_disable_footer":"","neve_meta_disable_title":"","_themeisle_gutenberg_block_has_review":false},"product_brand":[],"product_cat":[147,61,88,98],"product_tag":[102,97],"class_list":{"0":"post-2625","1":"product","2":"type-product","3":"status-publish","4":"has-post-thumbnail","6":"product_cat-kiinalainen-horoskooppi-mukit","7":"product_cat-kodin-sisustus","8":"product_cat-mukit","9":"product_cat-termosmukit","10":"product_tag-harka","11":"product_tag-kiinalainen-horoskooppi","13":"first","14":"instock","15":"taxable","16":"shipping-taxable","17":"purchasable","18":"product-type-variable"},"yoast_head":"<!-- This site is optimized with the Yoast SEO plugin v27.4 - https:\/\/yoast.com\/product\/yoast-seo-wordpress\/ -->\n<title>Kiinalainen horoskooppi termosmuki h\u00e4rk\u00e4 - Harmonia Elements<\/title>\n<meta name=\"description\" content=\"Tyylik\u00e4s ja k\u00e4yt\u00e4nn\u00f6llinen termosmuki, joka s\u00e4ilytt\u00e4\u00e4 juoman l\u00e4mp\u00f6tilan. Saatavilla eri horoskooppimerkeill\u00e4. Tilaa omasi nyt!\" \/>\n<meta name=\"robots\" content=\"index, follow, max-snippet:-1, max-image-preview:large, max-video-preview:-1\" \/>\n<link rel=\"canonical\" href=\"https:\/\/harmoniaelements.com\/en\/product\/kiinalainen-horoskooppi-termosmuki-harka\/\" \/>\n<meta property=\"og:locale\" content=\"en_GB\" \/>\n<meta property=\"og:type\" content=\"article\" \/>\n<meta property=\"og:title\" content=\"Kiinalainen horoskooppi termosmuki h\u00e4rk\u00e4 - Harmonia Elements\" \/>\n<meta property=\"og:description\" content=\"Tyylik\u00e4s ja k\u00e4yt\u00e4nn\u00f6llinen termosmuki, joka s\u00e4ilytt\u00e4\u00e4 juoman l\u00e4mp\u00f6tilan. Saatavilla eri horoskooppimerkeill\u00e4. Tilaa omasi nyt!\" \/>\n<meta property=\"og:url\" content=\"https:\/\/harmoniaelements.com\/en\/product\/kiinalainen-horoskooppi-termosmuki-harka\/\" \/>\n<meta property=\"og:site_name\" content=\"Harmonia Elements\" \/>\n<meta property=\"article:modified_time\" content=\"2025-04-18T11:43:22+00:00\" \/>\n<meta property=\"og:image\" content=\"https:\/\/harmoniaelements.com\/wp-content\/uploads\/2025\/01\/travel-mug-with-a-handle-white-25-oz-front-679a4f34dc70b.jpg\" \/>\n\t<meta property=\"og:image:width\" content=\"2000\" \/>\n\t<meta property=\"og:image:height\" content=\"2000\" \/>\n\t<meta property=\"og:image:type\" content=\"image\/jpeg\" \/>\n<meta name=\"twitter:card\" content=\"summary_large_image\" \/>\n<meta name=\"twitter:label1\" content=\"Estimated reading time\" \/>\n\t<meta name=\"twitter:data1\" content=\"2 minutes\" \/>\n<script type=\"application\/ld+json\" class=\"yoast-schema-graph\">{\"@context\":\"https:\\\/\\\/schema.org\",\"@graph\":[{\"@type\":\"WebPage\",\"@id\":\"https:\\\/\\\/harmoniaelements.com\\\/product\\\/kiinalainen-horoskooppi-termosmuki-harka\\\/\",\"url\":\"https:\\\/\\\/harmoniaelements.com\\\/product\\\/kiinalainen-horoskooppi-termosmuki-harka\\\/\",\"name\":\"Kiinalainen horoskooppi termosmuki h\u00e4rk\u00e4 - Harmonia Elements\",\"isPartOf\":{\"@id\":\"https:\\\/\\\/harmoniaelements.com\\\/#website\"},\"primaryImageOfPage\":{\"@id\":\"https:\\\/\\\/harmoniaelements.com\\\/product\\\/kiinalainen-horoskooppi-termosmuki-harka\\\/#primaryimage\"},\"image\":{\"@id\":\"https:\\\/\\\/harmoniaelements.com\\\/product\\\/kiinalainen-horoskooppi-termosmuki-harka\\\/#primaryimage\"},\"thumbnailUrl\":\"https:\\\/\\\/harmoniaelements.com\\\/wp-content\\\/uploads\\\/2025\\\/01\\\/travel-mug-with-a-handle-white-25-oz-front-679a4f34dc70b.jpg\",\"datePublished\":\"2025-01-29T15:54:40+00:00\",\"dateModified\":\"2025-04-18T11:43:22+00:00\",\"description\":\"Tyylik\u00e4s ja k\u00e4yt\u00e4nn\u00f6llinen termosmuki, joka s\u00e4ilytt\u00e4\u00e4 juoman l\u00e4mp\u00f6tilan. Saatavilla eri horoskooppimerkeill\u00e4. Tilaa omasi nyt!\",\"breadcrumb\":{\"@id\":\"https:\\\/\\\/harmoniaelements.com\\\/product\\\/kiinalainen-horoskooppi-termosmuki-harka\\\/#breadcrumb\"},\"inLanguage\":\"en-GB\",\"potentialAction\":[{\"@type\":\"ReadAction\",\"target\":[\"https:\\\/\\\/harmoniaelements.com\\\/product\\\/kiinalainen-horoskooppi-termosmuki-harka\\\/\"]}]},{\"@type\":\"ImageObject\",\"inLanguage\":\"en-GB\",\"@id\":\"https:\\\/\\\/harmoniaelements.com\\\/product\\\/kiinalainen-horoskooppi-termosmuki-harka\\\/#primaryimage\",\"url\":\"https:\\\/\\\/harmoniaelements.com\\\/wp-content\\\/uploads\\\/2025\\\/01\\\/travel-mug-with-a-handle-white-25-oz-front-679a4f34dc70b.jpg\",\"contentUrl\":\"https:\\\/\\\/harmoniaelements.com\\\/wp-content\\\/uploads\\\/2025\\\/01\\\/travel-mug-with-a-handle-white-25-oz-front-679a4f34dc70b.jpg\",\"width\":2000,\"height\":2000},{\"@type\":\"BreadcrumbList\",\"@id\":\"https:\\\/\\\/harmoniaelements.com\\\/product\\\/kiinalainen-horoskooppi-termosmuki-harka\\\/#breadcrumb\",\"itemListElement\":[{\"@type\":\"ListItem\",\"position\":1,\"name\":\"Etusivu\",\"item\":\"https:\\\/\\\/harmoniaelements.com\\\/\"},{\"@type\":\"ListItem\",\"position\":2,\"name\":\"Kauppa\",\"item\":\"https:\\\/\\\/harmoniaelements.com\\\/kauppa\\\/\"},{\"@type\":\"ListItem\",\"position\":3,\"name\":\"Kiinalainen horoskooppi termosmuki h\u00e4rk\u00e4\"}]},{\"@type\":\"WebSite\",\"@id\":\"https:\\\/\\\/harmoniaelements.com\\\/#website\",\"url\":\"https:\\\/\\\/harmoniaelements.com\\\/\",\"name\":\"Harmonia Elements\",\"description\":\"Feng Shui kohtaa suomalaisen sisustuksen\",\"publisher\":{\"@id\":\"https:\\\/\\\/harmoniaelements.com\\\/#organization\"},\"potentialAction\":[{\"@type\":\"SearchAction\",\"target\":{\"@type\":\"EntryPoint\",\"urlTemplate\":\"https:\\\/\\\/harmoniaelements.com\\\/?s={search_term_string}\"},\"query-input\":{\"@type\":\"PropertyValueSpecification\",\"valueRequired\":true,\"valueName\":\"search_term_string\"}}],\"inLanguage\":\"en-GB\"},{\"@type\":\"Organization\",\"@id\":\"https:\\\/\\\/harmoniaelements.com\\\/#organization\",\"name\":\"Harmonia Elements\",\"url\":\"https:\\\/\\\/harmoniaelements.com\\\/\",\"logo\":{\"@type\":\"ImageObject\",\"inLanguage\":\"en-GB\",\"@id\":\"https:\\\/\\\/harmoniaelements.com\\\/#\\\/schema\\\/logo\\\/image\\\/\",\"url\":\"https:\\\/\\\/harmoniaelements.com\\\/wp-content\\\/uploads\\\/2025\\\/01\\\/2.png\",\"contentUrl\":\"https:\\\/\\\/harmoniaelements.com\\\/wp-content\\\/uploads\\\/2025\\\/01\\\/2.png\",\"width\":500,\"height\":500,\"caption\":\"Harmonia Elements\"},\"image\":{\"@id\":\"https:\\\/\\\/harmoniaelements.com\\\/#\\\/schema\\\/logo\\\/image\\\/\"}}]}<\/script>\n<!-- \/ Yoast SEO plugin. -->","yoast_head_json":{"title":"Kiinalainen horoskooppi termosmuki h\u00e4rk\u00e4 - Harmonia Elements","description":"Tyylik\u00e4s ja k\u00e4yt\u00e4nn\u00f6llinen termosmuki, joka s\u00e4ilytt\u00e4\u00e4 juoman l\u00e4mp\u00f6tilan. Saatavilla eri horoskooppimerkeill\u00e4. Tilaa omasi nyt!","robots":{"index":"index","follow":"follow","max-snippet":"max-snippet:-1","max-image-preview":"max-image-preview:large","max-video-preview":"max-video-preview:-1"},"canonical":"https:\/\/harmoniaelements.com\/en\/product\/kiinalainen-horoskooppi-termosmuki-harka\/","og_locale":"en_GB","og_type":"article","og_title":"Kiinalainen horoskooppi termosmuki h\u00e4rk\u00e4 - Harmonia Elements","og_description":"Tyylik\u00e4s ja k\u00e4yt\u00e4nn\u00f6llinen termosmuki, joka s\u00e4ilytt\u00e4\u00e4 juoman l\u00e4mp\u00f6tilan. Saatavilla eri horoskooppimerkeill\u00e4. Tilaa omasi nyt!","og_url":"https:\/\/harmoniaelements.com\/en\/product\/kiinalainen-horoskooppi-termosmuki-harka\/","og_site_name":"Harmonia Elements","article_modified_time":"2025-04-18T11:43:22+00:00","og_image":[{"width":2000,"height":2000,"url":"https:\/\/harmoniaelements.com\/wp-content\/uploads\/2025\/01\/travel-mug-with-a-handle-white-25-oz-front-679a4f34dc70b.jpg","type":"image\/jpeg"}],"twitter_card":"summary_large_image","twitter_misc":{"Estimated reading time":"2 minutes"},"schema":{"@context":"https:\/\/schema.org","@graph":[{"@type":"WebPage","@id":"https:\/\/harmoniaelements.com\/product\/kiinalainen-horoskooppi-termosmuki-harka\/","url":"https:\/\/harmoniaelements.com\/product\/kiinalainen-horoskooppi-termosmuki-harka\/","name":"Kiinalainen horoskooppi termosmuki h\u00e4rk\u00e4 - Harmonia Elements","isPartOf":{"@id":"https:\/\/harmoniaelements.com\/#website"},"primaryImageOfPage":{"@id":"https:\/\/harmoniaelements.com\/product\/kiinalainen-horoskooppi-termosmuki-harka\/#primaryimage"},"image":{"@id":"https:\/\/harmoniaelements.com\/product\/kiinalainen-horoskooppi-termosmuki-harka\/#primaryimage"},"thumbnailUrl":"https:\/\/harmoniaelements.com\/wp-content\/uploads\/2025\/01\/travel-mug-with-a-handle-white-25-oz-front-679a4f34dc70b.jpg","datePublished":"2025-01-29T15:54:40+00:00","dateModified":"2025-04-18T11:43:22+00:00","description":"Tyylik\u00e4s ja k\u00e4yt\u00e4nn\u00f6llinen termosmuki, joka s\u00e4ilytt\u00e4\u00e4 juoman l\u00e4mp\u00f6tilan. Saatavilla eri horoskooppimerkeill\u00e4. Tilaa omasi nyt!","breadcrumb":{"@id":"https:\/\/harmoniaelements.com\/product\/kiinalainen-horoskooppi-termosmuki-harka\/#breadcrumb"},"inLanguage":"en-GB","potentialAction":[{"@type":"ReadAction","target":["https:\/\/harmoniaelements.com\/product\/kiinalainen-horoskooppi-termosmuki-harka\/"]}]},{"@type":"ImageObject","inLanguage":"en-GB","@id":"https:\/\/harmoniaelements.com\/product\/kiinalainen-horoskooppi-termosmuki-harka\/#primaryimage","url":"https:\/\/harmoniaelements.com\/wp-content\/uploads\/2025\/01\/travel-mug-with-a-handle-white-25-oz-front-679a4f34dc70b.jpg","contentUrl":"https:\/\/harmoniaelements.com\/wp-content\/uploads\/2025\/01\/travel-mug-with-a-handle-white-25-oz-front-679a4f34dc70b.jpg","width":2000,"height":2000},{"@type":"BreadcrumbList","@id":"https:\/\/harmoniaelements.com\/product\/kiinalainen-horoskooppi-termosmuki-harka\/#breadcrumb","itemListElement":[{"@type":"ListItem","position":1,"name":"Etusivu","item":"https:\/\/harmoniaelements.com\/"},{"@type":"ListItem","position":2,"name":"Kauppa","item":"https:\/\/harmoniaelements.com\/kauppa\/"},{"@type":"ListItem","position":3,"name":"Kiinalainen horoskooppi termosmuki h\u00e4rk\u00e4"}]},{"@type":"WebSite","@id":"https:\/\/harmoniaelements.com\/#website","url":"https:\/\/harmoniaelements.com\/","name":"Harmonia Elements","description":"Feng Shui kohtaa suomalaisen sisustuksen","publisher":{"@id":"https:\/\/harmoniaelements.com\/#organization"},"potentialAction":[{"@type":"SearchAction","target":{"@type":"EntryPoint","urlTemplate":"https:\/\/harmoniaelements.com\/?s={search_term_string}"},"query-input":{"@type":"PropertyValueSpecification","valueRequired":true,"valueName":"search_term_string"}}],"inLanguage":"en-GB"},{"@type":"Organization","@id":"https:\/\/harmoniaelements.com\/#organization","name":"Harmonia Elements","url":"https:\/\/harmoniaelements.com\/","logo":{"@type":"ImageObject","inLanguage":"en-GB","@id":"https:\/\/harmoniaelements.com\/#\/schema\/logo\/image\/","url":"https:\/\/harmoniaelements.com\/wp-content\/uploads\/2025\/01\/2.png","contentUrl":"https:\/\/harmoniaelements.com\/wp-content\/uploads\/2025\/01\/2.png","width":500,"height":500,"caption":"Harmonia Elements"},"image":{"@id":"https:\/\/harmoniaelements.com\/#\/schema\/logo\/image\/"}}]}},"jetpack_sharing_enabled":true,"_links":{"self":[{"href":"https:\/\/harmoniaelements.com\/en\/wp-json\/wp\/v2\/product\/2625","targetHints":{"allow":["GET"]}}],"collection":[{"href":"https:\/\/harmoniaelements.com\/en\/wp-json\/wp\/v2\/product"}],"about":[{"href":"https:\/\/harmoniaelements.com\/en\/wp-json\/wp\/v2\/types\/product"}],"wp:featuredmedia":[{"embeddable":true,"href":"https:\/\/harmoniaelements.com\/en\/wp-json\/wp\/v2\/media\/2630"}],"wp:attachment":[{"href":"https:\/\/harmoniaelements.com\/en\/wp-json\/wp\/v2\/media?parent=2625"}],"wp:term":[{"taxonomy":"product_brand","embeddable":true,"href":"https:\/\/harmoniaelements.com\/en\/wp-json\/wp\/v2\/product_brand?post=2625"},{"taxonomy":"product_cat","embeddable":true,"href":"https:\/\/harmoniaelements.com\/en\/wp-json\/wp\/v2\/product_cat?post=2625"},{"taxonomy":"product_tag","embeddable":true,"href":"https:\/\/harmoniaelements.com\/en\/wp-json\/wp\/v2\/product_tag?post=2625"}],"curies":[{"name":"wp","href":"https:\/\/api.w.org\/{rel}","templated":true}]}}