{"id":2451,"date":"2025-01-29T11:00:43","date_gmt":"2025-01-29T11:00:43","guid":{"rendered":"https:\/\/harmoniaelements.com\/product\/kiinalainen-horoskooppi-lohikaarme-muki\/"},"modified":"2025-04-18T11:48:37","modified_gmt":"2025-04-18T11:48:37","slug":"kiinalainen-horoskooppi-lohikaarme-muki","status":"publish","type":"product","link":"https:\/\/harmoniaelements.com\/en\/product\/kiinalainen-horoskooppi-lohikaarme-muki\/","title":{"rendered":"Kiinalainen horoskooppi Lohik\u00e4\u00e4rme muki"},"content":{"rendered":"<p data-pm-slice=\"1 1 []\">Saatavilla eri kokoja ja design-vaihtoehtoja.<\/p>\n<p>Olitpa nauttimassa aamukahvia, iltateet\u00e4 tai jotain silt\u00e4 v\u00e4lilt\u00e4 \u2013 t\u00e4m\u00e4 muki on sinulle! Tukeva ja kiilt\u00e4v\u00e4 pinta yhdistettyn\u00e4 korkealaatuiseen painatukseen, joka kest\u00e4\u00e4 niin mikroaaltouunin kuin astianpesukoneenkin.<\/p>\n<p><strong>Toimitus:<\/strong> Muki painetaan ja toimitetaan suoraan yhteisty\u00f6kumppaniltamme Latviassa, varmistaen nopean ja luotettavan palvelun Euroopan asiakkaille.<\/p>\n<p><strong>Ominaisuudet:<\/strong><\/p>\n<ul data-spread=\"false\">\n<li>Keraaminen materiaali<\/li>\n<li>Koot:\n<ul data-spread=\"false\">\n<li>11 oz: korkeus 9,6 cm, halkaisija 8,2 cm<\/li>\n<li>15 oz: korkeus 11,9 cm, halkaisija 8,5 cm<\/li>\n<li>20 oz: korkeus 10,9 cm, halkaisija 9,3 cm<\/li>\n<\/ul>\n<\/li>\n<li>Lyijyt\u00f6n ja BPA-vapaa materiaali<\/li>\n<li>Astianpesukone- ja mikroaaltouunikest\u00e4v\u00e4<\/li>\n<li>Muki ennen painokuvaa hankittu Kiinasta<\/li>\n<\/ul>\n<p><strong>Kiinalainen horoskooppi:<\/strong> Kiinalainen horoskooppi koostuu kahdestatoista eri el\u00e4inmerkist\u00e4, joista jokainen edustaa tiettyj\u00e4 persoonallisuudenpiirteit\u00e4 ja ominaisuuksia. L\u00f6yd\u00e4 oma merkkisi tai valitse lahjaksi symbolinen muki l\u00e4heisellesi:<\/p>\n<ul data-spread=\"false\">\n<li><strong>Rotta (2020, 2008, 1996, 1984, 1972, 1960)<\/strong> \u2013 \u00c4lyk\u00e4s, kekseli\u00e4s ja nopea ajattelija.<\/li>\n<li><strong>H\u00e4rk\u00e4 (2021, 2009, 1997, 1985, 1973, 1961)<\/strong> \u2013 K\u00e4rsiv\u00e4llinen, p\u00e4\u00e4tt\u00e4v\u00e4inen ja luotettava.<\/li>\n<li><strong>Tiikeri (2022, 2010, 1998, 1986, 1974, 1962)<\/strong> \u2013 Rohkea, intohimoinen ja itsevarma.<\/li>\n<li><strong>J\u00e4nis (2023, 2011, 1999, 1987, 1975, 1963)<\/strong> \u2013 Lempe\u00e4, yst\u00e4v\u00e4llinen ja herkk\u00e4.<\/li>\n<li><strong>Lohik\u00e4\u00e4rme (2024, 2012, 2000, 1988, 1976, 1964)<\/strong> \u2013 Karismaattinen, energinen ja vahva.<\/li>\n<li><strong>K\u00e4\u00e4rme (2025, 2013, 2001, 1989, 1977, 1965)<\/strong> \u2013 Viisas, mystinen ja intuitiivinen.<\/li>\n<li><strong>Hevonen (2026, 2014, 2002, 1990, 1978, 1966)<\/strong> \u2013 Itsen\u00e4inen, nopea ja seikkailunhaluinen.<\/li>\n<li><strong>Vuohi (2027, 2015, 2003, 1991, 1979, 1967)<\/strong> \u2013 Luova, empaattinen ja rauhallinen.<\/li>\n<li><strong>Apina (2028, 2016, 2004, 1992, 1980, 1968)<\/strong> \u2013 Leikkis\u00e4, nokkela ja kekseli\u00e4s.<\/li>\n<li><strong>Kukko (2029, 2017, 2005, 1993, 1981, 1969)<\/strong> \u2013 Rehellinen, tarkkaavainen ja omistautunut.<\/li>\n<li><strong>Koira (2030, 2018, 2006, 1994, 1982, 1970)<\/strong> \u2013 Lojaali, yst\u00e4v\u00e4llinen ja oikeudenmukainen.<\/li>\n<li><strong>Sika (2031, 2019, 2007, 1995, 1983, 1971)<\/strong> \u2013 Hyv\u00e4ntahtoinen, antelias ja rehellinen.<\/li>\n<\/ul>\n<p><strong>Materiaalit ja turvallisuus:<\/strong><\/p>\n<ul data-spread=\"false\">\n<li>Lyijyt\u00f6n ja BPA-vapaa materiaali<\/li>\n<li>Kest\u00e4\u00e4 mikroaaltouunin ja astianpesukoneen<\/li>\n<\/ul>\n<p><strong>Ik\u00e4rajoitus:<\/strong> Tuote on tarkoitettu aikuisille.<\/p>\n<p><strong>Takuu EU:ssa:<\/strong> 2 vuotta<\/p>","protected":false},"excerpt":{"rendered":"<p>Saatavilla eri kokoja ja design-vaihtoehtoja. Olitpa nauttimassa aamukahvia, iltateet\u00e4 tai jotain silt\u00e4 v\u00e4lilt\u00e4 \u2013 t\u00e4m\u00e4 muki on sinulle! Tukeva ja kiilt\u00e4v\u00e4 pinta yhdistettyn\u00e4 korkealaatuiseen painatukseen, joka kest\u00e4\u00e4 niin mikroaaltouunin kuin astianpesukoneenkin. Toimitus: Muki painetaan ja toimitetaan suoraan yhteisty\u00f6kumppaniltamme Latviassa, varmistaen nopean ja luotettavan palvelun Euroopan asiakkaille. Ominaisuudet: Keraaminen materiaali Koot: 11 oz: korkeus 9,6 cm,&hellip;&nbsp;<a href=\"https:\/\/harmoniaelements.com\/en\/product\/kiinalainen-horoskooppi-lohikaarme-muki\/\" rel=\"bookmark\">Read More &raquo;<span class=\"screen-reader-text\">Kiinalainen horoskooppi Lohik\u00e4\u00e4rme muki<\/span><\/a><\/p>","protected":false},"featured_media":2461,"template":"","meta":{"_monsterinsights_skip_tracking":false,"_monsterinsights_sitenote_active":false,"_monsterinsights_sitenote_note":"","_monsterinsights_sitenote_category":0,"_uf_show_specific_survey":0,"_uf_disable_surveys":false,"neve_meta_sidebar":"","neve_meta_container":"","neve_meta_enable_content_width":"off","neve_meta_content_width":100,"neve_meta_title_alignment":"","neve_meta_author_avatar":"","neve_post_elements_order":"","neve_meta_disable_header":"","neve_meta_disable_footer":"","neve_meta_disable_title":"","_themeisle_gutenberg_block_has_review":false},"product_brand":[],"product_cat":[147,61,88],"product_tag":[97],"class_list":{"0":"post-2451","1":"product","2":"type-product","3":"status-publish","4":"has-post-thumbnail","6":"product_cat-kiinalainen-horoskooppi-mukit","7":"product_cat-kodin-sisustus","8":"product_cat-mukit","9":"product_tag-kiinalainen-horoskooppi","11":"first","12":"instock","13":"taxable","14":"shipping-taxable","15":"purchasable","16":"product-type-variable"},"yoast_head":"<!-- This site is optimized with the Yoast SEO plugin v27.4 - https:\/\/yoast.com\/product\/yoast-seo-wordpress\/ -->\n<title>Kiinalainen horoskooppi Lohik\u00e4\u00e4rme muki - Harmonia Elements<\/title>\n<meta name=\"description\" content=\"Tukeva ja kiilt\u00e4v\u00e4 keraaminen muki, jossa korkealaatuinen painatus. Astianpesukone- ja mikroaaltouunikest\u00e4v\u00e4. Tilaa nyt omasi!\" \/>\n<meta name=\"robots\" content=\"index, follow, max-snippet:-1, max-image-preview:large, max-video-preview:-1\" \/>\n<link rel=\"canonical\" href=\"https:\/\/harmoniaelements.com\/en\/product\/kiinalainen-horoskooppi-lohikaarme-muki\/\" \/>\n<meta property=\"og:locale\" content=\"en_GB\" \/>\n<meta property=\"og:type\" content=\"article\" \/>\n<meta property=\"og:title\" content=\"Kiinalainen horoskooppi Lohik\u00e4\u00e4rme muki - Harmonia Elements\" \/>\n<meta property=\"og:description\" content=\"Tukeva ja kiilt\u00e4v\u00e4 keraaminen muki, jossa korkealaatuinen painatus. Astianpesukone- ja mikroaaltouunikest\u00e4v\u00e4. Tilaa nyt omasi!\" \/>\n<meta property=\"og:url\" content=\"https:\/\/harmoniaelements.com\/en\/product\/kiinalainen-horoskooppi-lohikaarme-muki\/\" \/>\n<meta property=\"og:site_name\" content=\"Harmonia Elements\" \/>\n<meta property=\"article:modified_time\" content=\"2025-04-18T11:48:37+00:00\" \/>\n<meta property=\"og:image\" content=\"https:\/\/harmoniaelements.com\/wp-content\/uploads\/2025\/01\/white-ceramic-mug-with-color-inside-black-11-oz-front-679a08567c747.jpg\" \/>\n\t<meta property=\"og:image:width\" content=\"2000\" \/>\n\t<meta property=\"og:image:height\" content=\"2000\" \/>\n\t<meta property=\"og:image:type\" content=\"image\/jpeg\" \/>\n<meta name=\"twitter:card\" content=\"summary_large_image\" \/>\n<meta name=\"twitter:label1\" content=\"Estimated reading time\" \/>\n\t<meta name=\"twitter:data1\" content=\"2 minutes\" \/>\n<script type=\"application\/ld+json\" class=\"yoast-schema-graph\">{\"@context\":\"https:\\\/\\\/schema.org\",\"@graph\":[{\"@type\":\"WebPage\",\"@id\":\"https:\\\/\\\/harmoniaelements.com\\\/product\\\/kiinalainen-horoskooppi-lohikaarme-muki\\\/\",\"url\":\"https:\\\/\\\/harmoniaelements.com\\\/product\\\/kiinalainen-horoskooppi-lohikaarme-muki\\\/\",\"name\":\"Kiinalainen horoskooppi Lohik\u00e4\u00e4rme muki - Harmonia Elements\",\"isPartOf\":{\"@id\":\"https:\\\/\\\/harmoniaelements.com\\\/#website\"},\"primaryImageOfPage\":{\"@id\":\"https:\\\/\\\/harmoniaelements.com\\\/product\\\/kiinalainen-horoskooppi-lohikaarme-muki\\\/#primaryimage\"},\"image\":{\"@id\":\"https:\\\/\\\/harmoniaelements.com\\\/product\\\/kiinalainen-horoskooppi-lohikaarme-muki\\\/#primaryimage\"},\"thumbnailUrl\":\"https:\\\/\\\/harmoniaelements.com\\\/wp-content\\\/uploads\\\/2025\\\/01\\\/white-ceramic-mug-with-color-inside-black-11-oz-front-679a08567c747.jpg\",\"datePublished\":\"2025-01-29T11:00:43+00:00\",\"dateModified\":\"2025-04-18T11:48:37+00:00\",\"description\":\"Tukeva ja kiilt\u00e4v\u00e4 keraaminen muki, jossa korkealaatuinen painatus. Astianpesukone- ja mikroaaltouunikest\u00e4v\u00e4. Tilaa nyt omasi!\",\"breadcrumb\":{\"@id\":\"https:\\\/\\\/harmoniaelements.com\\\/product\\\/kiinalainen-horoskooppi-lohikaarme-muki\\\/#breadcrumb\"},\"inLanguage\":\"en-GB\",\"potentialAction\":[{\"@type\":\"ReadAction\",\"target\":[\"https:\\\/\\\/harmoniaelements.com\\\/product\\\/kiinalainen-horoskooppi-lohikaarme-muki\\\/\"]}]},{\"@type\":\"ImageObject\",\"inLanguage\":\"en-GB\",\"@id\":\"https:\\\/\\\/harmoniaelements.com\\\/product\\\/kiinalainen-horoskooppi-lohikaarme-muki\\\/#primaryimage\",\"url\":\"https:\\\/\\\/harmoniaelements.com\\\/wp-content\\\/uploads\\\/2025\\\/01\\\/white-ceramic-mug-with-color-inside-black-11-oz-front-679a08567c747.jpg\",\"contentUrl\":\"https:\\\/\\\/harmoniaelements.com\\\/wp-content\\\/uploads\\\/2025\\\/01\\\/white-ceramic-mug-with-color-inside-black-11-oz-front-679a08567c747.jpg\",\"width\":2000,\"height\":2000},{\"@type\":\"BreadcrumbList\",\"@id\":\"https:\\\/\\\/harmoniaelements.com\\\/product\\\/kiinalainen-horoskooppi-lohikaarme-muki\\\/#breadcrumb\",\"itemListElement\":[{\"@type\":\"ListItem\",\"position\":1,\"name\":\"Etusivu\",\"item\":\"https:\\\/\\\/harmoniaelements.com\\\/\"},{\"@type\":\"ListItem\",\"position\":2,\"name\":\"Kauppa\",\"item\":\"https:\\\/\\\/harmoniaelements.com\\\/kauppa\\\/\"},{\"@type\":\"ListItem\",\"position\":3,\"name\":\"Kiinalainen horoskooppi Lohik\u00e4\u00e4rme muki\"}]},{\"@type\":\"WebSite\",\"@id\":\"https:\\\/\\\/harmoniaelements.com\\\/#website\",\"url\":\"https:\\\/\\\/harmoniaelements.com\\\/\",\"name\":\"Harmonia Elements\",\"description\":\"Feng Shui kohtaa suomalaisen sisustuksen\",\"publisher\":{\"@id\":\"https:\\\/\\\/harmoniaelements.com\\\/#organization\"},\"potentialAction\":[{\"@type\":\"SearchAction\",\"target\":{\"@type\":\"EntryPoint\",\"urlTemplate\":\"https:\\\/\\\/harmoniaelements.com\\\/?s={search_term_string}\"},\"query-input\":{\"@type\":\"PropertyValueSpecification\",\"valueRequired\":true,\"valueName\":\"search_term_string\"}}],\"inLanguage\":\"en-GB\"},{\"@type\":\"Organization\",\"@id\":\"https:\\\/\\\/harmoniaelements.com\\\/#organization\",\"name\":\"Harmonia Elements\",\"url\":\"https:\\\/\\\/harmoniaelements.com\\\/\",\"logo\":{\"@type\":\"ImageObject\",\"inLanguage\":\"en-GB\",\"@id\":\"https:\\\/\\\/harmoniaelements.com\\\/#\\\/schema\\\/logo\\\/image\\\/\",\"url\":\"https:\\\/\\\/harmoniaelements.com\\\/wp-content\\\/uploads\\\/2025\\\/01\\\/2.png\",\"contentUrl\":\"https:\\\/\\\/harmoniaelements.com\\\/wp-content\\\/uploads\\\/2025\\\/01\\\/2.png\",\"width\":500,\"height\":500,\"caption\":\"Harmonia Elements\"},\"image\":{\"@id\":\"https:\\\/\\\/harmoniaelements.com\\\/#\\\/schema\\\/logo\\\/image\\\/\"}}]}<\/script>\n<!-- \/ Yoast SEO plugin. -->","yoast_head_json":{"title":"Kiinalainen horoskooppi Lohik\u00e4\u00e4rme muki - Harmonia Elements","description":"Tukeva ja kiilt\u00e4v\u00e4 keraaminen muki, jossa korkealaatuinen painatus. Astianpesukone- ja mikroaaltouunikest\u00e4v\u00e4. Tilaa nyt omasi!","robots":{"index":"index","follow":"follow","max-snippet":"max-snippet:-1","max-image-preview":"max-image-preview:large","max-video-preview":"max-video-preview:-1"},"canonical":"https:\/\/harmoniaelements.com\/en\/product\/kiinalainen-horoskooppi-lohikaarme-muki\/","og_locale":"en_GB","og_type":"article","og_title":"Kiinalainen horoskooppi Lohik\u00e4\u00e4rme muki - Harmonia Elements","og_description":"Tukeva ja kiilt\u00e4v\u00e4 keraaminen muki, jossa korkealaatuinen painatus. Astianpesukone- ja mikroaaltouunikest\u00e4v\u00e4. Tilaa nyt omasi!","og_url":"https:\/\/harmoniaelements.com\/en\/product\/kiinalainen-horoskooppi-lohikaarme-muki\/","og_site_name":"Harmonia Elements","article_modified_time":"2025-04-18T11:48:37+00:00","og_image":[{"width":2000,"height":2000,"url":"https:\/\/harmoniaelements.com\/wp-content\/uploads\/2025\/01\/white-ceramic-mug-with-color-inside-black-11-oz-front-679a08567c747.jpg","type":"image\/jpeg"}],"twitter_card":"summary_large_image","twitter_misc":{"Estimated reading time":"2 minutes"},"schema":{"@context":"https:\/\/schema.org","@graph":[{"@type":"WebPage","@id":"https:\/\/harmoniaelements.com\/product\/kiinalainen-horoskooppi-lohikaarme-muki\/","url":"https:\/\/harmoniaelements.com\/product\/kiinalainen-horoskooppi-lohikaarme-muki\/","name":"Kiinalainen horoskooppi Lohik\u00e4\u00e4rme muki - Harmonia Elements","isPartOf":{"@id":"https:\/\/harmoniaelements.com\/#website"},"primaryImageOfPage":{"@id":"https:\/\/harmoniaelements.com\/product\/kiinalainen-horoskooppi-lohikaarme-muki\/#primaryimage"},"image":{"@id":"https:\/\/harmoniaelements.com\/product\/kiinalainen-horoskooppi-lohikaarme-muki\/#primaryimage"},"thumbnailUrl":"https:\/\/harmoniaelements.com\/wp-content\/uploads\/2025\/01\/white-ceramic-mug-with-color-inside-black-11-oz-front-679a08567c747.jpg","datePublished":"2025-01-29T11:00:43+00:00","dateModified":"2025-04-18T11:48:37+00:00","description":"Tukeva ja kiilt\u00e4v\u00e4 keraaminen muki, jossa korkealaatuinen painatus. Astianpesukone- ja mikroaaltouunikest\u00e4v\u00e4. Tilaa nyt omasi!","breadcrumb":{"@id":"https:\/\/harmoniaelements.com\/product\/kiinalainen-horoskooppi-lohikaarme-muki\/#breadcrumb"},"inLanguage":"en-GB","potentialAction":[{"@type":"ReadAction","target":["https:\/\/harmoniaelements.com\/product\/kiinalainen-horoskooppi-lohikaarme-muki\/"]}]},{"@type":"ImageObject","inLanguage":"en-GB","@id":"https:\/\/harmoniaelements.com\/product\/kiinalainen-horoskooppi-lohikaarme-muki\/#primaryimage","url":"https:\/\/harmoniaelements.com\/wp-content\/uploads\/2025\/01\/white-ceramic-mug-with-color-inside-black-11-oz-front-679a08567c747.jpg","contentUrl":"https:\/\/harmoniaelements.com\/wp-content\/uploads\/2025\/01\/white-ceramic-mug-with-color-inside-black-11-oz-front-679a08567c747.jpg","width":2000,"height":2000},{"@type":"BreadcrumbList","@id":"https:\/\/harmoniaelements.com\/product\/kiinalainen-horoskooppi-lohikaarme-muki\/#breadcrumb","itemListElement":[{"@type":"ListItem","position":1,"name":"Etusivu","item":"https:\/\/harmoniaelements.com\/"},{"@type":"ListItem","position":2,"name":"Kauppa","item":"https:\/\/harmoniaelements.com\/kauppa\/"},{"@type":"ListItem","position":3,"name":"Kiinalainen horoskooppi Lohik\u00e4\u00e4rme muki"}]},{"@type":"WebSite","@id":"https:\/\/harmoniaelements.com\/#website","url":"https:\/\/harmoniaelements.com\/","name":"Harmonia Elements","description":"Feng Shui kohtaa suomalaisen sisustuksen","publisher":{"@id":"https:\/\/harmoniaelements.com\/#organization"},"potentialAction":[{"@type":"SearchAction","target":{"@type":"EntryPoint","urlTemplate":"https:\/\/harmoniaelements.com\/?s={search_term_string}"},"query-input":{"@type":"PropertyValueSpecification","valueRequired":true,"valueName":"search_term_string"}}],"inLanguage":"en-GB"},{"@type":"Organization","@id":"https:\/\/harmoniaelements.com\/#organization","name":"Harmonia Elements","url":"https:\/\/harmoniaelements.com\/","logo":{"@type":"ImageObject","inLanguage":"en-GB","@id":"https:\/\/harmoniaelements.com\/#\/schema\/logo\/image\/","url":"https:\/\/harmoniaelements.com\/wp-content\/uploads\/2025\/01\/2.png","contentUrl":"https:\/\/harmoniaelements.com\/wp-content\/uploads\/2025\/01\/2.png","width":500,"height":500,"caption":"Harmonia Elements"},"image":{"@id":"https:\/\/harmoniaelements.com\/#\/schema\/logo\/image\/"}}]}},"jetpack_sharing_enabled":true,"_links":{"self":[{"href":"https:\/\/harmoniaelements.com\/en\/wp-json\/wp\/v2\/product\/2451","targetHints":{"allow":["GET"]}}],"collection":[{"href":"https:\/\/harmoniaelements.com\/en\/wp-json\/wp\/v2\/product"}],"about":[{"href":"https:\/\/harmoniaelements.com\/en\/wp-json\/wp\/v2\/types\/product"}],"wp:featuredmedia":[{"embeddable":true,"href":"https:\/\/harmoniaelements.com\/en\/wp-json\/wp\/v2\/media\/2461"}],"wp:attachment":[{"href":"https:\/\/harmoniaelements.com\/en\/wp-json\/wp\/v2\/media?parent=2451"}],"wp:term":[{"taxonomy":"product_brand","embeddable":true,"href":"https:\/\/harmoniaelements.com\/en\/wp-json\/wp\/v2\/product_brand?post=2451"},{"taxonomy":"product_cat","embeddable":true,"href":"https:\/\/harmoniaelements.com\/en\/wp-json\/wp\/v2\/product_cat?post=2451"},{"taxonomy":"product_tag","embeddable":true,"href":"https:\/\/harmoniaelements.com\/en\/wp-json\/wp\/v2\/product_tag?post=2451"}],"curies":[{"name":"wp","href":"https:\/\/api.w.org\/{rel}","templated":true}]}}