{"id":1859,"date":"2025-01-28T19:38:01","date_gmt":"2025-01-28T19:38:01","guid":{"rendered":"https:\/\/harmoniaelements.com\/product\/aligned-spaces-muki-valkoinen\/"},"modified":"2025-05-14T06:32:12","modified_gmt":"2025-05-14T06:32:12","slug":"aligned-spaces-muki-valkoinen","status":"publish","type":"product","link":"https:\/\/harmoniaelements.com\/en\/product\/aligned-spaces-muki-valkoinen\/","title":{"rendered":"Aligned Spaces muki valkoinen"},"content":{"rendered":"<p data-pm-slice=\"1 1 []\">Keraaminen valkoinen muki &#8221;Aligned spaces, happy faces&#8221; -tekstill\u00e4. Saatavilla eri kokoja ja design-vaihtoehtoja.<\/p>\n<p>Olitpa nauttimassa aamukahvia, iltateet\u00e4 tai jotain silt\u00e4 v\u00e4lilt\u00e4 \u2013 t\u00e4m\u00e4 muki on sinulle! Tukeva ja kiilt\u00e4v\u00e4 pinta yhdistettyn\u00e4 korkealaatuiseen painatukseen, joka kest\u00e4\u00e4 niin mikroaaltouunin kuin astianpesukoneenkin.<\/p>\n<p><strong>Toimitus:<\/strong> Muki painetaan ja toimitetaan suoraan yhteisty\u00f6kumppaniltamme Latviassa, varmistaen nopean ja luotettavan palvelun Euroopan asiakkaille.<\/p>\n<p><strong>Ominaisuudet:<\/strong><\/p>\n<ul data-spread=\"false\">\n<li>Keraaminen materiaali<\/li>\n<li>Koot:\n<ul data-spread=\"false\">\n<li>11 oz: korkeus 9,6 cm, halkaisija 8,2 cm<\/li>\n<li>15 oz: korkeus 11,9 cm, halkaisija 8,5 cm<\/li>\n<li>20 oz: korkeus 10,9 cm, halkaisija 9,3 cm<\/li>\n<\/ul>\n<\/li>\n<li>Lyijyt\u00f6n ja BPA-vapaa materiaali<\/li>\n<li>Astianpesukone- ja mikroaaltouunikest\u00e4v\u00e4<\/li>\n<li>Muki ennen painokuvaa hankittu Kiinasta<\/li>\n<\/ul>\n<p><strong>Materiaalit ja turvallisuus:<\/strong><\/p>\n<ul data-spread=\"false\">\n<li>Lyijyt\u00f6n ja BPA-vapaa materiaali<\/li>\n<li>Kest\u00e4\u00e4 mikroaaltouunin ja astianpesukoneen<\/li>\n<\/ul>\n<p><strong>Ik\u00e4rajoitus:<\/strong> Tuote on tarkoitettu aikuisille.<\/p>\n<p><strong>Takuu EU:ssa:<\/strong> 2 vuotta<\/p>\n<p>Lis\u00e4\u00e4 mukeja: <a href=\"https:\/\/harmoniaelements.com\/en\/product-category\/kodin-sisustus\/mukit\/\">T\u00e4\u00e4lt\u00e4<\/a><\/p>\n<div>\n<hr \/>\n<\/div>\n<p>&nbsp;<\/p>","protected":false},"excerpt":{"rendered":"<p>Keraaminen valkoinen muki &#8221;Aligned spaces, happy faces&#8221; -tekstill\u00e4. Saatavilla eri kokoja ja design-vaihtoehtoja. Olitpa nauttimassa aamukahvia, iltateet\u00e4 tai jotain silt\u00e4 v\u00e4lilt\u00e4 \u2013 t\u00e4m\u00e4 muki on sinulle! Tukeva ja kiilt\u00e4v\u00e4 pinta yhdistettyn\u00e4 korkealaatuiseen painatukseen, joka kest\u00e4\u00e4 niin mikroaaltouunin kuin astianpesukoneenkin. Toimitus: Muki painetaan ja toimitetaan suoraan yhteisty\u00f6kumppaniltamme Latviassa, varmistaen nopean ja luotettavan palvelun Euroopan asiakkaille. Ominaisuudet:&hellip;&nbsp;<a href=\"https:\/\/harmoniaelements.com\/en\/product\/aligned-spaces-muki-valkoinen\/\" rel=\"bookmark\">Read More &raquo;<span class=\"screen-reader-text\">Aligned Spaces muki valkoinen<\/span><\/a><\/p>","protected":false},"featured_media":1863,"template":"","meta":{"_monsterinsights_skip_tracking":false,"_monsterinsights_sitenote_active":false,"_monsterinsights_sitenote_note":"","_monsterinsights_sitenote_category":0,"_uf_show_specific_survey":0,"_uf_disable_surveys":false,"neve_meta_sidebar":"","neve_meta_container":"","neve_meta_enable_content_width":"off","neve_meta_content_width":100,"neve_meta_title_alignment":"","neve_meta_author_avatar":"","neve_post_elements_order":"","neve_meta_disable_header":"","neve_meta_disable_footer":"","neve_meta_disable_title":"","_themeisle_gutenberg_block_has_review":false},"product_brand":[],"product_cat":[61,88,224],"product_tag":[],"class_list":{"0":"post-1859","1":"product","2":"type-product","3":"status-publish","4":"has-post-thumbnail","6":"product_cat-kodin-sisustus","7":"product_cat-mukit","8":"product_cat-tekstimukit","10":"first","11":"instock","12":"taxable","13":"shipping-taxable","14":"purchasable","15":"product-type-variable"},"yoast_head":"<!-- This site is optimized with the Yoast SEO plugin v27.4 - https:\/\/yoast.com\/product\/yoast-seo-wordpress\/ -->\n<title>Aligned Spaces muki valkoinen - Harmonia Elements<\/title>\n<meta name=\"description\" content=\"Tukeva ja kiilt\u00e4v\u00e4 valkoinen keraaminen muki, jossa korkealaatuisella painatuksella. Astianpesukone- ja mikroaaltouunikest\u00e4v\u00e4. Tilaa nyt omasi!\" \/>\n<meta name=\"robots\" content=\"index, follow, max-snippet:-1, max-image-preview:large, max-video-preview:-1\" \/>\n<link rel=\"canonical\" href=\"https:\/\/harmoniaelements.com\/en\/product\/aligned-spaces-muki-valkoinen\/\" \/>\n<meta property=\"og:locale\" content=\"en_GB\" \/>\n<meta property=\"og:type\" content=\"article\" \/>\n<meta property=\"og:title\" content=\"Aligned Spaces muki valkoinen - Harmonia Elements\" \/>\n<meta property=\"og:description\" content=\"Tukeva ja kiilt\u00e4v\u00e4 valkoinen keraaminen muki, jossa korkealaatuisella painatuksella. Astianpesukone- ja mikroaaltouunikest\u00e4v\u00e4. Tilaa nyt omasi!\" \/>\n<meta property=\"og:url\" content=\"https:\/\/harmoniaelements.com\/en\/product\/aligned-spaces-muki-valkoinen\/\" \/>\n<meta property=\"og:site_name\" content=\"Harmonia Elements\" \/>\n<meta property=\"article:modified_time\" content=\"2025-05-14T06:32:12+00:00\" \/>\n<meta property=\"og:image\" content=\"https:\/\/harmoniaelements.com\/wp-content\/uploads\/2025\/01\/white-glossy-mug-white-20-oz-front-view-6799320edbfab.jpg\" \/>\n\t<meta property=\"og:image:width\" content=\"2000\" \/>\n\t<meta property=\"og:image:height\" content=\"2000\" \/>\n\t<meta property=\"og:image:type\" content=\"image\/jpeg\" \/>\n<meta name=\"twitter:card\" content=\"summary_large_image\" \/>\n<meta name=\"twitter:label1\" content=\"Estimated reading time\" \/>\n\t<meta name=\"twitter:data1\" content=\"1 minute\" \/>\n<script type=\"application\/ld+json\" class=\"yoast-schema-graph\">{\"@context\":\"https:\\\/\\\/schema.org\",\"@graph\":[{\"@type\":\"WebPage\",\"@id\":\"https:\\\/\\\/harmoniaelements.com\\\/product\\\/aligned-spaces-muki-valkoinen\\\/\",\"url\":\"https:\\\/\\\/harmoniaelements.com\\\/product\\\/aligned-spaces-muki-valkoinen\\\/\",\"name\":\"Aligned Spaces muki valkoinen - Harmonia Elements\",\"isPartOf\":{\"@id\":\"https:\\\/\\\/harmoniaelements.com\\\/#website\"},\"primaryImageOfPage\":{\"@id\":\"https:\\\/\\\/harmoniaelements.com\\\/product\\\/aligned-spaces-muki-valkoinen\\\/#primaryimage\"},\"image\":{\"@id\":\"https:\\\/\\\/harmoniaelements.com\\\/product\\\/aligned-spaces-muki-valkoinen\\\/#primaryimage\"},\"thumbnailUrl\":\"https:\\\/\\\/harmoniaelements.com\\\/wp-content\\\/uploads\\\/2025\\\/01\\\/white-glossy-mug-white-20-oz-front-view-6799320edbfab.jpg\",\"datePublished\":\"2025-01-28T19:38:01+00:00\",\"dateModified\":\"2025-05-14T06:32:12+00:00\",\"description\":\"Tukeva ja kiilt\u00e4v\u00e4 valkoinen keraaminen muki, jossa korkealaatuisella painatuksella. Astianpesukone- ja mikroaaltouunikest\u00e4v\u00e4. Tilaa nyt omasi!\",\"breadcrumb\":{\"@id\":\"https:\\\/\\\/harmoniaelements.com\\\/product\\\/aligned-spaces-muki-valkoinen\\\/#breadcrumb\"},\"inLanguage\":\"en-GB\",\"potentialAction\":[{\"@type\":\"ReadAction\",\"target\":[\"https:\\\/\\\/harmoniaelements.com\\\/product\\\/aligned-spaces-muki-valkoinen\\\/\"]}]},{\"@type\":\"ImageObject\",\"inLanguage\":\"en-GB\",\"@id\":\"https:\\\/\\\/harmoniaelements.com\\\/product\\\/aligned-spaces-muki-valkoinen\\\/#primaryimage\",\"url\":\"https:\\\/\\\/harmoniaelements.com\\\/wp-content\\\/uploads\\\/2025\\\/01\\\/white-glossy-mug-white-20-oz-front-view-6799320edbfab.jpg\",\"contentUrl\":\"https:\\\/\\\/harmoniaelements.com\\\/wp-content\\\/uploads\\\/2025\\\/01\\\/white-glossy-mug-white-20-oz-front-view-6799320edbfab.jpg\",\"width\":2000,\"height\":2000},{\"@type\":\"BreadcrumbList\",\"@id\":\"https:\\\/\\\/harmoniaelements.com\\\/product\\\/aligned-spaces-muki-valkoinen\\\/#breadcrumb\",\"itemListElement\":[{\"@type\":\"ListItem\",\"position\":1,\"name\":\"Etusivu\",\"item\":\"https:\\\/\\\/harmoniaelements.com\\\/\"},{\"@type\":\"ListItem\",\"position\":2,\"name\":\"Kauppa\",\"item\":\"https:\\\/\\\/harmoniaelements.com\\\/kauppa\\\/\"},{\"@type\":\"ListItem\",\"position\":3,\"name\":\"Aligned Spaces muki valkoinen\"}]},{\"@type\":\"WebSite\",\"@id\":\"https:\\\/\\\/harmoniaelements.com\\\/#website\",\"url\":\"https:\\\/\\\/harmoniaelements.com\\\/\",\"name\":\"Harmonia Elements\",\"description\":\"Feng Shui kohtaa suomalaisen sisustuksen\",\"publisher\":{\"@id\":\"https:\\\/\\\/harmoniaelements.com\\\/#organization\"},\"potentialAction\":[{\"@type\":\"SearchAction\",\"target\":{\"@type\":\"EntryPoint\",\"urlTemplate\":\"https:\\\/\\\/harmoniaelements.com\\\/?s={search_term_string}\"},\"query-input\":{\"@type\":\"PropertyValueSpecification\",\"valueRequired\":true,\"valueName\":\"search_term_string\"}}],\"inLanguage\":\"en-GB\"},{\"@type\":\"Organization\",\"@id\":\"https:\\\/\\\/harmoniaelements.com\\\/#organization\",\"name\":\"Harmonia Elements\",\"url\":\"https:\\\/\\\/harmoniaelements.com\\\/\",\"logo\":{\"@type\":\"ImageObject\",\"inLanguage\":\"en-GB\",\"@id\":\"https:\\\/\\\/harmoniaelements.com\\\/#\\\/schema\\\/logo\\\/image\\\/\",\"url\":\"https:\\\/\\\/harmoniaelements.com\\\/wp-content\\\/uploads\\\/2025\\\/01\\\/2.png\",\"contentUrl\":\"https:\\\/\\\/harmoniaelements.com\\\/wp-content\\\/uploads\\\/2025\\\/01\\\/2.png\",\"width\":500,\"height\":500,\"caption\":\"Harmonia Elements\"},\"image\":{\"@id\":\"https:\\\/\\\/harmoniaelements.com\\\/#\\\/schema\\\/logo\\\/image\\\/\"}}]}<\/script>\n<!-- \/ Yoast SEO plugin. -->","yoast_head_json":{"title":"Aligned Spaces muki valkoinen - Harmonia Elements","description":"Tukeva ja kiilt\u00e4v\u00e4 valkoinen keraaminen muki, jossa korkealaatuisella painatuksella. Astianpesukone- ja mikroaaltouunikest\u00e4v\u00e4. Tilaa nyt omasi!","robots":{"index":"index","follow":"follow","max-snippet":"max-snippet:-1","max-image-preview":"max-image-preview:large","max-video-preview":"max-video-preview:-1"},"canonical":"https:\/\/harmoniaelements.com\/en\/product\/aligned-spaces-muki-valkoinen\/","og_locale":"en_GB","og_type":"article","og_title":"Aligned Spaces muki valkoinen - Harmonia Elements","og_description":"Tukeva ja kiilt\u00e4v\u00e4 valkoinen keraaminen muki, jossa korkealaatuisella painatuksella. Astianpesukone- ja mikroaaltouunikest\u00e4v\u00e4. Tilaa nyt omasi!","og_url":"https:\/\/harmoniaelements.com\/en\/product\/aligned-spaces-muki-valkoinen\/","og_site_name":"Harmonia Elements","article_modified_time":"2025-05-14T06:32:12+00:00","og_image":[{"width":2000,"height":2000,"url":"https:\/\/harmoniaelements.com\/wp-content\/uploads\/2025\/01\/white-glossy-mug-white-20-oz-front-view-6799320edbfab.jpg","type":"image\/jpeg"}],"twitter_card":"summary_large_image","twitter_misc":{"Estimated reading time":"1 minute"},"schema":{"@context":"https:\/\/schema.org","@graph":[{"@type":"WebPage","@id":"https:\/\/harmoniaelements.com\/product\/aligned-spaces-muki-valkoinen\/","url":"https:\/\/harmoniaelements.com\/product\/aligned-spaces-muki-valkoinen\/","name":"Aligned Spaces muki valkoinen - Harmonia Elements","isPartOf":{"@id":"https:\/\/harmoniaelements.com\/#website"},"primaryImageOfPage":{"@id":"https:\/\/harmoniaelements.com\/product\/aligned-spaces-muki-valkoinen\/#primaryimage"},"image":{"@id":"https:\/\/harmoniaelements.com\/product\/aligned-spaces-muki-valkoinen\/#primaryimage"},"thumbnailUrl":"https:\/\/harmoniaelements.com\/wp-content\/uploads\/2025\/01\/white-glossy-mug-white-20-oz-front-view-6799320edbfab.jpg","datePublished":"2025-01-28T19:38:01+00:00","dateModified":"2025-05-14T06:32:12+00:00","description":"Tukeva ja kiilt\u00e4v\u00e4 valkoinen keraaminen muki, jossa korkealaatuisella painatuksella. Astianpesukone- ja mikroaaltouunikest\u00e4v\u00e4. Tilaa nyt omasi!","breadcrumb":{"@id":"https:\/\/harmoniaelements.com\/product\/aligned-spaces-muki-valkoinen\/#breadcrumb"},"inLanguage":"en-GB","potentialAction":[{"@type":"ReadAction","target":["https:\/\/harmoniaelements.com\/product\/aligned-spaces-muki-valkoinen\/"]}]},{"@type":"ImageObject","inLanguage":"en-GB","@id":"https:\/\/harmoniaelements.com\/product\/aligned-spaces-muki-valkoinen\/#primaryimage","url":"https:\/\/harmoniaelements.com\/wp-content\/uploads\/2025\/01\/white-glossy-mug-white-20-oz-front-view-6799320edbfab.jpg","contentUrl":"https:\/\/harmoniaelements.com\/wp-content\/uploads\/2025\/01\/white-glossy-mug-white-20-oz-front-view-6799320edbfab.jpg","width":2000,"height":2000},{"@type":"BreadcrumbList","@id":"https:\/\/harmoniaelements.com\/product\/aligned-spaces-muki-valkoinen\/#breadcrumb","itemListElement":[{"@type":"ListItem","position":1,"name":"Etusivu","item":"https:\/\/harmoniaelements.com\/"},{"@type":"ListItem","position":2,"name":"Kauppa","item":"https:\/\/harmoniaelements.com\/kauppa\/"},{"@type":"ListItem","position":3,"name":"Aligned Spaces muki valkoinen"}]},{"@type":"WebSite","@id":"https:\/\/harmoniaelements.com\/#website","url":"https:\/\/harmoniaelements.com\/","name":"Harmonia Elements","description":"Feng Shui kohtaa suomalaisen sisustuksen","publisher":{"@id":"https:\/\/harmoniaelements.com\/#organization"},"potentialAction":[{"@type":"SearchAction","target":{"@type":"EntryPoint","urlTemplate":"https:\/\/harmoniaelements.com\/?s={search_term_string}"},"query-input":{"@type":"PropertyValueSpecification","valueRequired":true,"valueName":"search_term_string"}}],"inLanguage":"en-GB"},{"@type":"Organization","@id":"https:\/\/harmoniaelements.com\/#organization","name":"Harmonia Elements","url":"https:\/\/harmoniaelements.com\/","logo":{"@type":"ImageObject","inLanguage":"en-GB","@id":"https:\/\/harmoniaelements.com\/#\/schema\/logo\/image\/","url":"https:\/\/harmoniaelements.com\/wp-content\/uploads\/2025\/01\/2.png","contentUrl":"https:\/\/harmoniaelements.com\/wp-content\/uploads\/2025\/01\/2.png","width":500,"height":500,"caption":"Harmonia Elements"},"image":{"@id":"https:\/\/harmoniaelements.com\/#\/schema\/logo\/image\/"}}]}},"jetpack_sharing_enabled":true,"_links":{"self":[{"href":"https:\/\/harmoniaelements.com\/en\/wp-json\/wp\/v2\/product\/1859","targetHints":{"allow":["GET"]}}],"collection":[{"href":"https:\/\/harmoniaelements.com\/en\/wp-json\/wp\/v2\/product"}],"about":[{"href":"https:\/\/harmoniaelements.com\/en\/wp-json\/wp\/v2\/types\/product"}],"wp:featuredmedia":[{"embeddable":true,"href":"https:\/\/harmoniaelements.com\/en\/wp-json\/wp\/v2\/media\/1863"}],"wp:attachment":[{"href":"https:\/\/harmoniaelements.com\/en\/wp-json\/wp\/v2\/media?parent=1859"}],"wp:term":[{"taxonomy":"product_brand","embeddable":true,"href":"https:\/\/harmoniaelements.com\/en\/wp-json\/wp\/v2\/product_brand?post=1859"},{"taxonomy":"product_cat","embeddable":true,"href":"https:\/\/harmoniaelements.com\/en\/wp-json\/wp\/v2\/product_cat?post=1859"},{"taxonomy":"product_tag","embeddable":true,"href":"https:\/\/harmoniaelements.com\/en\/wp-json\/wp\/v2\/product_tag?post=1859"}],"curies":[{"name":"wp","href":"https:\/\/api.w.org\/{rel}","templated":true}]}}