{"id":1479,"date":"2025-01-27T09:45:45","date_gmt":"2025-01-27T09:45:45","guid":{"rendered":"https:\/\/harmoniaelements.com\/product\/move-the-couch-huppari\/"},"modified":"2025-01-27T09:51:16","modified_gmt":"2025-01-27T09:51:16","slug":"move-the-couch-huppari","status":"publish","type":"product","link":"https:\/\/harmoniaelements.com\/en\/product\/move-the-couch-huppari\/","title":{"rendered":"Move the couch huppari"},"content":{"rendered":"<p data-pm-slice=\"1 1 []\">Saatavilla eri kokoja ja v\u00e4rej\u00e4.<\/p>\n<p>Kuka olisi uskonut, ett\u00e4 pehmein koskaan omistamasi huppari tulee n\u00e4in siistin designin kera? T\u00e4m\u00e4 klassinen streetwear-vaate on varustettu k\u00e4tev\u00e4ll\u00e4 etutaskulla ja l\u00e4mpim\u00e4ll\u00e4 hupulla viileisiin iltoihin. Et tule katumaan t\u00e4t\u00e4 valintaa!<\/p>\n<p><strong>Toimitus:<\/strong> Huppari painetaan ja toimitetaan suoraan yhteisty\u00f6kumppaniltamme Latviassa, varmistaen nopean ja luotettavan palvelun Euroopan asiakkaille.<\/p>\n<p><strong>Ominaisuudet:<\/strong><\/p>\n<ul data-spread=\"false\">\n<li>100 % puuvillapinta<\/li>\n<li>65 % rengaskehr\u00e4tty\u00e4 puuvillaa, 35 % polyesteri\u00e4<\/li>\n<li>Etutasku<\/li>\n<li>Selk\u00e4puolella kangasvahvike<\/li>\n<li>Yhteensopivat litte\u00e4t kiristysnauhat<\/li>\n<li>Kolmiosainen huppu<\/li>\n<\/ul>\n<p><strong>Kokosuositus:<\/strong> T\u00e4m\u00e4 huppari on kooltaan pieni. Parhaan istuvuuden saavuttamiseksi suosittelemme tilaamaan yhden koon suuremman kuin normaalisti.<\/p>\n<p><strong>Tuotannon vaiheet:<\/strong><\/p>\n<ul data-spread=\"false\">\n<li>Kudonta: Pakistan<\/li>\n<li>V\u00e4rj\u00e4ys: Pakistan<\/li>\n<li>Valmistus: Pakistan<\/li>\n<\/ul>\n<p><strong>Materiaalit ja turvallisuus:<\/strong><\/p>\n<ul data-spread=\"false\">\n<li>Sis\u00e4lt\u00e4\u00e4 0 % kierr\u00e4tetty\u00e4 materiaaleja<\/li>\n<li>Sis\u00e4lt\u00e4\u00e4 0 % vaarallisia aineita<\/li>\n<\/ul>\n<p><strong>Ik\u00e4rajoitus:<\/strong> Tuote on tarkoitettu aikuisille.<\/p>\n<p><strong>Takuu EU:ssa:<\/strong> 2 vuotta<\/p>\n<div>\n<hr \/>\n<\/div>\n<p>&nbsp;<\/p>","protected":false},"excerpt":{"rendered":"<p>Saatavilla eri kokoja ja v\u00e4rej\u00e4. Kuka olisi uskonut, ett\u00e4 pehmein koskaan omistamasi huppari tulee n\u00e4in siistin designin kera? T\u00e4m\u00e4 klassinen streetwear-vaate on varustettu k\u00e4tev\u00e4ll\u00e4 etutaskulla ja l\u00e4mpim\u00e4ll\u00e4 hupulla viileisiin iltoihin. Et tule katumaan t\u00e4t\u00e4 valintaa! Toimitus: Huppari painetaan ja toimitetaan suoraan yhteisty\u00f6kumppaniltamme Latviassa, varmistaen nopean ja luotettavan palvelun Euroopan asiakkaille. Ominaisuudet: 100 % puuvillapinta 65&hellip;&nbsp;<a href=\"https:\/\/harmoniaelements.com\/en\/product\/move-the-couch-huppari\/\" rel=\"bookmark\">Read More &raquo;<span class=\"screen-reader-text\">Move the couch huppari<\/span><\/a><\/p>","protected":false},"featured_media":1524,"template":"","meta":{"_monsterinsights_skip_tracking":false,"_monsterinsights_sitenote_active":false,"_monsterinsights_sitenote_note":"","_monsterinsights_sitenote_category":0,"_uf_show_specific_survey":0,"_uf_disable_surveys":false,"neve_meta_sidebar":"","neve_meta_container":"","neve_meta_enable_content_width":"off","neve_meta_content_width":100,"neve_meta_title_alignment":"","neve_meta_author_avatar":"","neve_post_elements_order":"","neve_meta_disable_header":"","neve_meta_disable_footer":"","neve_meta_disable_title":"","_themeisle_gutenberg_block_has_review":false},"product_brand":[],"product_cat":[60,58],"product_tag":[],"class_list":{"0":"post-1479","1":"product","2":"type-product","3":"status-publish","4":"has-post-thumbnail","6":"product_cat-hupparit","7":"product_cat-vaatteet","9":"first","10":"instock","11":"taxable","12":"shipping-taxable","13":"purchasable","14":"product-type-variable"},"yoast_head":"<!-- This site is optimized with the Yoast SEO plugin v27.4 - https:\/\/yoast.com\/product\/yoast-seo-wordpress\/ -->\n<title>Move the couch huppari - Harmonia Elements<\/title>\n<meta name=\"description\" content=\"Pehme\u00e4 ja tyylik\u00e4s huppari, jossa on k\u00e4yt\u00e4nn\u00f6llinen tasku ja l\u00e4mmitt\u00e4v\u00e4 huppu. Laadukas puuvillapinta ja klassinen design. Tilaa nyt!\" \/>\n<meta name=\"robots\" content=\"index, follow, max-snippet:-1, max-image-preview:large, max-video-preview:-1\" \/>\n<link rel=\"canonical\" href=\"https:\/\/harmoniaelements.com\/en\/product\/move-the-couch-huppari\/\" \/>\n<meta property=\"og:locale\" content=\"en_GB\" \/>\n<meta property=\"og:type\" content=\"article\" \/>\n<meta property=\"og:title\" content=\"Move the couch huppari - Harmonia Elements\" \/>\n<meta property=\"og:description\" content=\"Pehme\u00e4 ja tyylik\u00e4s huppari, jossa on k\u00e4yt\u00e4nn\u00f6llinen tasku ja l\u00e4mmitt\u00e4v\u00e4 huppu. Laadukas puuvillapinta ja klassinen design. Tilaa nyt!\" \/>\n<meta property=\"og:url\" content=\"https:\/\/harmoniaelements.com\/en\/product\/move-the-couch-huppari\/\" \/>\n<meta property=\"og:site_name\" content=\"Harmonia Elements\" \/>\n<meta property=\"article:modified_time\" content=\"2025-01-27T09:51:16+00:00\" \/>\n<meta property=\"og:image\" content=\"https:\/\/harmoniaelements.com\/wp-content\/uploads\/2025\/01\/unisex-premium-hoodie-charcoal-heather-front-679755b352df2.jpg\" \/>\n\t<meta property=\"og:image:width\" content=\"2000\" \/>\n\t<meta property=\"og:image:height\" content=\"2000\" \/>\n\t<meta property=\"og:image:type\" content=\"image\/jpeg\" \/>\n<meta name=\"twitter:card\" content=\"summary_large_image\" \/>\n<meta name=\"twitter:label1\" content=\"Estimated reading time\" \/>\n\t<meta name=\"twitter:data1\" content=\"1 minute\" \/>\n<script type=\"application\/ld+json\" class=\"yoast-schema-graph\">{\"@context\":\"https:\\\/\\\/schema.org\",\"@graph\":[{\"@type\":\"WebPage\",\"@id\":\"https:\\\/\\\/harmoniaelements.com\\\/product\\\/move-the-couch-huppari\\\/\",\"url\":\"https:\\\/\\\/harmoniaelements.com\\\/product\\\/move-the-couch-huppari\\\/\",\"name\":\"Move the couch huppari - Harmonia Elements\",\"isPartOf\":{\"@id\":\"https:\\\/\\\/harmoniaelements.com\\\/#website\"},\"primaryImageOfPage\":{\"@id\":\"https:\\\/\\\/harmoniaelements.com\\\/product\\\/move-the-couch-huppari\\\/#primaryimage\"},\"image\":{\"@id\":\"https:\\\/\\\/harmoniaelements.com\\\/product\\\/move-the-couch-huppari\\\/#primaryimage\"},\"thumbnailUrl\":\"https:\\\/\\\/harmoniaelements.com\\\/wp-content\\\/uploads\\\/2025\\\/01\\\/unisex-premium-hoodie-charcoal-heather-front-679755b352df2.jpg\",\"datePublished\":\"2025-01-27T09:45:45+00:00\",\"dateModified\":\"2025-01-27T09:51:16+00:00\",\"description\":\"Pehme\u00e4 ja tyylik\u00e4s huppari, jossa on k\u00e4yt\u00e4nn\u00f6llinen tasku ja l\u00e4mmitt\u00e4v\u00e4 huppu. Laadukas puuvillapinta ja klassinen design. Tilaa nyt!\",\"breadcrumb\":{\"@id\":\"https:\\\/\\\/harmoniaelements.com\\\/product\\\/move-the-couch-huppari\\\/#breadcrumb\"},\"inLanguage\":\"en-GB\",\"potentialAction\":[{\"@type\":\"ReadAction\",\"target\":[\"https:\\\/\\\/harmoniaelements.com\\\/product\\\/move-the-couch-huppari\\\/\"]}]},{\"@type\":\"ImageObject\",\"inLanguage\":\"en-GB\",\"@id\":\"https:\\\/\\\/harmoniaelements.com\\\/product\\\/move-the-couch-huppari\\\/#primaryimage\",\"url\":\"https:\\\/\\\/harmoniaelements.com\\\/wp-content\\\/uploads\\\/2025\\\/01\\\/unisex-premium-hoodie-charcoal-heather-front-679755b352df2.jpg\",\"contentUrl\":\"https:\\\/\\\/harmoniaelements.com\\\/wp-content\\\/uploads\\\/2025\\\/01\\\/unisex-premium-hoodie-charcoal-heather-front-679755b352df2.jpg\",\"width\":2000,\"height\":2000},{\"@type\":\"BreadcrumbList\",\"@id\":\"https:\\\/\\\/harmoniaelements.com\\\/product\\\/move-the-couch-huppari\\\/#breadcrumb\",\"itemListElement\":[{\"@type\":\"ListItem\",\"position\":1,\"name\":\"Etusivu\",\"item\":\"https:\\\/\\\/harmoniaelements.com\\\/\"},{\"@type\":\"ListItem\",\"position\":2,\"name\":\"Kauppa\",\"item\":\"https:\\\/\\\/harmoniaelements.com\\\/kauppa\\\/\"},{\"@type\":\"ListItem\",\"position\":3,\"name\":\"Move the couch huppari\"}]},{\"@type\":\"WebSite\",\"@id\":\"https:\\\/\\\/harmoniaelements.com\\\/#website\",\"url\":\"https:\\\/\\\/harmoniaelements.com\\\/\",\"name\":\"Harmonia Elements\",\"description\":\"Feng Shui kohtaa suomalaisen sisustuksen\",\"publisher\":{\"@id\":\"https:\\\/\\\/harmoniaelements.com\\\/#organization\"},\"potentialAction\":[{\"@type\":\"SearchAction\",\"target\":{\"@type\":\"EntryPoint\",\"urlTemplate\":\"https:\\\/\\\/harmoniaelements.com\\\/?s={search_term_string}\"},\"query-input\":{\"@type\":\"PropertyValueSpecification\",\"valueRequired\":true,\"valueName\":\"search_term_string\"}}],\"inLanguage\":\"en-GB\"},{\"@type\":\"Organization\",\"@id\":\"https:\\\/\\\/harmoniaelements.com\\\/#organization\",\"name\":\"Harmonia Elements\",\"url\":\"https:\\\/\\\/harmoniaelements.com\\\/\",\"logo\":{\"@type\":\"ImageObject\",\"inLanguage\":\"en-GB\",\"@id\":\"https:\\\/\\\/harmoniaelements.com\\\/#\\\/schema\\\/logo\\\/image\\\/\",\"url\":\"https:\\\/\\\/harmoniaelements.com\\\/wp-content\\\/uploads\\\/2025\\\/01\\\/2.png\",\"contentUrl\":\"https:\\\/\\\/harmoniaelements.com\\\/wp-content\\\/uploads\\\/2025\\\/01\\\/2.png\",\"width\":500,\"height\":500,\"caption\":\"Harmonia Elements\"},\"image\":{\"@id\":\"https:\\\/\\\/harmoniaelements.com\\\/#\\\/schema\\\/logo\\\/image\\\/\"}}]}<\/script>\n<!-- \/ Yoast SEO plugin. -->","yoast_head_json":{"title":"Move the couch huppari - Harmonia Elements","description":"Pehme\u00e4 ja tyylik\u00e4s huppari, jossa on k\u00e4yt\u00e4nn\u00f6llinen tasku ja l\u00e4mmitt\u00e4v\u00e4 huppu. Laadukas puuvillapinta ja klassinen design. Tilaa nyt!","robots":{"index":"index","follow":"follow","max-snippet":"max-snippet:-1","max-image-preview":"max-image-preview:large","max-video-preview":"max-video-preview:-1"},"canonical":"https:\/\/harmoniaelements.com\/en\/product\/move-the-couch-huppari\/","og_locale":"en_GB","og_type":"article","og_title":"Move the couch huppari - Harmonia Elements","og_description":"Pehme\u00e4 ja tyylik\u00e4s huppari, jossa on k\u00e4yt\u00e4nn\u00f6llinen tasku ja l\u00e4mmitt\u00e4v\u00e4 huppu. Laadukas puuvillapinta ja klassinen design. Tilaa nyt!","og_url":"https:\/\/harmoniaelements.com\/en\/product\/move-the-couch-huppari\/","og_site_name":"Harmonia Elements","article_modified_time":"2025-01-27T09:51:16+00:00","og_image":[{"width":2000,"height":2000,"url":"https:\/\/harmoniaelements.com\/wp-content\/uploads\/2025\/01\/unisex-premium-hoodie-charcoal-heather-front-679755b352df2.jpg","type":"image\/jpeg"}],"twitter_card":"summary_large_image","twitter_misc":{"Estimated reading time":"1 minute"},"schema":{"@context":"https:\/\/schema.org","@graph":[{"@type":"WebPage","@id":"https:\/\/harmoniaelements.com\/product\/move-the-couch-huppari\/","url":"https:\/\/harmoniaelements.com\/product\/move-the-couch-huppari\/","name":"Move the couch huppari - Harmonia Elements","isPartOf":{"@id":"https:\/\/harmoniaelements.com\/#website"},"primaryImageOfPage":{"@id":"https:\/\/harmoniaelements.com\/product\/move-the-couch-huppari\/#primaryimage"},"image":{"@id":"https:\/\/harmoniaelements.com\/product\/move-the-couch-huppari\/#primaryimage"},"thumbnailUrl":"https:\/\/harmoniaelements.com\/wp-content\/uploads\/2025\/01\/unisex-premium-hoodie-charcoal-heather-front-679755b352df2.jpg","datePublished":"2025-01-27T09:45:45+00:00","dateModified":"2025-01-27T09:51:16+00:00","description":"Pehme\u00e4 ja tyylik\u00e4s huppari, jossa on k\u00e4yt\u00e4nn\u00f6llinen tasku ja l\u00e4mmitt\u00e4v\u00e4 huppu. Laadukas puuvillapinta ja klassinen design. Tilaa nyt!","breadcrumb":{"@id":"https:\/\/harmoniaelements.com\/product\/move-the-couch-huppari\/#breadcrumb"},"inLanguage":"en-GB","potentialAction":[{"@type":"ReadAction","target":["https:\/\/harmoniaelements.com\/product\/move-the-couch-huppari\/"]}]},{"@type":"ImageObject","inLanguage":"en-GB","@id":"https:\/\/harmoniaelements.com\/product\/move-the-couch-huppari\/#primaryimage","url":"https:\/\/harmoniaelements.com\/wp-content\/uploads\/2025\/01\/unisex-premium-hoodie-charcoal-heather-front-679755b352df2.jpg","contentUrl":"https:\/\/harmoniaelements.com\/wp-content\/uploads\/2025\/01\/unisex-premium-hoodie-charcoal-heather-front-679755b352df2.jpg","width":2000,"height":2000},{"@type":"BreadcrumbList","@id":"https:\/\/harmoniaelements.com\/product\/move-the-couch-huppari\/#breadcrumb","itemListElement":[{"@type":"ListItem","position":1,"name":"Etusivu","item":"https:\/\/harmoniaelements.com\/"},{"@type":"ListItem","position":2,"name":"Kauppa","item":"https:\/\/harmoniaelements.com\/kauppa\/"},{"@type":"ListItem","position":3,"name":"Move the couch huppari"}]},{"@type":"WebSite","@id":"https:\/\/harmoniaelements.com\/#website","url":"https:\/\/harmoniaelements.com\/","name":"Harmonia Elements","description":"Feng Shui kohtaa suomalaisen sisustuksen","publisher":{"@id":"https:\/\/harmoniaelements.com\/#organization"},"potentialAction":[{"@type":"SearchAction","target":{"@type":"EntryPoint","urlTemplate":"https:\/\/harmoniaelements.com\/?s={search_term_string}"},"query-input":{"@type":"PropertyValueSpecification","valueRequired":true,"valueName":"search_term_string"}}],"inLanguage":"en-GB"},{"@type":"Organization","@id":"https:\/\/harmoniaelements.com\/#organization","name":"Harmonia Elements","url":"https:\/\/harmoniaelements.com\/","logo":{"@type":"ImageObject","inLanguage":"en-GB","@id":"https:\/\/harmoniaelements.com\/#\/schema\/logo\/image\/","url":"https:\/\/harmoniaelements.com\/wp-content\/uploads\/2025\/01\/2.png","contentUrl":"https:\/\/harmoniaelements.com\/wp-content\/uploads\/2025\/01\/2.png","width":500,"height":500,"caption":"Harmonia Elements"},"image":{"@id":"https:\/\/harmoniaelements.com\/#\/schema\/logo\/image\/"}}]}},"jetpack_sharing_enabled":true,"_links":{"self":[{"href":"https:\/\/harmoniaelements.com\/en\/wp-json\/wp\/v2\/product\/1479","targetHints":{"allow":["GET"]}}],"collection":[{"href":"https:\/\/harmoniaelements.com\/en\/wp-json\/wp\/v2\/product"}],"about":[{"href":"https:\/\/harmoniaelements.com\/en\/wp-json\/wp\/v2\/types\/product"}],"wp:featuredmedia":[{"embeddable":true,"href":"https:\/\/harmoniaelements.com\/en\/wp-json\/wp\/v2\/media\/1524"}],"wp:attachment":[{"href":"https:\/\/harmoniaelements.com\/en\/wp-json\/wp\/v2\/media?parent=1479"}],"wp:term":[{"taxonomy":"product_brand","embeddable":true,"href":"https:\/\/harmoniaelements.com\/en\/wp-json\/wp\/v2\/product_brand?post=1479"},{"taxonomy":"product_cat","embeddable":true,"href":"https:\/\/harmoniaelements.com\/en\/wp-json\/wp\/v2\/product_cat?post=1479"},{"taxonomy":"product_tag","embeddable":true,"href":"https:\/\/harmoniaelements.com\/en\/wp-json\/wp\/v2\/product_tag?post=1479"}],"curies":[{"name":"wp","href":"https:\/\/api.w.org\/{rel}","templated":true}]}}